{"id":17342,"date":"2025-10-18T16:38:23","date_gmt":"2025-10-18T08:38:23","guid":{"rendered":"https:\/\/green-grasshopper-921422.hostingersite.com\/?post_type=product&#038;p=17342"},"modified":"2026-02-22T15:16:06","modified_gmt":"2026-02-22T14:16:06","slug":"mesii-shisha-heavy-hitter-50k-vape","status":"publish","type":"product","link":"https:\/\/agoravape.com\/it\/product\/mesii-shisha-heavy-hitter-50k-vape\/","title":{"rendered":"Mesii Shisha Heavy Hitter 50k Puff DTL\/MTL Vape | Grande numero di puff con doppio stile di estrazione"},"content":{"rendered":"<h2 data-v-md-heading=\"what-are-the-characteristics-of-mesii-shisha-heavy-hitter-50k-caliber-caliber-vapes\" data-v-md-line=\"3\"><img loading=\"lazy\" decoding=\"async\" class=\"aligncenter size-full wp-image-17354\" src=\"https:\/\/agoravape.com\/wp-content\/uploads\/2025\/10\/Mesii-Shisha-Heavy-Hitter-50k-Puffs-DTLMTL-Vape_Agora_vape-1-scaled.webp\" alt=\"\" width=\"1810\" height=\"2560\" srcset=\"https:\/\/agoravape.com\/wp-content\/uploads\/2025\/10\/Mesii-Shisha-Heavy-Hitter-50k-Puffs-DTLMTL-Vape_Agora_vape-1-scaled.webp 1810w, https:\/\/agoravape.com\/wp-content\/uploads\/2025\/10\/Mesii-Shisha-Heavy-Hitter-50k-Puffs-DTLMTL-Vape_Agora_vape-1-scaled-1200x1697.webp 1200w, https:\/\/agoravape.com\/wp-content\/uploads\/2025\/10\/Mesii-Shisha-Heavy-Hitter-50k-Puffs-DTLMTL-Vape_Agora_vape-1-212x300.webp 212w, https:\/\/agoravape.com\/wp-content\/uploads\/2025\/10\/Mesii-Shisha-Heavy-Hitter-50k-Puffs-DTLMTL-Vape_Agora_vape-1-724x1024.webp 724w, https:\/\/agoravape.com\/wp-content\/uploads\/2025\/10\/Mesii-Shisha-Heavy-Hitter-50k-Puffs-DTLMTL-Vape_Agora_vape-1-768x1086.webp 768w, https:\/\/agoravape.com\/wp-content\/uploads\/2025\/10\/Mesii-Shisha-Heavy-Hitter-50k-Puffs-DTLMTL-Vape_Agora_vape-1-1086x1536.webp 1086w, https:\/\/agoravape.com\/wp-content\/uploads\/2025\/10\/Mesii-Shisha-Heavy-Hitter-50k-Puffs-DTLMTL-Vape_Agora_vape-1-1448x2048.webp 1448w\" sizes=\"auto, (max-width: 1810px) 100vw, 1810px\" \/><\/h2>\n<h2 data-v-md-heading=\"what-are-the-characteristics-of-mesii-shisha-heavy-hitter-50k-caliber-caliber-vapes\" data-v-md-line=\"3\">Quali sono le caratteristiche dei vapes Mesii Shisha Heavy Hitter 50k calibro\/calibro?<\/h2>\n<p data-v-md-line=\"4\">Se siete stanchi dei vapers usa e getta che possono essere consumati in pochi giorni, allora vorrete sicuramente dare un'occhiata pi\u00f9 da vicino a questo prodotto. Il Mesii Shisha Heavy Hitter \u00e8 dotato di bobine a rete che possono ospitare fino a 50000 boccate, garantendo un gusto costante e puro in ogni momento.<\/p>\n<p data-v-md-line=\"6\">\u00c8 adatto a due modi di fumare. Sia che preferiate l'aspirazione a bocca stretta o l'aspirazione diritta, questo dispositivo \u00e8 in grado di gestirla facilmente. Potreste pensare che una svapata di cos\u00ec grande capacit\u00e0 sia ingombrante, ma la sua leggerezza e la sua portabilit\u00e0 vi sorprenderanno.<\/p>\n<h2 data-v-md-heading=\"excellent-performance-and-easy-operation\" data-v-md-line=\"8\">Prestazioni eccellenti e facilit\u00e0 d'uso<\/h2>\n<p data-v-md-line=\"9\">Bobina a rete integrata per una dissipazione uniforme del calore, che rende ogni aspirazione fluida come quella iniziale. Si attiva al momento dell'inalazione, senza bisogno di pulsanti o menu. Quando la batteria \u00e8 scarica, \u00e8 possibile utilizzare un cavo dati standard Type-C (che pu\u00f2 essere lo stesso utilizzato dal telefono) per la ricarica. Semplice e conveniente.<\/p>\n<h2 data-v-md-heading=\"specification-overview\" data-v-md-line=\"11\">Panoramica delle specifiche<\/h2>\n<p data-v-md-line=\"12\"><strong>Suction frequency<\/strong>fino a 50000 volte<br \/>\n<strong>Nicotine content<\/strong>: 0%, 0.2%, 0.3%, 0.5%<br \/>\n<strong>Utilizzo<\/strong>: Fai un tiro per attivare<br \/>\n<strong>Metodo di ricarica<\/strong>: Interfaccia USB standard di tipo C<br \/>\n<strong>Stato<\/strong>: Pronto all'uso dopo averlo disimballato<br \/>\n<strong>Metodo di aspirazione<\/strong>aspirazione leggera o aspirazione orale<br \/>\n<strong>capacit\u00e0 di e-liquid<\/strong>: 45 millilitri<br \/>\n<strong>Batteria<\/strong>Batteria ricaricabile da 800 mAh<br \/>\n<strong>Nucleo atomizzante<\/strong>: Maglia come<\/p>\n<h2 data-v-md-heading=\"full-range-of-flavors\" data-v-md-line=\"22\">Full range of flavors<\/h2>\n<ul data-v-md-line=\"23\">\n<li>Margarita alla fragola (narghil\u00e8)<\/li>\n<li>Amore 777 (narghil\u00e8)<\/li>\n<li>Menta d'uva (narghil\u00e8)<\/li>\n<li>Ghiaccio doppio alla mela (narghil\u00e8)<\/li>\n<li>Lady Killer (narghil\u00e8)<\/li>\n<li>Pesca ghiacciata<\/li>\n<li>Pista di ghiaccio blu<\/li>\n<li>Ghiaccio all'anguria<\/li>\n<li>Berry Ice<\/li>\n<li>Ghiaccio di more<\/li>\n<li>Ghiaccio alla fragola e ciliegia<\/li>\n<li>Ghiaccio ai mirtilli e all'anguria<\/li>\n<li>Ghiaccio al limone e lime<\/li>\n<li>Ghiaccio acido al mango e ananas<\/li>\n<li>Ghiaccio all'uva<\/li>\n<\/ul>\n<h2 data-v-md-heading=\"for-you-and-for-your-business-as-well\" data-v-md-line=\"39\">Per te e anche per la tua attivit\u00e0<\/h2>\n<p data-v-md-line=\"40\">Potete acquistare Mesii Shisha Heavy Hitter 50k per voi o per fare scorta nel vostro negozio. La scatola di cartone all'ingrosso contiene 150 pezzi, in modo da poter creare facilmente una serie di aromi best-seller. Il peso lordo della scatola di cartone \u00e8 di circa 17,5 chilogrammi, il che \u00e8 comodo per la pianificazione e la spedizione.<\/p>\n<p data-v-md-line=\"42\">Spediamo tramite UPS, DPD e DHL in Europa su base DDP a pagamento, in modo che gli ordini possano essere evasi senza costi aggiuntivi o ritardi. Forniamo servizi di tracciamento e imballaggi accurati.<\/p>\n<h2 data-v-md-heading=\"why-do-you-like-it\" data-v-md-line=\"44\">Perch\u00e9 ti piace?<\/h2>\n<p data-v-md-line=\"45\"><strong>Aspirazione massiccia:<\/strong>\u00a0Il tempo di aspirazione \u00e8 pi\u00f9 lungo, quindi non \u00e8 necessario acquistarne di nuovi di frequente.<br \/>\n<strong>Selezione della nicotina:<\/strong>\u00a0Scegliete la concentrazione pi\u00f9 adatta a voi.<br \/>\n<strong>Ricaricabile:<\/strong>\u00a0Consumare tutto l'e-liquid acquistato in una sola volta.<br \/>\n<strong>Mesh atomizer core:<\/strong>\u00a0garantisce un gusto stabile e ricco ogni volta.<br \/>\n<strong>Flessibile e versatile:<\/strong>\u00a0\u00c8 possibile cambiare il metodo di aspirazione in base al proprio umore.<\/p>\n<h2 data-v-md-heading=\"why-collaborate-with-agoravape\" data-v-md-line=\"51\">Perch\u00e9 collaborare con AgoraVape?<\/h2>\n<p data-v-md-line=\"52\">Vendiamo solo prodotti originali 100% e forniamo una garanzia per questo. Per i clienti commerciali, \u00e8 possibile usufruire di prezzi scontati all'ingrosso, assistenza post-vendita rapida e consegna veloce del pagamento delle tasse per i vapes Mesii Shisha Heavy Hitter 50k Puffs DTL\/MTL. Contattateci e prepareremo per voi un prodotto usa e getta durevole per aumentare il tasso di fidelizzazione dei vostri clienti.<\/p>\n<p><script src=\"chrome-extension:\/\/fpelahbljekknahkcaegamhcndkfpfnc\/iFrame.js\" type=\"text\/javascript\"><\/script><\/p>","protected":false},"excerpt":{"rendered":"<p>&nbsp;<\/p>\n<p><script src=\"chrome-extension:\/\/fpelahbljekknahkcaegamhcndkfpfnc\/iFrame.js\" type=\"text\/javascript\"><\/script><\/p>\n<p><script src=\"chrome-extension:\/\/fpelahbljekknahkcaegamhcndkfpfnc\/iFrame.js\" type=\"text\/javascript\"><\/script><\/p>\n<p><script src=\"chrome-extension:\/\/fpelahbljekknahkcaegamhcndkfpfnc\/iFrame.js\" type=\"text\/javascript\"><\/script><\/p>\n<p><script src=\"chrome-extension:\/\/fpelahbljekknahkcaegamhcndkfpfnc\/iFrame.js\" type=\"text\/javascript\"><\/script><\/p>\n<p><script src=\"chrome-extension:\/\/fpelahbljekknahkcaegamhcndkfpfnc\/iFrame.js\" type=\"text\/javascript\"><\/script><\/p>\n<p><script src=\"chrome-extension:\/\/fpelahbljekknahkcaegamhcndkfpfnc\/iFrame.js\" type=\"text\/javascript\"><\/script><\/p>\n<p><script src=\"chrome-extension:\/\/fpelahbljekknahkcaegamhcndkfpfnc\/iFrame.js\" type=\"text\/javascript\"><\/script><\/p>\n<p><script src=\"chrome-extension:\/\/fpelahbljekknahkcaegamhcndkfpfnc\/iFrame.js\" type=\"text\/javascript\"><\/script><\/p>\n<p><script src=\"chrome-extension:\/\/fpelahbljekknahkcaegamhcndkfpfnc\/iFrame.js\" type=\"text\/javascript\"><\/script><\/p>\n<p><script src=\"chrome-extension:\/\/fpelahbljekknahkcaegamhcndkfpfnc\/iFrame.js\" type=\"text\/javascript\"><\/script><\/p>\n<p><script src=\"chrome-extension:\/\/fpelahbljekknahkcaegamhcndkfpfnc\/iFrame.js\" type=\"text\/javascript\"><\/script><\/p>\n<p><script src=\"chrome-extension:\/\/fpelahbljekknahkcaegamhcndkfpfnc\/iFrame.js\" type=\"text\/javascript\"><\/script><\/p>\n<p><script src=\"chrome-extension:\/\/fpelahbljekknahkcaegamhcndkfpfnc\/iFrame.js\" type=\"text\/javascript\"><\/script><\/p>\n<p><script src=\"chrome-extension:\/\/fpelahbljekknahkcaegamhcndkfpfnc\/iFrame.js\" type=\"text\/javascript\"><\/script><\/p>\n<p><script src=\"chrome-extension:\/\/fpelahbljekknahkcaegamhcndkfpfnc\/iFrame.js\" type=\"text\/javascript\"><\/script><\/p>","protected":false},"featured_media":17366,"comment_status":"open","ping_status":"closed","template":"","meta":[],"product_brand":[234],"product_cat":[124,187,185,189,174,175,193,161,191,179,173,186,180,190,192],"product_tag":[],"class_list":{"0":"post-17342","1":"product","2":"type-product","3":"status-publish","4":"has-post-thumbnail","6":"product_brand-mesii","7":"product_cat-vape-by-brand","8":"product_cat-0mg-nicotine-free-vapes","9":"product_cat-10000-puffs-high-capacity","10":"product_cat-20mg-standard-nicotine-vapes","11":"product_cat-fruit-flavors","12":"product_cat-icy-mint","13":"product_cat-mesh-coil","14":"product_cat-mesii","15":"product_cat-rechargeable-disposables","16":"product_cat-unique-blends","17":"product_cat-vape-by-flavor-profile","18":"product_cat-vape-by-nicotine-strength","19":"product_cat-vape-by-puff-count","20":"product_cat-vape-by-feature-or-type","21":"product_cat-vapes-with-screens","23":"first","24":"onbackorder","25":"shipping-taxable","26":"purchasable","27":"product-type-variable","28":"has-default-attributes"},"tiered_pricing_type":"percentage","tiered_pricing_fixed_rules":[],"tiered_pricing_product_settings":{"layout":"default","base_unit_name":{"singular":null,"plural":null},"default_variation":null},"tiered_pricing_minimum_quantity":10,"tiered_pricing_roles_data":[],"tiered_pricing_percentage_rules":{"30":"29","50":"35","100":"40","200":"44","500":"47","1000":"49"},"tiered_pricing_maximum_quantity":null,"tiered_pricing_quantity_step":"10","_links":{"self":[{"href":"https:\/\/agoravape.com\/it\/wp-json\/wp\/v2\/product\/17342","targetHints":{"allow":["GET"]}}],"collection":[{"href":"https:\/\/agoravape.com\/it\/wp-json\/wp\/v2\/product"}],"about":[{"href":"https:\/\/agoravape.com\/it\/wp-json\/wp\/v2\/types\/product"}],"replies":[{"embeddable":true,"href":"https:\/\/agoravape.com\/it\/wp-json\/wp\/v2\/comments?post=17342"}],"version-history":[{"count":0,"href":"https:\/\/agoravape.com\/it\/wp-json\/wp\/v2\/product\/17342\/revisions"}],"wp:featuredmedia":[{"embeddable":true,"href":"https:\/\/agoravape.com\/it\/wp-json\/wp\/v2\/media\/17366"}],"wp:attachment":[{"href":"https:\/\/agoravape.com\/it\/wp-json\/wp\/v2\/media?parent=17342"}],"wp:term":[{"taxonomy":"product_brand","embeddable":true,"href":"https:\/\/agoravape.com\/it\/wp-json\/wp\/v2\/product_brand?post=17342"},{"taxonomy":"product_cat","embeddable":true,"href":"https:\/\/agoravape.com\/it\/wp-json\/wp\/v2\/product_cat?post=17342"},{"taxonomy":"product_tag","embeddable":true,"href":"https:\/\/agoravape.com\/it\/wp-json\/wp\/v2\/product_tag?post=17342"}],"curies":[{"name":"wp","href":"https:\/\/api.w.org\/{rel}","templated":true}]}}