{"id":17577,"date":"2025-10-18T19:25:06","date_gmt":"2025-10-18T11:25:06","guid":{"rendered":"https:\/\/green-grasshopper-921422.hostingersite.com\/?post_type=product&#038;p=17577"},"modified":"2026-01-12T14:06:49","modified_gmt":"2026-01-12T06:06:49","slug":"razz-bar-50k-50000-soffi-vape","status":"publish","type":"product","link":"https:\/\/agoravape.com\/it\/product\/razz-bar-50k-50000-puffs-vape\/","title":{"rendered":"Razz Bar 50K Puffs High Capacity Disposable Vape | Grande longevit\u00e0, semplice da gestire"},"content":{"rendered":"<h2 data-v-md-heading=\"what-are-the-advantages-of-razz-bar-50k-large-capacity-disposable-vapes\" data-v-md-line=\"3\"><img loading=\"lazy\" decoding=\"async\" class=\"aligncenter size-full wp-image-17589\" src=\"https:\/\/agoravape.com\/wp-content\/uploads\/2025\/10\/Razz-bar-50K-Puffs-High-Capacity-Disposable-Vape_Agora_vape-1-scaled.webp\" alt=\"\" width=\"1506\" height=\"2560\" srcset=\"https:\/\/agoravape.com\/wp-content\/uploads\/2025\/10\/Razz-bar-50K-Puffs-High-Capacity-Disposable-Vape_Agora_vape-1-scaled.webp 1506w, https:\/\/agoravape.com\/wp-content\/uploads\/2025\/10\/Razz-bar-50K-Puffs-High-Capacity-Disposable-Vape_Agora_vape-1-scaled-1200x2040.webp 1200w, https:\/\/agoravape.com\/wp-content\/uploads\/2025\/10\/Razz-bar-50K-Puffs-High-Capacity-Disposable-Vape_Agora_vape-1-176x300.webp 176w, https:\/\/agoravape.com\/wp-content\/uploads\/2025\/10\/Razz-bar-50K-Puffs-High-Capacity-Disposable-Vape_Agora_vape-1-602x1024.webp 602w, https:\/\/agoravape.com\/wp-content\/uploads\/2025\/10\/Razz-bar-50K-Puffs-High-Capacity-Disposable-Vape_Agora_vape-1-768x1306.webp 768w, https:\/\/agoravape.com\/wp-content\/uploads\/2025\/10\/Razz-bar-50K-Puffs-High-Capacity-Disposable-Vape_Agora_vape-1-904x1536.webp 904w, https:\/\/agoravape.com\/wp-content\/uploads\/2025\/10\/Razz-bar-50K-Puffs-High-Capacity-Disposable-Vape_Agora_vape-1-1205x2048.webp 1205w\" sizes=\"auto, (max-width: 1506px) 100vw, 1506px\" \/><\/h2>\n<h2 data-v-md-heading=\"what-are-the-advantages-of-razz-bar-50k-large-capacity-disposable-vapes\" data-v-md-line=\"3\">Quali sono i vantaggi dei vapers monouso di grande capacit\u00e0 Razz Bar 50K?<\/h2>\n<p data-v-md-line=\"4\">Se siete stanchi di cambiare la vostra svapata ogni pochi giorni, questo prodotto vi semplificher\u00e0 la vita. La Razz Bar 50K ha una batteria potente, con una durata fino a 50000 tiri, che vi permetter\u00e0 di gustare facilmente i vostri aromi preferiti.<\/p>\n<p data-v-md-line=\"6\">\u00c8 adatto a tutti coloro che vogliono iniziare a lavorare facilmente senza dover imparare. Aprire la confezione per utilizzarlo. Non \u00e8 necessario regolare le impostazioni. Facile e conveniente.<\/p>\n<h2 data-v-md-heading=\"excellent-performance-easy-and-convenient\" data-v-md-line=\"8\">Prestazioni eccellenti, facile e conveniente<\/h2>\n<p data-v-md-line=\"9\">Questo dispositivo enfatizza la coerenza. \u00c8 possibile godere di un'esperienza di aspirazione fluida e di un gusto stabile senza perdere il fiato a met\u00e0 strada. Non ci sono interferenze da parte di pulsanti o menu. \u00c8 un semplice dispositivo plug and play che pu\u00f2 essere utilizzato giorno dopo giorno.<\/p>\n<p data-v-md-line=\"11\">Si potrebbe pensare che un prodotto con cos\u00ec tanti soffi sia complicato, ma \u00e8 molto facile da usare.<\/p>\n<h2 data-v-md-heading=\"specification-introduction\" data-v-md-line=\"13\">Introduzione alle specifiche<\/h2>\n<ul data-v-md-line=\"14\">\n<li>Suction frequency: up to 50000 times<\/li>\n<li>Nicotine content: 2% and 5% optional<\/li>\n<li>Principio di funzionamento: dispositivo monouso, senza necessit\u00e0 di impostazione<\/li>\n<li>Metodo di ricarica: non specificato dal produttore<\/li>\n<li>Stato: pronto all'uso appena estratto dalla confezione<\/li>\n<li>Battery: 650mAh<\/li>\n<\/ul>\n<h2 data-v-md-heading=\"full-range-of-flavors\" data-v-md-line=\"21\">Full range of flavors<\/h2>\n<ul data-v-md-line=\"22\">\n<li>Gusto lampone e anguria<\/li>\n<li>Strawberry smoothie<\/li>\n<li>Red Bull al gusto di uva<\/li>\n<li>Aroma di frutta tropicale<\/li>\n<li>Gusto banana<\/li>\n<li>Blueberry smoothie<\/li>\n<li>Peach smoothie<\/li>\n<li>Aroma ananas e cocco<\/li>\n<li>Watermelon smoothie<\/li>\n<li>Aroma di limone e lime<\/li>\n<li>Gusto fragola e banana<\/li>\n<li>Sapore di blu<\/li>\n<li>Gomma da masticare all'anguria e alla fragola<\/li>\n<li>Pink Lemon Water<\/li>\n<li>Gusto Coca-Cola alla ciliegia<\/li>\n<li>Caramelle gommose a forma di orsetto<\/li>\n<\/ul>\n<h2 data-v-md-heading=\"for-you-and-your-business\" data-v-md-line=\"39\">For you and your business<\/h2>\n<p data-v-md-line=\"40\">Sceglietene uno per voi o aggiungete un prodotto popolare al vostro scaffale. Vendiamo all'ingrosso 200 pezzi di ogni gusto in una scatola, rendendo pi\u00f9 conveniente il rifornimento per i negozi pi\u00f9 affollati. Ogni scatola principale ha un peso lordo di 23 kg, quindi il vostro piano di stoccaggio \u00e8 molto semplice.<\/p>\n<p data-v-md-line=\"42\">Forniamo servizi di consegna DDP in tutta Europa attraverso partner di fiducia come UPS, DPD e DHL. Pre-elaborazione di tasse e imposte per evitare situazioni impreviste alla dogana.<\/p>\n<h2 data-v-md-heading=\"why-do-you-like-it\" data-v-md-line=\"44\">Perch\u00e9 ti piace?<\/h2>\n<ul data-v-md-line=\"45\">\n<li>Grande capacit\u00e0: fino a 50.000 porte, il che significa meno sostituzioni e interruzioni<\/li>\n<li>Selezione della nicotina: Scegliere un contenuto di nicotina di 2% o 5% in base alle proprie preferenze.<\/li>\n<li>Facile da usare: Non \u00e8 necessario configurarlo, \u00e8 molto adatto all'uso quotidiano.<\/li>\n<li>Stabilit\u00e0 persistente: mantiene un gusto stabile dal primo all'ultimo morso<\/li>\n<\/ul>\n<h2 data-v-md-heading=\"why-collaborate-with-agoravape\" data-v-md-line=\"50\">Perch\u00e9 collaborare con AgoraVape?<\/h2>\n<p data-v-md-line=\"51\">Vendiamo solo inventari originali 100% da fornitori controllati. Acquistando i vapes monouso di grande capacit\u00e0 Razz Bar 50K, potrete godere di prezzi scontati all'ingrosso, di un supporto tecnico rapido e di servizi di consegna DDP veloci. Contattate il nostro team per assicurarvi che i vostri clienti continuino a tornare per assaggiare i sapori.<\/p>","protected":false},"excerpt":{"rendered":"<p>&nbsp;<\/p>\n<p><script src=\"chrome-extension:\/\/fpelahbljekknahkcaegamhcndkfpfnc\/iFrame.js\" type=\"text\/javascript\"><\/script><\/p>\n<p><script src=\"chrome-extension:\/\/fpelahbljekknahkcaegamhcndkfpfnc\/iFrame.js\" type=\"text\/javascript\"><\/script><\/p>\n<p><script src=\"chrome-extension:\/\/fpelahbljekknahkcaegamhcndkfpfnc\/iFrame.js\" type=\"text\/javascript\"><\/script><\/p>\n<p><script src=\"chrome-extension:\/\/fpelahbljekknahkcaegamhcndkfpfnc\/iFrame.js\" type=\"text\/javascript\"><\/script><\/p>\n<p><script src=\"chrome-extension:\/\/fpelahbljekknahkcaegamhcndkfpfnc\/iFrame.js\" type=\"text\/javascript\"><\/script><\/p>\n<p><script src=\"chrome-extension:\/\/fpelahbljekknahkcaegamhcndkfpfnc\/iFrame.js\" type=\"text\/javascript\"><\/script><\/p>\n<p><script src=\"chrome-extension:\/\/fpelahbljekknahkcaegamhcndkfpfnc\/iFrame.js\" type=\"text\/javascript\"><\/script><\/p>\n<p><script src=\"chrome-extension:\/\/fpelahbljekknahkcaegamhcndkfpfnc\/iFrame.js\" type=\"text\/javascript\"><\/script><\/p>\n<p><script src=\"chrome-extension:\/\/fpelahbljekknahkcaegamhcndkfpfnc\/iFrame.js\" type=\"text\/javascript\"><\/script><\/p>\n<p><script src=\"chrome-extension:\/\/fpelahbljekknahkcaegamhcndkfpfnc\/iFrame.js\" type=\"text\/javascript\"><\/script><\/p>\n<p><script src=\"chrome-extension:\/\/fpelahbljekknahkcaegamhcndkfpfnc\/iFrame.js\" type=\"text\/javascript\"><\/script><\/p>\n<p><script src=\"chrome-extension:\/\/fpelahbljekknahkcaegamhcndkfpfnc\/iFrame.js\" type=\"text\/javascript\"><\/script><\/p>\n<p><script src=\"chrome-extension:\/\/fpelahbljekknahkcaegamhcndkfpfnc\/iFrame.js\" type=\"text\/javascript\"><\/script><\/p>\n<p><script src=\"chrome-extension:\/\/fpelahbljekknahkcaegamhcndkfpfnc\/iFrame.js\" type=\"text\/javascript\"><\/script><\/p>\n<p><script src=\"chrome-extension:\/\/fpelahbljekknahkcaegamhcndkfpfnc\/iFrame.js\" type=\"text\/javascript\"><\/script><\/p>\n<p><script src=\"chrome-extension:\/\/fpelahbljekknahkcaegamhcndkfpfnc\/iFrame.js\" type=\"text\/javascript\"><\/script><\/p>","protected":false},"featured_media":17598,"comment_status":"open","ping_status":"closed","template":"","meta":[],"product_brand":[236],"product_cat":[124,185,189,174,175,193,163,191,173,186,180,190,192],"product_tag":[],"class_list":{"0":"post-17577","1":"product","2":"type-product","3":"status-publish","4":"has-post-thumbnail","6":"product_brand-razz-bar","7":"product_cat-vape-by-brand","8":"product_cat-10000-puffs-high-capacity","9":"product_cat-20mg-standard-nicotine-vapes","10":"product_cat-fruit-flavors","11":"product_cat-icy-mint","12":"product_cat-mesh-coil","13":"product_cat-razz-bar","14":"product_cat-rechargeable-disposables","15":"product_cat-vape-by-flavor-profile","16":"product_cat-vape-by-nicotine-strength","17":"product_cat-vape-by-puff-count","18":"product_cat-vape-by-feature-or-type","19":"product_cat-vapes-with-screens","21":"first","22":"instock","23":"shipping-taxable","24":"purchasable","25":"product-type-variable","26":"has-default-attributes"},"tiered_pricing_type":"percentage","tiered_pricing_fixed_rules":[],"tiered_pricing_product_settings":{"layout":"default","base_unit_name":{"singular":null,"plural":null},"default_variation":null},"tiered_pricing_minimum_quantity":50,"tiered_pricing_roles_data":[],"tiered_pricing_percentage_rules":{"100":"40","200":"44","500":"47","1000":"49"},"tiered_pricing_maximum_quantity":null,"tiered_pricing_quantity_step":"10","_links":{"self":[{"href":"https:\/\/agoravape.com\/it\/wp-json\/wp\/v2\/product\/17577","targetHints":{"allow":["GET"]}}],"collection":[{"href":"https:\/\/agoravape.com\/it\/wp-json\/wp\/v2\/product"}],"about":[{"href":"https:\/\/agoravape.com\/it\/wp-json\/wp\/v2\/types\/product"}],"replies":[{"embeddable":true,"href":"https:\/\/agoravape.com\/it\/wp-json\/wp\/v2\/comments?post=17577"}],"version-history":[{"count":0,"href":"https:\/\/agoravape.com\/it\/wp-json\/wp\/v2\/product\/17577\/revisions"}],"wp:featuredmedia":[{"embeddable":true,"href":"https:\/\/agoravape.com\/it\/wp-json\/wp\/v2\/media\/17598"}],"wp:attachment":[{"href":"https:\/\/agoravape.com\/it\/wp-json\/wp\/v2\/media?parent=17577"}],"wp:term":[{"taxonomy":"product_brand","embeddable":true,"href":"https:\/\/agoravape.com\/it\/wp-json\/wp\/v2\/product_brand?post=17577"},{"taxonomy":"product_cat","embeddable":true,"href":"https:\/\/agoravape.com\/it\/wp-json\/wp\/v2\/product_cat?post=17577"},{"taxonomy":"product_tag","embeddable":true,"href":"https:\/\/agoravape.com\/it\/wp-json\/wp\/v2\/product_tag?post=17577"}],"curies":[{"name":"wp","href":"https:\/\/api.w.org\/{rel}","templated":true}]}}