{"id":17606,"date":"2025-10-18T19:36:37","date_gmt":"2025-10-18T11:36:37","guid":{"rendered":"https:\/\/green-grasshopper-921422.hostingersite.com\/?post_type=product&#038;p=17606"},"modified":"2026-01-19T22:00:34","modified_gmt":"2026-01-19T14:00:34","slug":"razz-bar-45000-soffi-vape","status":"publish","type":"product","link":"https:\/\/agoravape.com\/it\/product\/razz-bar-45000-puffs-vape\/","title":{"rendered":"Razz bar 45000 Puffs Vape usa e getta di lunga durata | Grande conteggio dei Puff, uso immediato"},"content":{"rendered":"<h2 data-v-md-heading=\"what-is-special-about-razz-bar-45000-long-lasting-disposable-vapes\" data-v-md-line=\"3\"><img loading=\"lazy\" decoding=\"async\" class=\"aligncenter size-full wp-image-17629\" src=\"https:\/\/agoravape.com\/wp-content\/uploads\/2025\/10\/Razz-bar-45000-Puffs-Long-Lasting-Disposable-Vape_Agora_vape-6.webp\" alt=\"\" width=\"2000\" height=\"2000\" srcset=\"https:\/\/agoravape.com\/wp-content\/uploads\/2025\/10\/Razz-bar-45000-Puffs-Long-Lasting-Disposable-Vape_Agora_vape-6.webp 2000w, https:\/\/agoravape.com\/wp-content\/uploads\/2025\/10\/Razz-bar-45000-Puffs-Long-Lasting-Disposable-Vape_Agora_vape-6-600x600.webp 600w, https:\/\/agoravape.com\/wp-content\/uploads\/2025\/10\/Razz-bar-45000-Puffs-Long-Lasting-Disposable-Vape_Agora_vape-6-1200x1200.webp 1200w, https:\/\/agoravape.com\/wp-content\/uploads\/2025\/10\/Razz-bar-45000-Puffs-Long-Lasting-Disposable-Vape_Agora_vape-6-300x300.webp 300w, https:\/\/agoravape.com\/wp-content\/uploads\/2025\/10\/Razz-bar-45000-Puffs-Long-Lasting-Disposable-Vape_Agora_vape-6-1024x1024.webp 1024w, https:\/\/agoravape.com\/wp-content\/uploads\/2025\/10\/Razz-bar-45000-Puffs-Long-Lasting-Disposable-Vape_Agora_vape-6-150x150.webp 150w, https:\/\/agoravape.com\/wp-content\/uploads\/2025\/10\/Razz-bar-45000-Puffs-Long-Lasting-Disposable-Vape_Agora_vape-6-768x768.webp 768w, https:\/\/agoravape.com\/wp-content\/uploads\/2025\/10\/Razz-bar-45000-Puffs-Long-Lasting-Disposable-Vape_Agora_vape-6-1536x1536.webp 1536w\" sizes=\"auto, (max-width: 2000px) 100vw, 2000px\" \/><\/h2>\n<h2 data-v-md-heading=\"what-is-special-about-razz-bar-45000-long-lasting-disposable-vapes\" data-v-md-line=\"3\">Che cos'ha di speciale Razz bar 45000 vapes monouso a lunga durata?<\/h2>\n<p data-v-md-line=\"4\">Se siete stanchi di vapers usa e getta che si rompono il venerd\u00ec, questo prodotto attirer\u00e0 sicuramente la vostra attenzione. Il vape Razz bar 45000 pack \u00e8 stato progettato per coloro che cercano semplicit\u00e0, durata e convenienza. Nessun pulsante, nessun menu, basta sfiorare leggermente per svapare.<\/p>\n<p data-v-md-line=\"6\">Un semplice promemoria: Il valore nominale di 45000 porte \u00e8 piuttosto impressionante. \u00c8 stato progettato per un uso a lungo termine ed \u00e8 adatto ai forti utilizzatori che non vogliono sostituire i loro dispositivi ogni pochi giorni. Se ci si trova nell'Unione Europea, \u00e8 necessaria l'opzione del contenuto di nicotina 2% e bisogna controllare le normative locali. I vapes di alto calibro di solito superano il limite standard TPD per i vapes monouso pre-riempiti, quindi la situazione della fornitura pu\u00f2 variare in diversi paesi\/regioni.<\/p>\n<h2 data-v-md-heading=\"excellent-performance-easy-and-convenient\" data-v-md-line=\"8\">Prestazioni eccellenti, facile e conveniente<\/h2>\n<p data-v-md-line=\"9\">Dal primo all'ultimo morso, potrete godere di un gusto stabile. Il nucleo atomizzatore mantiene il vapore omogeneo, cos\u00ec non ci si annoia nemmeno dopo una settimana. Basta una boccata per attivare e iniziare la vostra esperienza esclusiva. Quando la batteria deve essere ricaricata, \u00e8 sufficiente un cavo dati USB standard. Semplice e conveniente.<\/p>\n<h2 data-v-md-heading=\"specification-introduction\" data-v-md-line=\"11\">Introduzione alle specifiche<\/h2>\n<p data-v-md-line=\"12\"><strong>Numero di aspirazioni<\/strong>Fino a 45000 aspirazioni<br \/>\n<strong>Nicotine content<\/strong>2% e 5% opzionali<br \/>\n<strong>Utilizzo<\/strong>: Fai un tiro per attivare<br \/>\n<strong>Ricarica<\/strong>: Interfaccia di ricarica USB standard<br \/>\n<strong>Stato<\/strong>: Pronto all'uso dopo averlo disimballato<\/p>\n<h2 data-v-md-heading=\"multiple-flavor-options\" data-v-md-line=\"18\">Multiple flavor options<\/h2>\n<ul data-v-md-line=\"19\">\n<li>Sapore di sangue di tigre<\/li>\n<li>Ghiaccio alla fragola<\/li>\n<li>Gusto fragola e banana<\/li>\n<li>Sapore estivo e sognante<\/li>\n<li>Aroma di frutta tropicale<\/li>\n<li>Pista di ghiaccio blu<\/li>\n<li>Pesca ghiacciata<\/li>\n<li>Ghiaccio alla fragola, al lampone e alla ciliegia<\/li>\n<li>Ghiaccio all'anguria<\/li>\n<li>Black Dragon Ice<\/li>\n<li>Amore 66<\/li>\n<li>Strano sapore di frutta alla fragola<\/li>\n<li>Gusto Coca-Cola alla ciliegia<\/li>\n<li>Aroma ananas e cocco<\/li>\n<li>Aroma di limone e lime<\/li>\n<li>Sapore di blu<\/li>\n<\/ul>\n<h2 data-v-md-heading=\"born-for-you-and-your-business\" data-v-md-line=\"36\">Nato per te e per la tua attivit\u00e0<\/h2>\n<p data-v-md-line=\"37\">Potete acquistare l'e-liquid Razz bar per 45000 puff per uso personale o per il vostro negozio. La scatola di cartone all'ingrosso contiene 200 pezzi, il che rende conveniente per voi pianificare i vostri scaffali. Forniamo servizi di consegna DDP attraverso partner di fiducia come UPS, DPD e DHL, in modo che le tariffe possano essere elaborate in anticipo per evitare situazioni impreviste alla dogana.<\/p>\n<p data-v-md-line=\"39\">Un altro consiglio pratico: secondo le normative UE, la capacit\u00e0 massima per gli e-liquid monouso preinstallati \u00e8 di 2 millilitri e il contenuto massimo di nicotina \u00e8 di 20 milligrammi per millilitro. 2% delle opzioni soddisfano il limite del contenuto di nicotina. Le specifiche generali e la capacit\u00e0 dell'apparecchiatura potrebbero non soddisfare i requisiti di tutti i mercati dell'UE, pertanto si consiglia di verificare le normative locali o di consultare il nostro team prima di effettuare ordini di grandi quantit\u00e0.<\/p>\n<h2 data-v-md-heading=\"why-do-you-like-it\" data-v-md-line=\"41\">Perch\u00e9 ti piace?<\/h2>\n<p data-v-md-line=\"42\"><strong>Aspirazione massiccia<\/strong>: Dura pi\u00f9 a lungo, quindi non \u00e8 necessario acquistarne di nuovi frequentemente.<br \/>\n<strong>Selezione della concentrazione di nicotina<\/strong>: Scegliete la concentrazione pi\u00f9 adatta alle vostre abitudini quotidiane.<br \/>\n<strong>Ricaricabile<\/strong>: \u00c8 possibile utilizzare tutti gli e-liquid acquistati.<br \/>\n<strong>Prestazioni stabili della bobina<\/strong>: Il gusto \u00e8 sempre morbido.<\/p>\n<h2 data-v-md-heading=\"why-collaborate-with-agoravape\" data-v-md-line=\"47\">Perch\u00e9 collaborare con AgoraVape?<\/h2>\n<p data-v-md-line=\"48\">Vendiamo solo prodotti originali e non abbiamo dubbi in merito. Per i clienti commerciali, \u00e8 possibile usufruire di prezzi scontati all'ingrosso, di un'assistenza affidabile e di una rapida consegna DDP in tutta Europa per i vapes monouso di lunga durata Razz bar 45000. Se avete bisogno di una guida alla conformit\u00e0 o di consigli sulla combinazione di gusti, contattateci. Ci impegniamo a creare prodotti che i vostri clienti saranno felici di rivedere.<\/p>","protected":false},"excerpt":{"rendered":"<p>&nbsp;<\/p>\n<p><script src=\"chrome-extension:\/\/fpelahbljekknahkcaegamhcndkfpfnc\/iFrame.js\" type=\"text\/javascript\"><\/script><\/p>\n<p><script src=\"chrome-extension:\/\/fpelahbljekknahkcaegamhcndkfpfnc\/iFrame.js\" type=\"text\/javascript\"><\/script><\/p>\n<p><script src=\"chrome-extension:\/\/fpelahbljekknahkcaegamhcndkfpfnc\/iFrame.js\" type=\"text\/javascript\"><\/script><\/p>\n<p><script src=\"chrome-extension:\/\/fpelahbljekknahkcaegamhcndkfpfnc\/iFrame.js\" type=\"text\/javascript\"><\/script><\/p>\n<p><script src=\"chrome-extension:\/\/fpelahbljekknahkcaegamhcndkfpfnc\/iFrame.js\" type=\"text\/javascript\"><\/script><\/p>\n<p><script src=\"chrome-extension:\/\/fpelahbljekknahkcaegamhcndkfpfnc\/iFrame.js\" type=\"text\/javascript\"><\/script><\/p>\n<p><script src=\"chrome-extension:\/\/fpelahbljekknahkcaegamhcndkfpfnc\/iFrame.js\" type=\"text\/javascript\"><\/script><\/p>\n<p><script src=\"chrome-extension:\/\/fpelahbljekknahkcaegamhcndkfpfnc\/iFrame.js\" type=\"text\/javascript\"><\/script><\/p>\n<p><script src=\"chrome-extension:\/\/fpelahbljekknahkcaegamhcndkfpfnc\/iFrame.js\" type=\"text\/javascript\"><\/script><\/p>\n<p><script src=\"chrome-extension:\/\/fpelahbljekknahkcaegamhcndkfpfnc\/iFrame.js\" type=\"text\/javascript\"><\/script><\/p>\n<p><script src=\"chrome-extension:\/\/fpelahbljekknahkcaegamhcndkfpfnc\/iFrame.js\" type=\"text\/javascript\"><\/script><\/p>\n<p><script src=\"chrome-extension:\/\/fpelahbljekknahkcaegamhcndkfpfnc\/iFrame.js\" type=\"text\/javascript\"><\/script><\/p>\n<p><script src=\"chrome-extension:\/\/fpelahbljekknahkcaegamhcndkfpfnc\/iFrame.js\" type=\"text\/javascript\"><\/script><\/p>\n<p><script src=\"chrome-extension:\/\/fpelahbljekknahkcaegamhcndkfpfnc\/iFrame.js\" type=\"text\/javascript\"><\/script><\/p>\n<p><script src=\"chrome-extension:\/\/fpelahbljekknahkcaegamhcndkfpfnc\/iFrame.js\" type=\"text\/javascript\"><\/script><\/p>\n<p><script src=\"chrome-extension:\/\/fpelahbljekknahkcaegamhcndkfpfnc\/iFrame.js\" type=\"text\/javascript\"><\/script><\/p>","protected":false},"featured_media":17632,"comment_status":"open","ping_status":"closed","template":"","meta":[],"product_brand":[236],"product_cat":[124,185,189,1640,194,174,175,193,163,191,173,186,180,190,192],"product_tag":[],"class_list":{"0":"post-17606","1":"product","2":"type-product","3":"status-publish","4":"has-post-thumbnail","6":"product_brand-razz-bar","7":"product_cat-vape-by-brand","8":"product_cat-10000-puffs-high-capacity","9":"product_cat-20mg-standard-nicotine-vapes","10":"product_cat-45000-puffs","11":"product_cat-adjustable-airflow","12":"product_cat-fruit-flavors","13":"product_cat-icy-mint","14":"product_cat-mesh-coil","15":"product_cat-razz-bar","16":"product_cat-rechargeable-disposables","17":"product_cat-vape-by-flavor-profile","18":"product_cat-vape-by-nicotine-strength","19":"product_cat-vape-by-puff-count","20":"product_cat-vape-by-feature-or-type","21":"product_cat-vapes-with-screens","23":"first","24":"onbackorder","25":"shipping-taxable","26":"purchasable","27":"product-type-variable","28":"has-default-attributes"},"tiered_pricing_type":"percentage","tiered_pricing_fixed_rules":[],"tiered_pricing_product_settings":{"layout":"default","base_unit_name":{"singular":null,"plural":null},"default_variation":null},"tiered_pricing_minimum_quantity":50,"tiered_pricing_roles_data":[],"tiered_pricing_percentage_rules":{"100":"40","200":"44","500":"47","1000":"49"},"tiered_pricing_maximum_quantity":null,"tiered_pricing_quantity_step":"10","_links":{"self":[{"href":"https:\/\/agoravape.com\/it\/wp-json\/wp\/v2\/product\/17606","targetHints":{"allow":["GET"]}}],"collection":[{"href":"https:\/\/agoravape.com\/it\/wp-json\/wp\/v2\/product"}],"about":[{"href":"https:\/\/agoravape.com\/it\/wp-json\/wp\/v2\/types\/product"}],"replies":[{"embeddable":true,"href":"https:\/\/agoravape.com\/it\/wp-json\/wp\/v2\/comments?post=17606"}],"version-history":[{"count":0,"href":"https:\/\/agoravape.com\/it\/wp-json\/wp\/v2\/product\/17606\/revisions"}],"wp:featuredmedia":[{"embeddable":true,"href":"https:\/\/agoravape.com\/it\/wp-json\/wp\/v2\/media\/17632"}],"wp:attachment":[{"href":"https:\/\/agoravape.com\/it\/wp-json\/wp\/v2\/media?parent=17606"}],"wp:term":[{"taxonomy":"product_brand","embeddable":true,"href":"https:\/\/agoravape.com\/it\/wp-json\/wp\/v2\/product_brand?post=17606"},{"taxonomy":"product_cat","embeddable":true,"href":"https:\/\/agoravape.com\/it\/wp-json\/wp\/v2\/product_cat?post=17606"},{"taxonomy":"product_tag","embeddable":true,"href":"https:\/\/agoravape.com\/it\/wp-json\/wp\/v2\/product_tag?post=17606"}],"curies":[{"name":"wp","href":"https:\/\/api.w.org\/{rel}","templated":true}]}}