{"id":17634,"date":"2025-10-18T19:50:04","date_gmt":"2025-10-18T11:50:04","guid":{"rendered":"https:\/\/green-grasshopper-921422.hostingersite.com\/?post_type=product&#038;p=17634"},"modified":"2026-02-14T17:30:48","modified_gmt":"2026-02-14T16:30:48","slug":"razz-bar-40000-soffi-a-doppio-sapore-vape","status":"publish","type":"product","link":"https:\/\/agoravape.com\/it\/product\/razz-bar-40000-puffs-dual-flavor-vape\/","title":{"rendered":"Razz Bar 40K Puffs Dual Flavor Tank Disposable Vape | Due gusti in uno, costruiti per durare nel tempo"},"content":{"rendered":"<h2 data-v-md-heading=\"what-s-special-about-the-razz-bar-40k-dual-flavored-disposable-vape\" data-v-md-line=\"3\"><img loading=\"lazy\" decoding=\"async\" class=\"aligncenter size-full wp-image-17653\" src=\"https:\/\/agoravape.com\/wp-content\/uploads\/2025\/10\/Razz-bar-40K-Puffs-Dual-Flavor-Tank-Disposable-Vape_Agora_vape-2.webp\" alt=\"\" width=\"2000\" height=\"2000\" srcset=\"https:\/\/agoravape.com\/wp-content\/uploads\/2025\/10\/Razz-bar-40K-Puffs-Dual-Flavor-Tank-Disposable-Vape_Agora_vape-2.webp 2000w, https:\/\/agoravape.com\/wp-content\/uploads\/2025\/10\/Razz-bar-40K-Puffs-Dual-Flavor-Tank-Disposable-Vape_Agora_vape-2-600x600.webp 600w, https:\/\/agoravape.com\/wp-content\/uploads\/2025\/10\/Razz-bar-40K-Puffs-Dual-Flavor-Tank-Disposable-Vape_Agora_vape-2-1200x1200.webp 1200w, https:\/\/agoravape.com\/wp-content\/uploads\/2025\/10\/Razz-bar-40K-Puffs-Dual-Flavor-Tank-Disposable-Vape_Agora_vape-2-300x300.webp 300w, https:\/\/agoravape.com\/wp-content\/uploads\/2025\/10\/Razz-bar-40K-Puffs-Dual-Flavor-Tank-Disposable-Vape_Agora_vape-2-1024x1024.webp 1024w, https:\/\/agoravape.com\/wp-content\/uploads\/2025\/10\/Razz-bar-40K-Puffs-Dual-Flavor-Tank-Disposable-Vape_Agora_vape-2-150x150.webp 150w, https:\/\/agoravape.com\/wp-content\/uploads\/2025\/10\/Razz-bar-40K-Puffs-Dual-Flavor-Tank-Disposable-Vape_Agora_vape-2-768x768.webp 768w, https:\/\/agoravape.com\/wp-content\/uploads\/2025\/10\/Razz-bar-40K-Puffs-Dual-Flavor-Tank-Disposable-Vape_Agora_vape-2-1536x1536.webp 1536w\" sizes=\"auto, (max-width: 2000px) 100vw, 2000px\" \/><\/h2>\n<h2 data-v-md-heading=\"what-s-special-about-the-razz-bar-40k-dual-flavored-disposable-vape\" data-v-md-line=\"3\">Cosa c'\u00e8 di speciale nel vape monouso a doppio aroma Razz Bar 40K?<\/h2>\n<p data-v-md-line=\"4\">Se siete stanchi di cambiare attrezzatura o di ricaricare l'olio a met\u00e0 della giornata lavorativa, questo prodotto \u00e8 la scelta ideale. La Razz Bar \u00e8 dotata di due scomparti per la conservazione dell'olio aromatizzato che possono ospitare fino a 40000 boccate, consentendovi di cambiare facilmente senza dover portare con voi una seconda svapata.<\/p>\n<p data-v-md-line=\"6\">Se cercate prestazioni comode e affidabili senza dover ricorrere a menu o a operazioni noiose, questo prodotto \u00e8 la scelta ideale. Basta scegliere la combinazione di sapori preferita e sorseggiare. Facile da usare.<\/p>\n<h2 data-v-md-heading=\"excellent-performance-worry-free\" data-v-md-line=\"8\">Prestazioni eccellenti, senza preoccupazioni<\/h2>\n<p data-v-md-line=\"9\">Il design a doppio serbatoio consente di avere due sapori diversi in un unico dispositivo, mantenendo la freschezza giorno dopo giorno. Adotta un design di attivazione ad aspirazione e non richiede alcun pulsante. Quando la batteria \u00e8 scarica, \u00e8 possibile caricare la batteria integrata da 650 mAh attraverso l'interfaccia integrata e continuare a usarla.<\/p>\n<h2 data-v-md-heading=\"specification-overview\" data-v-md-line=\"11\">Panoramica delle specifiche<\/h2>\n<p data-v-md-line=\"12\"><strong>Numero di aspirazioni<\/strong>Fino a 40000 aspirazioni<br \/>\n<strong>Nicotine content<\/strong>2% e 5% opzionali<br \/>\n<strong>Principio di funzionamento<\/strong>: Attivato per inalazione<br \/>\n<strong>Ricarica<\/strong>Pu\u00f2 essere caricato tramite la porta di ricarica integrata<br \/>\n<strong>Stato<\/strong>: Pronto all'uso dopo averlo disimballato<br \/>\n<strong>capacit\u00e0 di e-liquid<\/strong>: Doppio serbatoio di stoccaggio dell'olio, capacit\u00e0 totale 40 millilitri<br \/>\n<strong>Capacit\u00e0 della batteria<\/strong>: 650mAh<\/p>\n<h2 data-v-md-heading=\"full-range-of-flavors\" data-v-md-line=\"20\">Full range of flavors<\/h2>\n<ul data-v-md-line=\"21\">\n<li>Ghiaccio al limone e lime\/anguria<\/li>\n<li>Ghiaccio alla fragola\/bacche miste<\/li>\n<li>Gomme da masticare al mirtillo e all'anguria<\/li>\n<li>Ghiaccio misto ai frutti di bosco e al cocomero<\/li>\n<li>Ghiaccio alla fragola e banana\/Red Bull<\/li>\n<li>Ghiaccio al mirtillo\/Amore 66<\/li>\n<li>Ghiaccio alla pesca\/ghiaccio al mirtillo<\/li>\n<li>Fragola kiwi\/mirtillo lampone acido<\/li>\n<li>Ghiaccio all'anguria\/Ghiaccio alla cola<\/li>\n<li>Ghiaccio all'anguria e all'uva fragola<\/li>\n<\/ul>\n<h2 data-v-md-heading=\"for-you-and-for-your-business-as-well\" data-v-md-line=\"32\">Per te e anche per la tua attivit\u00e0<\/h2>\n<p data-v-md-line=\"33\">Potete acquistare la Razz Bar 40K per uso personale o aggiungerla al vostro negozio. La scatola di cartone all'ingrosso contiene 200 unit\u00e0, il che rende conveniente la creazione rapida di una linea di prodotti. Spediamo attraverso partner di fiducia come UPS, DPD e DHL su base Delivered Duty Paid (DDP) per garantire che non si verifichino incidenti alla dogana.<\/p>\n<p data-v-md-line=\"35\">Comprendere rapidamente la conformit\u00e0. Molti mercati dell'UE limitano il contenuto di nicotina a 20 milligrammi per millilitro (2%) e limitano le dimensioni dei serbatoi di stoccaggio dei prodotti con nicotina. In alcuni paesi\/regioni, i prodotti a base di nicotina con una concentrazione di 5% e una capacit\u00e0 di 40 millilitri non possono essere venduti legalmente. Se state acquistando per un'azienda, vi invitiamo a controllare prima le normative locali TPD\/TRRP e a consultare il nostro team per una guida.<\/p>\n<h2 data-v-md-heading=\"the-reason-why-you-will-like-it\" data-v-md-line=\"37\">Il motivo per cui ti piacer\u00e0<\/h2>\n<p data-v-md-line=\"38\"><strong>Fumo pesante:<\/strong>\u00a0Durevole e di lunga durata, non \u00e8 necessario sostituire frequentemente i vaporizzatori.<br \/>\n<strong>Selezione della nicotina<\/strong>: Scegliere una concentrazione di nicotina di 2% o 5% in base alle proprie preferenze.<br \/>\n<strong>Ricaricabile<\/strong>: \u00c8 possibile utilizzare tutti gli e-liquid acquistati senza gettare i dispositivi usati a met\u00e0.<br \/>\n<strong>Gusto costante<\/strong>: Il design a doppio scomparto per l'olio garantisce un gusto stabile e consente di cambiare facilmente olio in qualsiasi momento.<\/p>\n<h2 data-v-md-heading=\"why-choose-agoravape\" data-v-md-line=\"43\">Perch\u00e9 scegliere AgoraVape?<\/h2>\n<p data-v-md-line=\"44\">Vendiamo solo prodotti originali 100% e ne siamo responsabili. Per i clienti commerciali, \u00e8 possibile usufruire di prezzi scontati all'ingrosso, di un'assistenza affidabile e di servizi di consegna rapida DDP per i vapes monouso nel magazzino di stoccaggio dell'olio a doppio sapore Razz Bar 40K. Se volete acquistare un dispositivo che i clienti torneranno a comprare, contattateci.<\/p>\n<p data-v-md-line=\"46\">Spiegazione sulla frequenza di aspirazione: 40000 volte di aspirazione \u00e8 il valore nominale del produttore, e l'effetto effettivo pu\u00f2 variare a seconda della lunghezza di aspirazione e dell'utilizzo.<\/p>\n<p><script src=\"chrome-extension:\/\/fpelahbljekknahkcaegamhcndkfpfnc\/iFrame.js\" type=\"text\/javascript\"><\/script><\/p>","protected":false},"excerpt":{"rendered":"<p>&nbsp;<\/p>\n<p><script src=\"chrome-extension:\/\/fpelahbljekknahkcaegamhcndkfpfnc\/iFrame.js\" type=\"text\/javascript\"><\/script><\/p>\n<p><script src=\"chrome-extension:\/\/fpelahbljekknahkcaegamhcndkfpfnc\/iFrame.js\" type=\"text\/javascript\"><\/script><\/p>\n<p><script src=\"chrome-extension:\/\/fpelahbljekknahkcaegamhcndkfpfnc\/iFrame.js\" type=\"text\/javascript\"><\/script><\/p>\n<p><script src=\"chrome-extension:\/\/fpelahbljekknahkcaegamhcndkfpfnc\/iFrame.js\" type=\"text\/javascript\"><\/script><\/p>\n<p><script src=\"chrome-extension:\/\/fpelahbljekknahkcaegamhcndkfpfnc\/iFrame.js\" type=\"text\/javascript\"><\/script><\/p>\n<p><script src=\"chrome-extension:\/\/fpelahbljekknahkcaegamhcndkfpfnc\/iFrame.js\" type=\"text\/javascript\"><\/script><\/p>\n<p><script src=\"chrome-extension:\/\/fpelahbljekknahkcaegamhcndkfpfnc\/iFrame.js\" type=\"text\/javascript\"><\/script><\/p>\n<p><script src=\"chrome-extension:\/\/fpelahbljekknahkcaegamhcndkfpfnc\/iFrame.js\" type=\"text\/javascript\"><\/script><\/p>\n<p><script src=\"chrome-extension:\/\/fpelahbljekknahkcaegamhcndkfpfnc\/iFrame.js\" type=\"text\/javascript\"><\/script><\/p>\n<p><script src=\"chrome-extension:\/\/fpelahbljekknahkcaegamhcndkfpfnc\/iFrame.js\" type=\"text\/javascript\"><\/script><\/p>\n<p><script src=\"chrome-extension:\/\/fpelahbljekknahkcaegamhcndkfpfnc\/iFrame.js\" type=\"text\/javascript\"><\/script><\/p>\n<p><script src=\"chrome-extension:\/\/fpelahbljekknahkcaegamhcndkfpfnc\/iFrame.js\" type=\"text\/javascript\"><\/script><\/p>\n<p><script src=\"chrome-extension:\/\/fpelahbljekknahkcaegamhcndkfpfnc\/iFrame.js\" type=\"text\/javascript\"><\/script><\/p>\n<p><script src=\"chrome-extension:\/\/fpelahbljekknahkcaegamhcndkfpfnc\/iFrame.js\" type=\"text\/javascript\"><\/script><\/p>\n<p><script src=\"chrome-extension:\/\/fpelahbljekknahkcaegamhcndkfpfnc\/iFrame.js\" type=\"text\/javascript\"><\/script><\/p>\n<p><script src=\"chrome-extension:\/\/fpelahbljekknahkcaegamhcndkfpfnc\/iFrame.js\" type=\"text\/javascript\"><\/script><\/p>","protected":false},"featured_media":17659,"comment_status":"open","ping_status":"closed","template":"","meta":[],"product_brand":[236],"product_cat":[124,185,189,1639,195,1674,174,175,193,163,191,173,186,180,190,192],"product_tag":[],"class_list":{"0":"post-17634","1":"product","2":"type-product","3":"status-publish","4":"has-post-thumbnail","6":"product_brand-razz-bar","7":"product_cat-vape-by-brand","8":"product_cat-10000-puffs-high-capacity","9":"product_cat-20mg-standard-nicotine-vapes","10":"product_cat-40000-puffs","11":"product_cat-dual-flavor-switch","12":"product_cat-eu-warehouse","13":"product_cat-fruit-flavors","14":"product_cat-icy-mint","15":"product_cat-mesh-coil","16":"product_cat-razz-bar","17":"product_cat-rechargeable-disposables","18":"product_cat-vape-by-flavor-profile","19":"product_cat-vape-by-nicotine-strength","20":"product_cat-vape-by-puff-count","21":"product_cat-vape-by-feature-or-type","22":"product_cat-vapes-with-screens","24":"first","25":"instock","26":"shipping-taxable","27":"purchasable","28":"product-type-variable","29":"has-default-attributes"},"tiered_pricing_type":"percentage","tiered_pricing_fixed_rules":[],"tiered_pricing_product_settings":{"layout":"default","base_unit_name":{"singular":null,"plural":null},"default_variation":null},"tiered_pricing_minimum_quantity":50,"tiered_pricing_roles_data":[],"tiered_pricing_percentage_rules":{"100":"40","200":"44","500":"47","1000":"49"},"tiered_pricing_maximum_quantity":null,"tiered_pricing_quantity_step":"10","_links":{"self":[{"href":"https:\/\/agoravape.com\/it\/wp-json\/wp\/v2\/product\/17634","targetHints":{"allow":["GET"]}}],"collection":[{"href":"https:\/\/agoravape.com\/it\/wp-json\/wp\/v2\/product"}],"about":[{"href":"https:\/\/agoravape.com\/it\/wp-json\/wp\/v2\/types\/product"}],"replies":[{"embeddable":true,"href":"https:\/\/agoravape.com\/it\/wp-json\/wp\/v2\/comments?post=17634"}],"version-history":[{"count":0,"href":"https:\/\/agoravape.com\/it\/wp-json\/wp\/v2\/product\/17634\/revisions"}],"wp:featuredmedia":[{"embeddable":true,"href":"https:\/\/agoravape.com\/it\/wp-json\/wp\/v2\/media\/17659"}],"wp:attachment":[{"href":"https:\/\/agoravape.com\/it\/wp-json\/wp\/v2\/media?parent=17634"}],"wp:term":[{"taxonomy":"product_brand","embeddable":true,"href":"https:\/\/agoravape.com\/it\/wp-json\/wp\/v2\/product_brand?post=17634"},{"taxonomy":"product_cat","embeddable":true,"href":"https:\/\/agoravape.com\/it\/wp-json\/wp\/v2\/product_cat?post=17634"},{"taxonomy":"product_tag","embeddable":true,"href":"https:\/\/agoravape.com\/it\/wp-json\/wp\/v2\/product_tag?post=17634"}],"curies":[{"name":"wp","href":"https:\/\/api.w.org\/{rel}","templated":true}]}}