{"id":17677,"date":"2025-10-18T20:43:53","date_gmt":"2025-10-18T12:43:53","guid":{"rendered":"https:\/\/green-grasshopper-921422.hostingersite.com\/?post_type=product&#038;p=17677"},"modified":"2026-03-31T04:20:40","modified_gmt":"2026-03-31T02:20:40","slug":"razz-bar-30000-soffi-monouso-vape","status":"publish","type":"product","link":"https:\/\/agoravape.com\/it\/product\/razz-bar-30000-puffs-disposable-vape\/","title":{"rendered":"Razz Bar 30000 tiri, sigaretta elettronica monouso ricaricabile | Grande capacit\u00e0. Gusto semplice"},"content":{"rendered":"<h2 data-v-md-heading=\"what-is-special-about-the-razz-bar-30000-rechargeable-disposable-vape\" data-v-md-line=\"3\"><img loading=\"lazy\" decoding=\"async\" class=\"aligncenter size-full wp-image-17689\" src=\"https:\/\/agoravape.com\/wp-content\/uploads\/2025\/10\/Razz-bar-30000-Puffs-Rechargeable-Disposable-Vape_Agora_vape-3.webp\" alt=\"\" width=\"2000\" height=\"2000\" srcset=\"https:\/\/agoravape.com\/wp-content\/uploads\/2025\/10\/Razz-bar-30000-Puffs-Rechargeable-Disposable-Vape_Agora_vape-3.webp 2000w, https:\/\/agoravape.com\/wp-content\/uploads\/2025\/10\/Razz-bar-30000-Puffs-Rechargeable-Disposable-Vape_Agora_vape-3-600x600.webp 600w, https:\/\/agoravape.com\/wp-content\/uploads\/2025\/10\/Razz-bar-30000-Puffs-Rechargeable-Disposable-Vape_Agora_vape-3-1200x1200.webp 1200w, https:\/\/agoravape.com\/wp-content\/uploads\/2025\/10\/Razz-bar-30000-Puffs-Rechargeable-Disposable-Vape_Agora_vape-3-300x300.webp 300w, https:\/\/agoravape.com\/wp-content\/uploads\/2025\/10\/Razz-bar-30000-Puffs-Rechargeable-Disposable-Vape_Agora_vape-3-1024x1024.webp 1024w, https:\/\/agoravape.com\/wp-content\/uploads\/2025\/10\/Razz-bar-30000-Puffs-Rechargeable-Disposable-Vape_Agora_vape-3-150x150.webp 150w, https:\/\/agoravape.com\/wp-content\/uploads\/2025\/10\/Razz-bar-30000-Puffs-Rechargeable-Disposable-Vape_Agora_vape-3-768x768.webp 768w, https:\/\/agoravape.com\/wp-content\/uploads\/2025\/10\/Razz-bar-30000-Puffs-Rechargeable-Disposable-Vape_Agora_vape-3-1536x1536.webp 1536w\" sizes=\"auto, (max-width: 2000px) 100vw, 2000px\" \/><\/h2>\n<h2 data-v-md-heading=\"what-is-special-about-the-razz-bar-30000-rechargeable-disposable-vape\" data-v-md-line=\"3\">Che cos'ha di speciale il vape monouso ricaricabile Razz Bar 30000?<\/h2>\n<p data-v-md-line=\"4\">Se siete stanchi dei vapers che vengono interrotti nei giorni feriali, questo prodotto pu\u00f2 sicuramente soddisfare le vostre esigenze. La Razz Bar offre una capacit\u00e0 fino a 30000 boccate e una batteria ricaricabile da 650 mAh, che consente di consumare veramente l'e-liquid acquistato.<\/p>\n<p data-v-md-line=\"6\">Se desiderate una svapata affidabile, deliziosa e senza problemi, Razz Bar \u00e8 la scelta ideale. Non c'\u00e8 bisogno di pulsanti, n\u00e9 di menu. Con un'aspirazione fluida e un gusto stabile, pu\u00f2 essere facilmente trasportata.<\/p>\n<h2 data-v-md-heading=\"excellent-performance-easy-and-convenient\" data-v-md-line=\"8\">Prestazioni eccellenti, facile e conveniente<\/h2>\n<p data-v-md-line=\"9\">La bobina e la presa d'aria sono state accuratamente messe a punto per offrire un'esperienza pulita e costante, rendendo il primo morso delizioso come il millesimo. Quando la batteria \u00e8 scarica, basta collegarla e ricaricarla completamente. La ricarica rapida consente di ripristinare l'utilizzo senza dover sostituire i dispositivi o sprecare energia.<\/p>\n<p data-v-md-line=\"11\">Potreste pensare che una vape di cos\u00ec grande capacit\u00e0 sia ingombrante, ma sarete sorpresi di scoprire che pu\u00f2 essere facilmente portata a casa ogni giorno.<\/p>\n<h2 data-v-md-heading=\"specification-introduction\" data-v-md-line=\"13\">Introduzione alle specifiche<\/h2>\n<ul data-v-md-line=\"14\">\n<li>Suction frequency: up to 30000 times<\/li>\n<li>Nicotine content: 2% and 5% optional<\/li>\n<li>Working principle: Activate with just one puff<\/li>\n<li>Metodo di ricarica: Pu\u00f2 essere caricato tramite una porta USB standard<\/li>\n<li>Capacit\u00e0 della batteria: 650 mAh<\/li>\n<li>Stato: pronto all'uso appena estratto dalla confezione<\/li>\n<\/ul>\n<h2 data-v-md-heading=\"full-range-of-flavors\" data-v-md-line=\"21\">Full range of flavors<\/h2>\n<ul data-v-md-line=\"22\">\n<li>Melone dolce triplo<\/li>\n<li>Ghiaccio alla fragola<\/li>\n<li>Mele acide<\/li>\n<li>Mango, pesca, anguria<\/li>\n<li>Strawberry and Banana<\/li>\n<li>Pista di ghiaccio blu<\/li>\n<li>Pesca ghiacciata<\/li>\n<li>Kiwi alla fragola<\/li>\n<li>Ghiaccio all'anguria<\/li>\n<li>Sogni d'estate<\/li>\n<li>Strawberry watermelon<\/li>\n<li>Frutti di bosco misti<\/li>\n<li>Pista di ghiaccio blu<\/li>\n<li>Lemon and lime<\/li>\n<li>Coca Cola Ice<\/li>\n<li>Ghiaccio di more<\/li>\n<\/ul>\n<h2 data-v-md-heading=\"for-you-and-your-business\" data-v-md-line=\"39\">For you and your business<\/h2>\n<p data-v-md-line=\"40\">Potete acquistare Razz Bar 30000 per uso personale o per il vostro negozio. Scatole di cartone all'ingrosso da 200 per scatola, con prezzi ragionevoli e rifornimenti convenienti.<\/p>\n<p data-v-md-line=\"42\">Forniamo servizi di consegna DDP in tutta Europa attraverso partner fidati come UPS, DPD e DHL, in modo da poter elaborare in anticipo le tariffe e le spese doganali e fornire servizi di tracciamento porta a porta. Le normative possono variare nei diversi Paesi, pertanto si consiglia di verificare le disposizioni locali relative alle dimensioni del dispositivo e alla concentrazione di nicotina prima di pubblicare o acquistare.<\/p>\n<h2 data-v-md-heading=\"why-do-you-like-it\" data-v-md-line=\"44\">Perch\u00e9 ti piace?<\/h2>\n<ul data-v-md-line=\"45\">\n<li>Grande capacit\u00e0 di fumare: maggiore durata della batteria, non \u00e8 necessario sostituire frequentemente i vaporizzatori.<\/li>\n<li>Selezione della concentrazione di nicotina: Scegliere una concentrazione di nicotina di 2% o 5% in base alle proprie preferenze.<\/li>\n<li>Ricaricabile: Ricarica rapida dell'e-liquid senza dover buttare via met\u00e0 del dispositivo.<\/li>\n<li>Prestazioni stabili della bobina: Godetevi un'esperienza di aspirazione stabile e deliziosa in ogni momento.<\/li>\n<\/ul>\n<h2 data-v-md-heading=\"why-choose-to-collaborate-with-agoravape\" data-v-md-line=\"50\">Perch\u00e9 scegliere di collaborare con AgoraVape?<\/h2>\n<p data-v-md-line=\"51\">Offriamo solo prodotti originali 100%, supportati da prezzi chiari e da un'assistenza rapida. Gli acquirenti commerciali che acquistano 30000 vapes ricaricabili usa e getta da Razz Bar possono godere di prezzi all'ingrosso altamente competitivi, un servizio clienti affidabile e servizi di consegna DDP veloci e affidabili. Se volete avere un vape durevole e degno di essere restituito, contattateci.<\/p>","protected":false},"excerpt":{"rendered":"<p>&nbsp;<\/p>","protected":false},"featured_media":17694,"comment_status":"open","ping_status":"closed","template":"","meta":[],"product_brand":[236],"product_cat":[124,185,189,1637,194,1674,174,175,193,163,191,173,186,180,190],"product_tag":[],"class_list":{"0":"post-17677","1":"product","2":"type-product","3":"status-publish","4":"has-post-thumbnail","6":"product_brand-razz-bar","7":"product_cat-vape-by-brand","8":"product_cat-10000-puffs-high-capacity","9":"product_cat-20mg-standard-nicotine-vapes","10":"product_cat-30000-puffs","11":"product_cat-adjustable-airflow","12":"product_cat-eu-warehouse","13":"product_cat-fruit-flavors","14":"product_cat-icy-mint","15":"product_cat-mesh-coil","16":"product_cat-razz-bar","17":"product_cat-rechargeable-disposables","18":"product_cat-vape-by-flavor-profile","19":"product_cat-vape-by-nicotine-strength","20":"product_cat-vape-by-puff-count","21":"product_cat-vape-by-feature-or-type","23":"first","24":"instock","25":"shipping-taxable","26":"purchasable","27":"product-type-variable","28":"has-default-attributes"},"tiered_pricing_type":"percentage","tiered_pricing_fixed_rules":[],"tiered_pricing_product_settings":{"layout":"default","base_unit_name":{"singular":null,"plural":null},"default_variation":null},"tiered_pricing_minimum_quantity":50,"tiered_pricing_roles_data":[],"tiered_pricing_percentage_rules":{"100":"40","200":"44","500":"47","1000":"49"},"tiered_pricing_maximum_quantity":null,"tiered_pricing_quantity_step":"10","_links":{"self":[{"href":"https:\/\/agoravape.com\/it\/wp-json\/wp\/v2\/product\/17677","targetHints":{"allow":["GET"]}}],"collection":[{"href":"https:\/\/agoravape.com\/it\/wp-json\/wp\/v2\/product"}],"about":[{"href":"https:\/\/agoravape.com\/it\/wp-json\/wp\/v2\/types\/product"}],"replies":[{"embeddable":true,"href":"https:\/\/agoravape.com\/it\/wp-json\/wp\/v2\/comments?post=17677"}],"version-history":[{"count":1,"href":"https:\/\/agoravape.com\/it\/wp-json\/wp\/v2\/product\/17677\/revisions"}],"predecessor-version":[{"id":29811,"href":"https:\/\/agoravape.com\/it\/wp-json\/wp\/v2\/product\/17677\/revisions\/29811"}],"wp:featuredmedia":[{"embeddable":true,"href":"https:\/\/agoravape.com\/it\/wp-json\/wp\/v2\/media\/17694"}],"wp:attachment":[{"href":"https:\/\/agoravape.com\/it\/wp-json\/wp\/v2\/media?parent=17677"}],"wp:term":[{"taxonomy":"product_brand","embeddable":true,"href":"https:\/\/agoravape.com\/it\/wp-json\/wp\/v2\/product_brand?post=17677"},{"taxonomy":"product_cat","embeddable":true,"href":"https:\/\/agoravape.com\/it\/wp-json\/wp\/v2\/product_cat?post=17677"},{"taxonomy":"product_tag","embeddable":true,"href":"https:\/\/agoravape.com\/it\/wp-json\/wp\/v2\/product_tag?post=17677"}],"curies":[{"name":"wp","href":"https:\/\/api.w.org\/{rel}","templated":true}]}}