{"id":17734,"date":"2025-10-18T21:23:18","date_gmt":"2025-10-18T13:23:18","guid":{"rendered":"https:\/\/green-grasshopper-921422.hostingersite.com\/?post_type=product&#038;p=17734"},"modified":"2026-03-31T04:20:39","modified_gmt":"2026-03-31T02:20:39","slug":"razz-bar-crystal-10000-boccate-zero-nicotina-vape","status":"publish","type":"product","link":"https:\/\/agoravape.com\/it\/product\/razz-bar-crystal-10000-puffs-zero-nicotine-vape\/","title":{"rendered":"Razz bar crystal 10K Puffs 0% Senza Nicotina Vape | Grande Gusto, Zero Nicotina"},"content":{"rendered":"<h2 data-v-md-heading=\"what-s-special-about-the-razz-bar-crystal-10k-0-nicotine-free-vape\" data-v-md-line=\"3\"><img loading=\"lazy\" decoding=\"async\" class=\"aligncenter size-full wp-image-17759\" src=\"https:\/\/agoravape.com\/wp-content\/uploads\/2025\/10\/Razz-bar-crystal-10K-Puffs-0-Nicotine-Free-Vape_Agora_vape-9.webp\" alt=\"\" width=\"2000\" height=\"2000\" srcset=\"https:\/\/agoravape.com\/wp-content\/uploads\/2025\/10\/Razz-bar-crystal-10K-Puffs-0-Nicotine-Free-Vape_Agora_vape-9.webp 2000w, https:\/\/agoravape.com\/wp-content\/uploads\/2025\/10\/Razz-bar-crystal-10K-Puffs-0-Nicotine-Free-Vape_Agora_vape-9-600x600.webp 600w, https:\/\/agoravape.com\/wp-content\/uploads\/2025\/10\/Razz-bar-crystal-10K-Puffs-0-Nicotine-Free-Vape_Agora_vape-9-1200x1200.webp 1200w, https:\/\/agoravape.com\/wp-content\/uploads\/2025\/10\/Razz-bar-crystal-10K-Puffs-0-Nicotine-Free-Vape_Agora_vape-9-300x300.webp 300w, https:\/\/agoravape.com\/wp-content\/uploads\/2025\/10\/Razz-bar-crystal-10K-Puffs-0-Nicotine-Free-Vape_Agora_vape-9-1024x1024.webp 1024w, https:\/\/agoravape.com\/wp-content\/uploads\/2025\/10\/Razz-bar-crystal-10K-Puffs-0-Nicotine-Free-Vape_Agora_vape-9-150x150.webp 150w, https:\/\/agoravape.com\/wp-content\/uploads\/2025\/10\/Razz-bar-crystal-10K-Puffs-0-Nicotine-Free-Vape_Agora_vape-9-768x768.webp 768w, https:\/\/agoravape.com\/wp-content\/uploads\/2025\/10\/Razz-bar-crystal-10K-Puffs-0-Nicotine-Free-Vape_Agora_vape-9-1536x1536.webp 1536w\" sizes=\"auto, (max-width: 2000px) 100vw, 2000px\" \/><\/h2>\n<h2 data-v-md-heading=\"what-s-special-about-the-razz-bar-crystal-10k-0-nicotine-free-vape\" data-v-md-line=\"3\">Cosa c'\u00e8 di speciale nel vaping senza nicotina Razz bar crystal 10K 0%?<\/h2>\n<p data-v-md-line=\"4\">Se volete provare un'esperienza di svapo senza nicotina, questo prodotto pu\u00f2 rendervi la vita pi\u00f9 facile. La barretta di cristallo Razz \u00e8 in grado di sopportare fino a 10000 boccate, dal primo all'ultimo sorso, con una consistenza omogenea e uniforme. Non c'\u00e8 bisogno di preoccuparsi, non c'\u00e8 bisogno di tirare a indovinare. Basta aprire la confezione per iniziare a usarla.<\/p>\n<p data-v-md-line=\"6\">Se state smettendo di assumere nicotina o volete semplicemente godervi un gusto non irritante, questo prodotto \u00e8 la scelta migliore. Si potrebbe pensare che avere cos\u00ec tanti vapes sia ingombrante, ma questo vape \u00e8 leggero e portatile, il che lo rende perfetto per la vita quotidiana.<\/p>\n<h2 data-v-md-heading=\"excellent-performance-without-any-complex-operations\" data-v-md-line=\"8\">Prestazioni eccellenti senza operazioni complesse<\/h2>\n<p data-v-md-line=\"9\">La bobina a rete \u00e8 il cuore del dispositivo, quindi ogni apertura \u00e8 pulita e ordinata come la prima. La batteria da 650 mAh contiene 18 ml di e-liquid e garantisce un'esperienza d'uso duratura e affidabile. Quando la batteria \u00e8 scarica, \u00e8 sufficiente caricarla tramite USB. Semplice e conveniente.<\/p>\n<h2 data-v-md-heading=\"specification-introduction\" data-v-md-line=\"11\">Introduzione alle specifiche<\/h2>\n<ul data-v-md-line=\"12\">\n<li>Frequenza di aspirazione: fino a 10000 volte<\/li>\n<li>Contenuto di nicotina: 0% (senza nicotina)<\/li>\n<li>Capacit\u00e0 del liquido elettronico: 18 millilitri<\/li>\n<li>Battery: 650mAh<\/li>\n<li>Principio di funzionamento: Pronto all'uso, senza bisogno di pulsanti<\/li>\n<li>Metodo di ricarica: ricarica USB<\/li>\n<li>Atomization Core: Mesh Atomization Core<\/li>\n<li>Stato: Sigillato, pronto all'uso all'arrivo<\/li>\n<\/ul>\n<h2 data-v-md-heading=\"full-range-of-flavors\" data-v-md-line=\"21\">Full range of flavors<\/h2>\n<ul data-v-md-line=\"22\">\n<li>Peach smoothie<\/li>\n<li>Strawberry and Banana<\/li>\n<li>Uva Red Bull<\/li>\n<li>Blueberry smoothie<\/li>\n<li>Watermelon smoothie<\/li>\n<li>Blueberry smoothie<\/li>\n<li>Frutti tropicali<\/li>\n<li>Kiwi alla fragola<\/li>\n<li>Strawberry smoothie<\/li>\n<li>Frutti di bosco misti<\/li>\n<li>Frullato di fragole, lamponi e ciliegie<\/li>\n<li>Amore 66<\/li>\n<li>Drago Nero Sabbia di Ghiaccio<\/li>\n<li>Lemon and lime<\/li>\n<li>Sogni d'estate<\/li>\n<li>Gomma da masticare all'anguria e alla fragola<\/li>\n<\/ul>\n<h2 data-v-md-heading=\"for-you-and-your-business\" data-v-md-line=\"39\">For you and your business<\/h2>\n<p data-v-md-line=\"40\">Se necessario, acquistate una svapata senza nicotina, sia che la stiate provando per la prima volta sia che vi stiate preparando per una settimana di acquisti. Se gestite un negozio fisico o online, siamo sempre pronti a vendere all'ingrosso scatole di carta. Contattateci per conoscere le quantit\u00e0 attuali di scatole di carta e i prezzi differenziati.<\/p>\n<p data-v-md-line=\"42\">Forniamo servizi di consegna DDP in tutta Europa attraverso partner di fiducia come UPS, DPD e DHL, quindi le tasse e le imposte saranno elaborate in anticipo. Evitando incidenti doganali e ritardi imprevisti per voi.<\/p>\n<h2 data-v-md-heading=\"why-do-you-like-it\" data-v-md-line=\"44\">Perch\u00e9 ti piace?<\/h2>\n<ul data-v-md-line=\"45\">\n<li>Aspirazione massiccia: fino a 10000 boccate, il che significa meno ordini ripetuti e pi\u00f9 tempo per godersi i propri sapori preferiti.<\/li>\n<li>Senza nicotina: Godetevi le delizie e le abitudini senza bisogno di nicotina.<\/li>\n<li>Grande capacit\u00e0: 18 millilitri, per garantire un gusto duraturo.<\/li>\n<li>Nucleo atomizzatore a rete: Ogni aspirazione pu\u00f2 portare fumo costante e gusto puro.<\/li>\n<li>Alimentazione stabile: La batteria da 650 mAh garantisce prestazioni affidabili.<\/li>\n<\/ul>\n<h2 data-v-md-heading=\"why-choose-to-collaborate-with-agoravape\" data-v-md-line=\"51\">Perch\u00e9 scegliere di collaborare con AgoraVape?<\/h2>\n<p data-v-md-line=\"52\">Forniamo solo prodotti originali 100% delle marche che i vostri clienti amano. Razz bar crystal 10K 0% vape senza nicotina, offrendo prezzi scontati all'ingrosso, supporto di risposta rapida, e la consegna veloce pagamento delle tasse in Europa. Benvenuti a contattarci e scegliere i vostri prodotti preferiti senza nicotina serie.<\/p>","protected":false},"excerpt":{"rendered":"<p>&nbsp;<\/p>","protected":false},"featured_media":17755,"comment_status":"open","ping_status":"closed","template":"","meta":[],"product_brand":[236],"product_cat":[124,187,185,189,174,175,193,163,191,173,186,180,190],"product_tag":[],"class_list":{"0":"post-17734","1":"product","2":"type-product","3":"status-publish","4":"has-post-thumbnail","6":"product_brand-razz-bar","7":"product_cat-vape-by-brand","8":"product_cat-0mg-nicotine-free-vapes","9":"product_cat-10000-puffs-high-capacity","10":"product_cat-20mg-standard-nicotine-vapes","11":"product_cat-fruit-flavors","12":"product_cat-icy-mint","13":"product_cat-mesh-coil","14":"product_cat-razz-bar","15":"product_cat-rechargeable-disposables","16":"product_cat-vape-by-flavor-profile","17":"product_cat-vape-by-nicotine-strength","18":"product_cat-vape-by-puff-count","19":"product_cat-vape-by-feature-or-type","21":"first","22":"onbackorder","23":"shipping-taxable","24":"purchasable","25":"product-type-variable","26":"has-default-attributes"},"tiered_pricing_type":"percentage","tiered_pricing_fixed_rules":[],"tiered_pricing_product_settings":{"layout":"default","base_unit_name":{"singular":null,"plural":null},"default_variation":null},"tiered_pricing_minimum_quantity":50,"tiered_pricing_roles_data":[],"tiered_pricing_percentage_rules":{"100":"40","200":"44","500":"47","1000":"49"},"tiered_pricing_maximum_quantity":null,"tiered_pricing_quantity_step":"10","_links":{"self":[{"href":"https:\/\/agoravape.com\/it\/wp-json\/wp\/v2\/product\/17734","targetHints":{"allow":["GET"]}}],"collection":[{"href":"https:\/\/agoravape.com\/it\/wp-json\/wp\/v2\/product"}],"about":[{"href":"https:\/\/agoravape.com\/it\/wp-json\/wp\/v2\/types\/product"}],"replies":[{"embeddable":true,"href":"https:\/\/agoravape.com\/it\/wp-json\/wp\/v2\/comments?post=17734"}],"version-history":[{"count":1,"href":"https:\/\/agoravape.com\/it\/wp-json\/wp\/v2\/product\/17734\/revisions"}],"predecessor-version":[{"id":29809,"href":"https:\/\/agoravape.com\/it\/wp-json\/wp\/v2\/product\/17734\/revisions\/29809"}],"wp:featuredmedia":[{"embeddable":true,"href":"https:\/\/agoravape.com\/it\/wp-json\/wp\/v2\/media\/17755"}],"wp:attachment":[{"href":"https:\/\/agoravape.com\/it\/wp-json\/wp\/v2\/media?parent=17734"}],"wp:term":[{"taxonomy":"product_brand","embeddable":true,"href":"https:\/\/agoravape.com\/it\/wp-json\/wp\/v2\/product_brand?post=17734"},{"taxonomy":"product_cat","embeddable":true,"href":"https:\/\/agoravape.com\/it\/wp-json\/wp\/v2\/product_cat?post=17734"},{"taxonomy":"product_tag","embeddable":true,"href":"https:\/\/agoravape.com\/it\/wp-json\/wp\/v2\/product_tag?post=17734"}],"curies":[{"name":"wp","href":"https:\/\/api.w.org\/{rel}","templated":true}]}}