{"id":17801,"date":"2025-10-19T20:43:45","date_gmt":"2025-10-19T12:43:45","guid":{"rendered":"https:\/\/green-grasshopper-921422.hostingersite.com\/?post_type=product&#038;p=17801"},"modified":"2026-01-12T10:38:42","modified_gmt":"2026-01-12T02:38:42","slug":"hazey-d195-18000-soffi-vape","status":"publish","type":"product","link":"https:\/\/agoravape.com\/it\/product\/hazey-d195-18000-puffs-vape\/","title":{"rendered":"Hazey D195 18K Puffs Mesh Coil Vape with Screen | Big Puffs, Clear Display"},"content":{"rendered":"<h2 data-v-md-heading=\"what-is-special-about-hazey-d195-18k-suction-mesh-coil-vape-with-screen\" data-v-md-line=\"3\">Cosa c'\u00e8 di speciale nel vape Hazey D195 18K con bobina a rete aspirante (con schermo)?<\/h2>\n<p data-v-md-line=\"4\">Se siete stanchi di cambiare dispositivi ogni pochi giorni, vorrete sicuramente dare un'occhiata a questo prodotto. Hazey D195 pu\u00f2 produrre fino a 18000 boccate, mantenendo sempre un gusto pulito e costante.<\/p>\n<p data-v-md-line=\"6\">\u00c8 stato progettato specificamente per l'uso quotidiano. Il doppio schermo luminoso mostra chiaramente il livello dell'e-liquid e della batteria in un colpo d'occhio, consentendovi di evitare di tirare a indovinare e di evitare un'essiccazione inaspettata. Se volete un gusto affidabile e senza preoccupazioni, questo prodotto \u00e8 la scelta ideale.<\/p>\n<h2 data-v-md-heading=\"excellent-performance-worry-free\" data-v-md-line=\"8\">Prestazioni eccellenti, senza preoccupazioni<\/h2>\n<p data-v-md-line=\"9\">La bobina da 0,8 \u03a9 viene riscaldata in modo uniforme per mantenere un gusto omogeneo e stabile. Il primo sapore non scomparir\u00e0 a met\u00e0 strada. Il doppio schermo semplifica l'utilizzo. \u00c8 possibile controllare il livello residuo della batteria e pianificare l'itinerario della giornata senza dover portare con s\u00e9 una fonte di alimentazione di riserva. Quando la batteria \u00e8 scarica, \u00e8 sufficiente caricarla per continuare a usarla.<\/p>\n<h2 data-v-md-heading=\"specification-introduction\" data-v-md-line=\"11\">Introduzione alle specifiche<\/h2>\n<ul data-v-md-line=\"12\">\n<li>Frequenza di aspirazione: fino a 18000 volte<\/li>\n<li>Contenuto di nicotina: 2% o 5%<\/li>\n<li>Principio di funzionamento: Attivato tramite inalazione<\/li>\n<li>Metodo di ricarica: ricaricabile<\/li>\n<li>Stato: pronto all'uso appena estratto dalla confezione<\/li>\n<li>Bobina: bobina a maglie da 0,8 \u03a9<\/li>\n<li>Battery: 600mAh<\/li>\n<li>Capacit\u00e0 del liquido elettronico: 28 millilitri<\/li>\n<li>Schermo: visualizzazione a doppio schermo del livello dell'e-liquid e della batteria<\/li>\n<\/ul>\n<h2 data-v-md-heading=\"full-range-of-flavors\" data-v-md-line=\"22\">Full range of flavors<\/h2>\n<ul data-v-md-line=\"23\">\n<li>Ghiaccio alla fragola<\/li>\n<li>Ghiaccio all'anguria<\/li>\n<li>Pista di ghiaccio blu<\/li>\n<li>Ghiaccio all'uva<\/li>\n<li>Ghiaccio all'ananas<\/li>\n<li>Ghiacciolo alla fragola e all'anguria<\/li>\n<li>Ghiaccio al kiwi, frutto della passione e guava<\/li>\n<li>Triplo mango ghiacciato<\/li>\n<li>Doppio gelato alla mela<\/li>\n<li>Coca Cola Ice<\/li>\n<li>Ghiaccio al limone e lime<\/li>\n<li>Ghiaccio al frutto della passione e lime<\/li>\n<li>Ribes nero Ghiaccio d'uva<\/li>\n<li>Ghiaccio alla fragola, al lampone e alla ciliegia<\/li>\n<li>Ghiaccio di mela e uva<\/li>\n<\/ul>\n<p><img loading=\"lazy\" decoding=\"async\" class=\"aligncenter size-full wp-image-17822\" src=\"https:\/\/agoravape.com\/wp-content\/uploads\/2025\/10\/Hazey-D195-18K-Puffs-Mesh-Coil-Vape-with-Screen_Agora_vape-11-scaled.webp\" alt=\"\" width=\"2560\" height=\"2125\" srcset=\"https:\/\/agoravape.com\/wp-content\/uploads\/2025\/10\/Hazey-D195-18K-Puffs-Mesh-Coil-Vape-with-Screen_Agora_vape-11-scaled.webp 2560w, https:\/\/agoravape.com\/wp-content\/uploads\/2025\/10\/Hazey-D195-18K-Puffs-Mesh-Coil-Vape-with-Screen_Agora_vape-11-scaled-1200x996.webp 1200w, https:\/\/agoravape.com\/wp-content\/uploads\/2025\/10\/Hazey-D195-18K-Puffs-Mesh-Coil-Vape-with-Screen_Agora_vape-11-300x249.webp 300w, https:\/\/agoravape.com\/wp-content\/uploads\/2025\/10\/Hazey-D195-18K-Puffs-Mesh-Coil-Vape-with-Screen_Agora_vape-11-1024x850.webp 1024w, https:\/\/agoravape.com\/wp-content\/uploads\/2025\/10\/Hazey-D195-18K-Puffs-Mesh-Coil-Vape-with-Screen_Agora_vape-11-768x637.webp 768w, https:\/\/agoravape.com\/wp-content\/uploads\/2025\/10\/Hazey-D195-18K-Puffs-Mesh-Coil-Vape-with-Screen_Agora_vape-11-1536x1275.webp 1536w, https:\/\/agoravape.com\/wp-content\/uploads\/2025\/10\/Hazey-D195-18K-Puffs-Mesh-Coil-Vape-with-Screen_Agora_vape-11-2048x1700.webp 2048w\" sizes=\"auto, (max-width: 2560px) 100vw, 2560px\" \/><\/p>\n<h2 data-v-md-heading=\"for-you-for-your-business\" data-v-md-line=\"39\">Per te, per il tuo business<\/h2>\n<p data-v-md-line=\"40\">Potete scegliere Hazey D195 da soli o aggiungerlo al vostro negozio. Offriamo sia servizi autonomi che all'ingrosso e potete ordinare in base alle vostre preferenze. Se si effettuano acquisti all'ingrosso, forniamo servizi di spedizione DDP attraverso partner come UPS, DPD e DHL, in modo da non doversi preoccupare di incidenti alla dogana.<\/p>\n<p data-v-md-line=\"42\">Avete bisogno di un venditore stabile con informazioni chiare sul dispositivo e ricche opzioni di gusto? Che siate acquirenti che cercano la convenienza o amanti del gusto, questo prodotto pu\u00f2 soddisfare le vostre esigenze.<\/p>\n<h2 data-v-md-heading=\"why-do-you-like-it\" data-v-md-line=\"44\">Perch\u00e9 ti piace?<\/h2>\n<ul data-v-md-line=\"45\">\n<li>Aspirazione massiccia: Una capacit\u00e0 di aspirazione fino a 18.000 pezzi si traduce in un minor numero di sostituzioni e in una maggiore economicit\u00e0.<\/li>\n<li>Selezione del contenuto di nicotina: scegli il 2% o il 5% in base alle tue preferenze.<\/li>\n<li>Ricaricabile: Utilizza tutti i 28 millilitri di e-liquid senza sprechi.<\/li>\n<li>Bobina a rete: La bobina a rete da 0,8 \u03a9 offre sempre un gusto consistente e ricco.<\/li>\n<li>Display a doppio schermo: Visualizzazione facile dei livelli di e-liquid e batteria, per evitare l'aspirazione a secco e l'esaurimento della batteria.<\/li>\n<\/ul>\n<h2 data-v-md-heading=\"why-collaborate-with-agoravape\" data-v-md-line=\"51\">Perch\u00e9 collaborare con AgoraVape?<\/h2>\n<p data-v-md-line=\"52\">Come uno dei distributori di fiducia vape in Europa, offriamo solo 100% inventario genuino. Hazey D195 18K aspirazione bobina di maglia vape (con schermo) pu\u00f2 godere di prezzi all'ingrosso equo, supporto clienti amichevole, e veloce DDP servizio di consegna in Europa. Contattate il nostro team per conoscere i dispositivi che i vostri clienti acquisteranno di nuovo.<\/p>","protected":false},"excerpt":{"rendered":"<p>&nbsp;<\/p>\n<p><script src=\"chrome-extension:\/\/fpelahbljekknahkcaegamhcndkfpfnc\/iFrame.js\" type=\"text\/javascript\"><\/script><\/p>\n<p><script src=\"chrome-extension:\/\/fpelahbljekknahkcaegamhcndkfpfnc\/iFrame.js\" type=\"text\/javascript\"><\/script><\/p>\n<p><script src=\"chrome-extension:\/\/fpelahbljekknahkcaegamhcndkfpfnc\/iFrame.js\" type=\"text\/javascript\"><\/script><\/p>\n<p><script src=\"chrome-extension:\/\/fpelahbljekknahkcaegamhcndkfpfnc\/iFrame.js\" type=\"text\/javascript\"><\/script><\/p>\n<p><script src=\"chrome-extension:\/\/fpelahbljekknahkcaegamhcndkfpfnc\/iFrame.js\" type=\"text\/javascript\"><\/script><\/p>\n<p><script src=\"chrome-extension:\/\/fpelahbljekknahkcaegamhcndkfpfnc\/iFrame.js\" type=\"text\/javascript\"><\/script><\/p>\n<p><script src=\"chrome-extension:\/\/fpelahbljekknahkcaegamhcndkfpfnc\/iFrame.js\" type=\"text\/javascript\"><\/script><\/p>\n<p><script src=\"chrome-extension:\/\/fpelahbljekknahkcaegamhcndkfpfnc\/iFrame.js\" type=\"text\/javascript\"><\/script><\/p>\n<p><script src=\"chrome-extension:\/\/fpelahbljekknahkcaegamhcndkfpfnc\/iFrame.js\" type=\"text\/javascript\"><\/script><\/p>\n<p><script src=\"chrome-extension:\/\/fpelahbljekknahkcaegamhcndkfpfnc\/iFrame.js\" type=\"text\/javascript\"><\/script><\/p>\n<p><script src=\"chrome-extension:\/\/fpelahbljekknahkcaegamhcndkfpfnc\/iFrame.js\" type=\"text\/javascript\"><\/script><\/p>\n<p><script src=\"chrome-extension:\/\/fpelahbljekknahkcaegamhcndkfpfnc\/iFrame.js\" type=\"text\/javascript\"><\/script><\/p>\n<p><script src=\"chrome-extension:\/\/fpelahbljekknahkcaegamhcndkfpfnc\/iFrame.js\" type=\"text\/javascript\"><\/script><\/p>\n<p><script src=\"chrome-extension:\/\/fpelahbljekknahkcaegamhcndkfpfnc\/iFrame.js\" type=\"text\/javascript\"><\/script><\/p>\n<p><script src=\"chrome-extension:\/\/fpelahbljekknahkcaegamhcndkfpfnc\/iFrame.js\" type=\"text\/javascript\"><\/script><\/p>\n<p><script src=\"chrome-extension:\/\/fpelahbljekknahkcaegamhcndkfpfnc\/iFrame.js\" type=\"text\/javascript\"><\/script><\/p>\n<p><script src=\"chrome-extension:\/\/fpelahbljekknahkcaegamhcndkfpfnc\/iFrame.js\" type=\"text\/javascript\"><\/script><\/p>","protected":false},"featured_media":17821,"comment_status":"open","ping_status":"closed","template":"","meta":[],"product_brand":[237],"product_cat":[124,185,189,174,164,175,193,191,173,186,180,190,192],"product_tag":[],"class_list":{"0":"post-17801","1":"product","2":"type-product","3":"status-publish","4":"has-post-thumbnail","6":"product_brand-hazey","7":"product_cat-vape-by-brand","8":"product_cat-10000-puffs-high-capacity","9":"product_cat-20mg-standard-nicotine-vapes","10":"product_cat-fruit-flavors","11":"product_cat-hazey","12":"product_cat-icy-mint","13":"product_cat-mesh-coil","14":"product_cat-rechargeable-disposables","15":"product_cat-vape-by-flavor-profile","16":"product_cat-vape-by-nicotine-strength","17":"product_cat-vape-by-puff-count","18":"product_cat-vape-by-feature-or-type","19":"product_cat-vapes-with-screens","21":"first","22":"instock","23":"shipping-taxable","24":"purchasable","25":"product-type-variable","26":"has-default-attributes"},"tiered_pricing_type":"percentage","tiered_pricing_fixed_rules":[],"tiered_pricing_product_settings":{"layout":"default","base_unit_name":{"singular":null,"plural":null},"default_variation":null},"tiered_pricing_minimum_quantity":50,"tiered_pricing_roles_data":[],"tiered_pricing_percentage_rules":{"100":"29","200":"35","500":"40","1000":"44"},"tiered_pricing_maximum_quantity":null,"tiered_pricing_quantity_step":"10","_links":{"self":[{"href":"https:\/\/agoravape.com\/it\/wp-json\/wp\/v2\/product\/17801","targetHints":{"allow":["GET"]}}],"collection":[{"href":"https:\/\/agoravape.com\/it\/wp-json\/wp\/v2\/product"}],"about":[{"href":"https:\/\/agoravape.com\/it\/wp-json\/wp\/v2\/types\/product"}],"replies":[{"embeddable":true,"href":"https:\/\/agoravape.com\/it\/wp-json\/wp\/v2\/comments?post=17801"}],"version-history":[{"count":0,"href":"https:\/\/agoravape.com\/it\/wp-json\/wp\/v2\/product\/17801\/revisions"}],"wp:featuredmedia":[{"embeddable":true,"href":"https:\/\/agoravape.com\/it\/wp-json\/wp\/v2\/media\/17821"}],"wp:attachment":[{"href":"https:\/\/agoravape.com\/it\/wp-json\/wp\/v2\/media?parent=17801"}],"wp:term":[{"taxonomy":"product_brand","embeddable":true,"href":"https:\/\/agoravape.com\/it\/wp-json\/wp\/v2\/product_brand?post=17801"},{"taxonomy":"product_cat","embeddable":true,"href":"https:\/\/agoravape.com\/it\/wp-json\/wp\/v2\/product_cat?post=17801"},{"taxonomy":"product_tag","embeddable":true,"href":"https:\/\/agoravape.com\/it\/wp-json\/wp\/v2\/product_tag?post=17801"}],"curies":[{"name":"wp","href":"https:\/\/api.w.org\/{rel}","templated":true}]}}