{"id":17880,"date":"2025-10-19T21:22:15","date_gmt":"2025-10-19T13:22:15","guid":{"rendered":"https:\/\/green-grasshopper-921422.hostingersite.com\/?post_type=product&#038;p=17880"},"modified":"2025-12-15T21:30:09","modified_gmt":"2025-12-15T13:30:09","slug":"lavie-cameo-30000-soffi-a-doppia-maglia","status":"publish","type":"product","link":"https:\/\/agoravape.com\/it\/product\/lavie-cameo-30000-puffs-dual-mesh\/","title":{"rendered":"LAVIE CAMEO 30k Puffs Dual Mesh Coil Vape usa e getta UE | Grandi tiri, sapore pulito, ricarica semplice"},"content":{"rendered":"<h2 data-v-md-heading=\"what-are-the-special-features-of-lavie-cameo-30000-port-dual-mesh-coil-disposable-vape-european-standard\" data-v-md-line=\"3\"><img loading=\"lazy\" decoding=\"async\" class=\"aligncenter size-full wp-image-17908\" src=\"https:\/\/agoravape.com\/wp-content\/uploads\/2025\/10\/LAVIE-CAMEO-30k-Puffs-Dual-Mesh-Coil-Disposable-Vape-EU_Agora_vape-13-scaled.webp\" alt=\"\" width=\"2560\" height=\"1810\" srcset=\"https:\/\/agoravape.com\/wp-content\/uploads\/2025\/10\/LAVIE-CAMEO-30k-Puffs-Dual-Mesh-Coil-Disposable-Vape-EU_Agora_vape-13-scaled.webp 2560w, https:\/\/agoravape.com\/wp-content\/uploads\/2025\/10\/LAVIE-CAMEO-30k-Puffs-Dual-Mesh-Coil-Disposable-Vape-EU_Agora_vape-13-scaled-1200x848.webp 1200w, https:\/\/agoravape.com\/wp-content\/uploads\/2025\/10\/LAVIE-CAMEO-30k-Puffs-Dual-Mesh-Coil-Disposable-Vape-EU_Agora_vape-13-300x212.webp 300w, https:\/\/agoravape.com\/wp-content\/uploads\/2025\/10\/LAVIE-CAMEO-30k-Puffs-Dual-Mesh-Coil-Disposable-Vape-EU_Agora_vape-13-1024x724.webp 1024w, https:\/\/agoravape.com\/wp-content\/uploads\/2025\/10\/LAVIE-CAMEO-30k-Puffs-Dual-Mesh-Coil-Disposable-Vape-EU_Agora_vape-13-768x543.webp 768w, https:\/\/agoravape.com\/wp-content\/uploads\/2025\/10\/LAVIE-CAMEO-30k-Puffs-Dual-Mesh-Coil-Disposable-Vape-EU_Agora_vape-13-1536x1086.webp 1536w, https:\/\/agoravape.com\/wp-content\/uploads\/2025\/10\/LAVIE-CAMEO-30k-Puffs-Dual-Mesh-Coil-Disposable-Vape-EU_Agora_vape-13-2048x1448.webp 2048w\" sizes=\"auto, (max-width: 2560px) 100vw, 2560px\" \/><\/h2>\n<h2 data-v-md-heading=\"what-are-the-special-features-of-lavie-cameo-30000-port-dual-mesh-coil-disposable-vape-european-standard\" data-v-md-line=\"3\">Quali sono le caratteristiche speciali di LAVIE CAMEO 30000 port dual mesh coil disposable vape (standard europeo)?<\/h2>\n<p data-v-md-line=\"4\">Se siete stanchi di sostituire i vapers usa e getta ogni pochi giorni, questo prodotto vi render\u00e0 la vita pi\u00f9 facile. LAVIE CAMEO ha una capacit\u00e0 fino a 30000 porte, \u00e8 compatto e portatile, con una sensazione di solidit\u00e0 che non vi far\u00e0 sentire pesanti.<\/p>\n<p data-v-md-line=\"6\">Se cercate un gusto duraturo e una facile praticit\u00e0, questa \u00e8 la scelta ideale. Non c'\u00e8 bisogno di pulsanti, n\u00e9 di menu, basta un'aspirazione delicata per godersi il piacere. Le bobine a doppia maglia garantiscono una consistenza liscia e omogenea, offrendo un gusto eccellente dal primo all'ultimo morso.<\/p>\n<h2 data-v-md-heading=\"excellent-performance-easy-and-convenient\" data-v-md-line=\"8\">Prestazioni eccellenti, facile e conveniente<\/h2>\n<p data-v-md-line=\"9\">Internamente, le bobine a doppia maglia sono utilizzate per un riscaldamento uniforme, assicurando che ogni boccone sia pulito e pieno di gusto. Quando la batteria \u00e8 scarica, \u00e8 possibile ricaricarla tramite il cavo Type-C. Si tratta dello stesso cavo utilizzato per il telefono. Semplice. Si potrebbe pensare che una svapata di cos\u00ec grande capacit\u00e0 sia ingombrante, ma CAMEO \u00e8 sorprendentemente compatto e facile da trasportare.<\/p>\n<h2 data-v-md-heading=\"specification-introduction\" data-v-md-line=\"11\">Introduzione alle specifiche<\/h2>\n<ul data-v-md-line=\"12\">\n<li>Suction frequency: up to 30000 times<\/li>\n<li>E-liquido: 25ml tipo pre-riempito<\/li>\n<li>Nucleo di atomizzazione: doppia maglia<\/li>\n<li>Batteria: 950mAh<\/li>\n<li>Nicotina: La situazione dell'offerta varia a seconda del mercato; verificare le opzioni attuali al momento del pagamento o consultare il nostro team.<\/li>\n<li>Principio di funzionamento: Attivato tramite inalazione<\/li>\n<li>Ricarica: Porta USB standard Tipo-C<\/li>\n<li>Stato: pronto all'uso appena estratto dalla confezione<\/li>\n<li>Dimensioni e peso: 99,9 \u00d7 28,3 \u00d7 46,4 millimetri; 87 grammi<\/li>\n<\/ul>\n<h2 data-v-md-heading=\"full-flavor-series\" data-v-md-line=\"22\">Serie dal sapore pieno<\/h2>\n<ul data-v-md-line=\"23\">\n<li>Ghiaccio all'anguria<\/li>\n<li>Ghiaccio alla pera e agli agrumi<\/li>\n<li>Ghiaccio al mango<\/li>\n<li>Ghiaccio alla fragola<\/li>\n<li>Ghiaccio al caff\u00e8<\/li>\n<li>Ghiaccio alla ciliegia<\/li>\n<li>Pista di ghiaccio blu<\/li>\n<li>Ghiaccio ai frutti tropicali<\/li>\n<li>Ghiaccio al limone<\/li>\n<li>Ghiaccio all'uva<\/li>\n<li>Doppio gelato alla mela<\/li>\n<li>Ghiacciolo alla fragola e all'anguria<\/li>\n<\/ul>\n<h2 data-v-md-heading=\"for-you-for-your-business\" data-v-md-line=\"36\">Per te, per il tuo business<\/h2>\n<p data-v-md-line=\"37\">Potete acquistarne una per voi o farne scorta per il vostro negozio. Vendiamo all'ingrosso 200 scatole di cartone (con dimensioni di 580 \u00d7 338 \u00d7 264 millimetri e un peso lordo di circa 25 chilogrammi). In questo modo \u00e8 facile pianificare lo spazio sugli scaffali e i profitti.<\/p>\n<p data-v-md-line=\"39\">Forniamo anche servizi di trasporto DDP a pagamento con partner di fiducia come UPS, DPD e DHL per garantire una consegna senza problemi ed evitare incidenti doganali. Secondo la TPD2, le normative variano nelle diverse regioni dell'Unione Europea. In molti mercati, i vapes monouso pre-riempiti di dimensioni superiori a 2 millilitri non possono contenere nicotina. Si prega di esaminare le normative pertinenti nella propria area locale e di consultarci per conoscere le alternative di conformit\u00e0 applicabili al proprio paese\/regione.<\/p>\n<h2 data-v-md-heading=\"why-do-you-like-it\" data-v-md-line=\"41\">Perch\u00e9 ti piace?<\/h2>\n<ul data-v-md-line=\"42\">\n<li>Grande calibro: Resistente e duraturo, non \u00e8 necessario acquistare frequentemente nuovo e-liquid.<\/li>\n<li>Selezione della nicotina: Scegliete la nicotina pi\u00f9 adatta a voi in base alle condizioni di fornitura locali.<\/li>\n<li>Ricaricabile: La ricarica Type-C consente di consumare ogni goccia.<\/li>\n<li>Bobina a rete: Gusto costante.<\/li>\n<\/ul>\n<h2 data-v-md-heading=\"why-collaborate-with-agoravape\" data-v-md-line=\"47\">Perch\u00e9 collaborare con AgoraVape?<\/h2>\n<p data-v-md-line=\"48\">Vendiamo solo prodotti originali da fonti affidabili. Per i clienti commerciali, questo significa che LAVIE CAMEO 30k calibro dual mesh coil vapes usa e getta (versione UE) offre prezzi scontati all'ingrosso, supporto tecnico di risposta rapida e servizi di consegna UE veloci e affidabili. Se volete acquistare un dispositivo che i clienti possono continuamente riacquistare, contattateci.<\/p>\n<p><script src=\"chrome-extension:\/\/fpelahbljekknahkcaegamhcndkfpfnc\/iFrame.js\" type=\"text\/javascript\"><\/script><\/p>\n<p><script src=\"chrome-extension:\/\/fpelahbljekknahkcaegamhcndkfpfnc\/iFrame.js\" type=\"text\/javascript\"><\/script><\/p>","protected":false},"excerpt":{"rendered":"<p>&nbsp;<\/p>\n<p><script src=\"chrome-extension:\/\/fpelahbljekknahkcaegamhcndkfpfnc\/iFrame.js\" type=\"text\/javascript\"><\/script><\/p>\n<p><script src=\"chrome-extension:\/\/fpelahbljekknahkcaegamhcndkfpfnc\/iFrame.js\" type=\"text\/javascript\"><\/script><\/p>\n<p><script src=\"chrome-extension:\/\/fpelahbljekknahkcaegamhcndkfpfnc\/iFrame.js\" type=\"text\/javascript\"><\/script><\/p>\n<p><script src=\"chrome-extension:\/\/fpelahbljekknahkcaegamhcndkfpfnc\/iFrame.js\" type=\"text\/javascript\"><\/script><\/p>\n<p><script src=\"chrome-extension:\/\/fpelahbljekknahkcaegamhcndkfpfnc\/iFrame.js\" type=\"text\/javascript\"><\/script><\/p>\n<p><script src=\"chrome-extension:\/\/fpelahbljekknahkcaegamhcndkfpfnc\/iFrame.js\" type=\"text\/javascript\"><\/script><\/p>\n<p><script src=\"chrome-extension:\/\/fpelahbljekknahkcaegamhcndkfpfnc\/iFrame.js\" type=\"text\/javascript\"><\/script><\/p>\n<p><script src=\"chrome-extension:\/\/fpelahbljekknahkcaegamhcndkfpfnc\/iFrame.js\" type=\"text\/javascript\"><\/script><\/p>\n<p><script src=\"chrome-extension:\/\/fpelahbljekknahkcaegamhcndkfpfnc\/iFrame.js\" type=\"text\/javascript\"><\/script><\/p>\n<p><script src=\"chrome-extension:\/\/fpelahbljekknahkcaegamhcndkfpfnc\/iFrame.js\" type=\"text\/javascript\"><\/script><\/p>\n<p><script src=\"chrome-extension:\/\/fpelahbljekknahkcaegamhcndkfpfnc\/iFrame.js\" type=\"text\/javascript\"><\/script><\/p>\n<p><script src=\"chrome-extension:\/\/fpelahbljekknahkcaegamhcndkfpfnc\/iFrame.js\" type=\"text\/javascript\"><\/script><\/p>\n<p><script src=\"chrome-extension:\/\/fpelahbljekknahkcaegamhcndkfpfnc\/iFrame.js\" type=\"text\/javascript\"><\/script><\/p>\n<p><script src=\"chrome-extension:\/\/fpelahbljekknahkcaegamhcndkfpfnc\/iFrame.js\" type=\"text\/javascript\"><\/script><\/p>\n<p><script src=\"chrome-extension:\/\/fpelahbljekknahkcaegamhcndkfpfnc\/iFrame.js\" type=\"text\/javascript\"><\/script><\/p>\n<p><script src=\"chrome-extension:\/\/fpelahbljekknahkcaegamhcndkfpfnc\/iFrame.js\" type=\"text\/javascript\"><\/script><\/p>\n<p><script src=\"chrome-extension:\/\/fpelahbljekknahkcaegamhcndkfpfnc\/iFrame.js\" type=\"text\/javascript\"><\/script><\/p>","protected":false},"featured_media":17907,"comment_status":"open","ping_status":"closed","template":"","meta":[],"product_brand":[238],"product_cat":[124,185,176,174,175,165,193,191,173,186,180,190,192],"product_tag":[],"class_list":{"0":"post-17880","1":"product","2":"type-product","3":"status-publish","4":"has-post-thumbnail","6":"product_brand-lavie","7":"product_cat-vape-by-brand","8":"product_cat-10000-puffs-high-capacity","9":"product_cat-beverage","10":"product_cat-fruit-flavors","11":"product_cat-icy-mint","12":"product_cat-lavie","13":"product_cat-mesh-coil","14":"product_cat-rechargeable-disposables","15":"product_cat-vape-by-flavor-profile","16":"product_cat-vape-by-nicotine-strength","17":"product_cat-vape-by-puff-count","18":"product_cat-vape-by-feature-or-type","19":"product_cat-vapes-with-screens","21":"first","22":"instock","23":"shipping-taxable","24":"purchasable","25":"product-type-variable","26":"has-default-attributes"},"tiered_pricing_type":"percentage","tiered_pricing_fixed_rules":[],"tiered_pricing_product_settings":{"layout":"default","base_unit_name":{"singular":null,"plural":null},"default_variation":null},"tiered_pricing_minimum_quantity":10,"tiered_pricing_roles_data":[],"tiered_pricing_percentage_rules":{"30":"29","50":"35","100":"40","200":"44","500":"47","1000":"49"},"tiered_pricing_maximum_quantity":null,"tiered_pricing_quantity_step":"10","_links":{"self":[{"href":"https:\/\/agoravape.com\/it\/wp-json\/wp\/v2\/product\/17880","targetHints":{"allow":["GET"]}}],"collection":[{"href":"https:\/\/agoravape.com\/it\/wp-json\/wp\/v2\/product"}],"about":[{"href":"https:\/\/agoravape.com\/it\/wp-json\/wp\/v2\/types\/product"}],"replies":[{"embeddable":true,"href":"https:\/\/agoravape.com\/it\/wp-json\/wp\/v2\/comments?post=17880"}],"version-history":[{"count":0,"href":"https:\/\/agoravape.com\/it\/wp-json\/wp\/v2\/product\/17880\/revisions"}],"wp:featuredmedia":[{"embeddable":true,"href":"https:\/\/agoravape.com\/it\/wp-json\/wp\/v2\/media\/17907"}],"wp:attachment":[{"href":"https:\/\/agoravape.com\/it\/wp-json\/wp\/v2\/media?parent=17880"}],"wp:term":[{"taxonomy":"product_brand","embeddable":true,"href":"https:\/\/agoravape.com\/it\/wp-json\/wp\/v2\/product_brand?post=17880"},{"taxonomy":"product_cat","embeddable":true,"href":"https:\/\/agoravape.com\/it\/wp-json\/wp\/v2\/product_cat?post=17880"},{"taxonomy":"product_tag","embeddable":true,"href":"https:\/\/agoravape.com\/it\/wp-json\/wp\/v2\/product_tag?post=17880"}],"curies":[{"name":"wp","href":"https:\/\/api.w.org\/{rel}","templated":true}]}}