{"id":17927,"date":"2025-10-20T11:18:51","date_gmt":"2025-10-20T03:18:51","guid":{"rendered":"https:\/\/green-grasshopper-921422.hostingersite.com\/?post_type=product&#038;p=17927"},"modified":"2025-12-15T21:30:09","modified_gmt":"2025-12-15T13:30:09","slug":"cubo-lavie-10000-soffi","status":"publish","type":"product","link":"https:\/\/agoravape.com\/it\/product\/lavie-cube-10000-puffs\/","title":{"rendered":"LAVIE Cube 10000 tiri sigaretta elettronica usa e getta | Batteria da 1600 mAh | Gusto duraturo, reso semplice"},"content":{"rendered":"<h2 data-v-md-heading=\"lavie-cube-10000-disposable-vape-1600mah-battery-what-are-the-highlights\" data-v-md-line=\"3\">Sigaretta elettronica usa e getta LAVIE Cube 10000 | Batteria da 1600 mAh, quali sono le caratteristiche principali?<\/h2>\n<p data-v-md-line=\"4\">Se sei stanco delle sigarette elettroniche usa e getta che si scaricano in pochi giorni, potresti dare un'occhiata a questo prodotto. Il LAVIE Cube \u00e8 dotato di un vano portaoggetti da 16 millilitri e di una batteria ricaricabile da 1600 mAh, che pu\u00f2 supportare fino a 10.000 erogazioni. \u00c8 progettato per gli utenti che cercano sigarette elettroniche affidabili, deliziose e durevoli.<\/p>\n<p data-v-md-line=\"6\">Si potrebbe pensare che una capacit\u00e0 cos\u00ec elevata possa renderla ingombrante, ma il Cube \u00e8 sorprendentemente portatile. Ha un corpo compatto che misura 112 \u00d7 40 \u00d7 17,5 millimetri, molto comodo da tenere in mano e pesa solo 74 grammi.<\/p>\n<h2 data-v-md-heading=\"excellent-performance-without-any-complex-operations\" data-v-md-line=\"8\">Prestazioni eccellenti senza operazioni complesse<\/h2>\n<p data-v-md-line=\"9\">La bobina a doppia maglia si \u00e8 fatta carico di questo compito. Si riscalda in modo uniforme e ogni boccone \u00e8 pulito e croccante come il primo boccone. Dopo una settimana di utilizzo, non si verificheranno pi\u00f9 fenomeni di bruciatura. Quando la batteria \u00e8 scarica, \u00e8 sufficiente utilizzare un cavo Type-C per ricaricarla. Pu\u00f2 utilizzare lo stesso cavo dati del telefono, quindi non \u00e8 necessario preoccuparsi di trovare un cavo dati dedicato.<\/p>\n<h2 data-v-md-heading=\"specification-introduction\" data-v-md-line=\"11\">Introduzione alle specifiche<\/h2>\n<p data-v-md-line=\"12\"><strong>Suction frequency<\/strong>: fino a 10000 volte<br \/>\n<strong>Nicotine content<\/strong>: Standard 2% o OEM personalizzato 5%<br \/>\n<strong>Utilizzo<\/strong>: Inspirare per attivare<br \/>\n<strong>Ricarica<\/strong>: Interfaccia USB standard di tipo C<br \/>\n<strong>Stato<\/strong>: Pronto all'uso dopo averlo disimballato<\/p>\n<h2 data-v-md-heading=\"full-range-of-flavors\" data-v-md-line=\"18\">Full range of flavors<\/h2>\n<ul data-v-md-line=\"19\">\n<li>Ghiaccio all'uva<\/li>\n<li>Ghiaccio all'anguria<\/li>\n<li>Mirtilli, lamponi, uva, gelato<\/li>\n<li>Gelato alla fragola e kiwi<\/li>\n<li>Ghiacciolo alla fragola e all'anguria<\/li>\n<li>Ghiaccio di more<\/li>\n<li>Mora, melograno, ghiaccio alla ciliegia<\/li>\n<li>Ghiaccio alla fragola e litchi<\/li>\n<li>Mint<\/li>\n<li>Doppie mele<\/li>\n<li>Gomma da masticare al mirtillo e lampone<\/li>\n<li>Ghiaccio di mela e uva<\/li>\n<li>Ghiaccio all'uva e alla pesca<\/li>\n<li>Mostro del mango<\/li>\n<li>Ghiaccio all'uva e aloe vera<\/li>\n<\/ul>\n<p><img loading=\"lazy\" decoding=\"async\" class=\"aligncenter size-full wp-image-17977\" src=\"https:\/\/agoravape.com\/wp-content\/uploads\/2025\/10\/LAVIE-Cube-10000-port-disposable-vape_Agora_vape-19-scaled.webp\" alt=\"\" width=\"2560\" height=\"1811\" srcset=\"https:\/\/agoravape.com\/wp-content\/uploads\/2025\/10\/LAVIE-Cube-10000-port-disposable-vape_Agora_vape-19-scaled.webp 2560w, https:\/\/agoravape.com\/wp-content\/uploads\/2025\/10\/LAVIE-Cube-10000-port-disposable-vape_Agora_vape-19-scaled-1200x849.webp 1200w, https:\/\/agoravape.com\/wp-content\/uploads\/2025\/10\/LAVIE-Cube-10000-port-disposable-vape_Agora_vape-19-300x212.webp 300w, https:\/\/agoravape.com\/wp-content\/uploads\/2025\/10\/LAVIE-Cube-10000-port-disposable-vape_Agora_vape-19-1024x724.webp 1024w, https:\/\/agoravape.com\/wp-content\/uploads\/2025\/10\/LAVIE-Cube-10000-port-disposable-vape_Agora_vape-19-768x543.webp 768w, https:\/\/agoravape.com\/wp-content\/uploads\/2025\/10\/LAVIE-Cube-10000-port-disposable-vape_Agora_vape-19-1536x1086.webp 1536w, https:\/\/agoravape.com\/wp-content\/uploads\/2025\/10\/LAVIE-Cube-10000-port-disposable-vape_Agora_vape-19-2048x1448.webp 2048w\" sizes=\"auto, (max-width: 2560px) 100vw, 2560px\" \/><\/p>\n<h2 data-v-md-heading=\"for-you-and-your-business\" data-v-md-line=\"35\">For you and your business<\/h2>\n<p data-v-md-line=\"36\">Acquistalo per te, in modo semplice e pratico. Scegli il tuo aroma preferito e la concentrazione di nicotina, quindi ricaricalo tramite la porta Type-C quando necessario. Se sei un imprenditore, possiamo soddisfare anche le tue esigenze. LAVIE Cube \u00e8 disponibile in confezioni all'ingrosso da 200 pezzi per scatola, cos\u00ec puoi facilmente rifornirti e soddisfare le esigenze dei tuoi clienti.<\/p>\n<p data-v-md-line=\"38\">Spediamo con spedizione DDP tramite partner affidabili come UPS, DPD e DHL per garantire che le vostre merci possano essere vendute dopo lo sdoganamento. Non ci sono spese impreviste all'ingresso.<\/p>\n<h2 data-v-md-heading=\"why-do-you-like-it\" data-v-md-line=\"40\">Perch\u00e9 ti piace?<\/h2>\n<p data-v-md-line=\"41\"><strong>Aspirazione massiccia<\/strong>: fino a 10.000 tiri, il che significa meno acquisti ripetuti e pi\u00f9 tempo per goderti il \u200b\u200btuo gusto.<br \/>\n<strong>Selezione della nicotina<\/strong>: Scegli una concentrazione di nicotina del 2% per un gusto pi\u00f9 delicato; oppure, per i mercati idonei, scegli una concentrazione di nicotina OEM del 5%.<br \/>\n<strong>Ricaricabile<\/strong>: La ricarica di tipo C consente di utilizzare tutti i 16 millilitri di e-liquid senza sprecarli.<br \/>\n<strong>Bobina a maglie<\/strong>: Le bobine a doppia maglia garantiscono un gusto costante e un'aspirazione stabile ogni volta.<\/p>\n<h2 data-v-md-heading=\"why-collaborate-with-agoravape\" data-v-md-line=\"46\">Perch\u00e9 collaborare con AgoraVape?<\/h2>\n<p data-v-md-line=\"47\">Vendiamo solo prodotti originali al 100% e non abbiamo dubbi al riguardo. Per i clienti all'ingrosso, questo significa prezzi equi, assistenza affidabile e consegne rapide e affidabili. LAVIE Cube 10000 sigarette elettroniche usa e getta | Batteria da 1600 mAh. Contattateci per fare scorta per i vostri clienti e fidelizzarli.<\/p>\n<p><script src=\"chrome-extension:\/\/fpelahbljekknahkcaegamhcndkfpfnc\/iFrame.js\" type=\"text\/javascript\"><\/script><\/p>","protected":false},"excerpt":{"rendered":"<p>&nbsp;<\/p>\n<p><script src=\"chrome-extension:\/\/fpelahbljekknahkcaegamhcndkfpfnc\/iFrame.js\" type=\"text\/javascript\"><\/script><\/p>\n<p><script src=\"chrome-extension:\/\/fpelahbljekknahkcaegamhcndkfpfnc\/iFrame.js\" type=\"text\/javascript\"><\/script><\/p>\n<p><script src=\"chrome-extension:\/\/fpelahbljekknahkcaegamhcndkfpfnc\/iFrame.js\" type=\"text\/javascript\"><\/script><\/p>\n<p><script src=\"chrome-extension:\/\/fpelahbljekknahkcaegamhcndkfpfnc\/iFrame.js\" type=\"text\/javascript\"><\/script><\/p>\n<p><script src=\"chrome-extension:\/\/fpelahbljekknahkcaegamhcndkfpfnc\/iFrame.js\" type=\"text\/javascript\"><\/script><\/p>\n<p><script src=\"chrome-extension:\/\/fpelahbljekknahkcaegamhcndkfpfnc\/iFrame.js\" type=\"text\/javascript\"><\/script><\/p>\n<p><script src=\"chrome-extension:\/\/fpelahbljekknahkcaegamhcndkfpfnc\/iFrame.js\" type=\"text\/javascript\"><\/script><\/p>\n<p><script src=\"chrome-extension:\/\/fpelahbljekknahkcaegamhcndkfpfnc\/iFrame.js\" type=\"text\/javascript\"><\/script><\/p>\n<p><script src=\"chrome-extension:\/\/fpelahbljekknahkcaegamhcndkfpfnc\/iFrame.js\" type=\"text\/javascript\"><\/script><\/p>\n<p><script src=\"chrome-extension:\/\/fpelahbljekknahkcaegamhcndkfpfnc\/iFrame.js\" type=\"text\/javascript\"><\/script><\/p>\n<p><script src=\"chrome-extension:\/\/fpelahbljekknahkcaegamhcndkfpfnc\/iFrame.js\" type=\"text\/javascript\"><\/script><\/p>\n<p><script src=\"chrome-extension:\/\/fpelahbljekknahkcaegamhcndkfpfnc\/iFrame.js\" type=\"text\/javascript\"><\/script><\/p>\n<p><script src=\"chrome-extension:\/\/fpelahbljekknahkcaegamhcndkfpfnc\/iFrame.js\" type=\"text\/javascript\"><\/script><\/p>\n<p><script src=\"chrome-extension:\/\/fpelahbljekknahkcaegamhcndkfpfnc\/iFrame.js\" type=\"text\/javascript\"><\/script><\/p>\n<p><script src=\"chrome-extension:\/\/fpelahbljekknahkcaegamhcndkfpfnc\/iFrame.js\" type=\"text\/javascript\"><\/script><\/p>\n<p><script src=\"chrome-extension:\/\/fpelahbljekknahkcaegamhcndkfpfnc\/iFrame.js\" type=\"text\/javascript\"><\/script><\/p>\n<p><script src=\"chrome-extension:\/\/fpelahbljekknahkcaegamhcndkfpfnc\/iFrame.js\" type=\"text\/javascript\"><\/script><\/p>\n<p><script src=\"chrome-extension:\/\/fpelahbljekknahkcaegamhcndkfpfnc\/iFrame.js\" type=\"text\/javascript\"><\/script><\/p>","protected":false},"featured_media":17976,"comment_status":"open","ping_status":"closed","template":"","meta":[],"product_brand":[238],"product_cat":[124,185,189,174,175,165,193,191,173,186,180,190],"product_tag":[],"class_list":{"0":"post-17927","1":"product","2":"type-product","3":"status-publish","4":"has-post-thumbnail","6":"product_brand-lavie","7":"product_cat-vape-by-brand","8":"product_cat-10000-puffs-high-capacity","9":"product_cat-20mg-standard-nicotine-vapes","10":"product_cat-fruit-flavors","11":"product_cat-icy-mint","12":"product_cat-lavie","13":"product_cat-mesh-coil","14":"product_cat-rechargeable-disposables","15":"product_cat-vape-by-flavor-profile","16":"product_cat-vape-by-nicotine-strength","17":"product_cat-vape-by-puff-count","18":"product_cat-vape-by-feature-or-type","20":"first","21":"instock","22":"shipping-taxable","23":"purchasable","24":"product-type-variable","25":"has-default-attributes"},"tiered_pricing_type":"percentage","tiered_pricing_fixed_rules":[],"tiered_pricing_product_settings":{"layout":"default","base_unit_name":{"singular":null,"plural":null},"default_variation":null},"tiered_pricing_minimum_quantity":10,"tiered_pricing_roles_data":[],"tiered_pricing_percentage_rules":{"30":"29","50":"35","100":"40","200":"44","500":"47","1000":"49"},"tiered_pricing_maximum_quantity":null,"tiered_pricing_quantity_step":"10","_links":{"self":[{"href":"https:\/\/agoravape.com\/it\/wp-json\/wp\/v2\/product\/17927","targetHints":{"allow":["GET"]}}],"collection":[{"href":"https:\/\/agoravape.com\/it\/wp-json\/wp\/v2\/product"}],"about":[{"href":"https:\/\/agoravape.com\/it\/wp-json\/wp\/v2\/types\/product"}],"replies":[{"embeddable":true,"href":"https:\/\/agoravape.com\/it\/wp-json\/wp\/v2\/comments?post=17927"}],"version-history":[{"count":0,"href":"https:\/\/agoravape.com\/it\/wp-json\/wp\/v2\/product\/17927\/revisions"}],"wp:featuredmedia":[{"embeddable":true,"href":"https:\/\/agoravape.com\/it\/wp-json\/wp\/v2\/media\/17976"}],"wp:attachment":[{"href":"https:\/\/agoravape.com\/it\/wp-json\/wp\/v2\/media?parent=17927"}],"wp:term":[{"taxonomy":"product_brand","embeddable":true,"href":"https:\/\/agoravape.com\/it\/wp-json\/wp\/v2\/product_brand?post=17927"},{"taxonomy":"product_cat","embeddable":true,"href":"https:\/\/agoravape.com\/it\/wp-json\/wp\/v2\/product_cat?post=17927"},{"taxonomy":"product_tag","embeddable":true,"href":"https:\/\/agoravape.com\/it\/wp-json\/wp\/v2\/product_tag?post=17927"}],"curies":[{"name":"wp","href":"https:\/\/api.w.org\/{rel}","templated":true}]}}