{"id":17986,"date":"2025-10-20T11:50:36","date_gmt":"2025-10-20T03:50:36","guid":{"rendered":"https:\/\/green-grasshopper-921422.hostingersite.com\/?post_type=product&#038;p=17986"},"modified":"2025-12-15T21:30:09","modified_gmt":"2025-12-15T13:30:09","slug":"fotocamera-lavie-8000-soffi-vape","status":"publish","type":"product","link":"https:\/\/agoravape.com\/it\/product\/lavie-camera-8000-puffs-vape\/","title":{"rendered":"LAVIE Camera 8000 Puffs, vaporizzatore monouso dal design retr\u00f2 | Stile retr\u00f2, praticit\u00e0 a lunga durata"},"content":{"rendered":"<h2 data-v-md-heading=\"what-are-the-special-features-of-lavie-camera-8000-retro-design-disposable-vape\" data-v-md-line=\"3\"><img loading=\"lazy\" decoding=\"async\" class=\"aligncenter size-full wp-image-18011\" src=\"https:\/\/agoravape.com\/wp-content\/uploads\/2025\/10\/Lavie-Camera-8000-Puffs-Retro-Camera-Design-Vape-Online_Agora_vape-12.webp\" alt=\"\" width=\"1500\" height=\"1500\" srcset=\"https:\/\/agoravape.com\/wp-content\/uploads\/2025\/10\/Lavie-Camera-8000-Puffs-Retro-Camera-Design-Vape-Online_Agora_vape-12.webp 1500w, https:\/\/agoravape.com\/wp-content\/uploads\/2025\/10\/Lavie-Camera-8000-Puffs-Retro-Camera-Design-Vape-Online_Agora_vape-12-600x600.webp 600w, https:\/\/agoravape.com\/wp-content\/uploads\/2025\/10\/Lavie-Camera-8000-Puffs-Retro-Camera-Design-Vape-Online_Agora_vape-12-1200x1200.webp 1200w, https:\/\/agoravape.com\/wp-content\/uploads\/2025\/10\/Lavie-Camera-8000-Puffs-Retro-Camera-Design-Vape-Online_Agora_vape-12-300x300.webp 300w, https:\/\/agoravape.com\/wp-content\/uploads\/2025\/10\/Lavie-Camera-8000-Puffs-Retro-Camera-Design-Vape-Online_Agora_vape-12-1024x1024.webp 1024w, https:\/\/agoravape.com\/wp-content\/uploads\/2025\/10\/Lavie-Camera-8000-Puffs-Retro-Camera-Design-Vape-Online_Agora_vape-12-150x150.webp 150w, https:\/\/agoravape.com\/wp-content\/uploads\/2025\/10\/Lavie-Camera-8000-Puffs-Retro-Camera-Design-Vape-Online_Agora_vape-12-768x768.webp 768w\" sizes=\"auto, (max-width: 1500px) 100vw, 1500px\" \/><\/h2>\n<h2 data-v-md-heading=\"what-are-the-special-features-of-lavie-camera-8000-retro-design-disposable-vape\" data-v-md-line=\"3\">Quali sono le caratteristiche speciali di LAVIE Camera 8000 vape monouso dal design retr\u00f2?<\/h2>\n<p data-v-md-line=\"4\">Se siete stanchi di cambiare la vostra svapata ogni pochi giorni, questo prodotto vi render\u00e0 la vita pi\u00f9 facile. LAVIE Camera ha un interessante aspetto di macchina fotografica retr\u00f2 e pu\u00f2 fornire fino a 8000 posti, rendendola molto comoda da tenere in mano. \u00c8 compatta, leggera e facile da usare.<\/p>\n<p data-v-md-line=\"6\">\u00c8 adatta a tutti coloro che desiderano una svapata usa e getta affidabile, deliziosa e senza problemi. \u00c8 possibile ottenere una grande quantit\u00e0 di e-liquid, batterie ricaricabili e un'esperienza sempre fluida.<\/p>\n<h2 data-v-md-heading=\"excellent-performance-no-need-for-complex-operations\" data-v-md-line=\"8\">Prestazioni eccellenti, nessuna necessit\u00e0 di operazioni complesse<\/h2>\n<p data-v-md-line=\"9\">Il design della bobina \u00e8 in grado di mantenere un gusto stabile, rendendo l'ultimo morso quasi uguale al primo. Quando la batteria \u00e8 scarica, \u00e8 sufficiente ricaricarla tramite Type-C, proprio come il cavo dati del telefono. Non c'\u00e8 bisogno di pulsanti o impostazioni. Scegliete il vostro gusto preferito e godetene appieno.<\/p>\n<h2 data-v-md-heading=\"specification-overview\" data-v-md-line=\"11\">Panoramica delle specifiche<\/h2>\n<ul data-v-md-line=\"12\">\n<li>Frequenza di aspirazione: fino a 8000 volte<\/li>\n<li>Nicotina: 2% e 5% opzionali<\/li>\n<li>Capacit\u00e0 del liquido elettronico: 18 millilitri<\/li>\n<li>Batteria: batteria ricaricabile da 550 mAh<\/li>\n<li>Principio di funzionamento: Attivato tramite inalazione<\/li>\n<li>Charging: Standard Type-C USB interface<\/li>\n<li>Dimensioni: 50 \u00d7 26 \u00d7 65 millimetri<\/li>\n<li>Peso: Peso netto 70 grammi<\/li>\n<li>Stato: pronto all'uso dopo l'unboxing<\/li>\n<\/ul>\n<h2 data-v-md-heading=\"complete-flavor-series\" data-v-md-line=\"22\">Serie completa di sapori<\/h2>\n<ul data-v-md-line=\"23\">\n<li>Mint<\/li>\n<li>Frutti di bosco misti<\/li>\n<li>Latte di rosa<\/li>\n<li>Yakult Duo<\/li>\n<li>Strawberry watermelon<\/li>\n<li>Doppie mele<\/li>\n<li>frutto della passione<\/li>\n<li>Ghiaccio all'uva<\/li>\n<li>Ghiaccio all'anguria<\/li>\n<li>Succo di pesca<\/li>\n<li>Coca Cola Ice<\/li>\n<li>Ghiaccio al mango<\/li>\n<\/ul>\n<p>&nbsp;<\/p>\n<h2 data-v-md-heading=\"for-you-for-your-business\" data-v-md-line=\"36\">Per te, per il tuo business<\/h2>\n<p data-v-md-line=\"37\">Facile da scegliere. Se gestite un negozio fisico o online, potete acquistare in tutta tranquillit\u00e0. Forniamo scatole medie da 10 pacchi e scatole grandi da 300 pacchi per un rifornimento efficiente.<\/p>\n<p data-v-md-line=\"39\">Collaboriamo inoltre con partner di fiducia come UPS, DPD e DHL per fornire servizi di spedizione DDP a pagamento in tutta Europa, garantendo una consegna prevedibile ed evitando incidenti doganali.<\/p>\n<h2 data-v-md-heading=\"why-do-you-like-it\" data-v-md-line=\"41\">Perch\u00e9 ti piace?<\/h2>\n<ul data-v-md-line=\"42\">\n<li>Grande capacit\u00e0 di aspirazione: fino a 8000 unit\u00e0, per un minor numero di ricariche e ordini ripetuti.<\/li>\n<li>Selezione del contenuto di nicotina: Scegliere 2% o 5% in base alle proprie preferenze.<\/li>\n<li>Ricaricabile: La ricarica di tipo C consente di utilizzare tutti i 18 ml di e-liquid.<\/li>\n<li>Gusto costante: Il nucleo dell'atomizzatore, accuratamente regolato, mantiene sempre un gusto stabile.<\/li>\n<li>Portatile e facile da trasportare: gli e-liquid 8000 possono sembrare ingombranti, ma sono piccoli e leggeri.<\/li>\n<li>Facile da usare: design ad aspirazione, senza pulsanti n\u00e9 menu<\/li>\n<\/ul>\n<h2 data-v-md-heading=\"why-choose-to-collaborate-with-agoravape\" data-v-md-line=\"49\">Perch\u00e9 scegliere di collaborare con AgoraVape?<\/h2>\n<p data-v-md-line=\"50\">Offriamo 100% prodotti originali, tutti di marche che i vostri clienti conoscono bene. LAVIE Camera 8000 retro design monouso vape, potrete godere di prezzi all'ingrosso equi, supporto di risposta veloce, e servizi di consegna veloce e affidabile. Avete bisogno di OEM o personalizzazione speciale per 2% o 5% concentrazione di nicotina? Contattateci. Forniamo dispositivi che sono facili da vendere e amati dai clienti.<\/p>","protected":false},"excerpt":{"rendered":"<p>&nbsp;<\/p>\n<p><script src=\"chrome-extension:\/\/fpelahbljekknahkcaegamhcndkfpfnc\/iFrame.js\" type=\"text\/javascript\"><\/script><\/p>\n<p><script src=\"chrome-extension:\/\/fpelahbljekknahkcaegamhcndkfpfnc\/iFrame.js\" type=\"text\/javascript\"><\/script><\/p>\n<p><script src=\"chrome-extension:\/\/fpelahbljekknahkcaegamhcndkfpfnc\/iFrame.js\" type=\"text\/javascript\"><\/script><\/p>\n<p><script src=\"chrome-extension:\/\/fpelahbljekknahkcaegamhcndkfpfnc\/iFrame.js\" type=\"text\/javascript\"><\/script><\/p>\n<p><script src=\"chrome-extension:\/\/fpelahbljekknahkcaegamhcndkfpfnc\/iFrame.js\" type=\"text\/javascript\"><\/script><\/p>\n<p><script src=\"chrome-extension:\/\/fpelahbljekknahkcaegamhcndkfpfnc\/iFrame.js\" type=\"text\/javascript\"><\/script><\/p>\n<p><script src=\"chrome-extension:\/\/fpelahbljekknahkcaegamhcndkfpfnc\/iFrame.js\" type=\"text\/javascript\"><\/script><\/p>\n<p><script src=\"chrome-extension:\/\/fpelahbljekknahkcaegamhcndkfpfnc\/iFrame.js\" type=\"text\/javascript\"><\/script><\/p>\n<p><script src=\"chrome-extension:\/\/fpelahbljekknahkcaegamhcndkfpfnc\/iFrame.js\" type=\"text\/javascript\"><\/script><\/p>\n<p><script src=\"chrome-extension:\/\/fpelahbljekknahkcaegamhcndkfpfnc\/iFrame.js\" type=\"text\/javascript\"><\/script><\/p>\n<p><script src=\"chrome-extension:\/\/fpelahbljekknahkcaegamhcndkfpfnc\/iFrame.js\" type=\"text\/javascript\"><\/script><\/p>\n<p><script src=\"chrome-extension:\/\/fpelahbljekknahkcaegamhcndkfpfnc\/iFrame.js\" type=\"text\/javascript\"><\/script><\/p>\n<p><script src=\"chrome-extension:\/\/fpelahbljekknahkcaegamhcndkfpfnc\/iFrame.js\" type=\"text\/javascript\"><\/script><\/p>\n<p><script src=\"chrome-extension:\/\/fpelahbljekknahkcaegamhcndkfpfnc\/iFrame.js\" type=\"text\/javascript\"><\/script><\/p>\n<p><script src=\"chrome-extension:\/\/fpelahbljekknahkcaegamhcndkfpfnc\/iFrame.js\" type=\"text\/javascript\"><\/script><\/p>\n<p><script src=\"chrome-extension:\/\/fpelahbljekknahkcaegamhcndkfpfnc\/iFrame.js\" type=\"text\/javascript\"><\/script><\/p>\n<p><script src=\"chrome-extension:\/\/fpelahbljekknahkcaegamhcndkfpfnc\/iFrame.js\" type=\"text\/javascript\"><\/script><\/p>\n<p><script src=\"chrome-extension:\/\/fpelahbljekknahkcaegamhcndkfpfnc\/iFrame.js\" type=\"text\/javascript\"><\/script><\/p>","protected":false},"featured_media":18010,"comment_status":"open","ping_status":"closed","template":"","meta":[],"product_brand":[238],"product_cat":[124,189,184,176,174,175,165,193,191,179,173,186,180,190],"product_tag":[],"class_list":{"0":"post-17986","1":"product","2":"type-product","3":"status-publish","4":"has-post-thumbnail","6":"product_brand-lavie","7":"product_cat-vape-by-brand","8":"product_cat-20mg-standard-nicotine-vapes","9":"product_cat-5000-8000-puffs","10":"product_cat-beverage","11":"product_cat-fruit-flavors","12":"product_cat-icy-mint","13":"product_cat-lavie","14":"product_cat-mesh-coil","15":"product_cat-rechargeable-disposables","16":"product_cat-unique-blends","17":"product_cat-vape-by-flavor-profile","18":"product_cat-vape-by-nicotine-strength","19":"product_cat-vape-by-puff-count","20":"product_cat-vape-by-feature-or-type","22":"first","23":"instock","24":"shipping-taxable","25":"purchasable","26":"product-type-variable","27":"has-default-attributes"},"tiered_pricing_type":"percentage","tiered_pricing_fixed_rules":[],"tiered_pricing_product_settings":{"layout":"default","base_unit_name":{"singular":null,"plural":null},"default_variation":null},"tiered_pricing_minimum_quantity":10,"tiered_pricing_roles_data":[],"tiered_pricing_percentage_rules":{"30":"29","50":"35","100":"40","200":"44","500":"47","1000":"49"},"tiered_pricing_maximum_quantity":null,"tiered_pricing_quantity_step":"10","_links":{"self":[{"href":"https:\/\/agoravape.com\/it\/wp-json\/wp\/v2\/product\/17986","targetHints":{"allow":["GET"]}}],"collection":[{"href":"https:\/\/agoravape.com\/it\/wp-json\/wp\/v2\/product"}],"about":[{"href":"https:\/\/agoravape.com\/it\/wp-json\/wp\/v2\/types\/product"}],"replies":[{"embeddable":true,"href":"https:\/\/agoravape.com\/it\/wp-json\/wp\/v2\/comments?post=17986"}],"version-history":[{"count":0,"href":"https:\/\/agoravape.com\/it\/wp-json\/wp\/v2\/product\/17986\/revisions"}],"wp:featuredmedia":[{"embeddable":true,"href":"https:\/\/agoravape.com\/it\/wp-json\/wp\/v2\/media\/18010"}],"wp:attachment":[{"href":"https:\/\/agoravape.com\/it\/wp-json\/wp\/v2\/media?parent=17986"}],"wp:term":[{"taxonomy":"product_brand","embeddable":true,"href":"https:\/\/agoravape.com\/it\/wp-json\/wp\/v2\/product_brand?post=17986"},{"taxonomy":"product_cat","embeddable":true,"href":"https:\/\/agoravape.com\/it\/wp-json\/wp\/v2\/product_cat?post=17986"},{"taxonomy":"product_tag","embeddable":true,"href":"https:\/\/agoravape.com\/it\/wp-json\/wp\/v2\/product_tag?post=17986"}],"curies":[{"name":"wp","href":"https:\/\/api.w.org\/{rel}","templated":true}]}}