{"id":18112,"date":"2025-10-20T13:25:17","date_gmt":"2025-10-20T05:25:17","guid":{"rendered":"https:\/\/green-grasshopper-921422.hostingersite.com\/?post_type=product&#038;p=18112"},"modified":"2026-01-12T13:58:07","modified_gmt":"2026-01-12T05:58:07","slug":"pluscig-morex-hnb","status":"publish","type":"product","link":"https:\/\/agoravape.com\/it\/product\/pluscig-morex-hnb\/","title":{"rendered":"Dispositivo Pluscig MoreX Heat Not Burn | 3 livelli di temperatura | Controllo costante del calore, senza problemi"},"content":{"rendered":"<h2 data-v-md-heading=\"pluscig-morex-heating-non-combustion-equipment-what-are-the-characteristics-of-3-speed-temperature\" data-v-md-line=\"3\"><img loading=\"lazy\" decoding=\"async\" class=\"size-full wp-image-18111 alignright\" src=\"https:\/\/agoravape.com\/wp-content\/uploads\/2025\/10\/Pluscig-MoreX-Heat-Not-Burn-Device-3-Temp-Levels_Agora_vape-5.webp\" alt=\"\" width=\"800\" height=\"999\" srcset=\"https:\/\/agoravape.com\/wp-content\/uploads\/2025\/10\/Pluscig-MoreX-Heat-Not-Burn-Device-3-Temp-Levels_Agora_vape-5.webp 800w, https:\/\/agoravape.com\/wp-content\/uploads\/2025\/10\/Pluscig-MoreX-Heat-Not-Burn-Device-3-Temp-Levels_Agora_vape-5-240x300.webp 240w, https:\/\/agoravape.com\/wp-content\/uploads\/2025\/10\/Pluscig-MoreX-Heat-Not-Burn-Device-3-Temp-Levels_Agora_vape-5-768x959.webp 768w\" sizes=\"auto, (max-width: 800px) 100vw, 800px\" \/><\/h2>\n<h2 data-v-md-heading=\"pluscig-morex-heating-non-combustion-equipment-what-are-the-characteristics-of-3-speed-temperature\" data-v-md-line=\"3\">Pluscig MoreX riscaldamento non combustione | Quali sono le caratteristiche della temperatura a 3 velocit\u00e0?<\/h2>\n<p data-v-md-line=\"4\">Se si vuole godere di un'esperienza di riscaldamento pulita e non bruciante, questo prodotto \u00e8 la scelta ideale. Pluscig MoreX offre tre impostazioni di temperatura, che consentono di regolare la temperatura in base alle proprie preferenze. \u00c8 progettata specificamente per l'uso quotidiano, dotata di una batteria di grande capacit\u00e0 in grado di soddisfare le vostre esigenze elettriche per l'intera giornata.<\/p>\n<p data-v-md-line=\"6\">Si potrebbe pensare che un dispositivo cos\u00ec potente possa apparire ingombrante, ma pu\u00f2 entrare facilmente in tasca. Il corpo in alluminio aeronautico ha una sensazione di solidit\u00e0 e misura solo 106 \u00d7 30 \u00d7 22 millimetri, rendendolo leggero e portatile. Pesa solo 88,5 grammi e non ingombra la giacca.<\/p>\n<h2 data-v-md-heading=\"excellent-performance-easy-and-convenient\" data-v-md-line=\"8\">Prestazioni eccellenti, facile e conveniente<\/h2>\n<p data-v-md-line=\"9\">Impostare la temperatura a 280\u00b0C, 320\u00b0C o 360\u00b0C per iniziare l'esperienza e godere di una sensazione di aspirazione naturale. Utilizzare l'impostazione predefinita per 240 secondi ogni volta per garantire la stabilit\u00e0 di ogni barretta di tabacco. La funzione di pulizia automatica aiuta a mantenere le prestazioni per lungo tempo, dandovi pi\u00f9 tempo per divertirvi e riducendo il tempo speso ad armeggiare. Quando la batteria \u00e8 scarica, \u00e8 possibile utilizzare il cavo dati Type-C comunemente usato sul telefono per caricarla. Facile da usare.<\/p>\n<h2 data-v-md-heading=\"specification-introduction\" data-v-md-line=\"11\">Introduzione alle specifiche<\/h2>\n<ul data-v-md-line=\"12\">\n<li>Frequenza di aspirazione: A seconda dell'utilizzo. Dopo ogni ricarica completa, \u00e8 possibile fumare circa 45-50 stecche di sigarette.<\/li>\n<li>Contenuto di nicotina: dipende dalla barretta di tabacco Terea scelta.<\/li>\n<li>Principio di funzionamento: avviare la modalit\u00e0 di riscaldamento e poi aspirare normalmente.<\/li>\n<li>Ricarica: Interfaccia USB standard Type-C. Il tempo di ricarica tipico \u00e8 di 120-180 minuti.<\/li>\n<li>Stato: Pronto per l'uso dalla scatola. Basta aggiungere un'asta di tabacco Terea.<\/li>\n<li>Temperatura: 280\u00b0C\/320\u00b0C\/360\u00b0C<\/li>\n<li>Durata di ogni utilizzo: l'impostazione predefinita \u00e8 240 secondi.<\/li>\n<li>Materiale: PEEK+alluminio aeronautico.<\/li>\n<li>Dimensioni e peso: 106 \u00d7 30 \u00d7 22 millimetri. 88,5 grammi<\/li>\n<li>Compatibilit\u00e0: Pu\u00f2 essere utilizzato in combinazione con i bastoncini da fumo Terea.<\/li>\n<\/ul>\n<h2 data-v-md-heading=\"for-you-and-for-your-business-as-well\" data-v-md-line=\"23\">Per te e anche per la tua attivit\u00e0<\/h2>\n<p data-v-md-line=\"24\">\u00c8 possibile scegliere Pluscig MoreX per uso personale o aggiungerlo al proprio negozio. Scatole di cartone all'ingrosso da 50 per scatola, con un peso lordo di circa 8,5 kg. Questo \u00e8 comodo per lo stoccaggio e facile da contare sugli scaffali.<\/p>\n<p data-v-md-line=\"26\">Collaboriamo con partner di fiducia come UPS, DPD e DHL per spedire le vostre merci in tutta Europa su base Delivered Duty Paid (DDP), garantendo uno sdoganamento senza problemi e senza incidenti imprevisti. Se avete bisogno di indicazioni sui tempi di consegna o sull'etichettatura per uno specifico Paese\/regione, il nostro team sar\u00e0 lieto di assistervi.<\/p>\n<h2 data-v-md-heading=\"why-do-you-like-it\" data-v-md-line=\"28\">Perch\u00e9 ti piace?<\/h2>\n<ul data-v-md-line=\"29\">\n<li>Durevole e di lunga durata: La batteria da 3500 mAh pu\u00f2 supportare circa 45-50 sigarette per ogni carica.<\/li>\n<li>Tre livelli di potenza di fuoco: regolazione dell'aspirazione in base ai propri gusti, senza bisogno di tirare a indovinare<\/li>\n<li>Comoda ricarica: Ricarica tramite l'interfaccia Type-C per un utilizzo continuo<\/li>\n<li>Pulizia automatica: mantiene stabile il funzionamento della camera di riscaldamento<\/li>\n<li>Portatile e facile da trasportare: struttura compatta, facile da trasportare.<\/li>\n<li>Compatibile con Terea: Comodo approvvigionamento di aste per tabacco, che fornisce opzioni comuni<\/li>\n<\/ul>\n<h2 data-v-md-heading=\"why-collaborate-with-agoravape\" data-v-md-line=\"36\">Perch\u00e9 collaborare con AgoraVape?<\/h2>\n<p data-v-md-line=\"37\">Vendiamo solo prodotti originali 100% e non abbiamo dubbi in merito. Pluscig MoreX riscaldamento non combustibile attrezzature ha tre livelli di potenza di fuoco, consentendo di godere di prezzi all'ingrosso altamente competitivi, risposta rapida supporto tecnico, e veloce DDP servizi di consegna. Se desiderate un dispositivo che i clienti utilizzeranno a lungo, contattateci e lo configureremo rapidamente per voi, fornendo un metodo di pagamento sicuro e una fattura chiara.<\/p>","protected":false},"excerpt":{"rendered":"<p>&nbsp;<\/p>\n<p><script src=\"chrome-extension:\/\/fpelahbljekknahkcaegamhcndkfpfnc\/iFrame.js\" type=\"text\/javascript\"><\/script><\/p>\n<p><script src=\"chrome-extension:\/\/fpelahbljekknahkcaegamhcndkfpfnc\/iFrame.js\" type=\"text\/javascript\"><\/script><\/p>\n<p><script src=\"chrome-extension:\/\/fpelahbljekknahkcaegamhcndkfpfnc\/iFrame.js\" type=\"text\/javascript\"><\/script><\/p>\n<p><script src=\"chrome-extension:\/\/fpelahbljekknahkcaegamhcndkfpfnc\/iFrame.js\" type=\"text\/javascript\"><\/script><\/p>\n<p><script src=\"chrome-extension:\/\/fpelahbljekknahkcaegamhcndkfpfnc\/iFrame.js\" type=\"text\/javascript\"><\/script><\/p>\n<p><script src=\"chrome-extension:\/\/fpelahbljekknahkcaegamhcndkfpfnc\/iFrame.js\" type=\"text\/javascript\"><\/script><\/p>\n<p><script src=\"chrome-extension:\/\/fpelahbljekknahkcaegamhcndkfpfnc\/iFrame.js\" type=\"text\/javascript\"><\/script><\/p>\n<p><script src=\"chrome-extension:\/\/fpelahbljekknahkcaegamhcndkfpfnc\/iFrame.js\" type=\"text\/javascript\"><\/script><\/p>\n<p><script src=\"chrome-extension:\/\/fpelahbljekknahkcaegamhcndkfpfnc\/iFrame.js\" type=\"text\/javascript\"><\/script><\/p>\n<p><script src=\"chrome-extension:\/\/fpelahbljekknahkcaegamhcndkfpfnc\/iFrame.js\" type=\"text\/javascript\"><\/script><\/p>\n<p><script src=\"chrome-extension:\/\/fpelahbljekknahkcaegamhcndkfpfnc\/iFrame.js\" type=\"text\/javascript\"><\/script><\/p>\n<p><script src=\"chrome-extension:\/\/fpelahbljekknahkcaegamhcndkfpfnc\/iFrame.js\" type=\"text\/javascript\"><\/script><\/p>\n<p><script src=\"chrome-extension:\/\/fpelahbljekknahkcaegamhcndkfpfnc\/iFrame.js\" type=\"text\/javascript\"><\/script><\/p>\n<p><script src=\"chrome-extension:\/\/fpelahbljekknahkcaegamhcndkfpfnc\/iFrame.js\" type=\"text\/javascript\"><\/script><\/p>\n<p><script src=\"chrome-extension:\/\/fpelahbljekknahkcaegamhcndkfpfnc\/iFrame.js\" type=\"text\/javascript\"><\/script><\/p>\n<p><script src=\"chrome-extension:\/\/fpelahbljekknahkcaegamhcndkfpfnc\/iFrame.js\" type=\"text\/javascript\"><\/script><\/p>\n<p><script src=\"chrome-extension:\/\/fpelahbljekknahkcaegamhcndkfpfnc\/iFrame.js\" type=\"text\/javascript\"><\/script><\/p>\n<p><script src=\"chrome-extension:\/\/fpelahbljekknahkcaegamhcndkfpfnc\/iFrame.js\" type=\"text\/javascript\"><\/script><\/p>","protected":false},"featured_media":18110,"comment_status":"open","ping_status":"closed","template":"","meta":[],"product_brand":[239],"product_cat":[124,165,166,191,178,173,190],"product_tag":[],"class_list":{"0":"post-18112","1":"product","2":"type-product","3":"status-publish","4":"has-post-thumbnail","6":"product_brand-pluscig","7":"product_cat-vape-by-brand","8":"product_cat-lavie","9":"product_cat-pluscig","10":"product_cat-rechargeable-disposables","11":"product_cat-tobacco","12":"product_cat-vape-by-flavor-profile","13":"product_cat-vape-by-feature-or-type","15":"first","16":"instock","17":"shipping-taxable","18":"purchasable","19":"product-type-variable","20":"has-default-attributes"},"tiered_pricing_type":"percentage","tiered_pricing_fixed_rules":[],"tiered_pricing_product_settings":{"layout":"default","base_unit_name":{"singular":null,"plural":null},"default_variation":null},"tiered_pricing_minimum_quantity":20,"tiered_pricing_roles_data":[],"tiered_pricing_percentage_rules":{"50":"35","100":"40","200":"44","500":"47","1000":"49"},"tiered_pricing_maximum_quantity":null,"tiered_pricing_quantity_step":"10","_links":{"self":[{"href":"https:\/\/agoravape.com\/it\/wp-json\/wp\/v2\/product\/18112","targetHints":{"allow":["GET"]}}],"collection":[{"href":"https:\/\/agoravape.com\/it\/wp-json\/wp\/v2\/product"}],"about":[{"href":"https:\/\/agoravape.com\/it\/wp-json\/wp\/v2\/types\/product"}],"replies":[{"embeddable":true,"href":"https:\/\/agoravape.com\/it\/wp-json\/wp\/v2\/comments?post=18112"}],"version-history":[{"count":0,"href":"https:\/\/agoravape.com\/it\/wp-json\/wp\/v2\/product\/18112\/revisions"}],"wp:featuredmedia":[{"embeddable":true,"href":"https:\/\/agoravape.com\/it\/wp-json\/wp\/v2\/media\/18110"}],"wp:attachment":[{"href":"https:\/\/agoravape.com\/it\/wp-json\/wp\/v2\/media?parent=18112"}],"wp:term":[{"taxonomy":"product_brand","embeddable":true,"href":"https:\/\/agoravape.com\/it\/wp-json\/wp\/v2\/product_brand?post=18112"},{"taxonomy":"product_cat","embeddable":true,"href":"https:\/\/agoravape.com\/it\/wp-json\/wp\/v2\/product_cat?post=18112"},{"taxonomy":"product_tag","embeddable":true,"href":"https:\/\/agoravape.com\/it\/wp-json\/wp\/v2\/product_tag?post=18112"}],"curies":[{"name":"wp","href":"https:\/\/api.w.org\/{rel}","templated":true}]}}