{"id":18156,"date":"2025-10-20T13:42:41","date_gmt":"2025-10-20T05:42:41","guid":{"rendered":"https:\/\/green-grasshopper-921422.hostingersite.com\/?post_type=product&#038;p=18156"},"modified":"2026-03-31T04:20:33","modified_gmt":"2026-03-31T02:20:33","slug":"pluscig-p7-hnb-tabacco-riscaldante","status":"publish","type":"product","link":"https:\/\/agoravape.com\/it\/product\/pluscig-p7-hnb-tobacco-heating\/","title":{"rendered":"Sistema di riscaldamento del tabacco Pluscig P7 HNB | Potenza di lunga durata con calore regolabile"},"content":{"rendered":"<h2 data-v-md-heading=\"pluscig-p7-non-combustible-tobacco-heating-system-3350mah-battery-what-are-the-highlights\" data-v-md-line=\"3\"><img loading=\"lazy\" decoding=\"async\" class=\"size-full wp-image-18166 alignright\" src=\"https:\/\/agoravape.com\/wp-content\/uploads\/2025\/10\/Pluscig-P7-HNB-Tobacco-Heating-System-3350mAh_Agora_vape-8.webp\" alt=\"\" width=\"800\" height=\"799\" srcset=\"https:\/\/agoravape.com\/wp-content\/uploads\/2025\/10\/Pluscig-P7-HNB-Tobacco-Heating-System-3350mAh_Agora_vape-8.webp 800w, https:\/\/agoravape.com\/wp-content\/uploads\/2025\/10\/Pluscig-P7-HNB-Tobacco-Heating-System-3350mAh_Agora_vape-8-600x600.webp 600w, https:\/\/agoravape.com\/wp-content\/uploads\/2025\/10\/Pluscig-P7-HNB-Tobacco-Heating-System-3350mAh_Agora_vape-8-300x300.webp 300w, https:\/\/agoravape.com\/wp-content\/uploads\/2025\/10\/Pluscig-P7-HNB-Tobacco-Heating-System-3350mAh_Agora_vape-8-150x150.webp 150w, https:\/\/agoravape.com\/wp-content\/uploads\/2025\/10\/Pluscig-P7-HNB-Tobacco-Heating-System-3350mAh_Agora_vape-8-768x767.webp 768w\" sizes=\"auto, (max-width: 800px) 100vw, 800px\" \/><\/h2>\n<h2 data-v-md-heading=\"pluscig-p7-non-combustible-tobacco-heating-system-3350mah-battery-what-are-the-highlights\" data-v-md-line=\"3\">Pluscig P7, sistema di riscaldamento per tabacco non combustibile e batteria da 3350 mAh, quali sono i punti salienti?<\/h2>\n<p data-v-md-line=\"4\">Se siete stanchi di ricaricare a mezzogiorno e di armeggiare con impostazioni inutili, Pluscig P7 sar\u00e0 la vostra scelta ideale. Si tratta di un dispositivo di riscaldamento non combustibile in grado di riscaldare uniformemente le sigarette, consentendo di godere facilmente di un'esperienza di fumo fluida e stabile.<\/p>\n<p data-v-md-line=\"6\">\u00c8 dotato di una batteria da 3350 mAh, che pu\u00f2 contenere 40-50 sigarette per carica, e pu\u00f2 regolare il calore e la durata di utilizzo in base alle proprie preferenze. Si potrebbe pensare che un dispositivo dotato di una batteria di cos\u00ec grande capacit\u00e0 sia ingombrante, ma il P7 \u00e8 compatto e leggero e pu\u00f2 essere facilmente inserito nella tasca di una giacca. \u00c8 realizzato in robusto materiale PEEK+ABS ed \u00e8 disponibile in tre colori: nero, bianco e rosso.<\/p>\n<h2 data-v-md-heading=\"excellent-performance-easy-and-convenient\" data-v-md-line=\"8\">Prestazioni eccellenti, facile e conveniente<\/h2>\n<p data-v-md-line=\"9\">Il P7 non richiede una bobina di accensione, ma riscalda delicatamente il tabacco attraverso un preciso controllo della temperatura. \u00c8 possibile scegliere una temperatura compresa tra 250 e 350 \u00b0C, impostare il tempo di preriscaldamento (5-20 secondi) e poi godersi un'esperienza fino a 180-300 secondi. La funzione di pulizia automatica pu\u00f2 prevenire efficacemente i residui e garantire che il gusto di ogni e-liquid sia costante. Per la ricarica, \u00e8 sufficiente collegare la spina alla fonte di alimentazione e la ricarica completa avviene in circa 2-3 ore. Facile da usare.<\/p>\n<h2 data-v-md-heading=\"specification-overview\" data-v-md-line=\"11\">Panoramica delle specifiche<\/h2>\n<ul data-v-md-line=\"12\">\n<li>Numero di soffi: varia a seconda dell'e-liquid; ogni carica pu\u00f2 contenere 40-50 e-liquid<\/li>\n<li>Contenuto di nicotina: dipende dall'e-liquid compatibile che si sceglie<\/li>\n<li>Principio di funzionamento: inspirare dopo aver premuto il pulsante di preriscaldamento.<\/li>\n<li>Ricarica: Ricarica USB; occorrono circa 2-3 ore per una ricarica completa.<\/li>\n<li>Stato: pronto all'uso appena estratto dalla confezione<\/li>\n<\/ul>\n<h2 data-v-md-heading=\"for-you-for-your-business\" data-v-md-line=\"18\">Per te, per il tuo business<\/h2>\n<p data-v-md-line=\"19\">\u00c8 possibile acquistare Pluscig P7 per uso personale o aggiungerla al proprio negozio. Forniamo forniture all'ingrosso con quantit\u00e0 flessibili e possiamo abbinare in base alle vostre esigenze di scaffale. Utilizziamo il metodo di trasporto DDP e collaboriamo con partner di fiducia come UPS, DPD e DHL per garantire che non si verifichino incidenti alla dogana.<\/p>\n<p data-v-md-line=\"21\">Se avete bisogno di un dispositivo di riscaldamento non combustibile affidabile e che i clienti non restituiscano dopo una settimana, il P7 \u00e8 la scelta ideale. \u00c8 facile da installare, da pulire e resistente.<\/p>\n<p data-v-md-line=\"21\"><img loading=\"lazy\" decoding=\"async\" class=\"size-full wp-image-18165 alignright\" src=\"https:\/\/agoravape.com\/wp-content\/uploads\/2025\/10\/Pluscig-P7-HNB-Tobacco-Heating-System-3350mAh_Agora_vape-7.webp\" alt=\"\" width=\"785\" height=\"785\" srcset=\"https:\/\/agoravape.com\/wp-content\/uploads\/2025\/10\/Pluscig-P7-HNB-Tobacco-Heating-System-3350mAh_Agora_vape-7.webp 785w, https:\/\/agoravape.com\/wp-content\/uploads\/2025\/10\/Pluscig-P7-HNB-Tobacco-Heating-System-3350mAh_Agora_vape-7-600x600.webp 600w, https:\/\/agoravape.com\/wp-content\/uploads\/2025\/10\/Pluscig-P7-HNB-Tobacco-Heating-System-3350mAh_Agora_vape-7-300x300.webp 300w, https:\/\/agoravape.com\/wp-content\/uploads\/2025\/10\/Pluscig-P7-HNB-Tobacco-Heating-System-3350mAh_Agora_vape-7-150x150.webp 150w, https:\/\/agoravape.com\/wp-content\/uploads\/2025\/10\/Pluscig-P7-HNB-Tobacco-Heating-System-3350mAh_Agora_vape-7-768x768.webp 768w\" sizes=\"auto, (max-width: 785px) 100vw, 785px\" \/><\/p>\n<h2 data-v-md-heading=\"why-do-you-like-it\" data-v-md-line=\"23\">Perch\u00e9 ti piace?<\/h2>\n<ul data-v-md-line=\"24\">\n<li>Durata della batteria ultra lunga: batteria da 3350mAh, pu\u00f2 utilizzare 40-50 unit\u00e0 per carica, consentendo di caricare meno e godere di pi\u00f9.<\/li>\n<li>Temperatura regolabile: 250-350\u00b0 C, per adattarsi alle sigarette e ai sapori preferiti<\/li>\n<li>Un'esperienza d'uso pi\u00f9 pulita: La funzione di pulizia automatica aiuta a mantenere stabili le prestazioni senza bisogno di ulteriori operazioni.<\/li>\n<li>Design portatile: Le dimensioni sono 110 \u00d7 23 \u00d7 33 millimetri, con un peso di soli 85,2 grammi, che lo rendono facile da trasportare.<\/li>\n<\/ul>\n<h2 data-v-md-heading=\"why-choose-to-collaborate-with-agoravape\" data-v-md-line=\"29\">Perch\u00e9 scegliere di collaborare con AgoraVape?<\/h2>\n<p data-v-md-line=\"30\">Vendiamo solo prodotti originali 100% e garantiamo la qualit\u00e0 dei prodotti che spediamo. Per gli acquirenti aziendali, ci\u00f2 significa che il sistema riscaldato per tabacco non combustibile Pluscig P7 HNB offre prezzi all'ingrosso competitivi, un chiaro supporto tecnico e un rapido servizio di consegna DDP in tutta Europa. Contattateci per scoprire come creare un dispositivo davvero affidabile per i vostri clienti.<\/p>","protected":false},"excerpt":{"rendered":"<p>Pluscig P7 non combustible tobacco heating system | 3350mAh battery, what are the highlights? If you\u2019re tired of charging at<\/p>","protected":false},"featured_media":18164,"comment_status":"open","ping_status":"closed","template":"","meta":[],"product_brand":[239],"product_cat":[124,165,166,191,178,173,190],"product_tag":[],"class_list":{"0":"post-18156","1":"product","2":"type-product","3":"status-publish","4":"has-post-thumbnail","6":"product_brand-pluscig","7":"product_cat-vape-by-brand","8":"product_cat-lavie","9":"product_cat-pluscig","10":"product_cat-rechargeable-disposables","11":"product_cat-tobacco","12":"product_cat-vape-by-flavor-profile","13":"product_cat-vape-by-feature-or-type","15":"first","16":"instock","17":"shipping-taxable","18":"purchasable","19":"product-type-variable","20":"has-default-attributes"},"tiered_pricing_type":"percentage","tiered_pricing_fixed_rules":[],"tiered_pricing_product_settings":{"layout":"default","base_unit_name":{"singular":null,"plural":null},"default_variation":null},"tiered_pricing_minimum_quantity":50,"tiered_pricing_roles_data":[],"tiered_pricing_percentage_rules":{"100":"40","200":"44","500":"47","1000":"49"},"tiered_pricing_maximum_quantity":null,"tiered_pricing_quantity_step":"10","_links":{"self":[{"href":"https:\/\/agoravape.com\/it\/wp-json\/wp\/v2\/product\/18156","targetHints":{"allow":["GET"]}}],"collection":[{"href":"https:\/\/agoravape.com\/it\/wp-json\/wp\/v2\/product"}],"about":[{"href":"https:\/\/agoravape.com\/it\/wp-json\/wp\/v2\/types\/product"}],"replies":[{"embeddable":true,"href":"https:\/\/agoravape.com\/it\/wp-json\/wp\/v2\/comments?post=18156"}],"version-history":[{"count":1,"href":"https:\/\/agoravape.com\/it\/wp-json\/wp\/v2\/product\/18156\/revisions"}],"predecessor-version":[{"id":29806,"href":"https:\/\/agoravape.com\/it\/wp-json\/wp\/v2\/product\/18156\/revisions\/29806"}],"wp:featuredmedia":[{"embeddable":true,"href":"https:\/\/agoravape.com\/it\/wp-json\/wp\/v2\/media\/18164"}],"wp:attachment":[{"href":"https:\/\/agoravape.com\/it\/wp-json\/wp\/v2\/media?parent=18156"}],"wp:term":[{"taxonomy":"product_brand","embeddable":true,"href":"https:\/\/agoravape.com\/it\/wp-json\/wp\/v2\/product_brand?post=18156"},{"taxonomy":"product_cat","embeddable":true,"href":"https:\/\/agoravape.com\/it\/wp-json\/wp\/v2\/product_cat?post=18156"},{"taxonomy":"product_tag","embeddable":true,"href":"https:\/\/agoravape.com\/it\/wp-json\/wp\/v2\/product_tag?post=18156"}],"curies":[{"name":"wp","href":"https:\/\/api.w.org\/{rel}","templated":true}]}}