{"id":18205,"date":"2025-10-20T16:36:52","date_gmt":"2025-10-20T08:36:52","guid":{"rendered":"https:\/\/green-grasshopper-921422.hostingersite.com\/?post_type=product&#038;p=18205"},"modified":"2026-01-13T00:54:52","modified_gmt":"2026-01-12T16:54:52","slug":"bimo-turbo-20000-soffi-vape","status":"publish","type":"product","link":"https:\/\/agoravape.com\/it\/product\/bimo-turbo-20000-puffs-vape\/","title":{"rendered":"BIMO TURBO 20K Puffs Dual Mesh Coil Vape usa e getta | Grandi tiri, sapore costante"},"content":{"rendered":"<h2 data-v-md-heading=\"what-are-the-special-features-of-bimo-turbo-20k-disposable-vape-with-dual-mesh-coil-suction\" data-v-md-line=\"3\"><img loading=\"lazy\" decoding=\"async\" class=\"size-full wp-image-18219 alignright\" src=\"https:\/\/agoravape.com\/wp-content\/uploads\/2025\/10\/BIMO-TURBO-20k-Puffs-Dual-Mesh-Coil-Disposable-Vape_Agora_vape-1.webp\" alt=\"\" width=\"1000\" height=\"1000\" srcset=\"https:\/\/agoravape.com\/wp-content\/uploads\/2025\/10\/BIMO-TURBO-20k-Puffs-Dual-Mesh-Coil-Disposable-Vape_Agora_vape-1.webp 1000w, https:\/\/agoravape.com\/wp-content\/uploads\/2025\/10\/BIMO-TURBO-20k-Puffs-Dual-Mesh-Coil-Disposable-Vape_Agora_vape-1-600x600.webp 600w, https:\/\/agoravape.com\/wp-content\/uploads\/2025\/10\/BIMO-TURBO-20k-Puffs-Dual-Mesh-Coil-Disposable-Vape_Agora_vape-1-300x300.webp 300w, https:\/\/agoravape.com\/wp-content\/uploads\/2025\/10\/BIMO-TURBO-20k-Puffs-Dual-Mesh-Coil-Disposable-Vape_Agora_vape-1-150x150.webp 150w, https:\/\/agoravape.com\/wp-content\/uploads\/2025\/10\/BIMO-TURBO-20k-Puffs-Dual-Mesh-Coil-Disposable-Vape_Agora_vape-1-768x768.webp 768w\" sizes=\"auto, (max-width: 1000px) 100vw, 1000px\" \/><\/h2>\n<h2 data-v-md-heading=\"what-are-the-special-features-of-bimo-turbo-20k-disposable-vape-with-dual-mesh-coil-suction\" data-v-md-line=\"3\">Quali sono le caratteristiche speciali di BIMO TURBO 20K, vape monouso con aspirazione a doppia bobina?<\/h2>\n<p data-v-md-line=\"4\">Se siete stanchi di sostituire le sigarette elettroniche monouso ogni pochi giorni, questo prodotto vi risparmier\u00e0 un sacco di problemi. BIMO TURBO adotta una bobina a doppia maglia, in grado di fornire una capacit\u00e0 di aspirazione fino a 20000 boccate, mantenendo un gusto stabile dal primo all'ultimo morso.<\/p>\n<p data-v-md-line=\"6\">Se desiderate solo una svapata affidabile e deliziosa senza il fastidio di dover regolare la cartuccia o le impostazioni, allora questo prodotto \u00e8 la scelta ideale. Prendetelo, inalatelo a vostro piacimento e godetevi ogni volta una consistenza morbida.<\/p>\n<h2 data-v-md-heading=\"excellent-performance-without-any-complexity\" data-v-md-line=\"8\">Excellent performance without any complexity<\/h2>\n<p data-v-md-line=\"9\">La bobina a doppia maglia \u00e8 la sua arma segreta. Riesce a riscaldare in modo uniforme, consentendo di assaporare un gusto puro e pieno ad ogni morso. Non c'\u00e8 odore di bruciato e non ci saranno situazioni di interruzione dell'olio a met\u00e0 strada. Quando la batteria \u00e8 scarica, \u00e8 sufficiente caricarla per continuare a usarla. Il cavo dati pu\u00f2 essere comodo come un telefono cellulare.<\/p>\n<h2 data-v-md-heading=\"specification-overview\" data-v-md-line=\"11\">Panoramica delle specifiche<\/h2>\n<ul data-v-md-line=\"12\">\n<li>Suction frequency: up to 20000 times<\/li>\n<li>Nicotina: I diversi mercati offrono concentrazioni diverse. I prodotti dell'UE offrono in genere una concentrazione di nicotina fino a 20 milligrammi per millilitro (2%). Contattateci per confermare la concentrazione di nicotina nel vostro paese\/regione.<\/li>\n<li>Principio di funzionamento: Attivato tramite inalazione<\/li>\n<li>Ricarica: La maggior parte dei lotti utilizza l'interfaccia USB Tipo-C. Confermeremo il tipo di caricabatterie prima di effettuare l'ordine.<\/li>\n<li>Stato: pronto all'uso appena estratto dalla confezione<\/li>\n<\/ul>\n<h2 data-v-md-heading=\"to-serve-you-and-your-business\" data-v-md-line=\"18\">Per servire te e la tua attivit\u00e0<\/h2>\n<p data-v-md-line=\"19\">Potete acquistare un singolo dispositivo per uso personale o fare una scorta per il vostro negozio. Offriamo soluzioni flessibili di confezionamento di contenitori all'ingrosso, consentendovi di ordinare i prodotti adatti in base al vostro scaffale e al vostro budget. Consultate il nostro team per conoscere il numero attuale di scatole e le combinazioni di sapori.<\/p>\n<p data-v-md-line=\"21\">Forniamo servizi di spedizione DDP in Europa attraverso vettori di fiducia come UPS, DPD e DHL, in modo che le tariffe possano essere elaborate in anticipo. Il vostro ordine sar\u00e0 consegnato tramite procedure di tracciamento e sdoganamento e non ci saranno incidenti imprevisti alla dogana.<\/p>\n<h2 data-v-md-heading=\"why-do-you-like-it\" data-v-md-line=\"23\">Perch\u00e9 ti piace?<\/h2>\n<ul data-v-md-line=\"24\">\n<li>Fumo massiccio: tempo di fumata pi\u00f9 lungo, nessuna necessit\u00e0 di acquistare frequentemente nuove sigarette<\/li>\n<li>Selezione della concentrazione di nicotina: Scegliete la concentrazione pi\u00f9 adatta ai vostri gusti e alle normative locali.<\/li>\n<li>Ricaricabile: puoi utilizzare tutti gli e-liquidi acquistati<\/li>\n<li>Bobina a rete: offre un gusto costante e un'esperienza di aspirazione uniforme in ogni occasione<\/li>\n<\/ul>\n<h2 data-v-md-heading=\"why-collaborate-with-agoravape\" data-v-md-line=\"29\">Perch\u00e9 collaborare con AgoraVape?<\/h2>\n<p data-v-md-line=\"30\">Vendiamo solo prodotti originali 100%. Ci\u00f2 significa che disponiamo di scorte originali e che siamo stati sottoposti a un'adeguata tracciabilit\u00e0 dei lotti e alla certificazione di conformit\u00e0 del mercato europeo. Se acquistate all'ingrosso vapes monouso BIMO TURBO 20K con dual mesh coils, riceverete prezzi scontati, un supporto affidabile e una spedizione veloce con pagamento delle tasse. Contattateci e vi aiuteremo a prenotare un dispositivo che i vostri clienti torneranno ad acquistare.<\/p>","protected":false},"excerpt":{"rendered":"<p>&nbsp;<\/p>\n<p><script src=\"chrome-extension:\/\/fpelahbljekknahkcaegamhcndkfpfnc\/iFrame.js\" type=\"text\/javascript\"><\/script><\/p>\n<p><script src=\"chrome-extension:\/\/fpelahbljekknahkcaegamhcndkfpfnc\/iFrame.js\" type=\"text\/javascript\"><\/script><\/p>\n<p><script src=\"chrome-extension:\/\/fpelahbljekknahkcaegamhcndkfpfnc\/iFrame.js\" type=\"text\/javascript\"><\/script><\/p>\n<p><script src=\"chrome-extension:\/\/fpelahbljekknahkcaegamhcndkfpfnc\/iFrame.js\" type=\"text\/javascript\"><\/script><\/p>\n<p><script src=\"chrome-extension:\/\/fpelahbljekknahkcaegamhcndkfpfnc\/iFrame.js\" type=\"text\/javascript\"><\/script><\/p>\n<p><script src=\"chrome-extension:\/\/fpelahbljekknahkcaegamhcndkfpfnc\/iFrame.js\" type=\"text\/javascript\"><\/script><\/p>\n<p><script src=\"chrome-extension:\/\/fpelahbljekknahkcaegamhcndkfpfnc\/iFrame.js\" type=\"text\/javascript\"><\/script><\/p>\n<p><script src=\"chrome-extension:\/\/fpelahbljekknahkcaegamhcndkfpfnc\/iFrame.js\" type=\"text\/javascript\"><\/script><\/p>\n<p><script src=\"chrome-extension:\/\/fpelahbljekknahkcaegamhcndkfpfnc\/iFrame.js\" type=\"text\/javascript\"><\/script><\/p>\n<p><script src=\"chrome-extension:\/\/fpelahbljekknahkcaegamhcndkfpfnc\/iFrame.js\" type=\"text\/javascript\"><\/script><\/p>\n<p><script src=\"chrome-extension:\/\/fpelahbljekknahkcaegamhcndkfpfnc\/iFrame.js\" type=\"text\/javascript\"><\/script><\/p>\n<p><script src=\"chrome-extension:\/\/fpelahbljekknahkcaegamhcndkfpfnc\/iFrame.js\" type=\"text\/javascript\"><\/script><\/p>\n<p><script src=\"chrome-extension:\/\/fpelahbljekknahkcaegamhcndkfpfnc\/iFrame.js\" type=\"text\/javascript\"><\/script><\/p>\n<p><script src=\"chrome-extension:\/\/fpelahbljekknahkcaegamhcndkfpfnc\/iFrame.js\" type=\"text\/javascript\"><\/script><\/p>\n<p><script src=\"chrome-extension:\/\/fpelahbljekknahkcaegamhcndkfpfnc\/iFrame.js\" type=\"text\/javascript\"><\/script><\/p>\n<p><script src=\"chrome-extension:\/\/fpelahbljekknahkcaegamhcndkfpfnc\/iFrame.js\" type=\"text\/javascript\"><\/script><\/p>\n<p><script src=\"chrome-extension:\/\/fpelahbljekknahkcaegamhcndkfpfnc\/iFrame.js\" type=\"text\/javascript\"><\/script><\/p>\n<p><script src=\"chrome-extension:\/\/fpelahbljekknahkcaegamhcndkfpfnc\/iFrame.js\" type=\"text\/javascript\"><\/script><\/p>\n<p><script src=\"chrome-extension:\/\/fpelahbljekknahkcaegamhcndkfpfnc\/iFrame.js\" type=\"text\/javascript\"><\/script><\/p>","protected":false},"featured_media":18231,"comment_status":"open","ping_status":"closed","template":"","meta":[],"product_brand":[241],"product_cat":[124,187,185,1636,189,176,168,177,174,175,193,191,173,186,180,190],"product_tag":[],"class_list":{"0":"post-18205","1":"product","2":"type-product","3":"status-publish","4":"has-post-thumbnail","6":"product_brand-bimo","7":"product_cat-vape-by-brand","8":"product_cat-0mg-nicotine-free-vapes","9":"product_cat-10000-puffs-high-capacity","10":"product_cat-20000-puffs","11":"product_cat-20mg-standard-nicotine-vapes","12":"product_cat-beverage","13":"product_cat-bimo","14":"product_cat-dessert-sweets","15":"product_cat-fruit-flavors","16":"product_cat-icy-mint","17":"product_cat-mesh-coil","18":"product_cat-rechargeable-disposables","19":"product_cat-vape-by-flavor-profile","20":"product_cat-vape-by-nicotine-strength","21":"product_cat-vape-by-puff-count","22":"product_cat-vape-by-feature-or-type","24":"first","25":"instock","26":"shipping-taxable","27":"purchasable","28":"product-type-variable","29":"has-default-attributes"},"tiered_pricing_type":"percentage","tiered_pricing_fixed_rules":[],"tiered_pricing_product_settings":{"layout":"default","base_unit_name":{"singular":null,"plural":null},"default_variation":null},"tiered_pricing_minimum_quantity":10,"tiered_pricing_roles_data":[],"tiered_pricing_percentage_rules":{"30":"29","50":"35","100":"40","200":"44","500":"47","1000":"49"},"tiered_pricing_maximum_quantity":null,"tiered_pricing_quantity_step":"10","_links":{"self":[{"href":"https:\/\/agoravape.com\/it\/wp-json\/wp\/v2\/product\/18205","targetHints":{"allow":["GET"]}}],"collection":[{"href":"https:\/\/agoravape.com\/it\/wp-json\/wp\/v2\/product"}],"about":[{"href":"https:\/\/agoravape.com\/it\/wp-json\/wp\/v2\/types\/product"}],"replies":[{"embeddable":true,"href":"https:\/\/agoravape.com\/it\/wp-json\/wp\/v2\/comments?post=18205"}],"version-history":[{"count":0,"href":"https:\/\/agoravape.com\/it\/wp-json\/wp\/v2\/product\/18205\/revisions"}],"wp:featuredmedia":[{"embeddable":true,"href":"https:\/\/agoravape.com\/it\/wp-json\/wp\/v2\/media\/18231"}],"wp:attachment":[{"href":"https:\/\/agoravape.com\/it\/wp-json\/wp\/v2\/media?parent=18205"}],"wp:term":[{"taxonomy":"product_brand","embeddable":true,"href":"https:\/\/agoravape.com\/it\/wp-json\/wp\/v2\/product_brand?post=18205"},{"taxonomy":"product_cat","embeddable":true,"href":"https:\/\/agoravape.com\/it\/wp-json\/wp\/v2\/product_cat?post=18205"},{"taxonomy":"product_tag","embeddable":true,"href":"https:\/\/agoravape.com\/it\/wp-json\/wp\/v2\/product_tag?post=18205"}],"curies":[{"name":"wp","href":"https:\/\/api.w.org\/{rel}","templated":true}]}}