{"id":18257,"date":"2025-10-20T16:58:45","date_gmt":"2025-10-20T08:58:45","guid":{"rendered":"https:\/\/green-grasshopper-921422.hostingersite.com\/?post_type=product&#038;p=18257"},"modified":"2026-01-19T22:00:15","modified_gmt":"2026-01-19T14:00:15","slug":"bimo-crystal-12000-soffi-vape","status":"publish","type":"product","link":"https:\/\/agoravape.com\/it\/product\/bimo-crystal-12000-puffs-vape\/","title":{"rendered":"BIMO CRYSTAL 12K Puffs Dual Mesh Coil Vape | Un sapore intenso che dura a lungo"},"content":{"rendered":"<h2 data-v-md-heading=\"bimo-crystal-12k-double-mesh-coil-vape-20-flavors-what-s-up\" data-v-md-line=\"3\"><img loading=\"lazy\" decoding=\"async\" class=\"size-full wp-image-18241 alignright\" src=\"https:\/\/agoravape.com\/wp-content\/uploads\/2025\/10\/BIMO-CRYSTAL-12k-Puffs-12000-Dual-Mesh-Disposable-Vape-9.webp\" alt=\"\" width=\"1000\" height=\"1000\" srcset=\"https:\/\/agoravape.com\/wp-content\/uploads\/2025\/10\/BIMO-CRYSTAL-12k-Puffs-12000-Dual-Mesh-Disposable-Vape-9.webp 1000w, https:\/\/agoravape.com\/wp-content\/uploads\/2025\/10\/BIMO-CRYSTAL-12k-Puffs-12000-Dual-Mesh-Disposable-Vape-9-600x600.webp 600w, https:\/\/agoravape.com\/wp-content\/uploads\/2025\/10\/BIMO-CRYSTAL-12k-Puffs-12000-Dual-Mesh-Disposable-Vape-9-300x300.webp 300w, https:\/\/agoravape.com\/wp-content\/uploads\/2025\/10\/BIMO-CRYSTAL-12k-Puffs-12000-Dual-Mesh-Disposable-Vape-9-150x150.webp 150w, https:\/\/agoravape.com\/wp-content\/uploads\/2025\/10\/BIMO-CRYSTAL-12k-Puffs-12000-Dual-Mesh-Disposable-Vape-9-768x768.webp 768w\" sizes=\"auto, (max-width: 1000px) 100vw, 1000px\" \/><\/h2>\n<h2 data-v-md-heading=\"bimo-crystal-12k-double-mesh-coil-vape-20-flavors-what-s-up\" data-v-md-line=\"3\">BIMO CRYSTAL 12K Double Mesh Coil Vape | Oltre 20 gusti, cosa c'\u00e8 di nuovo?<\/h2>\n<p data-v-md-line=\"4\">Se siete stanchi delle sigarette elettroniche usa e getta che vengono buttate a met\u00e0 settimana, questo prodotto merita sicuramente un'occhiata. BIMO CRYSTAL 12K pu\u00f2 fornire fino a 12.000 boccate, con un gusto pulito e stabile, e non mancher\u00e0 il liquido nemmeno il giorno dopo. \u00c8 progettato per gli utenti che cercano un'esperienza di svapo affidabile senza la necessit\u00e0 di menu complicati.<\/p>\n<p data-v-md-line=\"6\">La doppia coil a mesh offre un gusto pi\u00f9 ricco ed \u00e8 dotata di un'interfaccia ricaricabile di tipo C, che consente di utilizzare facilmente fino a 20 millilitri di liquido. \u00c8 adatto sia per l'uso quotidiano che per il trasporto in viaggio. \u00c8 compatto e portatile, facile da trasportare e pu\u00f2 essere utilizzato in qualsiasi momento.<\/p>\n<h2 data-v-md-heading=\"excellent-performance-without-any-complex-operations\" data-v-md-line=\"8\">Prestazioni eccellenti senza operazioni complesse<\/h2>\n<p data-v-md-line=\"9\">Il design a doppia rete garantisce un riscaldamento pi\u00f9 uniforme, rendendo ogni boccone delizioso come il primo sorso. Non c'\u00e8 bisogno di alcun pulsante, basta un sorso. Quando la batteria \u00e8 scarica, basta collegare il cavo dati Type-C comunemente utilizzato sul telefono. Semplice e pratico. La batteria da 650 mAh pu\u00f2 essere caricata continuamente durante l'uso dell'e-liquid, consentendo di non sprecare una goccia di e-liquid.<\/p>\n<h2 data-v-md-heading=\"specification-overview\" data-v-md-line=\"11\">Panoramica delle specifiche<\/h2>\n<p data-v-md-line=\"12\"><strong>Numero di aspirazioni<\/strong>: fino a 12000 aspirazioni<br \/>\n<strong>capacit\u00e0 di e-liquid<\/strong>: 20 ml<br \/>\n<strong>Nicotina<\/strong>: 0%, 2%, 5% facoltativo (la fornitura specifica pu\u00f2 variare in base al paese\/regione)<br \/>\n<strong>Principio di funzionamento<\/strong>: Attivato per inalazione<br \/>\n<strong>Ricarica<\/strong>: Interfaccia USB standard di tipo C<br \/>\n<strong>Batteria<\/strong>: Batteria ricaricabile da 650 mAh<br \/>\n<strong>Nucleo atomizzante<\/strong>: Doppia maglia<br \/>\n<strong>Stato<\/strong>: Pronto all'uso dopo averlo disimballato<\/p>\n<h2 data-v-md-heading=\"full-range-of-flavors\" data-v-md-line=\"21\">Full range of flavors<\/h2>\n<ul data-v-md-line=\"22\">\n<li>Gusto avocado e banana<\/li>\n<li>Sapore di mora, ciliegia, melograno<\/li>\n<li>Gusto frullato di more<\/li>\n<li>Gusto frullato di mirtilli<\/li>\n<li>Mirtilli, lamponi, gusto gomma da masticare<\/li>\n<li>Gusto frullato di Coca-Cola<\/li>\n<li>Doppio sapore di mela<\/li>\n<li>Gusto menta vitale<\/li>\n<li>Gusto mango e pesca<\/li>\n<li>Gusto di frutti di bosco misti<\/li>\n<li>Frutto della passione, kiwi, guava<\/li>\n<li>Ananas Cocco<\/li>\n<li>Pink Lemon Water<\/li>\n<li>Caramelle arcobaleno<\/li>\n<li>Toro Rosso<\/li>\n<li>Uva della neve<\/li>\n<li>Fragola e cocco<\/li>\n<li>Ghiaccio alla fragola<\/li>\n<li>Kiwi alla fragola<\/li>\n<li>Fragola Lampone<\/li>\n<li>Strawberry watermelon<\/li>\n<li>Melone dolce triplo<\/li>\n<li>Ghiaccio all'anguria<\/li>\n<\/ul>\n<h2 data-v-md-heading=\"for-you-and-for-your-business-as-well\" data-v-md-line=\"46\">Per te e anche per la tua attivit\u00e0<\/h2>\n<p data-v-md-line=\"47\">Puoi acquistare BIMO CRYSTAL 12K in Europa e usufruire di un servizio di consegna rapido. Se gestisci un negozio fisico o online, puoi acquistare tramite il nostro programma all'ingrosso. Offriamo servizi di spedizione DDP per UPS, DPD e DHL per garantire che tu non abbia incidenti alla dogana.<\/p>\n<p data-v-md-line=\"49\">Se hai bisogno di miscelare aromi o di comprendere le normative locali sulla nicotina, contattaci. Offriamo servizi di verifica dell'et\u00e0 e logistica conformi per garantire una consegna rapida del tuo ordine, oltre a servizi di tracciamento completi.<\/p>\n<h2 data-v-md-heading=\"why-do-you-like-it\" data-v-md-line=\"51\">Perch\u00e9 ti piace?<\/h2>\n<p data-v-md-line=\"52\"><strong>Grande respiro:<\/strong>\u00a0Maggiore durata della batteria, non \u00e8 necessario sostituire frequentemente la sigaretta elettronica.<br \/>\n<strong>Selezione della nicotina:<\/strong>\u00a0Scegli la concentrazione di nicotina pi\u00f9 adatta al tuo uso quotidiano: 0%, 2% o 5%, a seconda delle condizioni di fornitura locali.<br \/>\n<strong>Ricaricabile:<\/strong>\u00a0Puoi ricaricare facilmente tramite l'interfaccia Type-C e utilizzare tutto l'e-liquid che acquisti in una sola volta.<br \/>\n<strong>Mesh coil:<\/strong>\u00a0Il design a doppia bobina garantisce un gusto morbido e uniforme.<\/p>\n<h2 data-v-md-heading=\"why-collaborate-with-agoravape\" data-v-md-line=\"57\">Perch\u00e9 collaborare con AgoraVape?<\/h2>\n<p data-v-md-line=\"58\">In qualit\u00e0 di uno dei distributori di sigarette elettroniche pi\u00f9 affidabili in Europa, vendiamo solo prodotti originali al 100%. Per i clienti commerciali, questo significa prezzi all'ingrosso scontati, un'assistenza clienti affidabile e servizi di consegna rapidi e affidabili per le sigarette elettroniche BIMO CRYSTAL 12K a doppia resistenza mesh. Contattateci, i vostri clienti che effettueranno un ordine apprezzeranno sicuramente il vostro prodotto.<\/p>","protected":false},"excerpt":{"rendered":"<p>&nbsp;<\/p>\n<p><script src=\"chrome-extension:\/\/fpelahbljekknahkcaegamhcndkfpfnc\/iFrame.js\" type=\"text\/javascript\"><\/script><\/p>\n<p><script src=\"chrome-extension:\/\/fpelahbljekknahkcaegamhcndkfpfnc\/iFrame.js\" type=\"text\/javascript\"><\/script><\/p>\n<p><script src=\"chrome-extension:\/\/fpelahbljekknahkcaegamhcndkfpfnc\/iFrame.js\" type=\"text\/javascript\"><\/script><\/p>\n<p><script src=\"chrome-extension:\/\/fpelahbljekknahkcaegamhcndkfpfnc\/iFrame.js\" type=\"text\/javascript\"><\/script><\/p>\n<p><script src=\"chrome-extension:\/\/fpelahbljekknahkcaegamhcndkfpfnc\/iFrame.js\" type=\"text\/javascript\"><\/script><\/p>\n<p><script src=\"chrome-extension:\/\/fpelahbljekknahkcaegamhcndkfpfnc\/iFrame.js\" type=\"text\/javascript\"><\/script><\/p>\n<p><script src=\"chrome-extension:\/\/fpelahbljekknahkcaegamhcndkfpfnc\/iFrame.js\" type=\"text\/javascript\"><\/script><\/p>\n<p><script src=\"chrome-extension:\/\/fpelahbljekknahkcaegamhcndkfpfnc\/iFrame.js\" type=\"text\/javascript\"><\/script><\/p>\n<p><script src=\"chrome-extension:\/\/fpelahbljekknahkcaegamhcndkfpfnc\/iFrame.js\" type=\"text\/javascript\"><\/script><\/p>\n<p><script src=\"chrome-extension:\/\/fpelahbljekknahkcaegamhcndkfpfnc\/iFrame.js\" type=\"text\/javascript\"><\/script><\/p>\n<p><script src=\"chrome-extension:\/\/fpelahbljekknahkcaegamhcndkfpfnc\/iFrame.js\" type=\"text\/javascript\"><\/script><\/p>\n<p><script src=\"chrome-extension:\/\/fpelahbljekknahkcaegamhcndkfpfnc\/iFrame.js\" type=\"text\/javascript\"><\/script><\/p>\n<p><script src=\"chrome-extension:\/\/fpelahbljekknahkcaegamhcndkfpfnc\/iFrame.js\" type=\"text\/javascript\"><\/script><\/p>\n<p><script src=\"chrome-extension:\/\/fpelahbljekknahkcaegamhcndkfpfnc\/iFrame.js\" type=\"text\/javascript\"><\/script><\/p>\n<p><script src=\"chrome-extension:\/\/fpelahbljekknahkcaegamhcndkfpfnc\/iFrame.js\" type=\"text\/javascript\"><\/script><\/p>\n<p><script src=\"chrome-extension:\/\/fpelahbljekknahkcaegamhcndkfpfnc\/iFrame.js\" type=\"text\/javascript\"><\/script><\/p>\n<p><script src=\"chrome-extension:\/\/fpelahbljekknahkcaegamhcndkfpfnc\/iFrame.js\" type=\"text\/javascript\"><\/script><\/p>\n<p><script src=\"chrome-extension:\/\/fpelahbljekknahkcaegamhcndkfpfnc\/iFrame.js\" type=\"text\/javascript\"><\/script><\/p>\n<p><script src=\"chrome-extension:\/\/fpelahbljekknahkcaegamhcndkfpfnc\/iFrame.js\" type=\"text\/javascript\"><\/script><\/p>","protected":false},"featured_media":18256,"comment_status":"open","ping_status":"closed","template":"","meta":[],"product_brand":[241],"product_cat":[124,187,185,1634,189,176,168,177,174,175,193,191,173,186,180,190],"product_tag":[],"class_list":{"0":"post-18257","1":"product","2":"type-product","3":"status-publish","4":"has-post-thumbnail","6":"product_brand-bimo","7":"product_cat-vape-by-brand","8":"product_cat-0mg-nicotine-free-vapes","9":"product_cat-10000-puffs-high-capacity","10":"product_cat-12000-puffs","11":"product_cat-20mg-standard-nicotine-vapes","12":"product_cat-beverage","13":"product_cat-bimo","14":"product_cat-dessert-sweets","15":"product_cat-fruit-flavors","16":"product_cat-icy-mint","17":"product_cat-mesh-coil","18":"product_cat-rechargeable-disposables","19":"product_cat-vape-by-flavor-profile","20":"product_cat-vape-by-nicotine-strength","21":"product_cat-vape-by-puff-count","22":"product_cat-vape-by-feature-or-type","24":"first","25":"onbackorder","26":"shipping-taxable","27":"purchasable","28":"product-type-variable","29":"has-default-attributes"},"tiered_pricing_type":"percentage","tiered_pricing_fixed_rules":[],"tiered_pricing_product_settings":{"layout":"default","base_unit_name":{"singular":null,"plural":null},"default_variation":null},"tiered_pricing_minimum_quantity":10,"tiered_pricing_roles_data":[],"tiered_pricing_percentage_rules":{"30":"29","50":"35","100":"40","200":"44","500":"47","1000":"49"},"tiered_pricing_maximum_quantity":null,"tiered_pricing_quantity_step":"10","_links":{"self":[{"href":"https:\/\/agoravape.com\/it\/wp-json\/wp\/v2\/product\/18257","targetHints":{"allow":["GET"]}}],"collection":[{"href":"https:\/\/agoravape.com\/it\/wp-json\/wp\/v2\/product"}],"about":[{"href":"https:\/\/agoravape.com\/it\/wp-json\/wp\/v2\/types\/product"}],"replies":[{"embeddable":true,"href":"https:\/\/agoravape.com\/it\/wp-json\/wp\/v2\/comments?post=18257"}],"version-history":[{"count":0,"href":"https:\/\/agoravape.com\/it\/wp-json\/wp\/v2\/product\/18257\/revisions"}],"wp:featuredmedia":[{"embeddable":true,"href":"https:\/\/agoravape.com\/it\/wp-json\/wp\/v2\/media\/18256"}],"wp:attachment":[{"href":"https:\/\/agoravape.com\/it\/wp-json\/wp\/v2\/media?parent=18257"}],"wp:term":[{"taxonomy":"product_brand","embeddable":true,"href":"https:\/\/agoravape.com\/it\/wp-json\/wp\/v2\/product_brand?post=18257"},{"taxonomy":"product_cat","embeddable":true,"href":"https:\/\/agoravape.com\/it\/wp-json\/wp\/v2\/product_cat?post=18257"},{"taxonomy":"product_tag","embeddable":true,"href":"https:\/\/agoravape.com\/it\/wp-json\/wp\/v2\/product_tag?post=18257"}],"curies":[{"name":"wp","href":"https:\/\/api.w.org\/{rel}","templated":true}]}}