{"id":18348,"date":"2025-10-20T18:16:09","date_gmt":"2025-10-20T10:16:09","guid":{"rendered":"https:\/\/green-grasshopper-921422.hostingersite.com\/?post_type=product&#038;p=18348"},"modified":"2026-01-12T13:50:21","modified_gmt":"2026-01-12T05:50:21","slug":"uwin-randm-tornado-60k-triplo-sapore-vape","status":"publish","type":"product","link":"https:\/\/agoravape.com\/it\/product\/uwin-randm-tornado-60k-triple-flavor-vape\/","title":{"rendered":"Uwin RandM Tornado 60K Puffs 3 in 1 Vape usa e getta | Tre gusti, fino a 60K Puffs"},"content":{"rendered":"<h2 data-v-md-heading=\"what-is-special-about-the-uwin-randm-tornado-60k-disposable-vape\" data-v-md-line=\"3\">Cosa c'\u00e8 di speciale nel vape monouso Uwin RandM Tornado 60K?<\/h2>\n<p data-v-md-line=\"4\">Se siete stanchi del gusto monotono giorno dopo giorno, questo prodotto pu\u00f2 risolvere perfettamente il problema. Uwin RandM Tornado 60K integra tre gusti in un unico dispositivo, con una capacit\u00e0 massima di 60000 morsi. Godetevi una variet\u00e0 di sapori senza alcuno sforzo. Non \u00e8 necessario utilizzare flaconi di e-liquid, n\u00e9 sostituire le cartucce.<\/p>\n<p data-v-md-line=\"6\">\u00c8 adatto a tutti coloro che cercano una gamma e uno stile di vita rilassato. Che si tratti di svapatori quotidiani, pendolari o viaggiatori. Si potrebbe pensare che avere cos\u00ec tanti sbuffi di vapore lo renda ingombrante, ma il Tornado 60K pu\u00f2 facilmente entrare in una tasca ed \u00e8 comodo da tenere in mano.<\/p>\n<h2 data-v-md-heading=\"excellent-performance-easy-and-convenient\" data-v-md-line=\"8\">Prestazioni eccellenti, facile e conveniente<\/h2>\n<p data-v-md-line=\"9\">La bobina a rete si trova nella sua posizione centrale, garantendo un'aspirazione forte e uniforme dall'inizio alla fine. Quando la batteria \u00e8 scarica, \u00e8 sufficiente collegare il cavo dati Type-C per ricaricarla rapidamente. Sia il livello della batteria che quello dell'e-liquid sono dotati di chiare spie luminose, che permettono di vedere tutto a colpo d'occhio.<\/p>\n<h2 data-v-md-heading=\"specification-introduction\" data-v-md-line=\"11\">Introduzione alle specifiche<\/h2>\n<ul data-v-md-line=\"12\">\n<li>Frequenza di aspirazione: fino a 60000 volte<\/li>\n<li>Nicotine content: 0%, 2%, 3%, or 5%<\/li>\n<li>Working principle: Activate with just one puff<\/li>\n<li>Metodo di ricarica: interfaccia USB standard di tipo C<\/li>\n<li>Stato: pronto all'uso appena estratto dalla confezione<\/li>\n<li>Nucleo di atomizzazione: a maglie<\/li>\n<li>Batteria: batteria al cobalto ricaricabile da 650 mAh<\/li>\n<li>Dimensioni: 47 \u00d7 47 \u00d7 116 millimetri<\/li>\n<li>Spie luminose: spia del livello della batteria e spia del livello dell'e-liquid<\/li>\n<li>Il triplo in uno: Tre combinazioni di sapori<\/li>\n<\/ul>\n<h2 data-v-md-heading=\"complete-flavor-series\" data-v-md-line=\"23\">Serie completa di sapori<\/h2>\n<p data-v-md-line=\"24\">Ogni dispositivo \u00e8 dotato di tre aromi. Dieci set di aromi tra cui scegliere:<\/p>\n<ul data-v-md-line=\"25\">\n<li>Ghiaccio alla ciliegia\/Brilla rossa\/Blueberry lampone<\/li>\n<li>Ghiaccio al mirtillo\/Anguria al lampone Ghiaccio alla ciliegia al lampone<\/li>\n<li>Limonata rosa\/ghiaccio alla vaniglia\/caramelle al lampone e fragola<\/li>\n<li>Kiwi alla fragola\/Love 66 (melone al frutto della passione)\/blueberry ice<\/li>\n<li>Limone, lime, fragola, banana, frutta mista<\/li>\n<li>Ghiaccio all'anguria\/Ghiaccio alla cola\/Mr. Blue<\/li>\n<li>Ghiaccio alla pesca d'estate\/ Lampone al mirtillo\/Fragola Red Bull<\/li>\n<li>Kiwi frutto della passione guaiava\/pesca mango\/acquasanta cocomero<\/li>\n<li>Red Bull\/Cherry Ice\/Lemon Lime<\/li>\n<li>Ghiaccio alla fragola\/Ghiaccio alla pesca estiva\/Ghiaccio all'uva<\/li>\n<\/ul>\n<h2 data-v-md-heading=\"for-you-and-your-business\" data-v-md-line=\"36\">For you and your business<\/h2>\n<p data-v-md-line=\"37\">Se desideri uno svapo affidabile, durevole, facile da ricaricare e versatile, scegli Uwin. <a class=\"wpil_keyword_link\" title=\"RandM\" href=\"https:\/\/agoravape.com\/it\/svapare-per-marca\/randm\/\" data-wpil-keyword-link=\"linked\" data-wpil-monitor-id=\"7\">RandM<\/a> Tornado 60K. Rende tutto pi\u00f9 semplice e ti permette di continuare a utilizzarlo.<\/p>\n<p data-v-md-line=\"39\">La preparazione per i negozi al dettaglio o i saloni \u00e8 altrettanto semplice. 10 pezzi per scatola all'ingrosso e 160 pezzi per scatola standard. Forniamo servizi di consegna DDP in tutta Europa attraverso partner fidati come UPS, DPD e DHL, assicurandovi prezzi chiari ed evitando sorprese doganali.<\/p>\n<h2 data-v-md-heading=\"why-do-you-like-it\" data-v-md-line=\"41\">Perch\u00e9 ti piace?<\/h2>\n<ul data-v-md-line=\"42\">\n<li>Aspirazione massiccia: fino a 60000 soffi, il che significa meno ordini ripetuti e interruzioni.<\/li>\n<li>Opzioni di contenuto di nicotina: 0%, 2%, 3% o 5%, potete scegliere il contenuto di nicotina pi\u00f9 adatto a voi.<\/li>\n<li>Ricaricabile: la ricarica di tipo C ti aiuta a utilizzare ogni goccia di e-liquid.<\/li>\n<li>Bobina a rete: Ad ogni aspirazione \u00e8 possibile ottenere un gusto costante e soddisfacente.<\/li>\n<li>Tripli sapori: Un dispositivo ha tre sapori, non c'\u00e8 bisogno di sostituire il kit, si mantiene fresco.<\/li>\n<li>Indicatori luminosi chiari: I livelli della batteria e dell'e-liquid sono chiari a colpo d'occhio, evitando di tirare a indovinare.<\/li>\n<\/ul>\n<h2 data-v-md-heading=\"why-choose-to-collaborate-with-agoravape\" data-v-md-line=\"49\">Perch\u00e9 scegliere di collaborare con AgoraVape?<\/h2>\n<p data-v-md-line=\"50\">Forniamo prodotti originali 100% a prezzi scontati all'ingrosso e forniamo un supporto affidabile. Forniamo servizi di consegna DDP veloci e affidabili in tutta Europa, assicurando che il vostro inventario a scaffale sia sufficiente e che i costi siano controllabili. Benvenuti a discutere con noi l'Uwin RandM Tornado 60K Puffs tre in uno vape monouso, creando un prodotto vape molto acclamato e molto atteso che attira i clienti.<\/p>","protected":false},"excerpt":{"rendered":"<p>&nbsp;<\/p>\n<p><script src=\"chrome-extension:\/\/fpelahbljekknahkcaegamhcndkfpfnc\/iFrame.js\" type=\"text\/javascript\"><\/script><\/p>\n<p><script src=\"chrome-extension:\/\/fpelahbljekknahkcaegamhcndkfpfnc\/iFrame.js\" type=\"text\/javascript\"><\/script><\/p>\n<p><script src=\"chrome-extension:\/\/fpelahbljekknahkcaegamhcndkfpfnc\/iFrame.js\" type=\"text\/javascript\"><\/script><\/p>\n<p><script src=\"chrome-extension:\/\/fpelahbljekknahkcaegamhcndkfpfnc\/iFrame.js\" type=\"text\/javascript\"><\/script><\/p>\n<p><script src=\"chrome-extension:\/\/fpelahbljekknahkcaegamhcndkfpfnc\/iFrame.js\" type=\"text\/javascript\"><\/script><\/p>\n<p><script src=\"chrome-extension:\/\/fpelahbljekknahkcaegamhcndkfpfnc\/iFrame.js\" type=\"text\/javascript\"><\/script><\/p>\n<p><script src=\"chrome-extension:\/\/fpelahbljekknahkcaegamhcndkfpfnc\/iFrame.js\" type=\"text\/javascript\"><\/script><\/p>\n<p><script src=\"chrome-extension:\/\/fpelahbljekknahkcaegamhcndkfpfnc\/iFrame.js\" type=\"text\/javascript\"><\/script><\/p>\n<p><script src=\"chrome-extension:\/\/fpelahbljekknahkcaegamhcndkfpfnc\/iFrame.js\" type=\"text\/javascript\"><\/script><\/p>\n<p><script src=\"chrome-extension:\/\/fpelahbljekknahkcaegamhcndkfpfnc\/iFrame.js\" type=\"text\/javascript\"><\/script><\/p>\n<p><script src=\"chrome-extension:\/\/fpelahbljekknahkcaegamhcndkfpfnc\/iFrame.js\" type=\"text\/javascript\"><\/script><\/p>\n<p><script src=\"chrome-extension:\/\/fpelahbljekknahkcaegamhcndkfpfnc\/iFrame.js\" type=\"text\/javascript\"><\/script><\/p>\n<p><script src=\"chrome-extension:\/\/fpelahbljekknahkcaegamhcndkfpfnc\/iFrame.js\" type=\"text\/javascript\"><\/script><\/p>\n<p><script src=\"chrome-extension:\/\/fpelahbljekknahkcaegamhcndkfpfnc\/iFrame.js\" type=\"text\/javascript\"><\/script><\/p>\n<p><script src=\"chrome-extension:\/\/fpelahbljekknahkcaegamhcndkfpfnc\/iFrame.js\" type=\"text\/javascript\"><\/script><\/p>\n<p><script src=\"chrome-extension:\/\/fpelahbljekknahkcaegamhcndkfpfnc\/iFrame.js\" type=\"text\/javascript\"><\/script><\/p>\n<p><script src=\"chrome-extension:\/\/fpelahbljekknahkcaegamhcndkfpfnc\/iFrame.js\" type=\"text\/javascript\"><\/script><\/p>\n<p><script src=\"chrome-extension:\/\/fpelahbljekknahkcaegamhcndkfpfnc\/iFrame.js\" type=\"text\/javascript\"><\/script><\/p>\n<p><script src=\"chrome-extension:\/\/fpelahbljekknahkcaegamhcndkfpfnc\/iFrame.js\" type=\"text\/javascript\"><\/script><\/p>","protected":false},"featured_media":18347,"comment_status":"open","ping_status":"closed","template":"","meta":[],"product_brand":[244],"product_cat":[124,187,185,189,195,174,175,193,191,179,171,173,186,180,190,192],"product_tag":[],"class_list":{"0":"post-18348","1":"product","2":"type-product","3":"status-publish","4":"has-post-thumbnail","6":"product_brand-uwin","7":"product_cat-vape-by-brand","8":"product_cat-0mg-nicotine-free-vapes","9":"product_cat-10000-puffs-high-capacity","10":"product_cat-20mg-standard-nicotine-vapes","11":"product_cat-dual-flavor-switch","12":"product_cat-fruit-flavors","13":"product_cat-icy-mint","14":"product_cat-mesh-coil","15":"product_cat-rechargeable-disposables","16":"product_cat-unique-blends","17":"product_cat-uwin","18":"product_cat-vape-by-flavor-profile","19":"product_cat-vape-by-nicotine-strength","20":"product_cat-vape-by-puff-count","21":"product_cat-vape-by-feature-or-type","22":"product_cat-vapes-with-screens","24":"first","25":"instock","26":"shipping-taxable","27":"purchasable","28":"product-type-variable","29":"has-default-attributes"},"tiered_pricing_type":"percentage","tiered_pricing_fixed_rules":[],"tiered_pricing_product_settings":{"layout":"default","base_unit_name":{"singular":null,"plural":null},"default_variation":null},"tiered_pricing_minimum_quantity":100,"tiered_pricing_roles_data":[],"tiered_pricing_percentage_rules":{"200":"44","500":"47","1000":"49"},"tiered_pricing_maximum_quantity":null,"tiered_pricing_quantity_step":"10","_links":{"self":[{"href":"https:\/\/agoravape.com\/it\/wp-json\/wp\/v2\/product\/18348","targetHints":{"allow":["GET"]}}],"collection":[{"href":"https:\/\/agoravape.com\/it\/wp-json\/wp\/v2\/product"}],"about":[{"href":"https:\/\/agoravape.com\/it\/wp-json\/wp\/v2\/types\/product"}],"replies":[{"embeddable":true,"href":"https:\/\/agoravape.com\/it\/wp-json\/wp\/v2\/comments?post=18348"}],"version-history":[{"count":0,"href":"https:\/\/agoravape.com\/it\/wp-json\/wp\/v2\/product\/18348\/revisions"}],"wp:featuredmedia":[{"embeddable":true,"href":"https:\/\/agoravape.com\/it\/wp-json\/wp\/v2\/media\/18347"}],"wp:attachment":[{"href":"https:\/\/agoravape.com\/it\/wp-json\/wp\/v2\/media?parent=18348"}],"wp:term":[{"taxonomy":"product_brand","embeddable":true,"href":"https:\/\/agoravape.com\/it\/wp-json\/wp\/v2\/product_brand?post=18348"},{"taxonomy":"product_cat","embeddable":true,"href":"https:\/\/agoravape.com\/it\/wp-json\/wp\/v2\/product_cat?post=18348"},{"taxonomy":"product_tag","embeddable":true,"href":"https:\/\/agoravape.com\/it\/wp-json\/wp\/v2\/product_tag?post=18348"}],"curies":[{"name":"wp","href":"https:\/\/api.w.org\/{rel}","templated":true}]}}