{"id":18364,"date":"2025-10-20T18:36:01","date_gmt":"2025-10-20T10:36:01","guid":{"rendered":"https:\/\/green-grasshopper-921422.hostingersite.com\/?post_type=product&#038;p=18364"},"modified":"2026-01-30T17:09:26","modified_gmt":"2026-01-30T09:09:26","slug":"uwin-shisha-narghile-crystal-20000-vape","status":"publish","type":"product","link":"https:\/\/agoravape.com\/it\/product\/uwin-shisha-hookah-crystal-20000-vape\/","title":{"rendered":"Uwin Shisha Hookah Crystal 20K DTL Disposable Vape | Nuvole massicce DTL. Zero problemi."},"content":{"rendered":"<h2 data-v-md-heading=\"what-is-special-about-the-uwin-crystal-20k-dtl-disposable-vape\" data-v-md-line=\"3\">Che cos'ha di speciale il vape monouso Uwin Crystal 20K DTL?<\/h2>\n<p data-v-md-line=\"4\">Se si desidera una svapata durevole e di lunga durata, vale la pena prendere in considerazione questo prodotto. Uwin Crystal 20K \u00e8 una svapata monouso che viene inalata direttamente nei polmoni. Ha un gusto ricco, un fumo pieno e un autentico stile narghil\u00e8. Non sono necessarie impostazioni o pulsanti, basta inalare per godersi il piacere.<\/p>\n<p data-v-md-line=\"6\">\u00c8 adatto a tutti coloro che desiderano un'esperienza di aspirazione DTL senza dover portare con s\u00e9 un dispositivo di ricambio. Se vi piace il sapore del narghil\u00e8 e volete un gusto costante dal primo all'ultimo sorso, allora \u00e8 anche la scelta ideale.<\/p>\n<h2 data-v-md-heading=\"excellent-performance-easy-and-convenient\" data-v-md-line=\"8\">Prestazioni eccellenti, facile e conveniente<\/h2>\n<p data-v-md-line=\"9\">Il nucleo di Crystal 20K adotta una bobina a rete per garantire che ogni boccone abbia un gusto puro e costante. La batteria ricaricabile da 850 mAh \u00e8 in grado di soddisfare le esigenze di stoccaggio di una grande quantit\u00e0 di e-liquid, in modo da non sprecare nemmeno una goccia. Quando la batteria \u00e8 scarica, \u00e8 possibile utilizzare il cavo dati Type-C esistente per ricaricarla. Si potrebbe pensare che un dispositivo DTL con cos\u00ec tanti cicli di aspirazione richieda impostazioni complesse, ma in realt\u00e0 non \u00e8 cos\u00ec. \u00c8 sufficiente aspirare per utilizzare il dispositivo.<\/p>\n<h2 data-v-md-heading=\"specification-introduction\" data-v-md-line=\"11\">Introduzione alle specifiche<\/h2>\n<ul data-v-md-line=\"12\">\n<li>Suction frequency: up to 20000 times<\/li>\n<li>Nicotine content: 0%, 2%, 3%, or 5%<\/li>\n<li>Working principle: Activate with just one puff<\/li>\n<li>Charging: Standard Type-C USB interface<\/li>\n<li>Stato: pronto all'uso appena estratto dalla confezione<\/li>\n<\/ul>\n<h2 data-v-md-heading=\"full-range-of-flavors\" data-v-md-line=\"18\">Full range of flavors<\/h2>\n<ul data-v-md-line=\"19\">\n<li>Mirtilli ghiacciati<\/li>\n<li>Kiwi, passion fruit, guava<\/li>\n<li>Kiwi alla fragola<\/li>\n<li>Frutti di bosco misti<\/li>\n<li>Strawberry watermelon<\/li>\n<li>Ghiaccio all'uva<\/li>\n<li>Ghiaccio all'anguria<\/li>\n<li>Ghiaccio alla ciliegia<\/li>\n<li>Ghiaccio alla fragola<\/li>\n<li>Pesca ghiacciata<\/li>\n<li>Mirtilli e lamponi<\/li>\n<li>Amore 66 (Ghiaccio al melone e frutto della passione)<\/li>\n<\/ul>\n<p><img loading=\"lazy\" decoding=\"async\" class=\"aligncenter size-full wp-image-18363\" src=\"https:\/\/agoravape.com\/wp-content\/uploads\/2025\/10\/Uwin-SHISHA-HOOKAH-Crystal-20k-Puffs-DTL-Disposable-Vape_Agora_vape-1-scaled.webp\" alt=\"\" width=\"2560\" height=\"2047\" srcset=\"https:\/\/agoravape.com\/wp-content\/uploads\/2025\/10\/Uwin-SHISHA-HOOKAH-Crystal-20k-Puffs-DTL-Disposable-Vape_Agora_vape-1-scaled.webp 2560w, https:\/\/agoravape.com\/wp-content\/uploads\/2025\/10\/Uwin-SHISHA-HOOKAH-Crystal-20k-Puffs-DTL-Disposable-Vape_Agora_vape-1-scaled-1200x960.webp 1200w, https:\/\/agoravape.com\/wp-content\/uploads\/2025\/10\/Uwin-SHISHA-HOOKAH-Crystal-20k-Puffs-DTL-Disposable-Vape_Agora_vape-1-300x240.webp 300w, https:\/\/agoravape.com\/wp-content\/uploads\/2025\/10\/Uwin-SHISHA-HOOKAH-Crystal-20k-Puffs-DTL-Disposable-Vape_Agora_vape-1-1024x819.webp 1024w, https:\/\/agoravape.com\/wp-content\/uploads\/2025\/10\/Uwin-SHISHA-HOOKAH-Crystal-20k-Puffs-DTL-Disposable-Vape_Agora_vape-1-768x614.webp 768w, https:\/\/agoravape.com\/wp-content\/uploads\/2025\/10\/Uwin-SHISHA-HOOKAH-Crystal-20k-Puffs-DTL-Disposable-Vape_Agora_vape-1-1536x1228.webp 1536w, https:\/\/agoravape.com\/wp-content\/uploads\/2025\/10\/Uwin-SHISHA-HOOKAH-Crystal-20k-Puffs-DTL-Disposable-Vape_Agora_vape-1-2048x1638.webp 2048w\" sizes=\"auto, (max-width: 2560px) 100vw, 2560px\" \/><\/p>\n<h2 data-v-md-heading=\"to-create-for-you-and-your-business\" data-v-md-line=\"32\">Per creare per te e per la tua attivit\u00e0<\/h2>\n<p data-v-md-line=\"33\">L'acquisto per se stessi \u00e8 molto semplice. Scegliete l'aroma e la concentrazione di nicotina che preferite, quindi ricaricate secondo le necessit\u00e0 per godervi settimane di piacere DTL.<\/p>\n<p data-v-md-line=\"35\">La preparazione per il vostro negozio \u00e8 altrettanto semplice. Uwin Shisha Hookah Crystal 20K DTL vapes monouso, 10 per scatola, 200 per scatola. Spediamo il DDP tramite vettori di fiducia come UPS, DPD e DHL, in modo che le tariffe possano essere elaborate in anticipo per evitare incidenti doganali.<\/p>\n<h2 data-v-md-heading=\"why-do-you-like-it\" data-v-md-line=\"37\">Perch\u00e9 ti piace?<\/h2>\n<ul data-v-md-line=\"38\">\n<li>Grande capacit\u00e0 di aspirazione: fino a 20.000, per ridurre la frequenza di sostituzione.<\/li>\n<li>Selezione del contenuto di nicotina: Da 0% a 5%, potete scegliere il contenuto di nicotina pi\u00f9 adatto a voi.<\/li>\n<li>Ricaricabile: La ricarica di tipo C consente di utilizzare tutti gli e-liquid acquistati.<\/li>\n<li>Bobina a rete: Aroma DTL omogeneo, che consente di mantenere un gusto stabile ogni volta.<\/li>\n<li>Semplice attivazione dell'aspirazione: Non sono necessari pulsanti o menu, \u00e8 facile da usare.<\/li>\n<\/ul>\n<h2 data-v-md-heading=\"why-choose-to-collaborate-with-agoravape\" data-v-md-line=\"44\">Perch\u00e9 scegliere di collaborare con AgoraVape?<\/h2>\n<p data-v-md-line=\"45\">Vendiamo solo prodotti originali 100% e manteniamo il nostro impegno in tal senso. I clienti commerciali possono godere di prezzi scontati all'ingrosso, supporto affidabile, e servizi di consegna veloce e affidabile. Se si desidera un inventario sufficiente e continui clienti ripetuti, si prega di contattarci.<\/p>","protected":false},"excerpt":{"rendered":"<p>&nbsp;<\/p>\n<p><script src=\"chrome-extension:\/\/fpelahbljekknahkcaegamhcndkfpfnc\/iFrame.js\" type=\"text\/javascript\"><\/script><\/p>\n<p><script src=\"chrome-extension:\/\/fpelahbljekknahkcaegamhcndkfpfnc\/iFrame.js\" type=\"text\/javascript\"><\/script><\/p>\n<p><script src=\"chrome-extension:\/\/fpelahbljekknahkcaegamhcndkfpfnc\/iFrame.js\" type=\"text\/javascript\"><\/script><\/p>\n<p><script src=\"chrome-extension:\/\/fpelahbljekknahkcaegamhcndkfpfnc\/iFrame.js\" type=\"text\/javascript\"><\/script><\/p>\n<p><script src=\"chrome-extension:\/\/fpelahbljekknahkcaegamhcndkfpfnc\/iFrame.js\" type=\"text\/javascript\"><\/script><\/p>\n<p><script src=\"chrome-extension:\/\/fpelahbljekknahkcaegamhcndkfpfnc\/iFrame.js\" type=\"text\/javascript\"><\/script><\/p>\n<p><script src=\"chrome-extension:\/\/fpelahbljekknahkcaegamhcndkfpfnc\/iFrame.js\" type=\"text\/javascript\"><\/script><\/p>\n<p><script src=\"chrome-extension:\/\/fpelahbljekknahkcaegamhcndkfpfnc\/iFrame.js\" type=\"text\/javascript\"><\/script><\/p>\n<p><script src=\"chrome-extension:\/\/fpelahbljekknahkcaegamhcndkfpfnc\/iFrame.js\" type=\"text\/javascript\"><\/script><\/p>\n<p><script src=\"chrome-extension:\/\/fpelahbljekknahkcaegamhcndkfpfnc\/iFrame.js\" type=\"text\/javascript\"><\/script><\/p>\n<p><script src=\"chrome-extension:\/\/fpelahbljekknahkcaegamhcndkfpfnc\/iFrame.js\" type=\"text\/javascript\"><\/script><\/p>\n<p><script src=\"chrome-extension:\/\/fpelahbljekknahkcaegamhcndkfpfnc\/iFrame.js\" type=\"text\/javascript\"><\/script><\/p>\n<p><script src=\"chrome-extension:\/\/fpelahbljekknahkcaegamhcndkfpfnc\/iFrame.js\" type=\"text\/javascript\"><\/script><\/p>\n<p><script src=\"chrome-extension:\/\/fpelahbljekknahkcaegamhcndkfpfnc\/iFrame.js\" type=\"text\/javascript\"><\/script><\/p>\n<p><script src=\"chrome-extension:\/\/fpelahbljekknahkcaegamhcndkfpfnc\/iFrame.js\" type=\"text\/javascript\"><\/script><\/p>\n<p><script src=\"chrome-extension:\/\/fpelahbljekknahkcaegamhcndkfpfnc\/iFrame.js\" type=\"text\/javascript\"><\/script><\/p>\n<p><script src=\"chrome-extension:\/\/fpelahbljekknahkcaegamhcndkfpfnc\/iFrame.js\" type=\"text\/javascript\"><\/script><\/p>\n<p><script src=\"chrome-extension:\/\/fpelahbljekknahkcaegamhcndkfpfnc\/iFrame.js\" type=\"text\/javascript\"><\/script><\/p>\n<p><script src=\"chrome-extension:\/\/fpelahbljekknahkcaegamhcndkfpfnc\/iFrame.js\" type=\"text\/javascript\"><\/script><\/p>","protected":false},"featured_media":18389,"comment_status":"open","ping_status":"closed","template":"","meta":[],"product_brand":[244],"product_cat":[124,187,185,1636,189,174,175,193,191,179,171,173,186,180,190],"product_tag":[],"class_list":{"0":"post-18364","1":"product","2":"type-product","3":"status-publish","4":"has-post-thumbnail","6":"product_brand-uwin","7":"product_cat-vape-by-brand","8":"product_cat-0mg-nicotine-free-vapes","9":"product_cat-10000-puffs-high-capacity","10":"product_cat-20000-puffs","11":"product_cat-20mg-standard-nicotine-vapes","12":"product_cat-fruit-flavors","13":"product_cat-icy-mint","14":"product_cat-mesh-coil","15":"product_cat-rechargeable-disposables","16":"product_cat-unique-blends","17":"product_cat-uwin","18":"product_cat-vape-by-flavor-profile","19":"product_cat-vape-by-nicotine-strength","20":"product_cat-vape-by-puff-count","21":"product_cat-vape-by-feature-or-type","23":"first","24":"instock","25":"shipping-taxable","26":"purchasable","27":"product-type-variable","28":"has-default-attributes"},"tiered_pricing_type":"percentage","tiered_pricing_fixed_rules":[],"tiered_pricing_product_settings":{"layout":"default","base_unit_name":{"singular":null,"plural":null},"default_variation":null},"tiered_pricing_minimum_quantity":10,"tiered_pricing_roles_data":[],"tiered_pricing_percentage_rules":{"30":"29","50":"35","100":"40","200":"44","500":"47","1000":"49"},"tiered_pricing_maximum_quantity":null,"tiered_pricing_quantity_step":"10","_links":{"self":[{"href":"https:\/\/agoravape.com\/it\/wp-json\/wp\/v2\/product\/18364","targetHints":{"allow":["GET"]}}],"collection":[{"href":"https:\/\/agoravape.com\/it\/wp-json\/wp\/v2\/product"}],"about":[{"href":"https:\/\/agoravape.com\/it\/wp-json\/wp\/v2\/types\/product"}],"replies":[{"embeddable":true,"href":"https:\/\/agoravape.com\/it\/wp-json\/wp\/v2\/comments?post=18364"}],"version-history":[{"count":0,"href":"https:\/\/agoravape.com\/it\/wp-json\/wp\/v2\/product\/18364\/revisions"}],"wp:featuredmedia":[{"embeddable":true,"href":"https:\/\/agoravape.com\/it\/wp-json\/wp\/v2\/media\/18389"}],"wp:attachment":[{"href":"https:\/\/agoravape.com\/it\/wp-json\/wp\/v2\/media?parent=18364"}],"wp:term":[{"taxonomy":"product_brand","embeddable":true,"href":"https:\/\/agoravape.com\/it\/wp-json\/wp\/v2\/product_brand?post=18364"},{"taxonomy":"product_cat","embeddable":true,"href":"https:\/\/agoravape.com\/it\/wp-json\/wp\/v2\/product_cat?post=18364"},{"taxonomy":"product_tag","embeddable":true,"href":"https:\/\/agoravape.com\/it\/wp-json\/wp\/v2\/product_tag?post=18364"}],"curies":[{"name":"wp","href":"https:\/\/api.w.org\/{rel}","templated":true}]}}