{"id":18392,"date":"2025-10-20T18:47:21","date_gmt":"2025-10-20T10:47:21","guid":{"rendered":"https:\/\/green-grasshopper-921422.hostingersite.com\/?post_type=product&#038;p=18392"},"modified":"2025-12-15T21:29:59","modified_gmt":"2025-12-15T13:29:59","slug":"uwin-crystal-10k-puff-rgb","status":"publish","type":"product","link":"https:\/\/agoravape.com\/it\/product\/uwin-crystal-10k-puffs-rgb\/","title":{"rendered":"Uwin Crystal 10K Puffs RGB Light Disposable Vape | Long-Lasting Puffs, No Fuss"},"content":{"rendered":"<h2 data-v-md-heading=\"what-are-the-highlights-of-uwin-crystal-10k-rgb-disposable-vape-30-e-liquids\" data-v-md-line=\"3\"><img loading=\"lazy\" decoding=\"async\" class=\"aligncenter size-full wp-image-18413\" src=\"https:\/\/agoravape.com\/wp-content\/uploads\/2025\/10\/Uwin-Crystal-10K-Puffs-RGB-Light-Disposable-Vape-30-Flaros_Agora_vape-8-scaled.webp\" alt=\"\" width=\"2560\" height=\"1922\" srcset=\"https:\/\/agoravape.com\/wp-content\/uploads\/2025\/10\/Uwin-Crystal-10K-Puffs-RGB-Light-Disposable-Vape-30-Flaros_Agora_vape-8-scaled.webp 2560w, https:\/\/agoravape.com\/wp-content\/uploads\/2025\/10\/Uwin-Crystal-10K-Puffs-RGB-Light-Disposable-Vape-30-Flaros_Agora_vape-8-scaled-1200x901.webp 1200w, https:\/\/agoravape.com\/wp-content\/uploads\/2025\/10\/Uwin-Crystal-10K-Puffs-RGB-Light-Disposable-Vape-30-Flaros_Agora_vape-8-300x225.webp 300w, https:\/\/agoravape.com\/wp-content\/uploads\/2025\/10\/Uwin-Crystal-10K-Puffs-RGB-Light-Disposable-Vape-30-Flaros_Agora_vape-8-1024x769.webp 1024w, https:\/\/agoravape.com\/wp-content\/uploads\/2025\/10\/Uwin-Crystal-10K-Puffs-RGB-Light-Disposable-Vape-30-Flaros_Agora_vape-8-768x577.webp 768w, https:\/\/agoravape.com\/wp-content\/uploads\/2025\/10\/Uwin-Crystal-10K-Puffs-RGB-Light-Disposable-Vape-30-Flaros_Agora_vape-8-1536x1153.webp 1536w, https:\/\/agoravape.com\/wp-content\/uploads\/2025\/10\/Uwin-Crystal-10K-Puffs-RGB-Light-Disposable-Vape-30-Flaros_Agora_vape-8-2048x1537.webp 2048w\" sizes=\"auto, (max-width: 2560px) 100vw, 2560px\" \/><\/h2>\n<h2 data-v-md-heading=\"what-are-the-highlights-of-uwin-crystal-10k-rgb-disposable-vape-30-e-liquids\" data-v-md-line=\"3\">Quali sono i punti di forza di Uwin Crystal 10K RGB vape monouso | 30 e-liquids?<\/h2>\n<p data-v-md-line=\"4\">Se siete stanchi di cambiare dispositivo ogni pochi giorni, questo prodotto merita un'occhiata. Uwin Crystal 10K si impegna a creare un'esperienza di svapo semplice e affidabile, con una batteria di lunga durata e un'esperienza di fumo pulita e nitida. Non c'\u00e8 bisogno di menu, non c'\u00e8 bisogno di preoccuparsi. Basta scegliere l'aroma e si pu\u00f2 facilmente inalare.<\/p>\n<p data-v-md-line=\"6\">Se desiderate una svapata usa e getta durevole e senza preoccupazioni, questo prodotto \u00e8 la scelta ideale. Le luminose luci RGB sfarfallano quando si inala, aggiungendo un tocco di moda senza essere d'intralcio. Si potrebbe pensare che una svapata da 10K sembri un mattone, ma questo prodotto \u00e8 molto comodo da tenere in mano e pu\u00f2 essere facilmente messo in tasca.<\/p>\n<h2 data-v-md-heading=\"excellent-performance-easy-and-convenient\" data-v-md-line=\"8\">Prestazioni eccellenti, facile e conveniente<\/h2>\n<p data-v-md-line=\"9\">Questo dispositivo adotta un nucleo di atomizzazione efficiente e un design a presa d'aria stretta, garantendo un gusto stabile dal primo all'ultimo morso. Aspirazione fluida, stabilit\u00e0 di lunga durata. Quando la batteria \u00e8 scarica, \u00e8 possibile ricaricarla attraverso l'interfaccia USB integrata per utilizzare appieno tutto l'e-liquid acquistato. Semplice e conveniente.<\/p>\n<h2 data-v-md-heading=\"specification-overview\" data-v-md-line=\"11\">Panoramica delle specifiche<\/h2>\n<ul data-v-md-line=\"12\">\n<li>Frequenza di aspirazione: fino a 10000 volte<\/li>\n<li>Contenuto di nicotina: Le opzioni di mercato possono variare. Le regioni TPD in genere consentono un contenuto massimo di nicotina di 20 milligrammi e possono anche offrire un'opzione a contenuto zero di nicotina. Visualizza la selezione attuale<\/li>\n<li>Principio di funzionamento: Attivato tramite inalazione<\/li>\n<li>Metodo di ricarica: Ricarica USB (molti dispositivi utilizzano l'interfaccia Type-C)<\/li>\n<li>Stato: pronto all'uso appena estratto dalla confezione<\/li>\n<\/ul>\n<h2 data-v-md-heading=\"for-you-and-your-business\" data-v-md-line=\"18\">For you and your business<\/h2>\n<p data-v-md-line=\"19\">Acquistate per voi stessi? Scegliete il vostro gusto preferito tra 30 opzioni. Acquisti per il negozio? Offriamo opzioni flessibili di vendita all'ingrosso che vi permettono di acquistare in base alle reali esigenze dei vostri clienti. Contattateci per conoscere le dimensioni delle scatole di sigarette, le combinazioni di gusti e i prezzi ottimali all'ingrosso.<\/p>\n<p data-v-md-line=\"21\">Spediamo gli e-liquid nella maggior parte delle destinazioni europee tramite UPS, DPD e DHL via DDP. Ci\u00f2 significa che le tariffe saranno pre-elaborate per evitare incidenti doganali imprevisti. L'ordine sar\u00e0 imballato in modo sicuro e sar\u00e0 fornito un servizio di tracciabilit\u00e0.<\/p>\n<h2 data-v-md-heading=\"why-do-you-like-it\" data-v-md-line=\"23\">Perch\u00e9 ti piace?<\/h2>\n<ul data-v-md-line=\"24\">\n<li>Grande calibro: Resistente e duraturo, non \u00e8 necessario acquistare frequentemente nuove sigarette.<\/li>\n<li>Selezione della nicotina: Scegliete la nicotina adatta alle vostre abitudini quotidiane e alle normative locali.<\/li>\n<li>Ricaricabile: \u00c8 possibile ricaricare la batteria ed esaurire l'e-liquido<\/li>\n<li>Gusto costante: la bobina e il sistema di aspirazione garantiscono un'esperienza di aspirazione stabile e soddisfacente<\/li>\n<\/ul>\n<h2 data-v-md-heading=\"brief-explanation-on-compliance-and-authenticity\" data-v-md-line=\"29\">Breve spiegazione su conformit\u00e0 e autenticit\u00e0<\/h2>\n<ul data-v-md-line=\"30\">\n<li>TPD UE\/UK: in molti mercati dell'UE, i prodotti a base di nicotina devono rispettare restrizioni di 2 millilitri e un massimo di 20 milligrammi. I dispositivi di grosso calibro sono tipicamente forniti con nicotina zero o destinati a regioni specifiche. Prima di effettuare un ordine, verificare le opzioni del prodotto e le normative locali.<\/li>\n<li>Inventario autentico: Acquistiamo prodotti autentici da fornitori di fiducia e seguiamo la tracciabilit\u00e0 dei lotti. Se avete bisogno di dettagli sulla verifica della spedizione, consultate il nostro team.<\/li>\n<\/ul>\n<h2 data-v-md-heading=\"why-choose-to-collaborate-with-agoravape\" data-v-md-line=\"33\">Perch\u00e9 scegliere di collaborare con AgoraVape?<\/h2>\n<p data-v-md-line=\"34\">Siamo uno dei distributori di vape pi\u00f9 affidabili in Europa, quindi vendiamo solo prodotti originali 100%. Per i clienti commerciali, ci\u00f2 significa prezzi all'ingrosso scontati, assistenza autentica da parte di esperti del settore e servizi di consegna rapidi, affidabili e a pagamento per i vapes usa e getta Uwin Crystal 10K Puffs RGB Light | 30 Flaros. Contattateci per avere in stock un prodotto usa e getta durevole che vale la pena restituire ai vostri clienti.<\/p>\n<p><script src=\"chrome-extension:\/\/fpelahbljekknahkcaegamhcndkfpfnc\/iFrame.js\" type=\"text\/javascript\"><\/script><\/p>","protected":false},"excerpt":{"rendered":"<p>&nbsp;<\/p>\n<p><script src=\"chrome-extension:\/\/fpelahbljekknahkcaegamhcndkfpfnc\/iFrame.js\" type=\"text\/javascript\"><\/script><\/p>\n<p><script src=\"chrome-extension:\/\/fpelahbljekknahkcaegamhcndkfpfnc\/iFrame.js\" type=\"text\/javascript\"><\/script><\/p>\n<p><script src=\"chrome-extension:\/\/fpelahbljekknahkcaegamhcndkfpfnc\/iFrame.js\" type=\"text\/javascript\"><\/script><\/p>\n<p><script src=\"chrome-extension:\/\/fpelahbljekknahkcaegamhcndkfpfnc\/iFrame.js\" type=\"text\/javascript\"><\/script><\/p>\n<p><script src=\"chrome-extension:\/\/fpelahbljekknahkcaegamhcndkfpfnc\/iFrame.js\" type=\"text\/javascript\"><\/script><\/p>\n<p><script src=\"chrome-extension:\/\/fpelahbljekknahkcaegamhcndkfpfnc\/iFrame.js\" type=\"text\/javascript\"><\/script><\/p>\n<p><script src=\"chrome-extension:\/\/fpelahbljekknahkcaegamhcndkfpfnc\/iFrame.js\" type=\"text\/javascript\"><\/script><\/p>\n<p><script src=\"chrome-extension:\/\/fpelahbljekknahkcaegamhcndkfpfnc\/iFrame.js\" type=\"text\/javascript\"><\/script><\/p>\n<p><script src=\"chrome-extension:\/\/fpelahbljekknahkcaegamhcndkfpfnc\/iFrame.js\" type=\"text\/javascript\"><\/script><\/p>\n<p><script src=\"chrome-extension:\/\/fpelahbljekknahkcaegamhcndkfpfnc\/iFrame.js\" type=\"text\/javascript\"><\/script><\/p>\n<p><script src=\"chrome-extension:\/\/fpelahbljekknahkcaegamhcndkfpfnc\/iFrame.js\" type=\"text\/javascript\"><\/script><\/p>\n<p><script src=\"chrome-extension:\/\/fpelahbljekknahkcaegamhcndkfpfnc\/iFrame.js\" type=\"text\/javascript\"><\/script><\/p>\n<p><script src=\"chrome-extension:\/\/fpelahbljekknahkcaegamhcndkfpfnc\/iFrame.js\" type=\"text\/javascript\"><\/script><\/p>\n<p><script src=\"chrome-extension:\/\/fpelahbljekknahkcaegamhcndkfpfnc\/iFrame.js\" type=\"text\/javascript\"><\/script><\/p>\n<p><script src=\"chrome-extension:\/\/fpelahbljekknahkcaegamhcndkfpfnc\/iFrame.js\" type=\"text\/javascript\"><\/script><\/p>\n<p><script src=\"chrome-extension:\/\/fpelahbljekknahkcaegamhcndkfpfnc\/iFrame.js\" type=\"text\/javascript\"><\/script><\/p>\n<p><script src=\"chrome-extension:\/\/fpelahbljekknahkcaegamhcndkfpfnc\/iFrame.js\" type=\"text\/javascript\"><\/script><\/p>\n<p><script src=\"chrome-extension:\/\/fpelahbljekknahkcaegamhcndkfpfnc\/iFrame.js\" type=\"text\/javascript\"><\/script><\/p>\n<p><script src=\"chrome-extension:\/\/fpelahbljekknahkcaegamhcndkfpfnc\/iFrame.js\" type=\"text\/javascript\"><\/script><\/p>","protected":false},"featured_media":18420,"comment_status":"open","ping_status":"closed","template":"","meta":[],"product_brand":[244],"product_cat":[124,187,185,189,174,175,193,191,179,171,173,186,180,190],"product_tag":[],"class_list":{"0":"post-18392","1":"product","2":"type-product","3":"status-publish","4":"has-post-thumbnail","6":"product_brand-uwin","7":"product_cat-vape-by-brand","8":"product_cat-0mg-nicotine-free-vapes","9":"product_cat-10000-puffs-high-capacity","10":"product_cat-20mg-standard-nicotine-vapes","11":"product_cat-fruit-flavors","12":"product_cat-icy-mint","13":"product_cat-mesh-coil","14":"product_cat-rechargeable-disposables","15":"product_cat-unique-blends","16":"product_cat-uwin","17":"product_cat-vape-by-flavor-profile","18":"product_cat-vape-by-nicotine-strength","19":"product_cat-vape-by-puff-count","20":"product_cat-vape-by-feature-or-type","22":"first","23":"instock","24":"shipping-taxable","25":"purchasable","26":"product-type-variable","27":"has-default-attributes"},"tiered_pricing_type":"percentage","tiered_pricing_fixed_rules":[],"tiered_pricing_product_settings":{"layout":"default","base_unit_name":{"singular":null,"plural":null},"default_variation":null},"tiered_pricing_minimum_quantity":10,"tiered_pricing_roles_data":[],"tiered_pricing_percentage_rules":{"30":"29","50":"35","100":"40","200":"44","500":"47","1000":"49"},"tiered_pricing_maximum_quantity":null,"tiered_pricing_quantity_step":"10","_links":{"self":[{"href":"https:\/\/agoravape.com\/it\/wp-json\/wp\/v2\/product\/18392","targetHints":{"allow":["GET"]}}],"collection":[{"href":"https:\/\/agoravape.com\/it\/wp-json\/wp\/v2\/product"}],"about":[{"href":"https:\/\/agoravape.com\/it\/wp-json\/wp\/v2\/types\/product"}],"replies":[{"embeddable":true,"href":"https:\/\/agoravape.com\/it\/wp-json\/wp\/v2\/comments?post=18392"}],"version-history":[{"count":0,"href":"https:\/\/agoravape.com\/it\/wp-json\/wp\/v2\/product\/18392\/revisions"}],"wp:featuredmedia":[{"embeddable":true,"href":"https:\/\/agoravape.com\/it\/wp-json\/wp\/v2\/media\/18420"}],"wp:attachment":[{"href":"https:\/\/agoravape.com\/it\/wp-json\/wp\/v2\/media?parent=18392"}],"wp:term":[{"taxonomy":"product_brand","embeddable":true,"href":"https:\/\/agoravape.com\/it\/wp-json\/wp\/v2\/product_brand?post=18392"},{"taxonomy":"product_cat","embeddable":true,"href":"https:\/\/agoravape.com\/it\/wp-json\/wp\/v2\/product_cat?post=18392"},{"taxonomy":"product_tag","embeddable":true,"href":"https:\/\/agoravape.com\/it\/wp-json\/wp\/v2\/product_tag?post=18392"}],"curies":[{"name":"wp","href":"https:\/\/api.w.org\/{rel}","templated":true}]}}