{"id":19156,"date":"2025-10-29T14:01:35","date_gmt":"2025-10-29T06:01:35","guid":{"rendered":"https:\/\/agoravape.com\/?post_type=product&#038;p=19156"},"modified":"2026-03-14T16:22:20","modified_gmt":"2026-03-14T15:22:20","slug":"bang-b20hd-20000-soffi-cartuccia-per-vape","status":"publish","type":"product","link":"https:\/\/agoravape.com\/it\/product\/bang-b20hd-20000-puffs-vape-cartridge\/","title":{"rendered":"Bang B20HD 20000 Puffs Disposable Vape Cartridge | Massive Puff Count, Made Easy"},"content":{"rendered":"<h2 data-v-md-heading=\"what-is-special-about-bang-b20hd-20000\" data-v-md-line=\"3\"><img loading=\"lazy\" decoding=\"async\" class=\"aligncenter size-full wp-image-19174\" src=\"https:\/\/agoravape.com\/wp-content\/uploads\/2025\/10\/Bang-B20HD-20000-Puffs-Disposable-Vape-Cartridge-Massive-Puff-Count-Made-Easy_Agora_vape-1-scaled.webp\" alt=\"\" width=\"2560\" height=\"1700\" srcset=\"https:\/\/agoravape.com\/wp-content\/uploads\/2025\/10\/Bang-B20HD-20000-Puffs-Disposable-Vape-Cartridge-Massive-Puff-Count-Made-Easy_Agora_vape-1-scaled.webp 2560w, https:\/\/agoravape.com\/wp-content\/uploads\/2025\/10\/Bang-B20HD-20000-Puffs-Disposable-Vape-Cartridge-Massive-Puff-Count-Made-Easy_Agora_vape-1-scaled-1200x797.webp 1200w, https:\/\/agoravape.com\/wp-content\/uploads\/2025\/10\/Bang-B20HD-20000-Puffs-Disposable-Vape-Cartridge-Massive-Puff-Count-Made-Easy_Agora_vape-1-300x199.webp 300w, https:\/\/agoravape.com\/wp-content\/uploads\/2025\/10\/Bang-B20HD-20000-Puffs-Disposable-Vape-Cartridge-Massive-Puff-Count-Made-Easy_Agora_vape-1-1024x680.webp 1024w, https:\/\/agoravape.com\/wp-content\/uploads\/2025\/10\/Bang-B20HD-20000-Puffs-Disposable-Vape-Cartridge-Massive-Puff-Count-Made-Easy_Agora_vape-1-768x510.webp 768w, https:\/\/agoravape.com\/wp-content\/uploads\/2025\/10\/Bang-B20HD-20000-Puffs-Disposable-Vape-Cartridge-Massive-Puff-Count-Made-Easy_Agora_vape-1-1536x1020.webp 1536w, https:\/\/agoravape.com\/wp-content\/uploads\/2025\/10\/Bang-B20HD-20000-Puffs-Disposable-Vape-Cartridge-Massive-Puff-Count-Made-Easy_Agora_vape-1-2048x1360.webp 2048w\" sizes=\"auto, (max-width: 2560px) 100vw, 2560px\" \/><\/h2>\n<h2 data-v-md-heading=\"what-is-special-about-bang-b20hd-20000\" data-v-md-line=\"3\">Cosa ha di speciale Bang B20HD 20000?<\/h2>\n<p data-v-md-line=\"5\">Bene, parliamo di Bang B20HD. Se siete stanchi delle sigarette elettroniche usa e getta che si rompono subito dopo l'uso, allora dovreste dare un'occhiata a questo. Innanzitutto, noterete la sua sorprendente durata della batteria da 20.000 porte. Questo prodotto \u00e8 progettato specificamente per gli utenti che desiderano uno svapo affidabile, delizioso, duraturo e facile da usare.<\/p>\n<p data-v-md-line=\"7\">Si potrebbe pensare che una batteria cos\u00ec lunga sia ingombrante, ma il B20HD non \u00e8 cos\u00ec. Adotta un ingegnoso design a doppio componente: una batteria ricaricabile e una cartuccia di liquido precaricata indipendente. Dopo aver esaurito la cartuccia, \u00e8 sufficiente sostituirla con una nuova. Questo modo pi\u00f9 intelligente di utilizzare lo svapo non solo riduce gli sprechi, ma \u00e8 anche semplice da usare ed \u00e8 comodo da trasportare.<\/p>\n<h2 data-v-md-heading=\"excellent-performance-easy-and-convenient\" data-v-md-line=\"9\">Prestazioni eccellenti, facile e conveniente<\/h2>\n<p data-v-md-line=\"11\">Questo vaporizzatore ha un sapore eccellente, grazie al suo atomizzatore a mesh da 1,2 \u03a9 integrato. In poche parole, pu\u00f2 riscaldare il liquido in modo uniforme, garantendo che ogni svapo mantenga il gusto migliore dall'inizio alla fine. Nessun decadimento del gusto, solo una soddisfazione costante.<\/p>\n<p data-v-md-line=\"13\">Quando la batteria \u00e8 scarica, \u00e8 sufficiente utilizzare un cavo dati Type-C standard per ricaricarla, proprio come quello che usi per caricare il telefono. Non c'\u00e8 bisogno di un caricabatterie dedicato, \u00e8 facile e comodo. Basta collegarlo e utilizzarlo, assicurandoti di poter utilizzare ogni goccia di liquido da 20 ml nella cartuccia.<\/p>\n<h2 data-v-md-heading=\"quick-overview-of-product-specifications\" data-v-md-line=\"15\">Panoramica rapida delle specifiche del prodotto<\/h2>\n<p data-v-md-line=\"17\"><strong>Smoking frequency:<\/strong>\u00a0fino a 20000 tiri<br \/>\n<strong>Concentrazione di nicotina:<\/strong> Disponibile in quattro concentrazioni: 0%, 2%, 3% e 5%.<br \/>\n<strong>Usage:<\/strong>\u00a0Inhale to activate<br \/>\n<strong>Charging method:<\/strong>\u00a0Standard Type-C USB interface<br \/>\n<strong>Status:<\/strong>\u00a0Ready to use out of the box<\/p>\n<h2 data-v-md-heading=\"complete-flavor-lineup\" data-v-md-line=\"23\">Gamma completa di gusti<\/h2>\n<ul data-v-md-line=\"25\">\n<li>Peach and Mango<\/li>\n<li>Fragola Mango<\/li>\n<li>Strawberry and Banana<\/li>\n<li>Mele acide<\/li>\n<li>Ghiaccio all'anguria<\/li>\n<li>Toro Rosso<\/li>\n<li>Mirtilli e uva<\/li>\n<li>Black Dragon Ice<\/li>\n<li>Mixed fruits<\/li>\n<li>Kiwi e frutto della passione<\/li>\n<\/ul>\n<h2 data-v-md-heading=\"tailored-for-you-and-your-business\" data-v-md-line=\"36\">Su misura per te e la tua attivit\u00e0<\/h2>\n<p data-v-md-line=\"38\">Bang B20HD 20000 pu\u00f2 essere acquistato separatamente o in grandi quantit\u00e0 se sei un'azienda. L'attrezzatura e le cartucce sono fornite in confezioni all'ingrosso da 200 pezzi per scatola. Collaboriamo con partner DDP affidabili come UPS, DPD e DHL per spedire i prodotti in varie parti d'Europa con consegna sdoganata (DDP), cos\u00ec non dovrai preoccuparti delle spese doganali.<\/p>\n<h2 data-v-md-heading=\"reasons-why-you-will-like-it\" data-v-md-line=\"40\">Reasons why you will like it<\/h2>\n<p data-v-md-line=\"42\"><strong>Tempi di affumicatura extra lunghi:<\/strong>\u00a0Maggiore durata della batteria, non \u00e8 necessario acquistare frequentemente nuove cartucce.<br \/>\n<strong>Sistema intelligente di cartucce per sigarette:<\/strong>\u00a0\u00c8 pi\u00f9 ecologico e pratico delle tradizionali sigarette elettroniche usa e getta.<br \/>\n<strong>Selezione della concentrazione di nicotina:<\/strong>\u00a0Puoi scegliere la concentrazione di nicotina pi\u00f9 adatta a te.<br \/>\n<strong>Ricaricabile:<\/strong>\u00a0ti consente di utilizzare tutto l'e-liquid che acquisti.<br \/>\n<strong>Nucleo di atomizzazione a rete:<\/strong>\u00a0Pu\u00f2 offrire ogni volta un gusto stabile e ricco.<\/p>\n<h2 data-v-md-heading=\"why-choose-agoravape\" data-v-md-line=\"48\">Perch\u00e9 scegliere AgoraVape?<\/h2>\n<p data-v-md-line=\"50\">Essendo uno dei distributori di sigarette elettroniche pi\u00f9 affidabili in Europa, vendiamo solo prodotti originali al 100%. Per i nostri clienti aziendali, questo significa sconti sul prezzo all'ingrosso di Bang B20HD 20000, assistenza affidabile e spedizione rapida. Contattateci e i vostri clienti apprezzeranno davvero il vostro prodotto quando lo acquisteranno.<\/p>\n<p><script src=\"chrome-extension:\/\/fpelahbljekknahkcaegamhcndkfpfnc\/iFrame.js\" type=\"text\/javascript\"><\/script><\/p>\n<p><script src=\"chrome-extension:\/\/fpelahbljekknahkcaegamhcndkfpfnc\/iFrame.js\" type=\"text\/javascript\"><\/script><\/p>\n<p><script src=\"chrome-extension:\/\/fpelahbljekknahkcaegamhcndkfpfnc\/iFrame.js\" type=\"text\/javascript\"><\/script><\/p>\n<p><script src=\"chrome-extension:\/\/fpelahbljekknahkcaegamhcndkfpfnc\/iFrame.js\" type=\"text\/javascript\"><\/script><\/p>","protected":false},"excerpt":{"rendered":"<p>&nbsp;<\/p>\n<p><script src=\"chrome-extension:\/\/fpelahbljekknahkcaegamhcndkfpfnc\/iFrame.js\" type=\"text\/javascript\"><\/script><\/p>","protected":false},"featured_media":19185,"comment_status":"open","ping_status":"closed","template":"","meta":[],"product_brand":[197],"product_cat":[124,187,185,1636,189,123,176,174,175,193,191,173,186,180,190],"product_tag":[],"class_list":{"0":"post-19156","1":"product","2":"type-product","3":"status-publish","4":"has-post-thumbnail","6":"product_brand-bang","7":"product_cat-vape-by-brand","8":"product_cat-0mg-nicotine-free-vapes","9":"product_cat-10000-puffs-high-capacity","10":"product_cat-20000-puffs","11":"product_cat-20mg-standard-nicotine-vapes","12":"product_cat-bang","13":"product_cat-beverage","14":"product_cat-fruit-flavors","15":"product_cat-icy-mint","16":"product_cat-mesh-coil","17":"product_cat-rechargeable-disposables","18":"product_cat-vape-by-flavor-profile","19":"product_cat-vape-by-nicotine-strength","20":"product_cat-vape-by-puff-count","21":"product_cat-vape-by-feature-or-type","23":"first","24":"instock","25":"shipping-taxable","26":"purchasable","27":"product-type-variable","28":"has-default-attributes"},"tiered_pricing_type":"percentage","tiered_pricing_fixed_rules":[],"tiered_pricing_product_settings":{"layout":"default","base_unit_name":{"singular":null,"plural":null},"default_variation":null},"tiered_pricing_minimum_quantity":10,"tiered_pricing_roles_data":[],"tiered_pricing_percentage_rules":{"30":"29","50":"35","100":"40","200":"44","500":"47","1000":"49"},"tiered_pricing_maximum_quantity":null,"tiered_pricing_quantity_step":"10","_links":{"self":[{"href":"https:\/\/agoravape.com\/it\/wp-json\/wp\/v2\/product\/19156","targetHints":{"allow":["GET"]}}],"collection":[{"href":"https:\/\/agoravape.com\/it\/wp-json\/wp\/v2\/product"}],"about":[{"href":"https:\/\/agoravape.com\/it\/wp-json\/wp\/v2\/types\/product"}],"replies":[{"embeddable":true,"href":"https:\/\/agoravape.com\/it\/wp-json\/wp\/v2\/comments?post=19156"}],"version-history":[{"count":0,"href":"https:\/\/agoravape.com\/it\/wp-json\/wp\/v2\/product\/19156\/revisions"}],"wp:featuredmedia":[{"embeddable":true,"href":"https:\/\/agoravape.com\/it\/wp-json\/wp\/v2\/media\/19185"}],"wp:attachment":[{"href":"https:\/\/agoravape.com\/it\/wp-json\/wp\/v2\/media?parent=19156"}],"wp:term":[{"taxonomy":"product_brand","embeddable":true,"href":"https:\/\/agoravape.com\/it\/wp-json\/wp\/v2\/product_brand?post=19156"},{"taxonomy":"product_cat","embeddable":true,"href":"https:\/\/agoravape.com\/it\/wp-json\/wp\/v2\/product_cat?post=19156"},{"taxonomy":"product_tag","embeddable":true,"href":"https:\/\/agoravape.com\/it\/wp-json\/wp\/v2\/product_tag?post=19156"}],"curies":[{"name":"wp","href":"https:\/\/api.w.org\/{rel}","templated":true}]}}