{"id":19202,"date":"2025-10-29T14:20:51","date_gmt":"2025-10-29T06:20:51","guid":{"rendered":"https:\/\/agoravape.com\/?post_type=product&#038;p=19202"},"modified":"2026-01-19T21:59:49","modified_gmt":"2026-01-19T13:59:49","slug":"bang-gear-20000-soffi-vape","status":"publish","type":"product","link":"https:\/\/agoravape.com\/it\/product\/bang-gear-20000-puffs-vape\/","title":{"rendered":"Bang Gear 20000 tiri | Numero enorme di tiri, svapo semplice"},"content":{"rendered":"<h2 data-v-md-heading=\"what-s-so-special-about-bang-gear-20000\" data-v-md-line=\"3\"><img loading=\"lazy\" decoding=\"async\" class=\"size-full wp-image-19214 alignright\" src=\"https:\/\/agoravape.com\/wp-content\/uploads\/2025\/10\/Bang-Gear-20000-Puffs-Massive-Puff-Count-Simple-Vaping_Agora_vape-1.webp\" alt=\"\" width=\"1180\" height=\"1920\" srcset=\"https:\/\/agoravape.com\/wp-content\/uploads\/2025\/10\/Bang-Gear-20000-Puffs-Massive-Puff-Count-Simple-Vaping_Agora_vape-1.webp 1180w, https:\/\/agoravape.com\/wp-content\/uploads\/2025\/10\/Bang-Gear-20000-Puffs-Massive-Puff-Count-Simple-Vaping_Agora_vape-1-184x300.webp 184w, https:\/\/agoravape.com\/wp-content\/uploads\/2025\/10\/Bang-Gear-20000-Puffs-Massive-Puff-Count-Simple-Vaping_Agora_vape-1-629x1024.webp 629w, https:\/\/agoravape.com\/wp-content\/uploads\/2025\/10\/Bang-Gear-20000-Puffs-Massive-Puff-Count-Simple-Vaping_Agora_vape-1-768x1250.webp 768w, https:\/\/agoravape.com\/wp-content\/uploads\/2025\/10\/Bang-Gear-20000-Puffs-Massive-Puff-Count-Simple-Vaping_Agora_vape-1-944x1536.webp 944w\" sizes=\"auto, (max-width: 1180px) 100vw, 1180px\" \/><\/h2>\n<h2 data-v-md-heading=\"what-s-so-special-about-bang-gear-20000\" data-v-md-line=\"3\">Cosa ha di cos\u00ec speciale Bang Gear 20000?<\/h2>\n<p data-v-md-line=\"5\">Se sei stanco delle sigarette elettroniche usa e getta che si scaricano prima di una settimana, allora dovresti dare un'occhiata a questo prodotto. Il concetto di design di Bang Gear 20000 \u00e8 solo uno: durata. Ha una straordinaria batteria da 20000 porte, il che significa che puoi godertela al massimo senza preoccuparti di problemi di sostituzione. Potresti pensare che le sigarette elettroniche con una batteria cos\u00ec lunga siano ingombranti, ma questo prodotto \u00e8 sorprendentemente leggero e portatile.<\/p>\n<p data-v-md-line=\"7\">Per gli utenti di sigarette elettroniche che desiderano solo un prodotto affidabile, delizioso e facile da usare, \u00e8 la scelta perfetta. Non c'\u00e8 bisogno di preoccuparsi di impostazioni o pulsanti complessi; basta aprire la confezione per utilizzarlo. Questo \u00e8 un dispositivo semplice e facile da usare che offre puro piacere e praticit\u00e0.<\/p>\n<h2 data-v-md-heading=\"excellent-performance-easy-to-operate\" data-v-md-line=\"9\">Excellent performance, easy to operate<\/h2>\n<p data-v-md-line=\"11\">Il segreto del suo gusto stabile e duraturo risiede nel suo nucleo di atomizzazione mesh da 1,0 ohm integrato. Questa tecnologia garantisce che ogni boccone sia delizioso come il primo, senza alcun sapore di bruciato. Dall'inizio alla fine, il gusto \u00e8 sempre morbido ed equilibrato.<\/p>\n<p data-v-md-line=\"13\">Grazie alla sua capacit\u00e0 di contenere una grande quantit\u00e0 di liquido, il dispositivo \u00e8 dotato di una batteria ricaricabile integrata. Quando la batteria \u00e8 scarica, \u00e8 sufficiente utilizzare un normale cavo dati Type-C per ricaricarla, proprio come si ricarica uno smartphone. Ci\u00f2 significa che \u00e8 possibile utilizzare al massimo ogni goccia di liquido da 25 millilitri acquistata.<\/p>\n<h2 data-v-md-heading=\"brief-specifications\" data-v-md-line=\"15\">Brevi specifiche<\/h2>\n<p data-v-md-line=\"17\"><strong>Numero di porte:<\/strong>\u00a0fino a 20000 porte.<\/p>\n<p data-v-md-line=\"19\"><strong>Concentrazione di nicotina:<\/strong>\u00a0Disponibile in quattro concentrazioni: 0%, 2%, 3% e 5%.<\/p>\n<p data-v-md-line=\"21\"><strong>Usage:<\/strong>\u00a0Inspirare per attivare.<\/p>\n<p data-v-md-line=\"23\"><em>Charging method:<\/em>* Interfaccia USB standard di tipo C.<\/p>\n<p data-v-md-line=\"25\"><strong>Status:<\/strong>\u00a0Pronto all'uso dopo averlo disimballato.<\/p>\n<h2 data-v-md-heading=\"complete-flavor-series\" data-v-md-line=\"27\">Serie completa di sapori<\/h2>\n<ul data-v-md-line=\"29\">\n<li>Kiwi alla fragola<\/li>\n<li>Ghiaccio all'anguria<\/li>\n<li>Mirtilli e lamponi<\/li>\n<li>Strawberry watermelon<\/li>\n<li>Fragola Mango<\/li>\n<li>Bevande energetiche<\/li>\n<li>Mirtilli, ciliegie, limoni<\/li>\n<li>Black Dragon Ice<\/li>\n<li>Mixed fruits<\/li>\n<li>Strawberry and Banana<\/li>\n<li>Pesca ghiacciata<\/li>\n<li>Pista di ghiaccio blu<\/li>\n<\/ul>\n<h2 data-v-md-heading=\"tailored-for-you-and-your-business\" data-v-md-line=\"42\">Su misura per te e la tua attivit\u00e0<\/h2>\n<p data-v-md-line=\"44\">Bang Gear 20000 pu\u00f2 essere acquistato separatamente o in grandi quantit\u00e0 se sei un imprenditore. Il prodotto \u00e8 venduto in confezioni all'ingrosso da 200 unit\u00e0\/scatola, con 10 unit\u00e0 per scatola per una facile esposizione.<\/p>\n<p data-v-md-line=\"46\">In qualit\u00e0 di distributore europeo affidabile, ti offriamo servizi convenienti. Collaboriamo con partner affidabili con consegna DDP (Delivered Duty Paid) come UPS, DPD e DHL, quindi il preventivo che vedi \u00e8 il prezzo finale che pagherai. Non ci saranno incidenti durante lo sdoganamento, solo prodotti di alta qualit\u00e0, di eccellente qualit\u00e0, pronti per essere riposti sugli scaffali in qualsiasi momento.<\/p>\n<h2 data-v-md-heading=\"reasons-why-you-will-like-it\" data-v-md-line=\"48\">Reasons why you will like it<\/h2>\n<p data-v-md-line=\"50\"><strong>Durata della batteria ultra lunga:<\/strong>\u00a0Durevoli e duraturi, non richiedono acquisti frequenti.<\/p>\n<p data-v-md-line=\"52\"><strong>Selezione della concentrazione di nicotina:<\/strong>\u00a0Puoi scegliere la concentrazione di nicotina pi\u00f9 adatta a te.<\/p>\n<p data-v-md-line=\"54\"><strong>Ricaricabile:<\/strong>\u00a0L'interfaccia Type-C consente di utilizzare appieno tutti gli e-liquidi presenti all'interno del dispositivo.<\/p>\n<p data-v-md-line=\"56\"><strong>Nucleo di atomizzazione a rete:<\/strong>\u00a0Pu\u00f2 offrire ogni volta un gusto stabile e ricco.<\/p>\n<h2 data-v-md-heading=\"why-choose-agoravape\" data-v-md-line=\"58\">Perch\u00e9 scegliere AgoraVape?<\/h2>\n<p data-v-md-line=\"60\">Essendo uno dei distributori di sigarette elettroniche pi\u00f9 affidabili in Europa, vendiamo solo prodotti originali al 100%. Per i nostri clienti aziendali, questo significa che Bang Gear 20000 Puffs offre prezzi all'ingrosso scontati, supporto tecnico completo e consegne rapide e affidabili. Contattateci per ringraziare sinceramente i vostri clienti per averci fornito questo prodotto.<\/p>","protected":false},"excerpt":{"rendered":"<p>What\u2019s so special about Bang Gear 20000? If you\u2019re tired of disposable vapes that run out of battery before a<\/p>","protected":false},"featured_media":19225,"comment_status":"open","ping_status":"closed","template":"","meta":[],"product_brand":[197],"product_cat":[124,187,185,1636,189,123,176,174,175,193,191,173,186,180,190,192],"product_tag":[],"class_list":{"0":"post-19202","1":"product","2":"type-product","3":"status-publish","4":"has-post-thumbnail","6":"product_brand-bang","7":"product_cat-vape-by-brand","8":"product_cat-0mg-nicotine-free-vapes","9":"product_cat-10000-puffs-high-capacity","10":"product_cat-20000-puffs","11":"product_cat-20mg-standard-nicotine-vapes","12":"product_cat-bang","13":"product_cat-beverage","14":"product_cat-fruit-flavors","15":"product_cat-icy-mint","16":"product_cat-mesh-coil","17":"product_cat-rechargeable-disposables","18":"product_cat-vape-by-flavor-profile","19":"product_cat-vape-by-nicotine-strength","20":"product_cat-vape-by-puff-count","21":"product_cat-vape-by-feature-or-type","22":"product_cat-vapes-with-screens","24":"first","25":"onbackorder","26":"shipping-taxable","27":"purchasable","28":"product-type-variable","29":"has-default-attributes"},"tiered_pricing_type":"percentage","tiered_pricing_fixed_rules":[],"tiered_pricing_product_settings":{"layout":"default","base_unit_name":{"singular":null,"plural":null},"default_variation":null},"tiered_pricing_minimum_quantity":10,"tiered_pricing_roles_data":[],"tiered_pricing_percentage_rules":{"30":"29","50":"35","100":"40","200":"44","500":"47","1000":"49"},"tiered_pricing_maximum_quantity":null,"tiered_pricing_quantity_step":"10","_links":{"self":[{"href":"https:\/\/agoravape.com\/it\/wp-json\/wp\/v2\/product\/19202","targetHints":{"allow":["GET"]}}],"collection":[{"href":"https:\/\/agoravape.com\/it\/wp-json\/wp\/v2\/product"}],"about":[{"href":"https:\/\/agoravape.com\/it\/wp-json\/wp\/v2\/types\/product"}],"replies":[{"embeddable":true,"href":"https:\/\/agoravape.com\/it\/wp-json\/wp\/v2\/comments?post=19202"}],"version-history":[{"count":0,"href":"https:\/\/agoravape.com\/it\/wp-json\/wp\/v2\/product\/19202\/revisions"}],"wp:featuredmedia":[{"embeddable":true,"href":"https:\/\/agoravape.com\/it\/wp-json\/wp\/v2\/media\/19225"}],"wp:attachment":[{"href":"https:\/\/agoravape.com\/it\/wp-json\/wp\/v2\/media?parent=19202"}],"wp:term":[{"taxonomy":"product_brand","embeddable":true,"href":"https:\/\/agoravape.com\/it\/wp-json\/wp\/v2\/product_brand?post=19202"},{"taxonomy":"product_cat","embeddable":true,"href":"https:\/\/agoravape.com\/it\/wp-json\/wp\/v2\/product_cat?post=19202"},{"taxonomy":"product_tag","embeddable":true,"href":"https:\/\/agoravape.com\/it\/wp-json\/wp\/v2\/product_tag?post=19202"}],"curies":[{"name":"wp","href":"https:\/\/api.w.org\/{rel}","templated":true}]}}