{"id":19230,"date":"2025-10-29T14:58:50","date_gmt":"2025-10-29T06:58:50","guid":{"rendered":"https:\/\/agoravape.com\/?post_type=product&#038;p=19230"},"modified":"2026-03-26T13:22:49","modified_gmt":"2026-03-26T12:22:49","slug":"bang-25000-soffi-a-schermo-intero-vape","status":"publish","type":"product","link":"https:\/\/agoravape.com\/it\/product\/bang-25000-puffs-full-screen-vape\/","title":{"rendered":"Bang 25000 tiri | Numero enorme di tiri con un display a schermo intero"},"content":{"rendered":"<h2 data-v-md-heading=\"what-s-so-special-about-bang-25000\" data-v-md-line=\"3\"><img loading=\"lazy\" decoding=\"async\" class=\"aligncenter size-full wp-image-19244\" src=\"https:\/\/agoravape.com\/wp-content\/uploads\/2025\/10\/Bang-25000-Puffs-Massive-Puff-Count-with-a-Full-Screen-Display_Agora_vape-1.webp\" alt=\"\" width=\"1180\" height=\"1950\" srcset=\"https:\/\/agoravape.com\/wp-content\/uploads\/2025\/10\/Bang-25000-Puffs-Massive-Puff-Count-with-a-Full-Screen-Display_Agora_vape-1.webp 1180w, https:\/\/agoravape.com\/wp-content\/uploads\/2025\/10\/Bang-25000-Puffs-Massive-Puff-Count-with-a-Full-Screen-Display_Agora_vape-1-182x300.webp 182w, https:\/\/agoravape.com\/wp-content\/uploads\/2025\/10\/Bang-25000-Puffs-Massive-Puff-Count-with-a-Full-Screen-Display_Agora_vape-1-620x1024.webp 620w, https:\/\/agoravape.com\/wp-content\/uploads\/2025\/10\/Bang-25000-Puffs-Massive-Puff-Count-with-a-Full-Screen-Display_Agora_vape-1-768x1269.webp 768w, https:\/\/agoravape.com\/wp-content\/uploads\/2025\/10\/Bang-25000-Puffs-Massive-Puff-Count-with-a-Full-Screen-Display_Agora_vape-1-929x1536.webp 929w\" sizes=\"auto, (max-width: 1180px) 100vw, 1180px\" \/><\/h2>\n<h2 data-v-md-heading=\"what-s-so-special-about-bang-25000\" data-v-md-line=\"3\">Cosa ha di cos\u00ec speciale Bang 25000?<\/h2>\n<p data-v-md-line=\"5\">Se sei stanco delle sigarette elettroniche usa e getta che si scaricano prima di una settimana, allora dovresti dare un'occhiata a questo prodotto. Il Bang 25000 \u00e8 progettato per un uso prolungato e ha una batteria che dura fino a 25000 utilizzi, il che significa che pu\u00f2 durare a lungo. Per gli utenti di sigarette elettroniche che desiderano solo affidabilit\u00e0, gusto eccellente e facilit\u00e0 d'uso, \u00e8 la scelta perfetta. Qual \u00e8 il migliore? \u00c8 dotato di un ampio schermo nitido che pu\u00f2 visualizzare con precisione il livello di liquido rimanente e la carica della batteria, permettendoti di tenere traccia della carica residua in qualsiasi momento ed evitare di essere colto di sorpresa.<\/p>\n<h2 data-v-md-heading=\"excellent-performance-and-easy-operation\" data-v-md-line=\"7\">Prestazioni eccellenti e facilit\u00e0 d'uso<\/h2>\n<p data-v-md-line=\"9\">Questo dispositivo \u00e8 progettato per essere semplice ed efficiente. Il suo vero punto di forza risiede nell'e-liquid ad alta capacit\u00e0 da 25 ml, che lo rende cos\u00ec resistente e duraturo. Internamente, vengono utilizzate bobine a rete di alta qualit\u00e0 per garantire che ogni boccone sia delizioso come il primo sorso, offrendo un gusto morbido e uniforme. Quando la batteria da 650 mAh \u00e8 scarica, pu\u00f2 essere ricaricata utilizzando un cavo dati Type-C standard, che potrebbe essere lo stesso cavo utilizzato sul tuo telefono. Tutto \u00e8 pensato per semplificarti la vita.<\/p>\n<h2 data-v-md-heading=\"product-specifications\" data-v-md-line=\"11\">Product specifications<\/h2>\n<p data-v-md-line=\"13\">Frequenza di fumo: fino a 25000 tiri<\/p>\n<p data-v-md-line=\"15\">Concentrazione di nicotina: disponibile in quattro opzioni di concentrazione: 0%, 2%, 3% e 5%<\/p>\n<p data-v-md-line=\"17\"><strong>Usage:<\/strong>\u00a0Inhale to activate<\/p>\n<p data-v-md-line=\"19\"><strong>Charging method:<\/strong>\u00a0Standard Type-C USB interface<\/p>\n<p data-v-md-line=\"21\"><strong>Status:<\/strong>\u00a0Ready to use out of the box<\/p>\n<h2 data-v-md-heading=\"complete-flavor-lineup\" data-v-md-line=\"23\">Gamma completa di gusti<\/h2>\n<ul data-v-md-line=\"25\">\n<li>Ghiaccio all'anguria<\/li>\n<li>Kiwi alla fragola<\/li>\n<li>Ghiaccio alla fragola<\/li>\n<li>Mango Pesca<\/li>\n<li>Mirtilli e lamponi<\/li>\n<li>Menta e mirtillo<\/li>\n<li>Mixed fruits<\/li>\n<li>Strawberry watermelon<\/li>\n<li>Ghiaccio all'uva<\/li>\n<li>Gomma da masticare all'anguria<\/li>\n<li>Pista di ghiaccio blu<\/li>\n<li>Sangue di tigre<\/li>\n<\/ul>\n<h2 data-v-md-heading=\"tailored-for-you-and-your-business\" data-v-md-line=\"38\">Su misura per te e la tua attivit\u00e0<\/h2>\n<p data-v-md-line=\"40\">Bang 25000 pu\u00f2 essere acquistato separatamente o in grandi quantit\u00e0 se sei un imprenditore. Sono venduti in confezioni all'ingrosso da 200 unit\u00e0 per scatola, cos\u00ec puoi offrire ai tuoi clienti i prodotti per sigarette elettroniche durevoli e duraturi che amano. Collaboriamo con partner DDP affidabili come UPS, DPD e DHL per tutte le spedizioni, il che significa che tutte le merci sono state tassate. Non devi preoccuparti di costi doganali aggiuntivi, puoi usufruire di servizi di consegna fluidi e affidabili.<\/p>\n<h2 data-v-md-heading=\"the-reason-why-you-will-like-it\" data-v-md-line=\"42\">Il motivo per cui ti piacer\u00e0<\/h2>\n<p data-v-md-line=\"44\"><strong>Durata della batteria ultra lunga:<\/strong>\u00a0Maggiore durata della batteria, non \u00e8 necessario acquistare frequentemente nuovi prodotti.<\/p>\n<p data-v-md-line=\"46\"><strong>Selezione della concentrazione di nicotina:<\/strong>\u00a0Puoi scegliere la concentrazione di nicotina pi\u00f9 adatta a te.<\/p>\n<p data-v-md-line=\"48\"><strong>Visualizzazione a schermo intero:<\/strong>\u00a0Il display chiaro pu\u00f2 mostrare il livello della batteria e il liquido rimanente, consentendoti di controllarlo in qualsiasi momento.<\/p>\n<p data-v-md-line=\"50\"><strong>Ricaricabile:<\/strong>\u00a0ti consente di utilizzare ogni goccia di e-liquid che acquisti.<\/p>\n<p data-v-md-line=\"52\"><strong>Nucleo di atomizzazione a rete:<\/strong>\u00a0Pu\u00f2 offrire ogni volta un gusto stabile e ricco.<\/p>\n<h2 data-v-md-heading=\"why-choose-to-collaborate-with-agoravape\" data-v-md-line=\"54\">Perch\u00e9 scegliere di collaborare con AgoraVape?<\/h2>\n<p data-v-md-line=\"56\">Essendo uno dei distributori di sigarette elettroniche pi\u00f9 affidabili in Europa, vendiamo solo prodotti originali al 100%. Per i nostri clienti aziendali, Bang 25000 offre prezzi all'ingrosso scontati, un'assistenza affidabile e servizi di consegna rapidi e affidabili. Contattaci e scegli un prodotto che soddisfi davvero le esigenze dei nostri clienti.<\/p>","protected":false},"excerpt":{"rendered":"<p>What\u2019s so special about Bang 25000? If you\u2019re tired of disposable e-cigarettes that run out of battery before a week,<\/p>","protected":false},"featured_media":19256,"comment_status":"open","ping_status":"closed","template":"","meta":[],"product_brand":[197],"product_cat":[124,187,185,189,123,174,175,193,191,173,186,180,190,192],"product_tag":[],"class_list":{"0":"post-19230","1":"product","2":"type-product","3":"status-publish","4":"has-post-thumbnail","6":"product_brand-bang","7":"product_cat-vape-by-brand","8":"product_cat-0mg-nicotine-free-vapes","9":"product_cat-10000-puffs-high-capacity","10":"product_cat-20mg-standard-nicotine-vapes","11":"product_cat-bang","12":"product_cat-fruit-flavors","13":"product_cat-icy-mint","14":"product_cat-mesh-coil","15":"product_cat-rechargeable-disposables","16":"product_cat-vape-by-flavor-profile","17":"product_cat-vape-by-nicotine-strength","18":"product_cat-vape-by-puff-count","19":"product_cat-vape-by-feature-or-type","20":"product_cat-vapes-with-screens","22":"first","23":"instock","24":"shipping-taxable","25":"purchasable","26":"product-type-variable","27":"has-default-attributes"},"tiered_pricing_type":"percentage","tiered_pricing_fixed_rules":[],"tiered_pricing_product_settings":{"layout":"default","base_unit_name":{"singular":null,"plural":null},"default_variation":null},"tiered_pricing_minimum_quantity":10,"tiered_pricing_roles_data":[],"tiered_pricing_percentage_rules":{"30":"29","50":"35","100":"40","200":"44","500":"47","1000":"49"},"tiered_pricing_maximum_quantity":null,"tiered_pricing_quantity_step":"10","_links":{"self":[{"href":"https:\/\/agoravape.com\/it\/wp-json\/wp\/v2\/product\/19230","targetHints":{"allow":["GET"]}}],"collection":[{"href":"https:\/\/agoravape.com\/it\/wp-json\/wp\/v2\/product"}],"about":[{"href":"https:\/\/agoravape.com\/it\/wp-json\/wp\/v2\/types\/product"}],"replies":[{"embeddable":true,"href":"https:\/\/agoravape.com\/it\/wp-json\/wp\/v2\/comments?post=19230"}],"version-history":[{"count":0,"href":"https:\/\/agoravape.com\/it\/wp-json\/wp\/v2\/product\/19230\/revisions"}],"wp:featuredmedia":[{"embeddable":true,"href":"https:\/\/agoravape.com\/it\/wp-json\/wp\/v2\/media\/19256"}],"wp:attachment":[{"href":"https:\/\/agoravape.com\/it\/wp-json\/wp\/v2\/media?parent=19230"}],"wp:term":[{"taxonomy":"product_brand","embeddable":true,"href":"https:\/\/agoravape.com\/it\/wp-json\/wp\/v2\/product_brand?post=19230"},{"taxonomy":"product_cat","embeddable":true,"href":"https:\/\/agoravape.com\/it\/wp-json\/wp\/v2\/product_cat?post=19230"},{"taxonomy":"product_tag","embeddable":true,"href":"https:\/\/agoravape.com\/it\/wp-json\/wp\/v2\/product_tag?post=19230"}],"curies":[{"name":"wp","href":"https:\/\/api.w.org\/{rel}","templated":true}]}}