{"id":19258,"date":"2025-10-29T15:14:53","date_gmt":"2025-10-29T07:14:53","guid":{"rendered":"https:\/\/agoravape.com\/?post_type=product&#038;p=19258"},"modified":"2026-03-26T13:22:49","modified_gmt":"2026-03-26T12:22:49","slug":"bang-28000-soffi-mesh-vape","status":"publish","type":"product","link":"https:\/\/agoravape.com\/it\/product\/bang-28000-puffs-mesh-vape\/","title":{"rendered":"Bang 28000 Puffs Vape usa e getta | Gusto davvero duraturo"},"content":{"rendered":"<h2 data-v-md-heading=\"what-s-special-about-bang-28000\" data-v-md-line=\"3\">Cosa ha di speciale Bang 28000?<\/h2>\n<p data-v-md-line=\"5\">Se sei stanco delle sigarette elettroniche usa e getta che si scaricano prima di una settimana, allora dovresti dare un'occhiata a questo prodotto. La filosofia di design del Bang 28000 \u00e8 una sola: la durata. Ha una durata della batteria fino a 28000 tiri, permettendoti di goderti infinite esperienze di fumo. Potresti pensare che una sigaretta elettronica cos\u00ec resistente sia ingombrante, ma rimarrai piacevolmente sorpreso di trovarla molto comoda. Per gli utenti che desiderano solo affidabilit\u00e0, un gusto eccellente e facilit\u00e0 d'uso, \u00e8 la scelta ideale.<\/p>\n<h2 data-v-md-heading=\"excellent-performance-simple-and-easy-to-use\" data-v-md-line=\"7\">Ottime prestazioni, semplice e facile da usare<\/h2>\n<p data-v-md-line=\"9\">Il segreto dell'eccellente sapore del Bang 28000 risiede nel suo nucleo di atomizzazione a rete integrato. Questa tecnologia garantisce un gusto ricco e uniforme, permettendoti di assaporare lo stesso meraviglioso sapore del primo morso a ogni boccone. Non sono necessari pulsanti o impostazioni; basta inalare per iniziare. Quando la batteria \u00e8 scarica, \u00e8 sufficiente utilizzare un cavo dati Type-C standard per ricaricarla, proprio come si ricarica il telefono. Semplice e comodo.<\/p>\n<h2 data-v-md-heading=\"quick-specifications\" data-v-md-line=\"11\">Specifiche rapide<\/h2>\n<p data-v-md-line=\"13\"><strong>Numero di porte di aspirazione:<\/strong>\u00a0fino a 28000.<br \/>\n<strong>Concentrazione di nicotina:<\/strong>\u00a0Disponibile in quattro concentrazioni: 0%, 2%, 3% e 5%.<br \/>\n<strong>Principio di funzionamento:<\/strong>\u00a0Per attivarlo \u00e8 sufficiente inspirare.<br \/>\n<em>Charging method:<\/em>* Interfaccia USB standard di tipo C.<br \/>\n<strong>Status:<\/strong>\u00a0Pronto all'uso dopo averlo disimballato.<\/p>\n<h2 data-v-md-heading=\"full-range-of-flavors\" data-v-md-line=\"19\">Full range of flavors<\/h2>\n<ul data-v-md-line=\"20\">\n<li>Ghiacciolo alla fragola e all'anguria<\/li>\n<li>Pista di ghiaccio blu<\/li>\n<li>Sangue di tigre (Sangue e sabbia)<\/li>\n<li>Ananas Cocco<\/li>\n<li>Strawberry and Banana<\/li>\n<li>Mixed fruits<\/li>\n<li>Mirtilli e lamponi<\/li>\n<li>Pesca ghiacciata<\/li>\n<li>Mango e Pesca<\/li>\n<li>Anguria<\/li>\n<li>Ghiaccio all'uva<\/li>\n<li>Kiwi alla fragola<\/li>\n<\/ul>\n<h2 data-v-md-heading=\"for-you-for-your-business\" data-v-md-line=\"33\">Per te, per il tuo business<\/h2>\n<p data-v-md-line=\"34\">Offriamo l'acquisto separato di Bang 28000, ma se sei un imprenditore, puoi anche fare scorta. Sono venduti al prezzo all'ingrosso di 200 pezzi per scatola, rendendoli facili da collocare sugli scaffali. Spediamo tramite partner DDP affidabili come UPS, DPD e DHL in tutta Europa, cos\u00ec puoi ricevere i tuoi ordini in modo rapido e affidabile, evitando imprevisti alla dogana.<\/p>\n<h2 data-v-md-heading=\"why-do-you-like-it\" data-v-md-line=\"36\">Perch\u00e9 ti piace?<\/h2>\n<p data-v-md-line=\"37\"><strong>Aspirazione extra:<\/strong>\u00a0Sembra che venga risucchiato per sempre, quindi non \u00e8 necessario comprarne di nuovi frequentemente.<br \/>\n<strong>Selezione della nicotina:<\/strong>\u00a0Puoi scegliere la concentrazione di nicotina pi\u00f9 adatta a te, da quella senza nicotina a quella con nicotina pi\u00f9 forte.<br \/>\n<strong>Ricaricabile:<\/strong>\u00a0significa che puoi utilizzare ogni goccia di e-liquid che acquisti.<br \/>\n<strong>Mesh coil:<\/strong>\u00a0It brings a consistent and rich taste every time.<\/p>\n<h2 data-v-md-heading=\"why-collaborate-with-agoravape\" data-v-md-line=\"42\">Perch\u00e9 collaborare con AgoraVape?<\/h2>\n<p data-v-md-line=\"43\">Essendo uno dei distributori di sigarette elettroniche pi\u00f9 affidabili in Europa, vendiamo solo prodotti originali al 100%. Per i nostri clienti commerciali, questo significa che le sigarette elettroniche Bang 28000 offrono prezzi all'ingrosso scontati, un'assistenza affidabile e un trasporto rapido e affidabile. Contattateci e vi forniremo un prodotto che i nostri clienti apprezzano davvero.<\/p>","protected":false},"excerpt":{"rendered":"<p>What\u2019s special about Bang 28000? If you\u2019re tired of disposable vapes that run out of battery before a week, then<\/p>","protected":false},"featured_media":19280,"comment_status":"open","ping_status":"closed","template":"","meta":[],"product_brand":[197],"product_cat":[124,187,185,189,123,174,175,193,191,179,173,186,180,190],"product_tag":[],"class_list":{"0":"post-19258","1":"product","2":"type-product","3":"status-publish","4":"has-post-thumbnail","6":"product_brand-bang","7":"product_cat-vape-by-brand","8":"product_cat-0mg-nicotine-free-vapes","9":"product_cat-10000-puffs-high-capacity","10":"product_cat-20mg-standard-nicotine-vapes","11":"product_cat-bang","12":"product_cat-fruit-flavors","13":"product_cat-icy-mint","14":"product_cat-mesh-coil","15":"product_cat-rechargeable-disposables","16":"product_cat-unique-blends","17":"product_cat-vape-by-flavor-profile","18":"product_cat-vape-by-nicotine-strength","19":"product_cat-vape-by-puff-count","20":"product_cat-vape-by-feature-or-type","22":"first","23":"instock","24":"shipping-taxable","25":"purchasable","26":"product-type-variable","27":"has-default-attributes"},"tiered_pricing_type":"percentage","tiered_pricing_fixed_rules":[],"tiered_pricing_product_settings":{"layout":"default","base_unit_name":{"singular":null,"plural":null},"default_variation":null},"tiered_pricing_minimum_quantity":10,"tiered_pricing_roles_data":[],"tiered_pricing_percentage_rules":{"30":"29","50":"35","100":"40","200":"44","500":"47","1000":"49"},"tiered_pricing_maximum_quantity":null,"tiered_pricing_quantity_step":"10","_links":{"self":[{"href":"https:\/\/agoravape.com\/it\/wp-json\/wp\/v2\/product\/19258","targetHints":{"allow":["GET"]}}],"collection":[{"href":"https:\/\/agoravape.com\/it\/wp-json\/wp\/v2\/product"}],"about":[{"href":"https:\/\/agoravape.com\/it\/wp-json\/wp\/v2\/types\/product"}],"replies":[{"embeddable":true,"href":"https:\/\/agoravape.com\/it\/wp-json\/wp\/v2\/comments?post=19258"}],"version-history":[{"count":0,"href":"https:\/\/agoravape.com\/it\/wp-json\/wp\/v2\/product\/19258\/revisions"}],"wp:featuredmedia":[{"embeddable":true,"href":"https:\/\/agoravape.com\/it\/wp-json\/wp\/v2\/media\/19280"}],"wp:attachment":[{"href":"https:\/\/agoravape.com\/it\/wp-json\/wp\/v2\/media?parent=19258"}],"wp:term":[{"taxonomy":"product_brand","embeddable":true,"href":"https:\/\/agoravape.com\/it\/wp-json\/wp\/v2\/product_brand?post=19258"},{"taxonomy":"product_cat","embeddable":true,"href":"https:\/\/agoravape.com\/it\/wp-json\/wp\/v2\/product_cat?post=19258"},{"taxonomy":"product_tag","embeddable":true,"href":"https:\/\/agoravape.com\/it\/wp-json\/wp\/v2\/product_tag?post=19258"}],"curies":[{"name":"wp","href":"https:\/\/api.w.org\/{rel}","templated":true}]}}