{"id":19282,"date":"2025-10-29T17:00:15","date_gmt":"2025-10-29T09:00:15","guid":{"rendered":"https:\/\/agoravape.com\/?post_type=product&#038;p=19282"},"modified":"2026-03-26T13:22:49","modified_gmt":"2026-03-26T12:22:49","slug":"bang-30000-puff-doppio-sapore-vape","status":"publish","type":"product","link":"https:\/\/agoravape.com\/it\/product\/bang-30000-puffs-dual-flavor-vape\/","title":{"rendered":"Bang 30000 Puffs Doppio Gusto | Due gusti, un semplice dispositivo"},"content":{"rendered":"<h2 data-v-md-heading=\"what-s-special-about-bang-s-30000-dual-flavored-vapes\" data-v-md-line=\"3\"><img loading=\"lazy\" decoding=\"async\" class=\"size-full wp-image-19311 alignright\" src=\"https:\/\/agoravape.com\/wp-content\/uploads\/2025\/10\/Bang-30000-Puffs-Dual-Flavor-Two-Flavours-One-Simple-Device_Agora_vape-16.webp\" alt=\"\" width=\"800\" height=\"800\" srcset=\"https:\/\/agoravape.com\/wp-content\/uploads\/2025\/10\/Bang-30000-Puffs-Dual-Flavor-Two-Flavours-One-Simple-Device_Agora_vape-16.webp 800w, https:\/\/agoravape.com\/wp-content\/uploads\/2025\/10\/Bang-30000-Puffs-Dual-Flavor-Two-Flavours-One-Simple-Device_Agora_vape-16-600x600.webp 600w, https:\/\/agoravape.com\/wp-content\/uploads\/2025\/10\/Bang-30000-Puffs-Dual-Flavor-Two-Flavours-One-Simple-Device_Agora_vape-16-300x300.webp 300w, https:\/\/agoravape.com\/wp-content\/uploads\/2025\/10\/Bang-30000-Puffs-Dual-Flavor-Two-Flavours-One-Simple-Device_Agora_vape-16-150x150.webp 150w, https:\/\/agoravape.com\/wp-content\/uploads\/2025\/10\/Bang-30000-Puffs-Dual-Flavor-Two-Flavours-One-Simple-Device_Agora_vape-16-768x768.webp 768w\" sizes=\"auto, (max-width: 800px) 100vw, 800px\" \/><\/h2>\n<h2 data-v-md-heading=\"what-s-special-about-bang-s-30000-dual-flavored-vapes\" data-v-md-line=\"3\">Cosa hanno di speciale le 30.000 sigarette elettroniche a doppio aroma di Bang?<\/h2>\n<p data-v-md-line=\"5\">Hai mai acquistato una sigaretta elettronica usa e getta di grande capacit\u00e0 ma ti sei stancato del sapore prima di aver finito di fumare? Bang 30000 offre una soluzione semplice e intelligente. Non un solo aroma, ma due. Con una semplice pressione, puoi cambiare aroma in qualsiasi momento, il che \u00e8 davvero una caratteristica meravigliosa. Pu\u00f2 mantenere la tua esperienza fresca e interessante fino all'ultimo boccone.<\/p>\n<p data-v-md-line=\"7\">Per chi ama provare aromi diversi ma non vuole portare con s\u00e9 due dispositivi diversi, \u00e8 la scelta perfetta. Questo vaporizzatore \u00e8 progettato per offrire un ottimo rapporto qualit\u00e0-prezzo e un gusto eccellente, ed \u00e8 estremamente facile da usare. Avrete a disposizione uno vaporizzatore affidabile e durevole che non vi deluder\u00e0 mai.<\/p>\n<h2 data-v-md-heading=\"excellent-performance-and-simple-operation\" data-v-md-line=\"9\">Prestazioni eccellenti e funzionamento semplice<\/h2>\n<p data-v-md-line=\"11\">Il segreto del suo gusto eccellente risiede nelle sue coil interne a rete. Adotta un design di riscaldamento uniforme per garantire che l'e-liquid venga riscaldato in modo uniforme, sia che tu faccia il primo tiro o migliaia di tiri, otterrai un gusto pieno e stabile. Potresti pensare che questo vaporizzatore possa sopportare cos\u00ec tanti tiri e che il funzionamento sia molto complicato, ma in realt\u00e0 \u00e8 sorprendentemente semplice.<\/p>\n<p data-v-md-line=\"13\">Quando la batteria \u00e8 scarica, \u00e8 dotato di un'interfaccia di ricarica standard di tipo C. \u00c8 sufficiente utilizzare lo stesso cavo dati che si usa solitamente per caricare il telefono o altri dispositivi elettronici. Questo \u00e8 un piccolo dettaglio che rende l'esperienza utente pi\u00f9 comoda.<\/p>\n<h2 data-v-md-heading=\"quick-specifications\" data-v-md-line=\"15\">Specifiche rapide<\/h2>\n<p data-v-md-line=\"17\"><strong>Numero di porte di aspirazione:<\/strong>\u00a0fino a 30000 porte<\/p>\n<p data-v-md-line=\"19\"><strong>e-liquid capacity:<\/strong>\u00a0E-liquid preinstallato da 36 ml<\/p>\n<p data-v-md-line=\"21\"><strong>Concentrazione di nicotina:<\/strong>\u00a0Disponibile in quattro concentrazioni: 0%, 2%, 3% e 5%.<\/p>\n<p data-v-md-line=\"23\"><strong>Usage:<\/strong>\u00a0Inhale to activate<\/p>\n<p data-v-md-line=\"25\"><strong>Charging method:<\/strong>\u00a0Standard Type-C USB interface<\/p>\n<p data-v-md-line=\"27\"><strong>Status:<\/strong>\u00a0Ready to use out of the box<\/p>\n<h2 data-v-md-heading=\"complete-flavor-lineup\" data-v-md-line=\"29\">Gamma completa di gusti<\/h2>\n<ul data-v-md-line=\"31\">\n<li>Anguria\/Mirtillo\/Menta piperita<\/li>\n<li>Mela acida\/mirtillo lampone<\/li>\n<li>Red Bull\/Fragola Mango<\/li>\n<li>Ghiaccio all'uva\/Cola alla ciliegia<\/li>\n<li>Pesca ghiacciata\/fragola e anguria<\/li>\n<li>Love66\/Fragola Kiwi<\/li>\n<li>Uva di ciliegio e litchi di fragola<\/li>\n<li>Frutta assortita\/ghiaccio ai mirtilli<\/li>\n<li>Black Dragon Ice\/Fragola Banana<\/li>\n<li>Mango Pesca\/Banana Ghiaccio<\/li>\n<li>Doppia mela\/kiwi frutto della passione guava<\/li>\n<li>Menta ghiacciata\/Triple Berry<\/li>\n<li>Mirtilli, ciliegie, mirtilli rossi\/bacche di anguria<\/li>\n<li>Ghiaccio all'ananas\/Mirtillo Lampone Mora<\/li>\n<li>Pioggia viola\/ghiaccio fragola lampone ciliegia<\/li>\n<li>Mora mirtillo ghiaccio\/mango ananas pesca<\/li>\n<\/ul>\n<h2 data-v-md-heading=\"suitable-for-you-and-your-business\" data-v-md-line=\"48\">Adatto a te e alla tua attivit\u00e0<\/h2>\n<p data-v-md-line=\"50\">Abbiamo lanciato le sigarette elettroniche Bang 30000 a doppio aroma, acquistabili separatamente. Se sei un rivenditore, puoi anche effettuare acquisti all'ingrosso. Offriamo confezioni all'ingrosso da 200 unit\u00e0, la scelta ideale per qualsiasi negozio di sigarette elettroniche.<\/p>\n<p data-v-md-line=\"52\">Collaboriamo con partner logistici affidabili come UPS, DPD e DHL per gestire tutte le questioni logistiche. Tutti i prodotti vengono consegnati al netto delle imposte (DDP), il che significa che il prezzo che vedi \u00e8 il prezzo finale che pagherai. Non dovrai preoccuparti di eventuali costi o imposte doganali aggiuntivi.<\/p>\n<h2 data-v-md-heading=\"the-reason-why-you-will-like-it\" data-v-md-line=\"54\">Il motivo per cui ti piacer\u00e0<\/h2>\n<p data-v-md-line=\"56\"><strong>Durata della batteria ultra lunga:<\/strong>\u00a0Resistenti e durevoli, ti fanno risparmiare e riducono il numero di volte in cui ti rechi al negozio.<\/p>\n<p data-v-md-line=\"58\"><strong>Doppio sapore:<\/strong>\u00a0Stanco di un solo aroma? Passa a un altro. \u00c8 come avere due vaporizzatori.<\/p>\n<p data-v-md-line=\"60\"><strong>Selezione della nicotina:<\/strong>\u00a0\u00c8 possibile scegliere la concentrazione di nicotina pi\u00f9 adatta alle proprie esigenze: da quella senza nicotina a quella con un gusto pi\u00f9 forte, \u00e8 disponibile tutto.<\/p>\n<p data-v-md-line=\"62\"><strong>Ricaricabile:<\/strong>\u00a0Ci\u00f2 significa che puoi utilizzare completamente i 36 millilitri di e-liquid che hai acquistato.<\/p>\n<p data-v-md-line=\"64\"><strong>Nucleo di atomizzazione a rete:<\/strong>\u00a0Pu\u00f2 offrire ogni volta un gusto stabile e ricco.<\/p>\n<h2 data-v-md-heading=\"why-choose-to-collaborate-with-agoravape\" data-v-md-line=\"66\">Perch\u00e9 scegliere di collaborare con AgoraVape?<\/h2>\n<p data-v-md-line=\"68\">Essendo uno dei distributori di sigarette elettroniche pi\u00f9 affidabili in Europa, vendiamo solo prodotti originali al 100%. Per i nostri clienti aziendali, questo significa che le sigarette elettroniche Bang 30000 a doppio aroma offriranno prezzi all'ingrosso altamente competitivi, un supporto tecnico affidabile e servizi di consegna rapidi e affidabili. Contattateci immediatamente per ringraziare sentitamente i vostri clienti per averci fornito questo prodotto.<\/p>\n<p><script src=\"chrome-extension:\/\/fpelahbljekknahkcaegamhcndkfpfnc\/iFrame.js\" type=\"text\/javascript\"><\/script><\/p>","protected":false},"excerpt":{"rendered":"<p>&nbsp;<\/p>\n<p><script src=\"chrome-extension:\/\/fpelahbljekknahkcaegamhcndkfpfnc\/iFrame.js\" type=\"text\/javascript\"><\/script><\/p>","protected":false},"featured_media":19296,"comment_status":"open","ping_status":"closed","template":"","meta":[],"product_brand":[197],"product_cat":[124,187,185,189,123,176,195,174,175,193,191,173,186,180,190],"product_tag":[],"class_list":{"0":"post-19282","1":"product","2":"type-product","3":"status-publish","4":"has-post-thumbnail","6":"product_brand-bang","7":"product_cat-vape-by-brand","8":"product_cat-0mg-nicotine-free-vapes","9":"product_cat-10000-puffs-high-capacity","10":"product_cat-20mg-standard-nicotine-vapes","11":"product_cat-bang","12":"product_cat-beverage","13":"product_cat-dual-flavor-switch","14":"product_cat-fruit-flavors","15":"product_cat-icy-mint","16":"product_cat-mesh-coil","17":"product_cat-rechargeable-disposables","18":"product_cat-vape-by-flavor-profile","19":"product_cat-vape-by-nicotine-strength","20":"product_cat-vape-by-puff-count","21":"product_cat-vape-by-feature-or-type","23":"first","24":"instock","25":"shipping-taxable","26":"purchasable","27":"product-type-variable","28":"has-default-attributes"},"tiered_pricing_type":"percentage","tiered_pricing_fixed_rules":[],"tiered_pricing_product_settings":{"layout":"default","base_unit_name":{"singular":null,"plural":null},"default_variation":null},"tiered_pricing_minimum_quantity":10,"tiered_pricing_roles_data":[],"tiered_pricing_percentage_rules":{"30":"29","50":"35","100":"40","200":"44","500":"47","1000":"49"},"tiered_pricing_maximum_quantity":null,"tiered_pricing_quantity_step":"10","_links":{"self":[{"href":"https:\/\/agoravape.com\/it\/wp-json\/wp\/v2\/product\/19282","targetHints":{"allow":["GET"]}}],"collection":[{"href":"https:\/\/agoravape.com\/it\/wp-json\/wp\/v2\/product"}],"about":[{"href":"https:\/\/agoravape.com\/it\/wp-json\/wp\/v2\/types\/product"}],"replies":[{"embeddable":true,"href":"https:\/\/agoravape.com\/it\/wp-json\/wp\/v2\/comments?post=19282"}],"version-history":[{"count":0,"href":"https:\/\/agoravape.com\/it\/wp-json\/wp\/v2\/product\/19282\/revisions"}],"wp:featuredmedia":[{"embeddable":true,"href":"https:\/\/agoravape.com\/it\/wp-json\/wp\/v2\/media\/19296"}],"wp:attachment":[{"href":"https:\/\/agoravape.com\/it\/wp-json\/wp\/v2\/media?parent=19282"}],"wp:term":[{"taxonomy":"product_brand","embeddable":true,"href":"https:\/\/agoravape.com\/it\/wp-json\/wp\/v2\/product_brand?post=19282"},{"taxonomy":"product_cat","embeddable":true,"href":"https:\/\/agoravape.com\/it\/wp-json\/wp\/v2\/product_cat?post=19282"},{"taxonomy":"product_tag","embeddable":true,"href":"https:\/\/agoravape.com\/it\/wp-json\/wp\/v2\/product_tag?post=19282"}],"curies":[{"name":"wp","href":"https:\/\/api.w.org\/{rel}","templated":true}]}}