{"id":19349,"date":"2025-10-29T18:26:18","date_gmt":"2025-10-29T10:26:18","guid":{"rendered":"https:\/\/agoravape.com\/?post_type=product&#038;p=19349"},"modified":"2026-03-14T16:22:20","modified_gmt":"2026-03-14T15:22:20","slug":"bang-36000-dtl-shisha-hookah-vape","status":"publish","type":"product","link":"https:\/\/agoravape.com\/it\/product\/bang-36000-dtl-shisha-hookah-vape\/","title":{"rendered":"Bang 36000 DTL Shisha Hookah | Grandi nuvole e sapore che dura"},"content":{"rendered":"<h2 data-v-md-heading=\"what-is-the-special-feature-of-bang-36000-dtl-disposable-vape\" data-v-md-line=\"3\"><img loading=\"lazy\" decoding=\"async\" class=\"aligncenter size-full wp-image-19374\" src=\"https:\/\/agoravape.com\/wp-content\/uploads\/2025\/10\/Bang-36000-DTL-Shisha-Hookah-Big-Clouds-and-Flavour-That-Lasts_Agora_vape-12-scaled.webp\" alt=\"\" width=\"1126\" height=\"2560\" srcset=\"https:\/\/agoravape.com\/wp-content\/uploads\/2025\/10\/Bang-36000-DTL-Shisha-Hookah-Big-Clouds-and-Flavour-That-Lasts_Agora_vape-12-scaled.webp 1126w, https:\/\/agoravape.com\/wp-content\/uploads\/2025\/10\/Bang-36000-DTL-Shisha-Hookah-Big-Clouds-and-Flavour-That-Lasts_Agora_vape-12-132x300.webp 132w, https:\/\/agoravape.com\/wp-content\/uploads\/2025\/10\/Bang-36000-DTL-Shisha-Hookah-Big-Clouds-and-Flavour-That-Lasts_Agora_vape-12-450x1024.webp 450w, https:\/\/agoravape.com\/wp-content\/uploads\/2025\/10\/Bang-36000-DTL-Shisha-Hookah-Big-Clouds-and-Flavour-That-Lasts_Agora_vape-12-768x1746.webp 768w, https:\/\/agoravape.com\/wp-content\/uploads\/2025\/10\/Bang-36000-DTL-Shisha-Hookah-Big-Clouds-and-Flavour-That-Lasts_Agora_vape-12-676x1536.webp 676w, https:\/\/agoravape.com\/wp-content\/uploads\/2025\/10\/Bang-36000-DTL-Shisha-Hookah-Big-Clouds-and-Flavour-That-Lasts_Agora_vape-12-901x2048.webp 901w, https:\/\/agoravape.com\/wp-content\/uploads\/2025\/10\/Bang-36000-DTL-Shisha-Hookah-Big-Clouds-and-Flavour-That-Lasts_Agora_vape-12-1200x2728.webp 1200w\" sizes=\"auto, (max-width: 1126px) 100vw, 1126px\" \/><\/h2>\n<h2 data-v-md-heading=\"what-is-the-special-feature-of-bang-36000-dtl-disposable-vape\" data-v-md-line=\"3\">Qual \u00e8 la caratteristica speciale della sigaretta elettronica usa e getta Bang 36000 DTL?<\/h2>\n<p data-v-md-line=\"5\">Se siete stanchi delle sigarette elettroniche usa e getta che perdono il loro fascino in pochi giorni, allora questo prodotto merita sicuramente un'occhiata. Bang 36000 \u00e8 progettato specificamente per gli utenti che cercano durata e un'esperienza di narghil\u00e8 autentica. Come suggerisce il nome, \u00e8 una sigaretta elettronica che viene inalata direttamente nei polmoni (DTL), il che significa che utilizza un metodo di inalazione pi\u00f9 aperto e trasparente per produrre un fumo intenso e corposo.<\/p>\n<p data-v-md-line=\"7\">Questo dispositivo \u00e8 perfetto per chi desidera provare l'atmosfera di un narghil\u00e8, ma allo stesso tempo avere un'esperienza comoda e portatile. \u00c8 dotato di un e-liquid da 40 ml e pu\u00f2 fumare fino a 36.000 boccate, il che non vi deluder\u00e0 di certo. Questo vaporizzatore \u00e8 perfetto per chi desidera solo affidabilit\u00e0, gusto eccellente e facilit\u00e0 d'uso.<\/p>\n<h2 data-v-md-heading=\"excellent-performance-and-simple-operation\" data-v-md-line=\"9\">Prestazioni eccellenti e funzionamento semplice<\/h2>\n<p data-v-md-line=\"11\">Potresti pensare che usare uno svapo con cos\u00ec tante boccate sia complicato, ma rimarrai sorpreso dalla sua semplicit\u00e0 e facilit\u00e0 d'uso. Il segreto del suo gusto ricco e costante risiede nel nucleo atomizzatore mesh da 0,6 \u03a9. Garantisce che ogni boccata sia deliziosa come la prima, senza alcun sapore di bruciato. Dall'inizio alla fine, il gusto \u00e8 morbido e pieno.<\/p>\n<p data-v-md-line=\"13\">Questo dispositivo \u00e8 alimentato da una batteria ricaricabile affidabile, cos\u00ec puoi utilizzare al meglio ogni goccia di liquido che acquisti. Quando la batteria \u00e8 scarica, puoi ricaricarla semplicemente utilizzando un cavo dati Type-C standard, proprio come faresti con il tuo telefono. Molto comodo.<\/p>\n<h2 data-v-md-heading=\"quick-specifications\" data-v-md-line=\"15\">Specifiche rapide<\/h2>\n<p data-v-md-line=\"17\"><strong>Numero di porte:<\/strong>\u00a0fino a 36000 porte.<\/p>\n<p data-v-md-line=\"19\"><strong>Concentrazione di nicotina:<\/strong>\u00a0Disponibile in quattro concentrazioni: 0%, 2%, 3% e 5%.<\/p>\n<p data-v-md-line=\"21\"><strong>Usage:<\/strong>\u00a0Per attivarlo \u00e8 sufficiente inspirare.<\/p>\n<p data-v-md-line=\"23\"><strong>Charging method:<\/strong>\u00a0Interfaccia USB standard di tipo C.<\/p>\n<p data-v-md-line=\"25\"><strong>Status:<\/strong>\u00a0Pronto all'uso dopo averlo disimballato.<\/p>\n<h2 data-v-md-heading=\"complete-flavor-series\" data-v-md-line=\"27\">Serie completa di sapori<\/h2>\n<ul data-v-md-line=\"29\">\n<li>Kiwi alla fragola<\/li>\n<li>Mango, Pesca, Anguria<\/li>\n<li>Mixed fruits<\/li>\n<li>Menthol ice<\/li>\n<li>Mango e Pesca<\/li>\n<li>Ghiaccio all'uva<\/li>\n<li>Doppie mele<\/li>\n<li>Mirtilli e lamponi<\/li>\n<li>Strawberry watermelon<\/li>\n<li>Ghiaccio all'anguria<\/li>\n<li>Fragola Mango<\/li>\n<li>Pista di ghiaccio blu<\/li>\n<\/ul>\n<h2 data-v-md-heading=\"tailored-for-you-and-your-business\" data-v-md-line=\"42\">Su misura per te e la tua attivit\u00e0<\/h2>\n<p data-v-md-line=\"44\">Il narghil\u00e8 Bang 36000 DTL pu\u00f2 essere acquistato separatamente o in grandi quantit\u00e0 se sei un imprenditore. Offriamo confezioni all'ingrosso per 80 unit\u00e0. Garantiamo una consegna senza intoppi del tuo ordine utilizzando partner logistici affidabili con consegna DDP (Delivery Duty Paid) come UPS, DPD e DHL. Ci\u00f2 significa che non dovrai preoccuparti di costi doganali aggiuntivi, ma potrai usufruire di servizi di consegna comodi e affidabili.<\/p>\n<h2 data-v-md-heading=\"reasons-why-you-will-like-it\" data-v-md-line=\"46\">Reasons why you will like it<\/h2>\n<p data-v-md-line=\"48\"><strong>Durata della batteria ultra lunga:<\/strong>\u00a0Durevoli e duraturi, non richiedono acquisti frequenti.<\/p>\n<p data-v-md-line=\"50\"><strong>Selezione della concentrazione di nicotina:<\/strong>\u00a0Puoi scegliere la concentrazione di nicotina pi\u00f9 adatta a te, da zero al 5%.<\/p>\n<p data-v-md-line=\"52\"><strong>Ricaricabile:<\/strong>\u00a0E-liquid da 40 ml, utilizzabile una volta completamente carico.<\/p>\n<p data-v-md-line=\"54\"><strong>Nucleo di atomizzazione a rete:<\/strong>\u00a0Pu\u00f2 offrire ogni volta un gusto stabile e ricco.<\/p>\n<p data-v-md-line=\"56\"><strong>Flusso d'aria DTL appropriato:<\/strong>\u00a0Pu\u00f2 produrre un fumo intenso come quello del narghil\u00e8 tradizionale.<\/p>\n<h2 data-v-md-heading=\"why-choose-agoravape\" data-v-md-line=\"58\">Perch\u00e9 scegliere AgoraVape?<\/h2>\n<p data-v-md-line=\"60\">Essendo uno dei distributori di sigarette elettroniche pi\u00f9 affidabili in Europa, vendiamo solo prodotti originali al 100%. Per i nostri clienti aziendali, questo significa che le sigarette elettroniche usa e getta Bang 36000 DTL offrono prezzi all'ingrosso altamente competitivi, un'assistenza post-vendita affidabile e servizi di consegna rapidi e affidabili. Contattaci subito e acquista questo prodotto. I tuoi clienti lo apprezzeranno davvero.<\/p>","protected":false},"excerpt":{"rendered":"<p>&nbsp;<\/p>\n<p><script src=\"chrome-extension:\/\/fpelahbljekknahkcaegamhcndkfpfnc\/iFrame.js\" type=\"text\/javascript\"><\/script><\/p>","protected":false},"featured_media":19375,"comment_status":"open","ping_status":"closed","template":"","meta":[],"product_brand":[197],"product_cat":[124,187,185,189,123,174,175,193,191,173,186,180,190],"product_tag":[],"class_list":{"0":"post-19349","1":"product","2":"type-product","3":"status-publish","4":"has-post-thumbnail","6":"product_brand-bang","7":"product_cat-vape-by-brand","8":"product_cat-0mg-nicotine-free-vapes","9":"product_cat-10000-puffs-high-capacity","10":"product_cat-20mg-standard-nicotine-vapes","11":"product_cat-bang","12":"product_cat-fruit-flavors","13":"product_cat-icy-mint","14":"product_cat-mesh-coil","15":"product_cat-rechargeable-disposables","16":"product_cat-vape-by-flavor-profile","17":"product_cat-vape-by-nicotine-strength","18":"product_cat-vape-by-puff-count","19":"product_cat-vape-by-feature-or-type","21":"first","22":"instock","23":"shipping-taxable","24":"purchasable","25":"product-type-variable","26":"has-default-attributes"},"tiered_pricing_type":"percentage","tiered_pricing_fixed_rules":[],"tiered_pricing_product_settings":{"layout":"default","base_unit_name":{"singular":null,"plural":null},"default_variation":null},"tiered_pricing_minimum_quantity":10,"tiered_pricing_roles_data":[],"tiered_pricing_percentage_rules":{"30":"29","50":"35","100":"40","200":"44","500":"47","1000":"49"},"tiered_pricing_maximum_quantity":null,"tiered_pricing_quantity_step":"10","_links":{"self":[{"href":"https:\/\/agoravape.com\/it\/wp-json\/wp\/v2\/product\/19349","targetHints":{"allow":["GET"]}}],"collection":[{"href":"https:\/\/agoravape.com\/it\/wp-json\/wp\/v2\/product"}],"about":[{"href":"https:\/\/agoravape.com\/it\/wp-json\/wp\/v2\/types\/product"}],"replies":[{"embeddable":true,"href":"https:\/\/agoravape.com\/it\/wp-json\/wp\/v2\/comments?post=19349"}],"version-history":[{"count":0,"href":"https:\/\/agoravape.com\/it\/wp-json\/wp\/v2\/product\/19349\/revisions"}],"wp:featuredmedia":[{"embeddable":true,"href":"https:\/\/agoravape.com\/it\/wp-json\/wp\/v2\/media\/19375"}],"wp:attachment":[{"href":"https:\/\/agoravape.com\/it\/wp-json\/wp\/v2\/media?parent=19349"}],"wp:term":[{"taxonomy":"product_brand","embeddable":true,"href":"https:\/\/agoravape.com\/it\/wp-json\/wp\/v2\/product_brand?post=19349"},{"taxonomy":"product_cat","embeddable":true,"href":"https:\/\/agoravape.com\/it\/wp-json\/wp\/v2\/product_cat?post=19349"},{"taxonomy":"product_tag","embeddable":true,"href":"https:\/\/agoravape.com\/it\/wp-json\/wp\/v2\/product_tag?post=19349"}],"curies":[{"name":"wp","href":"https:\/\/api.w.org\/{rel}","templated":true}]}}