{"id":19379,"date":"2025-10-29T21:14:24","date_gmt":"2025-10-29T13:14:24","guid":{"rendered":"https:\/\/agoravape.com\/?post_type=product&#038;p=19379"},"modified":"2026-03-26T13:22:39","modified_gmt":"2026-03-26T12:22:39","slug":"bang-36000-soffi-coil-mesh-vape","status":"publish","type":"product","link":"https:\/\/agoravape.com\/it\/product\/bang-36000-puffs-mesh-coil-vape\/","title":{"rendered":"Bang 36000 tiri | Uno svapo davvero duraturo"},"content":{"rendered":"<h2 data-v-md-heading=\"what-is-special-about-bang-36000\" data-v-md-line=\"3\"><img loading=\"lazy\" decoding=\"async\" class=\"size-full wp-image-19393 alignright\" src=\"https:\/\/agoravape.com\/wp-content\/uploads\/2025\/10\/Bang-36000-Puffs-A-Seriously-Long-Lasting-Vape_Agora_vape-1.webp\" alt=\"\" width=\"721\" height=\"1192\" srcset=\"https:\/\/agoravape.com\/wp-content\/uploads\/2025\/10\/Bang-36000-Puffs-A-Seriously-Long-Lasting-Vape_Agora_vape-1.webp 721w, https:\/\/agoravape.com\/wp-content\/uploads\/2025\/10\/Bang-36000-Puffs-A-Seriously-Long-Lasting-Vape_Agora_vape-1-181x300.webp 181w, https:\/\/agoravape.com\/wp-content\/uploads\/2025\/10\/Bang-36000-Puffs-A-Seriously-Long-Lasting-Vape_Agora_vape-1-619x1024.webp 619w\" sizes=\"auto, (max-width: 721px) 100vw, 721px\" \/><\/h2>\n<h2 data-v-md-heading=\"what-is-special-about-bang-36000\" data-v-md-line=\"3\">Cosa ha di speciale Bang 36000?<\/h2>\n<p data-v-md-line=\"5\">Se sei stanco delle sigarette elettroniche usa e getta che si scaricano prima di una settimana, allora dovresti dare un'occhiata a questo prodotto. La filosofia di progettazione del Bang 36000 \u00e8 una sola: la durata. Ha una straordinaria durata della batteria da 36000 porte, che ti consente di evitare sostituzioni frequenti.<\/p>\n<p data-v-md-line=\"7\">Per chiunque desideri uno svapo affidabile, delizioso e facile da usare, \u00e8 la scelta perfetta. Non c'\u00e8 bisogno di noiosi passaggi di oliatura o impostazioni complesse. Basta estrarlo dalla confezione e godersi un'esperienza apparentemente infinita e duratura. \u00c8 cos\u00ec semplice.<\/p>\n<h2 data-v-md-heading=\"excellent-performance-and-easy-operation\" data-v-md-line=\"9\">Prestazioni eccellenti e facilit\u00e0 d'uso<\/h2>\n<p data-v-md-line=\"11\">Potresti pensare che questo vaporizzatore abbia cos\u00ec tante porte di aspirazione, ma non \u00e8 piccolo e il funzionamento \u00e8 relativamente complesso, ma rimarrai piacevolmente sorpreso nello scoprire che \u00e8 molto comodo da tenere in mano. Il segreto del suo sapore eccellente risiede nel nucleo di atomizzazione mesh da 1,0 \u03a9 integrato. In poche parole, questo significa che ogni boccata \u00e8 pura e ricca come la prima, senza alcun sapore di bruciato a met\u00e0.<\/p>\n<p data-v-md-line=\"13\">Anche se la batteria \u00e8 scarica, puoi utilizzare un normale cavo dati Type-C per la ricarica, proprio come fai con il tuo telefono. Questo design semplice ti consente di goderti appieno l'e-liquid da 36 ml che hai acquistato.<\/p>\n<h2 data-v-md-heading=\"brief-specifications\" data-v-md-line=\"15\">Brevi specifiche<\/h2>\n<p data-v-md-line=\"17\"><strong>Numero di porte di aspirazione:<\/strong>\u00a0fino a 36000 porte<\/p>\n<p data-v-md-line=\"19\"><strong>Concentrazione di nicotina:<\/strong>\u00a0Disponibile in quattro concentrazioni: 0%, 2%, 3% e 5%.<\/p>\n<p data-v-md-line=\"21\"><strong>Usage:<\/strong>\u00a0Inhale to activate<\/p>\n<p data-v-md-line=\"23\"><strong>Charging method:<\/strong>\u00a0Standard Type-C USB interface<\/p>\n<p data-v-md-line=\"25\"><strong>Status:<\/strong>\u00a0Ready to use out of the box<\/p>\n<h2 data-v-md-heading=\"complete-flavor-lineup\" data-v-md-line=\"27\">Gamma completa di gusti<\/h2>\n<ul data-v-md-line=\"29\">\n<li>Ghiaccio all'anguria<\/li>\n<li>Strawberry watermelon<\/li>\n<li>Kiwi alla fragola<\/li>\n<li>Fragola Mango<\/li>\n<li>Strawberry and Banana<\/li>\n<li>Black Dragon Ice<\/li>\n<li>Ghiaccio all'uva<\/li>\n<li>Pista di ghiaccio blu<\/li>\n<li>Mirtilli e lamponi<\/li>\n<li>Mixed fruits<\/li>\n<li>Uomo Anguria<\/li>\n<li>Triple Berry<\/li>\n<\/ul>\n<h2 data-v-md-heading=\"tailored-for-you-and-your-business\" data-v-md-line=\"42\">Su misura per te e la tua attivit\u00e0<\/h2>\n<p data-v-md-line=\"44\">Bang 36000 \u00e8 disponibile per l'acquisto singolo e, se sei un imprenditore, puoi anche acquistarlo all'ingrosso. Offriamo confezioni all'ingrosso per 160 unit\u00e0, rendendolo irresistibile per i tuoi clienti.<\/p>\n<p data-v-md-line=\"46\">Rendiamo l'acquisto semplice quanto l'utilizzo. Grazie alla collaborazione con partner affidabili DDP (Delivered Duty Paid) come UPS, DPD e DHL per le consegne in tutta Europa, non dovrai preoccuparti di alcun problema doganale con il tuo ordine. Offriamo servizi semplici e affidabili.<\/p>\n<h2 data-v-md-heading=\"reasons-why-you-will-like-it\" data-v-md-line=\"48\">Reasons why you will like it<\/h2>\n<p data-v-md-line=\"50\"><strong>Durata della batteria ultra lunga:<\/strong>\u00a0Durevoli e duraturi, ti fanno risparmiare denaro ed energia.<\/p>\n<p data-v-md-line=\"52\"><strong>Selezione della concentrazione di nicotina:<\/strong>\u00a0Puoi scegliere la concentrazione di nicotina pi\u00f9 adatta a te.<\/p>\n<p data-v-md-line=\"54\"><strong>Ricaricabile:<\/strong>\u00a0ti consente di utilizzare ogni goccia di e-liquid.<\/p>\n<p data-v-md-line=\"56\"><strong>Nucleo di atomizzazione a rete:<\/strong>\u00a0Pu\u00f2 offrire ogni volta un gusto morbido e ricco.<\/p>\n<p data-v-md-line=\"58\"><strong>Facile da usare:<\/strong>\u00a0Non servono pulsanti, n\u00e9 impostazioni. Basta aprirlo e goderselo.<\/p>\n<h2 data-v-md-heading=\"why-choose-to-collaborate-with-agoravape\" data-v-md-line=\"60\">Perch\u00e9 scegliere di collaborare con AgoraVape?<\/h2>\n<p data-v-md-line=\"62\">Essendo uno dei distributori di sigarette elettroniche pi\u00f9 affidabili in Europa, vendiamo solo prodotti originali al 100%. Per i nostri clienti aziendali, questo significa che le sigarette elettroniche Bang 36000 Puffs offrono prezzi all'ingrosso scontati, un eccellente supporto tecnico e una consegna rapida e affidabile. Contattaci subito e acquista questo prodotto. I tuoi clienti lo apprezzeranno davvero.<\/p>\n<p><script src=\"chrome-extension:\/\/fpelahbljekknahkcaegamhcndkfpfnc\/iFrame.js\" type=\"text\/javascript\"><\/script><\/p>","protected":false},"excerpt":{"rendered":"<p>&nbsp;<\/p>\n<p><script src=\"chrome-extension:\/\/fpelahbljekknahkcaegamhcndkfpfnc\/iFrame.js\" type=\"text\/javascript\"><\/script><\/p>\n<p><script src=\"chrome-extension:\/\/fpelahbljekknahkcaegamhcndkfpfnc\/iFrame.js\" type=\"text\/javascript\"><\/script><\/p>","protected":false},"featured_media":19398,"comment_status":"open","ping_status":"closed","template":"","meta":[],"product_brand":[197],"product_cat":[124,187,185,189,123,174,175,193,191,173,186,180,190],"product_tag":[],"class_list":{"0":"post-19379","1":"product","2":"type-product","3":"status-publish","4":"has-post-thumbnail","6":"product_brand-bang","7":"product_cat-vape-by-brand","8":"product_cat-0mg-nicotine-free-vapes","9":"product_cat-10000-puffs-high-capacity","10":"product_cat-20mg-standard-nicotine-vapes","11":"product_cat-bang","12":"product_cat-fruit-flavors","13":"product_cat-icy-mint","14":"product_cat-mesh-coil","15":"product_cat-rechargeable-disposables","16":"product_cat-vape-by-flavor-profile","17":"product_cat-vape-by-nicotine-strength","18":"product_cat-vape-by-puff-count","19":"product_cat-vape-by-feature-or-type","21":"first","22":"instock","23":"shipping-taxable","24":"purchasable","25":"product-type-variable","26":"has-default-attributes"},"tiered_pricing_type":"percentage","tiered_pricing_fixed_rules":[],"tiered_pricing_product_settings":{"layout":"default","base_unit_name":{"singular":null,"plural":null},"default_variation":null},"tiered_pricing_minimum_quantity":10,"tiered_pricing_roles_data":[],"tiered_pricing_percentage_rules":{"30":"29","50":"35","100":"40","200":"44","500":"47","1000":"49"},"tiered_pricing_maximum_quantity":null,"tiered_pricing_quantity_step":"10","_links":{"self":[{"href":"https:\/\/agoravape.com\/it\/wp-json\/wp\/v2\/product\/19379","targetHints":{"allow":["GET"]}}],"collection":[{"href":"https:\/\/agoravape.com\/it\/wp-json\/wp\/v2\/product"}],"about":[{"href":"https:\/\/agoravape.com\/it\/wp-json\/wp\/v2\/types\/product"}],"replies":[{"embeddable":true,"href":"https:\/\/agoravape.com\/it\/wp-json\/wp\/v2\/comments?post=19379"}],"version-history":[{"count":0,"href":"https:\/\/agoravape.com\/it\/wp-json\/wp\/v2\/product\/19379\/revisions"}],"wp:featuredmedia":[{"embeddable":true,"href":"https:\/\/agoravape.com\/it\/wp-json\/wp\/v2\/media\/19398"}],"wp:attachment":[{"href":"https:\/\/agoravape.com\/it\/wp-json\/wp\/v2\/media?parent=19379"}],"wp:term":[{"taxonomy":"product_brand","embeddable":true,"href":"https:\/\/agoravape.com\/it\/wp-json\/wp\/v2\/product_brand?post=19379"},{"taxonomy":"product_cat","embeddable":true,"href":"https:\/\/agoravape.com\/it\/wp-json\/wp\/v2\/product_cat?post=19379"},{"taxonomy":"product_tag","embeddable":true,"href":"https:\/\/agoravape.com\/it\/wp-json\/wp\/v2\/product_tag?post=19379"}],"curies":[{"name":"wp","href":"https:\/\/api.w.org\/{rel}","templated":true}]}}