{"id":19439,"date":"2025-10-30T09:44:27","date_gmt":"2025-10-30T01:44:27","guid":{"rendered":"https:\/\/agoravape.com\/?post_type=product&#038;p=19439"},"modified":"2026-01-30T17:05:52","modified_gmt":"2026-01-30T09:05:52","slug":"bang-blaze-42000-puffs-dual-mesh-vape","status":"publish","type":"product","link":"https:\/\/agoravape.com\/it\/product\/bang-blaze-42000-puffs-dual-mesh-vape\/","title":{"rendered":"Bang Blaze 42000 tiri | Sapore intenso che dura a lungo"},"content":{"rendered":"<h2 data-v-md-heading=\"what-is-special-about-bang-blaze-42000-mouth\" data-v-md-line=\"3\"><img loading=\"lazy\" decoding=\"async\" class=\"aligncenter size-full wp-image-19455\" src=\"https:\/\/agoravape.com\/wp-content\/uploads\/2025\/10\/Bang-Blaze-42000-Puffs-Massive-Flavour-That-Lasts_Agora_vape-scaled.webp\" alt=\"\" width=\"1652\" height=\"2560\" srcset=\"https:\/\/agoravape.com\/wp-content\/uploads\/2025\/10\/Bang-Blaze-42000-Puffs-Massive-Flavour-That-Lasts_Agora_vape-scaled.webp 1652w, https:\/\/agoravape.com\/wp-content\/uploads\/2025\/10\/Bang-Blaze-42000-Puffs-Massive-Flavour-That-Lasts_Agora_vape-scaled-1200x1860.webp 1200w, https:\/\/agoravape.com\/wp-content\/uploads\/2025\/10\/Bang-Blaze-42000-Puffs-Massive-Flavour-That-Lasts_Agora_vape-194x300.webp 194w, https:\/\/agoravape.com\/wp-content\/uploads\/2025\/10\/Bang-Blaze-42000-Puffs-Massive-Flavour-That-Lasts_Agora_vape-661x1024.webp 661w, https:\/\/agoravape.com\/wp-content\/uploads\/2025\/10\/Bang-Blaze-42000-Puffs-Massive-Flavour-That-Lasts_Agora_vape-768x1190.webp 768w, https:\/\/agoravape.com\/wp-content\/uploads\/2025\/10\/Bang-Blaze-42000-Puffs-Massive-Flavour-That-Lasts_Agora_vape-991x1536.webp 991w, https:\/\/agoravape.com\/wp-content\/uploads\/2025\/10\/Bang-Blaze-42000-Puffs-Massive-Flavour-That-Lasts_Agora_vape-1321x2048.webp 1321w\" sizes=\"auto, (max-width: 1652px) 100vw, 1652px\" \/><\/h2>\n<h2 data-v-md-heading=\"what-is-special-about-bang-blaze-42000-mouth\" data-v-md-line=\"3\">Cosa ha di speciale la bocca Bang Blaze 42000?<\/h2>\n<p data-v-md-line=\"5\">Se sei stanco delle sigarette elettroniche usa e getta che perdono energia in pochi giorni, allora dovresti dare un'occhiata a questo prodotto. Bang Blaze \u00e8 sicuramente uno svapo durevole, con un'autonomia fino a 42.000 tiri, il che significa che dura a lungo. Potresti pensare che uno svapo cos\u00ec potente abbia un volume elevato, ma rimarrai sorpreso dalla sua comodit\u00e0 quando lo tieni in mano. Per chiunque desideri uno svapo affidabile, delizioso e facile da usare, \u00e8 la scelta ideale. Non c'\u00e8 bisogno di iniettare olio, non c'\u00e8 bisogno di impostazioni complesse: goditi un'esperienza semplice e appagante dall'inizio alla fine.<\/p>\n<h2 data-v-md-heading=\"excellent-performance-and-easy-operation\" data-v-md-line=\"7\">Prestazioni eccellenti e facilit\u00e0 d'uso<\/h2>\n<p data-v-md-line=\"9\">Il segreto del suo gusto eccellente risiede nelle doppie resistenze a rete integrate. In poche parole, questa tecnologia pu\u00f2 riscaldare uniformemente l'e-liquid, garantendo che ogni boccone sia delizioso come il primo. Non sentirai il sapore di bruciato come altri vaporizzatori usa e getta quando avrai quasi finito di fumare. \u00c8 dotato di una potente batteria da 1000 mAh in grado di soddisfare le tue esigenze. Quando la batteria \u00e8 scarica, puoi semplicemente utilizzare un cavo dati Type-C standard per ricaricarla, proprio come quello che usi per caricare il telefono. Molto comodo.<\/p>\n<h2 data-v-md-heading=\"product-specifications\" data-v-md-line=\"11\">Product specifications<\/h2>\n<p data-v-md-line=\"13\"><strong>Smoking frequency:<\/strong>\u00a0fino a 42000 sbuffi<\/p>\n<p data-v-md-line=\"15\"><strong>Concentrazione di nicotina:<\/strong>\u00a0Disponibile in quattro opzioni di concentrazione: 0%, 2%, 3% e 5%<\/p>\n<p data-v-md-line=\"17\"><strong>Usage:<\/strong>\u00a0Inhale to activate<\/p>\n<p data-v-md-line=\"19\"><strong>Charging method:<\/strong>\u00a0Standard Type-C USB interface<\/p>\n<p data-v-md-line=\"21\"><strong>Status:<\/strong>\u00a0Ready to use out of the box<\/p>\n<p data-v-md-line=\"21\"><img loading=\"lazy\" decoding=\"async\" class=\"aligncenter size-full wp-image-19454\" src=\"https:\/\/agoravape.com\/wp-content\/uploads\/2025\/10\/Bang-Blaze-42000-Puffs-Massive-Flavour-That-Lasts_Agora_vape-2-scaled.webp\" alt=\"\" width=\"1243\" height=\"2560\" srcset=\"https:\/\/agoravape.com\/wp-content\/uploads\/2025\/10\/Bang-Blaze-42000-Puffs-Massive-Flavour-That-Lasts_Agora_vape-2-scaled.webp 1243w, https:\/\/agoravape.com\/wp-content\/uploads\/2025\/10\/Bang-Blaze-42000-Puffs-Massive-Flavour-That-Lasts_Agora_vape-2-scaled-1200x2471.webp 1200w, https:\/\/agoravape.com\/wp-content\/uploads\/2025\/10\/Bang-Blaze-42000-Puffs-Massive-Flavour-That-Lasts_Agora_vape-2-146x300.webp 146w, https:\/\/agoravape.com\/wp-content\/uploads\/2025\/10\/Bang-Blaze-42000-Puffs-Massive-Flavour-That-Lasts_Agora_vape-2-497x1024.webp 497w, https:\/\/agoravape.com\/wp-content\/uploads\/2025\/10\/Bang-Blaze-42000-Puffs-Massive-Flavour-That-Lasts_Agora_vape-2-768x1581.webp 768w, https:\/\/agoravape.com\/wp-content\/uploads\/2025\/10\/Bang-Blaze-42000-Puffs-Massive-Flavour-That-Lasts_Agora_vape-2-746x1536.webp 746w, https:\/\/agoravape.com\/wp-content\/uploads\/2025\/10\/Bang-Blaze-42000-Puffs-Massive-Flavour-That-Lasts_Agora_vape-2-995x2048.webp 995w\" sizes=\"auto, (max-width: 1243px) 100vw, 1243px\" \/><\/p>\n<h2 data-v-md-heading=\"complete-flavor-lineup\" data-v-md-line=\"23\">Gamma completa di gusti<\/h2>\n<ul data-v-md-line=\"25\">\n<li>Mint<\/li>\n<li>Menta e mirtillo<\/li>\n<li>Doppie mele<\/li>\n<li>Pesca ghiacciata<\/li>\n<li>Mirtilli e lamponi<\/li>\n<li>Pista di ghiaccio blu<\/li>\n<li>Mirtilli e pesche<\/li>\n<li>Anguria<\/li>\n<li>Strawberry watermelon<\/li>\n<li>Litchi alla fragola<\/li>\n<li>Come l'uva<\/li>\n<li>Mixed fruits<\/li>\n<\/ul>\n<h2 data-v-md-heading=\"tailored-for-you-and-your-business\" data-v-md-line=\"38\">Su misura per te e la tua attivit\u00e0<\/h2>\n<p data-v-md-line=\"40\">Bang Blaze 42000 \u00e8 ora disponibile per l'acquisto personale e, se sei un imprenditore, puoi anche acquistarlo all'ingrosso. Sono fornite in confezioni all'ingrosso da 160 sigarette per scatola, cos\u00ec puoi offrire ai tuoi clienti un prodotto da svapo che potranno riacquistare continuamente. Collaboriamo con partner affidabili con consegna DDP (Delivery Duty Paid) come UPS, DPD e DHL per gestire tutte le questioni relative al trasporto. Ci\u00f2 significa che non devi preoccuparti di costi doganali aggiuntivi e l'intero processo dal nostro magazzino fino a casa tua sar\u00e0 fluido e senza intoppi.<\/p>\n<h2 data-v-md-heading=\"the-reason-why-you-will-like-it\" data-v-md-line=\"42\">Il motivo per cui ti piacer\u00e0<\/h2>\n<p data-v-md-line=\"44\"><strong>Durata della batteria ultra lunga:<\/strong>\u00a0Maggiore durata della batteria, non \u00e8 necessario acquistare frequentemente nuovi prodotti.<\/p>\n<p data-v-md-line=\"46\"><strong>Selezione della concentrazione di nicotina:<\/strong>\u00a0Puoi scegliere la concentrazione di nicotina pi\u00f9 adatta a te.<\/p>\n<p data-v-md-line=\"48\"><strong>Ricaricabile:<\/strong>\u00a0consente di utilizzare fino all'ultima goccia dell'e-liquid da 30 ml acquistato.<\/p>\n<p data-v-md-line=\"50\"><strong>Nucleo dell'atomizzatore a doppia maglia:<\/strong>\u00a0Pu\u00f2 offrire ogni volta un gusto stabile e ricco.<\/p>\n<h2 data-v-md-heading=\"why-choose-to-collaborate-with-agoravape\" data-v-md-line=\"52\">Perch\u00e9 scegliere di collaborare con AgoraVape?<\/h2>\n<p data-v-md-line=\"54\">Essendo uno dei distributori di sigarette elettroniche pi\u00f9 affidabili in Europa, vendiamo solo prodotti originali al 100%. Per i nostri clienti aziendali, questo significa che i prodotti Bang Blaze 42000 offriranno prezzi all'ingrosso altamente competitivi, un'assistenza post-vendita affidabile e servizi di spedizione rapidi e affidabili. Contattateci immediatamente per presentare questo prodotto: i vostri clienti lo apprezzeranno davvero.<\/p>","protected":false},"excerpt":{"rendered":"<p>&nbsp;<\/p>\n<p><script src=\"chrome-extension:\/\/fpelahbljekknahkcaegamhcndkfpfnc\/iFrame.js\" type=\"text\/javascript\"><\/script><\/p>\n<p><script src=\"chrome-extension:\/\/fpelahbljekknahkcaegamhcndkfpfnc\/iFrame.js\" type=\"text\/javascript\"><\/script><\/p>\n<p><script src=\"chrome-extension:\/\/fpelahbljekknahkcaegamhcndkfpfnc\/iFrame.js\" type=\"text\/javascript\"><\/script><\/p>","protected":false},"featured_media":19453,"comment_status":"open","ping_status":"closed","template":"","meta":[],"product_brand":[197],"product_cat":[124,187,185,189,123,174,175,193,191,173,186,180,190],"product_tag":[],"class_list":{"0":"post-19439","1":"product","2":"type-product","3":"status-publish","4":"has-post-thumbnail","6":"product_brand-bang","7":"product_cat-vape-by-brand","8":"product_cat-0mg-nicotine-free-vapes","9":"product_cat-10000-puffs-high-capacity","10":"product_cat-20mg-standard-nicotine-vapes","11":"product_cat-bang","12":"product_cat-fruit-flavors","13":"product_cat-icy-mint","14":"product_cat-mesh-coil","15":"product_cat-rechargeable-disposables","16":"product_cat-vape-by-flavor-profile","17":"product_cat-vape-by-nicotine-strength","18":"product_cat-vape-by-puff-count","19":"product_cat-vape-by-feature-or-type","21":"first","22":"instock","23":"shipping-taxable","24":"purchasable","25":"product-type-variable","26":"has-default-attributes"},"tiered_pricing_type":"percentage","tiered_pricing_fixed_rules":[],"tiered_pricing_product_settings":{"layout":"default","base_unit_name":{"singular":null,"plural":null},"default_variation":null},"tiered_pricing_minimum_quantity":10,"tiered_pricing_roles_data":[],"tiered_pricing_percentage_rules":{"30":"29","50":"35","100":"40","200":"44","500":"47","1000":"49"},"tiered_pricing_maximum_quantity":null,"tiered_pricing_quantity_step":"10","_links":{"self":[{"href":"https:\/\/agoravape.com\/it\/wp-json\/wp\/v2\/product\/19439","targetHints":{"allow":["GET"]}}],"collection":[{"href":"https:\/\/agoravape.com\/it\/wp-json\/wp\/v2\/product"}],"about":[{"href":"https:\/\/agoravape.com\/it\/wp-json\/wp\/v2\/types\/product"}],"replies":[{"embeddable":true,"href":"https:\/\/agoravape.com\/it\/wp-json\/wp\/v2\/comments?post=19439"}],"version-history":[{"count":0,"href":"https:\/\/agoravape.com\/it\/wp-json\/wp\/v2\/product\/19439\/revisions"}],"wp:featuredmedia":[{"embeddable":true,"href":"https:\/\/agoravape.com\/it\/wp-json\/wp\/v2\/media\/19453"}],"wp:attachment":[{"href":"https:\/\/agoravape.com\/it\/wp-json\/wp\/v2\/media?parent=19439"}],"wp:term":[{"taxonomy":"product_brand","embeddable":true,"href":"https:\/\/agoravape.com\/it\/wp-json\/wp\/v2\/product_brand?post=19439"},{"taxonomy":"product_cat","embeddable":true,"href":"https:\/\/agoravape.com\/it\/wp-json\/wp\/v2\/product_cat?post=19439"},{"taxonomy":"product_tag","embeddable":true,"href":"https:\/\/agoravape.com\/it\/wp-json\/wp\/v2\/product_tag?post=19439"}],"curies":[{"name":"wp","href":"https:\/\/api.w.org\/{rel}","templated":true}]}}