{"id":19539,"date":"2025-10-30T11:23:46","date_gmt":"2025-10-30T03:23:46","guid":{"rendered":"https:\/\/agoravape.com\/?post_type=product&#038;p=19539"},"modified":"2026-01-30T17:04:35","modified_gmt":"2026-01-30T09:04:35","slug":"bang-blaze-60000-soffi-sapore-vape","status":"publish","type":"product","link":"https:\/\/agoravape.com\/it\/product\/bang-blaze-60000-puffs-flavor-vape\/","title":{"rendered":"Bang Blaze 60000 Puffs | Four Flavours in One Simple Device"},"content":{"rendered":"<h2 data-v-md-heading=\"what-s-special-about-bang-blaze-60000\" data-v-md-line=\"3\"><img loading=\"lazy\" decoding=\"async\" class=\"aligncenter size-full wp-image-19556\" src=\"https:\/\/agoravape.com\/wp-content\/uploads\/2025\/10\/Bang-Blaze-60000-Puffs-Four-Flavours-in-One-Simple-Device_Agora_vape-4-scaled.webp\" alt=\"\" width=\"2560\" height=\"1280\" srcset=\"https:\/\/agoravape.com\/wp-content\/uploads\/2025\/10\/Bang-Blaze-60000-Puffs-Four-Flavours-in-One-Simple-Device_Agora_vape-4-scaled.webp 2560w, https:\/\/agoravape.com\/wp-content\/uploads\/2025\/10\/Bang-Blaze-60000-Puffs-Four-Flavours-in-One-Simple-Device_Agora_vape-4-scaled-1200x600.webp 1200w, https:\/\/agoravape.com\/wp-content\/uploads\/2025\/10\/Bang-Blaze-60000-Puffs-Four-Flavours-in-One-Simple-Device_Agora_vape-4-300x150.webp 300w, https:\/\/agoravape.com\/wp-content\/uploads\/2025\/10\/Bang-Blaze-60000-Puffs-Four-Flavours-in-One-Simple-Device_Agora_vape-4-1024x512.webp 1024w, https:\/\/agoravape.com\/wp-content\/uploads\/2025\/10\/Bang-Blaze-60000-Puffs-Four-Flavours-in-One-Simple-Device_Agora_vape-4-768x384.webp 768w, https:\/\/agoravape.com\/wp-content\/uploads\/2025\/10\/Bang-Blaze-60000-Puffs-Four-Flavours-in-One-Simple-Device_Agora_vape-4-1536x768.webp 1536w, https:\/\/agoravape.com\/wp-content\/uploads\/2025\/10\/Bang-Blaze-60000-Puffs-Four-Flavours-in-One-Simple-Device_Agora_vape-4-2048x1024.webp 2048w\" sizes=\"auto, (max-width: 2560px) 100vw, 2560px\" \/><\/h2>\n<h2 data-v-md-heading=\"what-s-special-about-bang-blaze-60000\" data-v-md-line=\"3\">Cosa ha di speciale Bang Blaze 60000?<\/h2>\n<p data-v-md-line=\"5\">A dire il vero, \u00e8 naturale stancarsi delle sigarette elettroniche monodose. Magari questa settimana ti piace ancora, ma la prossima volta vorrai cambiare gusto. Bang Blaze 60000 lo sa bene. Questo dispositivo intelligente integra quattro diversi gusti di sigarette elettroniche in un'unica cartuccia, che pu\u00f2 essere cambiata con una leggera rotazione, permettendoti di goderti la freschezza sempre e ovunque.<\/p>\n<p data-v-md-line=\"7\">Di solito, per sperimentare una variet\u00e0 di aromi cos\u00ec ricca, \u00e8 necessario portare con s\u00e9 quattro vaporizzatori diversi, ma Bang Blaze combina tutte le caratteristiche in uno. Per chi ama provare aromi diversi ma non vuole portare con s\u00e9 troppa attrezzatura, o per chi ha difficolt\u00e0 a decidere, \u00e8 la scelta perfetta. Questo dispositivo ha una batteria che dura fino a 60.000 ore ed \u00e8 resistente.<\/p>\n<h2 data-v-md-heading=\"excellent-performance-and-easy-operation\" data-v-md-line=\"9\">Prestazioni eccellenti e facilit\u00e0 d'uso<\/h2>\n<p data-v-md-line=\"11\">Ha una bobina mesh integrata da 1,0 \u03a9, che rende ogni boccone delizioso come il primo. Il gusto \u00e8 costante, pieno e ricco, e non vi deluder\u00e0 mai con quel sapore di bruciato tipico di altri vaporizzatori.<\/p>\n<p data-v-md-line=\"13\">\u00c8 dotato di una batteria con una capacit\u00e0 fino a 650 mAh, che garantisce una lunga durata. Quando la batteria \u00e8 scarica, \u00e8 sufficiente utilizzare un cavo dati Type-C standard per ricaricarla, proprio come si ricarica il telefono. Semplice e pratico.<\/p>\n<h2 data-v-md-heading=\"quick-specifications\" data-v-md-line=\"15\">Specifiche rapide<\/h2>\n<p data-v-md-line=\"17\"><strong>Smoking frequency:<\/strong>\u00a0fino a 60000 sbuffi<\/p>\n<p data-v-md-line=\"19\"><strong>Concentrazione di nicotina:<\/strong>\u00a0Disponibile in quattro opzioni di concentrazione: 0%, 2%, 3% e 5%<\/p>\n<p data-v-md-line=\"21\"><strong>Usage:<\/strong>\u00a0Inhale to activate<\/p>\n<p data-v-md-line=\"23\"><strong>Charging method:<\/strong>\u00a0Standard Type-C USB interface<\/p>\n<p data-v-md-line=\"25\"><strong>Status:<\/strong>\u00a0Ready to use out of the box<\/p>\n<h2 data-v-md-heading=\"rich-flavor-options\" data-v-md-line=\"27\">Ricche opzioni di sapore<\/h2>\n<p data-v-md-line=\"29\">Ogni dispositivo \u00e8 preinstallato con quattro combinazioni di aromi complementari. Basta scegliere la combinazione che preferisci per iniziare a utilizzarla.<\/p>\n<p data-v-md-line=\"31\"><strong>Gruppo 1:<\/strong>\u00a0Ghiaccio all'anguria\/Mirtillo e menta\/Fuji Ice\/Romanticismo al limone<br \/>\n<strong>Gruppo 2:<\/strong>\u00a0Ghiaccio all'anguria\/Mirtillo alla ciliegia\/Tempo estivo\/Mango aspro e ananas<br \/>\n<strong>Gruppo 3:<\/strong>\u00a0Ghiaccio al mirtillo\/ghiaccio alla pesca\/caramelle arcobaleno\/limone e lime<br \/>\n<strong>Gruppo 4:<\/strong>\u00a0Ghiaccio al mirtillo\/Anguria al mango e pesca\/Bacio appassionato\/Mela melata<br \/>\n<strong>Gruppo 5:<\/strong>\u00a0Mirtilli, lamponi, frutti di bosco misti, ciliegie della California, mango al frutto della passione<br \/>\n<strong>Gruppo 6:<\/strong>\u00a0Mirtilli, lamponi, ghiaccio all'uva, ghiaccio ai frutti di bosco, aloe vera, mango, melone verde<br \/>\n<strong>Gruppo 7:<\/strong>\u00a0Bevande energetiche\/fragole, banane, mango, pesche, albicocche, frutto della passione, kiwi, lime<br \/>\n<strong>Gruppo 8:<\/strong>\u00a0Bevande energetiche\/mirtilli e angurie\/mele e lamponi aspri\/orsetti gommosi<br \/>\n<strong>Gruppo 9:<\/strong>\u00a0Fragola Mango\/Gomma da masticare all'anguria\/Mojito rosso\/Amore 66<br \/>\n<strong>Gruppo 10:<\/strong>\u00a0Fragola Mango\/Fragola Kiwi\/Mela Uva\/Anguria Frutto del Drago<br \/>\n<strong>Gruppo 11:<\/strong>\u00a0Anguria alla fragola\/Acqua di drago nero\/Melone al miele triplo\/Uva al mirtillo rosso<br \/>\n<strong>Gruppo 12:<\/strong>\u00a0Fragola Anguria\/Kiwi Frutto della Passione Guava\/Mango Ghiaccio\/Anguria Pesca Acida<\/p>\n<h2 data-v-md-heading=\"tailored-for-you-and-your-business\" data-v-md-line=\"44\">Su misura per te e la tua attivit\u00e0<\/h2>\n<p data-v-md-line=\"46\">Bang Blaze 60000 \u00e8 ora disponibile per l'acquisto di singole bottiglie e, se sei un imprenditore, puoi anche acquistarne all'ingrosso. Offriamo confezioni all'ingrosso da 100 o 200 bottiglie, semplificando la tua scorta e assicurandoti che i tuoi scaffali siano sempre pieni di prodotti che i clienti apprezzano davvero.<\/p>\n<p data-v-md-line=\"48\">Collaboriamo con partner affidabili con consegna DDP (Delivery Duty Paid) come UPS, DPD e DHL per gestire tutte le questioni relative al trasporto. Questo significa che il prezzo che vedi \u00e8 quello finale che pagherai, senza preoccuparti di dazi doganali o ritardi.<\/p>\n<h2 data-v-md-heading=\"reasons-why-you-will-like-it\" data-v-md-line=\"50\">Reasons why you will like it<\/h2>\n<p data-v-md-line=\"52\"><strong>Quattro gusti in uno:<\/strong>\u00a0\u00c8 possibile cambiare gusto in qualsiasi momento senza dover cambiare dispositivo.<\/p>\n<p data-v-md-line=\"54\"><strong>Durevole:<\/strong>\u00a0Durevoli, non \u00e8 necessario acquistare frequentemente nuove cartucce.<\/p>\n<p data-v-md-line=\"56\"><strong>Selezione della concentrazione di nicotina:<\/strong>\u00a0Puoi scegliere la concentrazione di nicotina pi\u00f9 adatta a te.<\/p>\n<p data-v-md-line=\"58\"><strong>Ricaricabile:<\/strong>\u00a0significa che puoi utilizzare appieno ogni goccia di e-liquid che acquisti.<\/p>\n<p data-v-md-line=\"60\"><strong>Nucleo di atomizzazione a rete:<\/strong>\u00a0Pu\u00f2 offrire ogni volta un gusto stabile e ricco.<\/p>\n<h2 data-v-md-heading=\"why-choose-to-collaborate-with-agoravape\" data-v-md-line=\"62\">Perch\u00e9 scegliere di collaborare con AgoraVape?<\/h2>\n<p data-v-md-line=\"64\">Essendo uno dei distributori di sigarette elettroniche pi\u00f9 affidabili in Europa, vendiamo solo prodotti originali al 100%. Per i nostri clienti aziendali, questo significa sconti all'ingrosso su Bang Blaze 60.000, supporto tecnico completo e consegne rapide e affidabili. Contattateci per avere questo prodotto che i vostri clienti apprezzeranno davvero.<\/p>\n<p><script src=\"chrome-extension:\/\/fpelahbljekknahkcaegamhcndkfpfnc\/iFrame.js\" type=\"text\/javascript\"><\/script><\/p>","protected":false},"excerpt":{"rendered":"<p>&nbsp;<\/p>\n<p><script src=\"chrome-extension:\/\/fpelahbljekknahkcaegamhcndkfpfnc\/iFrame.js\" type=\"text\/javascript\"><\/script><\/p>\n<p><script src=\"chrome-extension:\/\/fpelahbljekknahkcaegamhcndkfpfnc\/iFrame.js\" type=\"text\/javascript\"><\/script><\/p>\n<p><script src=\"chrome-extension:\/\/fpelahbljekknahkcaegamhcndkfpfnc\/iFrame.js\" type=\"text\/javascript\"><\/script><\/p>","protected":false},"featured_media":19563,"comment_status":"open","ping_status":"closed","template":"","meta":[],"product_brand":[197],"product_cat":[124,187,185,189,1642,123,176,177,195,174,175,193,191,173,186,180,190],"product_tag":[],"class_list":{"0":"post-19539","1":"product","2":"type-product","3":"status-publish","4":"has-post-thumbnail","6":"product_brand-bang","7":"product_cat-vape-by-brand","8":"product_cat-0mg-nicotine-free-vapes","9":"product_cat-10000-puffs-high-capacity","10":"product_cat-20mg-standard-nicotine-vapes","11":"product_cat-60000-puffs","12":"product_cat-bang","13":"product_cat-beverage","14":"product_cat-dessert-sweets","15":"product_cat-dual-flavor-switch","16":"product_cat-fruit-flavors","17":"product_cat-icy-mint","18":"product_cat-mesh-coil","19":"product_cat-rechargeable-disposables","20":"product_cat-vape-by-flavor-profile","21":"product_cat-vape-by-nicotine-strength","22":"product_cat-vape-by-puff-count","23":"product_cat-vape-by-feature-or-type","25":"first","26":"instock","27":"shipping-taxable","28":"purchasable","29":"product-type-variable","30":"has-default-attributes"},"tiered_pricing_type":"percentage","tiered_pricing_fixed_rules":[],"tiered_pricing_product_settings":{"layout":"default","base_unit_name":{"singular":null,"plural":null},"default_variation":null},"tiered_pricing_minimum_quantity":10,"tiered_pricing_roles_data":[],"tiered_pricing_percentage_rules":{"30":"29","50":"35","100":"40","200":"44","500":"47","1000":"49"},"tiered_pricing_maximum_quantity":null,"tiered_pricing_quantity_step":"10","_links":{"self":[{"href":"https:\/\/agoravape.com\/it\/wp-json\/wp\/v2\/product\/19539","targetHints":{"allow":["GET"]}}],"collection":[{"href":"https:\/\/agoravape.com\/it\/wp-json\/wp\/v2\/product"}],"about":[{"href":"https:\/\/agoravape.com\/it\/wp-json\/wp\/v2\/types\/product"}],"replies":[{"embeddable":true,"href":"https:\/\/agoravape.com\/it\/wp-json\/wp\/v2\/comments?post=19539"}],"version-history":[{"count":0,"href":"https:\/\/agoravape.com\/it\/wp-json\/wp\/v2\/product\/19539\/revisions"}],"wp:featuredmedia":[{"embeddable":true,"href":"https:\/\/agoravape.com\/it\/wp-json\/wp\/v2\/media\/19563"}],"wp:attachment":[{"href":"https:\/\/agoravape.com\/it\/wp-json\/wp\/v2\/media?parent=19539"}],"wp:term":[{"taxonomy":"product_brand","embeddable":true,"href":"https:\/\/agoravape.com\/it\/wp-json\/wp\/v2\/product_brand?post=19539"},{"taxonomy":"product_cat","embeddable":true,"href":"https:\/\/agoravape.com\/it\/wp-json\/wp\/v2\/product_cat?post=19539"},{"taxonomy":"product_tag","embeddable":true,"href":"https:\/\/agoravape.com\/it\/wp-json\/wp\/v2\/product_tag?post=19539"}],"curies":[{"name":"wp","href":"https:\/\/api.w.org\/{rel}","templated":true}]}}