{"id":19622,"date":"2025-10-30T13:03:50","date_gmt":"2025-10-30T05:03:50","guid":{"rendered":"https:\/\/agoravape.com\/?post_type=product&#038;p=19622"},"modified":"2026-01-30T17:02:57","modified_gmt":"2026-01-30T09:02:57","slug":"bang-king-12000-soffi-vape-compatto","status":"publish","type":"product","link":"https:\/\/agoravape.com\/it\/product\/bang-king-12000-puffs-compact-vape\/","title":{"rendered":"Bang King 12000 tiri | Numero enorme di tiri, design compatto"},"content":{"rendered":"<h2 data-v-md-heading=\"what-about-bang-king-12000\" data-v-md-line=\"3\"><img loading=\"lazy\" decoding=\"async\" class=\"size-full wp-image-19637 alignright\" src=\"https:\/\/agoravape.com\/wp-content\/uploads\/2025\/10\/Bang-King-12000-Puffs-Massive-Puff-Count-Compact-Design_Agora_vape-2.webp\" alt=\"\" width=\"800\" height=\"800\" srcset=\"https:\/\/agoravape.com\/wp-content\/uploads\/2025\/10\/Bang-King-12000-Puffs-Massive-Puff-Count-Compact-Design_Agora_vape-2.webp 800w, https:\/\/agoravape.com\/wp-content\/uploads\/2025\/10\/Bang-King-12000-Puffs-Massive-Puff-Count-Compact-Design_Agora_vape-2-600x600.webp 600w, https:\/\/agoravape.com\/wp-content\/uploads\/2025\/10\/Bang-King-12000-Puffs-Massive-Puff-Count-Compact-Design_Agora_vape-2-300x300.webp 300w, https:\/\/agoravape.com\/wp-content\/uploads\/2025\/10\/Bang-King-12000-Puffs-Massive-Puff-Count-Compact-Design_Agora_vape-2-150x150.webp 150w, https:\/\/agoravape.com\/wp-content\/uploads\/2025\/10\/Bang-King-12000-Puffs-Massive-Puff-Count-Compact-Design_Agora_vape-2-768x768.webp 768w\" sizes=\"auto, (max-width: 800px) 100vw, 800px\" \/><\/h2>\n<h2 data-v-md-heading=\"what-about-bang-king-12000\" data-v-md-line=\"3\">Che dire del Bang King 12000?<\/h2>\n<p data-v-md-line=\"5\">Bene, parliamo di Bang King 12000. Se sei stanco delle sigarette elettroniche usa e getta che perdono potenza dopo pochi giorni di utilizzo, allora dovresti dare un'occhiata a questa. Potresti pensare che una sigaretta elettronica con 12000 grandi boccate debba essere ingombrante, ma rimarrai sorpreso dalle sue dimensioni ridotte e portatili.<\/p>\n<p data-v-md-line=\"7\">Questo dispositivo \u00e8 perfetto per chi desidera un'esperienza di sigaretta elettronica semplice e affidabile, senza operazioni noiose. Non ha pulsanti e non richiede lunghe fasi di lubrificazione. Basta estrarlo dalla confezione e pu\u00f2 essere utilizzato immediatamente. \u00c8 progettato specificamente per chi \u00e8 sempre indaffarato e offre un gusto ricco e persistente, rendendolo la scelta ideale per l'uso quotidiano delle sigarette elettroniche.<\/p>\n<h2 data-v-md-heading=\"excellent-performance-and-easy-operation\" data-v-md-line=\"9\">Prestazioni eccellenti e facilit\u00e0 d'uso<\/h2>\n<p data-v-md-line=\"11\">Quali sono i suoi vantaggi? Internamente, viene utilizzata una coil a rete. In poche parole, questo \u00e8 il motivo per cui ogni boccone ha un sapore costante. Riscalda l'e-liquid in modo uniforme, offrendo un gusto morbido e stabile dall'inizio alla fine. Anche se l'e-liquid \u00e8 quasi esaurito, non si avvertir\u00e0 alcun odore di bruciato.<\/p>\n<p data-v-md-line=\"13\">La batteria ha una capacit\u00e0 fino a 600 mAh ed \u00e8 ricaricabile. Questo \u00e8 sicuramente un vantaggio importante, il che significa che puoi davvero goderti un'esperienza di fumo di 12.000 tiri. Quando la batteria \u00e8 scarica, \u00e8 sufficiente utilizzare un cavo dati Type-C standard per ricaricarla, proprio come si carica il telefono. Molto comodo.<\/p>\n<h2 data-v-md-heading=\"product-specifications\" data-v-md-line=\"15\"><img loading=\"lazy\" decoding=\"async\" class=\"size-full wp-image-19641 alignright\" src=\"https:\/\/agoravape.com\/wp-content\/uploads\/2025\/10\/Bang-King-12000-Puffs-Massive-Puff-Count-Compact-Design_Agora_vape-6.webp\" alt=\"\" width=\"800\" height=\"800\" srcset=\"https:\/\/agoravape.com\/wp-content\/uploads\/2025\/10\/Bang-King-12000-Puffs-Massive-Puff-Count-Compact-Design_Agora_vape-6.webp 800w, https:\/\/agoravape.com\/wp-content\/uploads\/2025\/10\/Bang-King-12000-Puffs-Massive-Puff-Count-Compact-Design_Agora_vape-6-600x600.webp 600w, https:\/\/agoravape.com\/wp-content\/uploads\/2025\/10\/Bang-King-12000-Puffs-Massive-Puff-Count-Compact-Design_Agora_vape-6-300x300.webp 300w, https:\/\/agoravape.com\/wp-content\/uploads\/2025\/10\/Bang-King-12000-Puffs-Massive-Puff-Count-Compact-Design_Agora_vape-6-150x150.webp 150w, https:\/\/agoravape.com\/wp-content\/uploads\/2025\/10\/Bang-King-12000-Puffs-Massive-Puff-Count-Compact-Design_Agora_vape-6-768x768.webp 768w\" sizes=\"auto, (max-width: 800px) 100vw, 800px\" \/><\/h2>\n<h2 data-v-md-heading=\"product-specifications\" data-v-md-line=\"15\">Product specifications<\/h2>\n<p data-v-md-line=\"17\"><strong>Smoking frequency:<\/strong>\u00a0fino a 12000 tiri<\/p>\n<p data-v-md-line=\"19\"><strong>Contenuto di nicotina:<\/strong>\u00a00%, 2%, 3% e 5% facoltativi<\/p>\n<p data-v-md-line=\"21\"><strong>Usage:<\/strong>\u00a0Inhale to activate<\/p>\n<p data-v-md-line=\"23\"><strong>Charging method:<\/strong>\u00a0Standard Type-C USB interface<\/p>\n<p data-v-md-line=\"25\"><strong>Status:<\/strong>\u00a0Ready to use out of the box<\/p>\n<h2 data-v-md-heading=\"complete-flavor-lineup\" data-v-md-line=\"27\">Gamma completa di gusti<\/h2>\n<ul data-v-md-line=\"29\">\n<li>Gusto anguria<\/li>\n<li>Strawberry and watermelon flavor<\/li>\n<li>Blueberry Ice Flavor<\/li>\n<li>Blueberry and raspberry flavor<\/li>\n<li>Gusto fragola e mango<\/li>\n<li>Gusto ghiaccio drago nero<\/li>\n<li>Gusto Coca-Cola alla ciliegia<\/li>\n<li>Blueberry and Grape Flavor<\/li>\n<li>Triplo sapore di frutti di bosco<\/li>\n<li>Strano sapore di frutta alla fragola<\/li>\n<li>Gusto ghiaccio alla pesca<\/li>\n<li>Watermelon Bubble Gum Flavor<\/li>\n<\/ul>\n<p>&nbsp;<\/p>\n<h2 data-v-md-heading=\"tailored-for-you-and-your-business\" data-v-md-line=\"42\">Su misura per te e la tua attivit\u00e0<\/h2>\n<p data-v-md-line=\"44\">Bang King 12000 \u00e8 disponibile per l'acquisto singolo e, se sei un imprenditore, puoi anche acquistarlo all'ingrosso. Vengono forniti in scatole espositive all'ingrosso da 10 unit\u00e0, mentre gli ordini all'ingrosso vengono confezionati in grandi scatole di cartone da 200 unit\u00e0. Comprendiamo l'importanza di una logistica fluida, quindi collaboriamo con partner affidabili come UPS, DPD e DHL per fornire servizi di spedizione DDP affidabili al netto delle imposte. Ci\u00f2 significa che il tuo ordine pu\u00f2 essere consegnato rapidamente senza preoccuparti dello sdoganamento e di altri problemi.<\/p>\n<h2 data-v-md-heading=\"reasons-why-you-will-like-it\" data-v-md-line=\"46\">Reasons why you will like it<\/h2>\n<p data-v-md-line=\"48\"><strong>Durevole e duraturo:<\/strong>\u00a0Una sigaretta elettronica pu\u00f2 essere utilizzata per un periodo di tempo pi\u00f9 lungo senza dover effettuare acquisti frequenti.<\/p>\n<p data-v-md-line=\"50\"><strong>Selezione della concentrazione di nicotina:<\/strong>\u00a0Puoi scegliere la concentrazione di nicotina pi\u00f9 adatta a te.<\/p>\n<p data-v-md-line=\"52\"><strong>Ricaricabile:<\/strong>\u00a0ti consente di utilizzare tutto l'e-liquid che acquisti.<\/p>\n<p data-v-md-line=\"54\"><strong>Nucleo di atomizzazione a rete:<\/strong>\u00a0Pu\u00f2 offrire ogni volta un gusto stabile e ricco.<\/p>\n<h2 data-v-md-heading=\"why-choose-to-collaborate-with-agoravape\" data-v-md-line=\"56\">Perch\u00e9 scegliere di collaborare con AgoraVape?<\/h2>\n<p data-v-md-line=\"58\">Essendo uno dei distributori di sigarette elettroniche pi\u00f9 affidabili in Europa, vendiamo solo prodotti originali al 100%. Per i nostri clienti aziendali, questo significa che le sigarette elettroniche usa e getta Bang King 12000 mini offriranno prezzi all'ingrosso altamente competitivi, un'assistenza post-vendita affidabile e servizi di consegna rapidi e affidabili. Contattateci immediatamente e i vostri clienti vi ringrazieranno sinceramente per aver scelto questo prodotto.<\/p>","protected":false},"excerpt":{"rendered":"<p>&nbsp;<\/p>\n<p><script src=\"chrome-extension:\/\/fpelahbljekknahkcaegamhcndkfpfnc\/iFrame.js\" type=\"text\/javascript\"><\/script><\/p>\n<p><script src=\"chrome-extension:\/\/fpelahbljekknahkcaegamhcndkfpfnc\/iFrame.js\" type=\"text\/javascript\"><\/script><\/p>\n<p><script src=\"chrome-extension:\/\/fpelahbljekknahkcaegamhcndkfpfnc\/iFrame.js\" type=\"text\/javascript\"><\/script><\/p>\n<p><script src=\"chrome-extension:\/\/fpelahbljekknahkcaegamhcndkfpfnc\/iFrame.js\" type=\"text\/javascript\"><\/script><\/p>","protected":false},"featured_media":19646,"comment_status":"open","ping_status":"closed","template":"","meta":[],"product_brand":[197],"product_cat":[124,187,185,1634,189,123,177,174,175,193,191,173,186,180,190],"product_tag":[],"class_list":{"0":"post-19622","1":"product","2":"type-product","3":"status-publish","4":"has-post-thumbnail","6":"product_brand-bang","7":"product_cat-vape-by-brand","8":"product_cat-0mg-nicotine-free-vapes","9":"product_cat-10000-puffs-high-capacity","10":"product_cat-12000-puffs","11":"product_cat-20mg-standard-nicotine-vapes","12":"product_cat-bang","13":"product_cat-dessert-sweets","14":"product_cat-fruit-flavors","15":"product_cat-icy-mint","16":"product_cat-mesh-coil","17":"product_cat-rechargeable-disposables","18":"product_cat-vape-by-flavor-profile","19":"product_cat-vape-by-nicotine-strength","20":"product_cat-vape-by-puff-count","21":"product_cat-vape-by-feature-or-type","23":"first","24":"instock","25":"shipping-taxable","26":"purchasable","27":"product-type-variable","28":"has-default-attributes"},"tiered_pricing_type":"percentage","tiered_pricing_fixed_rules":[],"tiered_pricing_product_settings":{"layout":"default","base_unit_name":{"singular":null,"plural":null},"default_variation":null},"tiered_pricing_minimum_quantity":10,"tiered_pricing_roles_data":[],"tiered_pricing_percentage_rules":{"30":"29","50":"35","100":"40","200":"44","500":"47","1000":"49"},"tiered_pricing_maximum_quantity":null,"tiered_pricing_quantity_step":"10","_links":{"self":[{"href":"https:\/\/agoravape.com\/it\/wp-json\/wp\/v2\/product\/19622","targetHints":{"allow":["GET"]}}],"collection":[{"href":"https:\/\/agoravape.com\/it\/wp-json\/wp\/v2\/product"}],"about":[{"href":"https:\/\/agoravape.com\/it\/wp-json\/wp\/v2\/types\/product"}],"replies":[{"embeddable":true,"href":"https:\/\/agoravape.com\/it\/wp-json\/wp\/v2\/comments?post=19622"}],"version-history":[{"count":0,"href":"https:\/\/agoravape.com\/it\/wp-json\/wp\/v2\/product\/19622\/revisions"}],"wp:featuredmedia":[{"embeddable":true,"href":"https:\/\/agoravape.com\/it\/wp-json\/wp\/v2\/media\/19646"}],"wp:attachment":[{"href":"https:\/\/agoravape.com\/it\/wp-json\/wp\/v2\/media?parent=19622"}],"wp:term":[{"taxonomy":"product_brand","embeddable":true,"href":"https:\/\/agoravape.com\/it\/wp-json\/wp\/v2\/product_brand?post=19622"},{"taxonomy":"product_cat","embeddable":true,"href":"https:\/\/agoravape.com\/it\/wp-json\/wp\/v2\/product_cat?post=19622"},{"taxonomy":"product_tag","embeddable":true,"href":"https:\/\/agoravape.com\/it\/wp-json\/wp\/v2\/product_tag?post=19622"}],"curies":[{"name":"wp","href":"https:\/\/api.w.org\/{rel}","templated":true}]}}