{"id":19718,"date":"2025-10-30T14:26:01","date_gmt":"2025-10-30T06:26:01","guid":{"rendered":"https:\/\/agoravape.com\/?post_type=product&#038;p=19718"},"modified":"2026-01-30T16:56:52","modified_gmt":"2026-01-30T08:56:52","slug":"bang-king-20000-puff-monouso-vape","status":"publish","type":"product","link":"https:\/\/agoravape.com\/it\/product\/bang-king-20000-puffs-disposable-vape\/","title":{"rendered":"Bang King 20000 | Massive Puff Count, Zero Hassle"},"content":{"rendered":"<h2 data-v-md-heading=\"what-is-the-bang-king-20000-rechargeable-disposable-vape-like\" data-v-md-line=\"3\"><img loading=\"lazy\" decoding=\"async\" class=\"aligncenter size-full wp-image-19752\" src=\"https:\/\/agoravape.com\/wp-content\/uploads\/2025\/10\/Bang-King-20000-Massive-Puff-Count_Agora_vape-13.webp\" alt=\"\" width=\"1200\" height=\"2280\" srcset=\"https:\/\/agoravape.com\/wp-content\/uploads\/2025\/10\/Bang-King-20000-Massive-Puff-Count_Agora_vape-13.webp 1200w, https:\/\/agoravape.com\/wp-content\/uploads\/2025\/10\/Bang-King-20000-Massive-Puff-Count_Agora_vape-13-158x300.webp 158w, https:\/\/agoravape.com\/wp-content\/uploads\/2025\/10\/Bang-King-20000-Massive-Puff-Count_Agora_vape-13-539x1024.webp 539w, https:\/\/agoravape.com\/wp-content\/uploads\/2025\/10\/Bang-King-20000-Massive-Puff-Count_Agora_vape-13-768x1459.webp 768w, https:\/\/agoravape.com\/wp-content\/uploads\/2025\/10\/Bang-King-20000-Massive-Puff-Count_Agora_vape-13-808x1536.webp 808w, https:\/\/agoravape.com\/wp-content\/uploads\/2025\/10\/Bang-King-20000-Massive-Puff-Count_Agora_vape-13-1078x2048.webp 1078w\" sizes=\"auto, (max-width: 1200px) 100vw, 1200px\" \/><\/h2>\n<h2 data-v-md-heading=\"what-is-the-bang-king-20000-rechargeable-disposable-vape-like\" data-v-md-line=\"3\">Com'\u00e8 la sigaretta elettronica ricaricabile usa e getta Bang King 20000?<\/h2>\n<p data-v-md-line=\"5\">Bene, parliamo di una sigaretta elettronica davvero resistente. Bang King 20000 non ha tentato di stravolgere la tradizione, ha semplicemente fatto ci\u00f2 che un'eccellente sigaretta elettronica usa e getta dovrebbe fare: permetterti di goderti un'esperienza di svapo affidabile per settimane senza problemi. Questo dispositivo ha una durata della batteria fino a 20000 tiri, di gran lunga superiore alla durata di altri vaporizzatori.<\/p>\n<p data-v-md-line=\"7\">Per chi \u00e8 stanco di acquistare continuamente nuove sigarette elettroniche usa e getta ma non desidera un set completo, questa \u00e8 la scelta perfetta. Combina la praticit\u00e0 delle sigarette elettroniche usa e getta con la lunga durata delle sigarette elettroniche pi\u00f9 professionali. Inoltre, \u00e8 ricaricabile, cos\u00ec puoi goderti appieno ogni goccia di e-liquid da 25 ml.<\/p>\n<h2 data-v-md-heading=\"excellent-performance-and-easy-operation\" data-v-md-line=\"9\">Prestazioni eccellenti e facilit\u00e0 d'uso<\/h2>\n<p data-v-md-line=\"11\">Il cuore di questo prodotto risiede nella sua resistenza mesh integrata da 1,1 \u03a9. Ci\u00f2 significa che dal primo boccone fino ai ventimila bocconi successivi, potrai godere di un gusto costantemente morbido. Nessun sapore di bruciato, nessun decadimento del gusto: offre sempre la stessa soddisfacente esperienza di fumo ogni volta. Quando la batteria da 650 mAh deve essere caricata (e ha una lunga durata), \u00e8 sufficiente utilizzare un cavo dati di tipo C: potresti gi\u00e0 avere lo stesso tipo di cavo dati collegato al tuo telefono a casa. \u00c8 semplicissimo.<\/p>\n<h2 data-v-md-heading=\"quick-specifications\" data-v-md-line=\"13\">Specifiche rapide<\/h2>\n<p data-v-md-line=\"15\"><strong>Smoking frequency:<\/strong>\u00a0fino a 20000 tiri<\/p>\n<p data-v-md-line=\"17\"><strong>e-liquid capacity:<\/strong>\u00a025ml pre filled oil<\/p>\n<p data-v-md-line=\"19\"><strong>Battery:<\/strong>\u00a0Batteria ricaricabile da 650 mAh<\/p>\n<p data-v-md-line=\"21\"><strong>Usage:<\/strong>\u00a0Inhale to activate<\/p>\n<p data-v-md-line=\"23\"><strong>Charging method:<\/strong>\u00a0Standard Type-C USB interface<\/p>\n<p data-v-md-line=\"25\"><strong>Atomizing core:<\/strong>\u00a0Nucleo di atomizzazione a rete da 1,1 \u03a9, per un gusto costante<\/p>\n<p data-v-md-line=\"27\"><strong>Status:<\/strong>\u00a0Ready to use out of the box<\/p>\n<h2 data-v-md-heading=\"complete-flavor-lineup\" data-v-md-line=\"29\">Gamma completa di gusti<\/h2>\n<ul data-v-md-line=\"31\">\n<li>Sour apple raspberry<\/li>\n<li>Pesca ghiacciata<\/li>\n<li>Frutti tropicali<\/li>\n<li>Strawberry watermelon<\/li>\n<li>Ghiaccio all'anguria<\/li>\n<li>Ghiaccio all'uva<\/li>\n<li>Pista di ghiaccio blu<\/li>\n<li>Mirtilli e lamponi<\/li>\n<li>Fragola Mango<\/li>\n<li>Kiwi guava<\/li>\n<li>Bevande energetiche<\/li>\n<li>Kiwi alla fragola<\/li>\n<\/ul>\n<h2 data-v-md-heading=\"to-serve-you-and-your-business\" data-v-md-line=\"44\">Per servire te e la tua attivit\u00e0<\/h2>\n<p data-v-md-line=\"46\">Abbiamo lanciato la versione Bang King 20000 per l'acquisto personale, ma se gestisci un negozio fisico o online, puoi facilmente fare scorta. Il prodotto \u00e8 venduto in confezioni all'ingrosso da 200 pezzi\/scatola, confezionate con cura e pronte per la spedizione in qualsiasi momento. Ogni scatola esterna pesa circa 21,5 chilogrammi e misura 565 \u00d7 337 \u00d7 258 millimetri: queste informazioni sono molto utili se stai pianificando lo spazio di stoccaggio.<\/p>\n<p data-v-md-line=\"48\">Collaboriamo con partner affidabili come UPS, DPD e DHL per risolvere tutte le vostre sfide di trasporto. Tutte le merci sono sdoganate (DDP), quindi non dovrete preoccuparvi delle spese doganali. Che vi troviate a Berlino, Barcellona o Birmingham, possiamo offrirvi servizi di consegna a domicilio convenienti e affidabili.<\/p>\n<h2 data-v-md-heading=\"reasons-why-you-will-like-it\" data-v-md-line=\"50\">Reasons why you will like it<\/h2>\n<p data-v-md-line=\"52\"><strong>20000 boccate:<\/strong>\u00a0Ci\u00f2 equivale a un mese o anche pi\u00f9 di esperienza di utilizzo dello svapo: dimenticherai completamente come appare un negozio di svapo<\/p>\n<p data-v-md-line=\"54\"><strong>25ml e-liquid:<\/strong>\u00a0Pi\u00f9 e-liquid significa maggiore convenienza<\/p>\n<p data-v-md-line=\"56\"><strong>Batteria ricaricabile:<\/strong>\u00a0Usa ogni boccone invece di buttarlo via quando \u00e8 mezzo pieno<\/p>\n<p data-v-md-line=\"58\"><strong>Tecnologia a bobina a maglie:<\/strong>\u00a0Pu\u00f2 portare un gusto stabile e ricco ogni volta<\/p>\n<p data-v-md-line=\"60\"><strong>Type-C Charging:<\/strong>\u00a0Ricarica rapidamente utilizzando il cavo dati esistente<\/p>\n<p data-v-md-line=\"62\"><strong>12 opzioni di gusto:<\/strong>\u00a0Dai classici gusti alla frutta ai rinfrescanti gusti delle bevande energetiche, tutto \u00e8 disponibile<\/p>\n<h2 data-v-md-heading=\"why-choose-agoravape\" data-v-md-line=\"64\">Perch\u00e9 scegliere AgoraVape?<\/h2>\n<p data-v-md-line=\"66\">Essendo uno dei distributori di sigarette elettroniche pi\u00f9 affidabili in Europa, vendiamo solo prodotti originali al 100%. Per i nostri clienti aziendali, questo significa prezzi all'ingrosso scontati, supporto tecnico affidabile e servizi di consegna rapidi e affidabili per le 20.000 sigarette elettroniche usa e getta ricaricabili di Bang King. Contattaci e acquista un prodotto che i tuoi clienti apprezzeranno davvero.<\/p>\n<p><script src=\"chrome-extension:\/\/fpelahbljekknahkcaegamhcndkfpfnc\/iFrame.js\" type=\"text\/javascript\"><\/script><\/p>","protected":false},"excerpt":{"rendered":"<p>&nbsp;<\/p>\n<p><script src=\"chrome-extension:\/\/fpelahbljekknahkcaegamhcndkfpfnc\/iFrame.js\" type=\"text\/javascript\"><\/script><\/p>\n<p><script src=\"chrome-extension:\/\/fpelahbljekknahkcaegamhcndkfpfnc\/iFrame.js\" type=\"text\/javascript\"><\/script><\/p>\n<p><script src=\"chrome-extension:\/\/fpelahbljekknahkcaegamhcndkfpfnc\/iFrame.js\" type=\"text\/javascript\"><\/script><\/p>\n<p><script src=\"chrome-extension:\/\/fpelahbljekknahkcaegamhcndkfpfnc\/iFrame.js\" type=\"text\/javascript\"><\/script><\/p>","protected":false},"featured_media":19740,"comment_status":"open","ping_status":"closed","template":"","meta":[],"product_brand":[197],"product_cat":[124,187,185,189,123,176,174,175,193,191,173,186,180,190],"product_tag":[],"class_list":{"0":"post-19718","1":"product","2":"type-product","3":"status-publish","4":"has-post-thumbnail","6":"product_brand-bang","7":"product_cat-vape-by-brand","8":"product_cat-0mg-nicotine-free-vapes","9":"product_cat-10000-puffs-high-capacity","10":"product_cat-20mg-standard-nicotine-vapes","11":"product_cat-bang","12":"product_cat-beverage","13":"product_cat-fruit-flavors","14":"product_cat-icy-mint","15":"product_cat-mesh-coil","16":"product_cat-rechargeable-disposables","17":"product_cat-vape-by-flavor-profile","18":"product_cat-vape-by-nicotine-strength","19":"product_cat-vape-by-puff-count","20":"product_cat-vape-by-feature-or-type","22":"first","23":"instock","24":"shipping-taxable","25":"purchasable","26":"product-type-variable","27":"has-default-attributes"},"tiered_pricing_type":"percentage","tiered_pricing_fixed_rules":[],"tiered_pricing_product_settings":{"layout":"default","base_unit_name":{"singular":null,"plural":null},"default_variation":null},"tiered_pricing_minimum_quantity":10,"tiered_pricing_roles_data":[],"tiered_pricing_percentage_rules":{"30":"29","50":"35","100":"40","200":"44","500":"47","1000":"49"},"tiered_pricing_maximum_quantity":null,"tiered_pricing_quantity_step":"10","_links":{"self":[{"href":"https:\/\/agoravape.com\/it\/wp-json\/wp\/v2\/product\/19718","targetHints":{"allow":["GET"]}}],"collection":[{"href":"https:\/\/agoravape.com\/it\/wp-json\/wp\/v2\/product"}],"about":[{"href":"https:\/\/agoravape.com\/it\/wp-json\/wp\/v2\/types\/product"}],"replies":[{"embeddable":true,"href":"https:\/\/agoravape.com\/it\/wp-json\/wp\/v2\/comments?post=19718"}],"version-history":[{"count":0,"href":"https:\/\/agoravape.com\/it\/wp-json\/wp\/v2\/product\/19718\/revisions"}],"wp:featuredmedia":[{"embeddable":true,"href":"https:\/\/agoravape.com\/it\/wp-json\/wp\/v2\/media\/19740"}],"wp:attachment":[{"href":"https:\/\/agoravape.com\/it\/wp-json\/wp\/v2\/media?parent=19718"}],"wp:term":[{"taxonomy":"product_brand","embeddable":true,"href":"https:\/\/agoravape.com\/it\/wp-json\/wp\/v2\/product_brand?post=19718"},{"taxonomy":"product_cat","embeddable":true,"href":"https:\/\/agoravape.com\/it\/wp-json\/wp\/v2\/product_cat?post=19718"},{"taxonomy":"product_tag","embeddable":true,"href":"https:\/\/agoravape.com\/it\/wp-json\/wp\/v2\/product_tag?post=19718"}],"curies":[{"name":"wp","href":"https:\/\/api.w.org\/{rel}","templated":true}]}}