{"id":19805,"date":"2025-10-30T16:51:05","date_gmt":"2025-10-30T08:51:05","guid":{"rendered":"https:\/\/agoravape.com\/?post_type=product&#038;p=19805"},"modified":"2026-01-30T16:55:44","modified_gmt":"2026-01-30T08:55:44","slug":"bang-king-b35k-duo-35000-soffi-vape","status":"publish","type":"product","link":"https:\/\/agoravape.com\/it\/product\/bang-king-b35k-duo-35000-puffs-vape\/","title":{"rendered":"Bang King B35K Duo 35000 tiri | Due gusti, un dispositivo, zero problemi"},"content":{"rendered":"<h2 data-v-md-heading=\"what-is-the-special-feature-of-bang-king-b35k-duo-35000-dual-flavor-electronic-cigarette\" data-v-md-line=\"3\"><img loading=\"lazy\" decoding=\"async\" class=\"size-full wp-image-19830 alignright\" src=\"https:\/\/agoravape.com\/wp-content\/uploads\/2025\/10\/Bang-King-B35K-Duo-35000-Puffs-Two-Flavours-One-Device-Zero-Hassle_Agora_vape-1-scaled.webp\" alt=\"\" width=\"853\" height=\"2560\" srcset=\"https:\/\/agoravape.com\/wp-content\/uploads\/2025\/10\/Bang-King-B35K-Duo-35000-Puffs-Two-Flavours-One-Device-Zero-Hassle_Agora_vape-1-scaled.webp 853w, https:\/\/agoravape.com\/wp-content\/uploads\/2025\/10\/Bang-King-B35K-Duo-35000-Puffs-Two-Flavours-One-Device-Zero-Hassle_Agora_vape-1-100x300.webp 100w, https:\/\/agoravape.com\/wp-content\/uploads\/2025\/10\/Bang-King-B35K-Duo-35000-Puffs-Two-Flavours-One-Device-Zero-Hassle_Agora_vape-1-341x1024.webp 341w, https:\/\/agoravape.com\/wp-content\/uploads\/2025\/10\/Bang-King-B35K-Duo-35000-Puffs-Two-Flavours-One-Device-Zero-Hassle_Agora_vape-1-768x2304.webp 768w, https:\/\/agoravape.com\/wp-content\/uploads\/2025\/10\/Bang-King-B35K-Duo-35000-Puffs-Two-Flavours-One-Device-Zero-Hassle_Agora_vape-1-512x1536.webp 512w, https:\/\/agoravape.com\/wp-content\/uploads\/2025\/10\/Bang-King-B35K-Duo-35000-Puffs-Two-Flavours-One-Device-Zero-Hassle_Agora_vape-1-1200x3600.webp 1200w\" sizes=\"auto, (max-width: 853px) 100vw, 853px\" \/><\/h2>\n<h2 data-v-md-heading=\"what-is-the-special-feature-of-bang-king-b35k-duo-35000-dual-flavor-electronic-cigarette\" data-v-md-line=\"3\">Qual \u00e8 la caratteristica speciale della sigaretta elettronica Bang King B35K Duo 35000 a doppio aroma?<\/h2>\n<p data-v-md-line=\"5\">Questa sigaretta elettronica \u00e8 unica: sembra incapace di scegliere il gusto, ed \u00e8 proprio questa la sua sottigliezza. La Bang King B35K Duo ha due scomparti indipendenti da 28 ml per il liquido, ognuno contenente aromi diversi. Pertanto, puoi passare in qualsiasi momento, ad esempio liberamente tra un ghiacciolo al mirtillo e un ghiacciolo alla pesca succosa. Di' addio alla stanchezza del gusto e alla scomodit\u00e0 di portare con te due dispositivi. Con una semplice pressione, puoi sperimentare aromi completamente diversi.<\/p>\n<p data-v-md-line=\"7\">Se ti annoi facilmente o non riesci a scegliere un solo aroma, questa sigaretta elettronica \u00e8 fatta su misura per te. \u00c8 perfetta per chi vuole gustare aromi alla frutta al mattino, aromi alla menta al pomeriggio o per chi trascorre lunghe giornate senza riuscire a scegliere un solo aroma per diverse settimane.<\/p>\n<h2 data-v-md-heading=\"excellent-performance-and-easy-operation\" data-v-md-line=\"9\">Prestazioni eccellenti e facilit\u00e0 d'uso<\/h2>\n<p data-v-md-line=\"11\">Il sistema a doppia bobina a rete (ogni atomizzatore \u00e8 dotato di una bobina da 1,0 \u03a9) garantisce la perfetta presentazione di entrambi gli aromi: dal primo all'ultimo boccone, il gusto \u00e8 morbido, uniforme e corposo. Una batteria da 650 mAh \u00e8 sufficiente per soddisfare i requisiti di durata della batteria fino a 35.000 porte. Quando \u00e8 necessario ricaricare, \u00e8 sufficiente collegare il cavo dati Type-C, proprio come quello che si utilizza per caricare il telefono. Semplice e pratico.<\/p>\n<h2 data-v-md-heading=\"quick-specifications\" data-v-md-line=\"13\">Specifiche rapide<\/h2>\n<p data-v-md-line=\"15\"><strong>Numero di sorsi:<\/strong>\u00a0Fino a 35000 sorsi (17500 sorsi per gusto)<\/p>\n<p data-v-md-line=\"17\"><strong>Concentrazione di nicotina:<\/strong>\u00a0Disponibile in quattro opzioni di concentrazione: 0%, 2%, 3% e 5%<\/p>\n<p data-v-md-line=\"19\"><strong>Usage:<\/strong>\u00a0Inspira per attivare, pulsante per cambiare sapore<\/p>\n<p data-v-md-line=\"21\"><strong>Charging method:<\/strong>\u00a0Standard Type-C USB interface<\/p>\n<p data-v-md-line=\"23\"><strong>e-liquid capacity:<\/strong>\u00a028 ml x 2 scomparti indipendenti per e-liquid<\/p>\n<p data-v-md-line=\"25\"><strong>Status:<\/strong>\u00a0Ready to use out of the box<\/p>\n<h2 data-v-md-heading=\"complete-taste-list\" data-v-md-line=\"27\">Lista completa dei gusti<\/h2>\n<ul data-v-md-line=\"29\">\n<li>Frullato di mirtilli\/frullato di pesche succose<\/li>\n<li>Frullato di fragole e anguria<\/li>\n<li>Fragola Banana\/Doppia Mela<\/li>\n<li>Frullato di tre frutti di bosco\/frutta tropicale<\/li>\n<li>Bombe di ciliegie\/frullati all'uva<\/li>\n<li>Pesca Mango\/Fragola Mango<\/li>\n<li>Lime Mango\/Menta Fresca<\/li>\n<li>Popcorn alla ciliegia\/Mirtillo Mr<\/li>\n<li>Black Dragon Ice Sand\/Strawberry Kiwi<\/li>\n<li>Red Bull\/Peach Berry<\/li>\n<li>Acqua rosa al limone\/Mr. Blue<\/li>\n<li>Kiwi, frutto della passione, guava\/ciliegia blu, limone<\/li>\n<\/ul>\n<h2 data-v-md-heading=\"tailored-for-you-and-your-business\" data-v-md-line=\"42\">Su misura per te e la tua attivit\u00e0<\/h2>\n<p data-v-md-line=\"44\">La barretta energetica Bang King B35K a doppio gusto \u00e8 ora disponibile per la vendita di singoli pezzi. Se sei un imprenditore, puoi anche acquistarla all'ingrosso. Il prodotto \u00e8 confezionato in una scatola all'ingrosso da 10 unit\u00e0, con una scatola esterna contenente 200 unit\u00e0. Offriamo servizi di spedizione DDP (Delivery Delivery Delivery) al netto delle imposte con partner come UPS, DPD e DHL per garantire che tu non riscontri alcun incidente durante lo sdoganamento: tutte le procedure vengono gestite correttamente prima della consegna.<\/p>\n<p data-v-md-line=\"46\">Il design a doppio gusto \u00e8 sicuramente un punto di forza che attrae i clienti. Non si tratta semplicemente di un prodotto usa e getta, ma risolve davvero il problema del \"sono stanco di questo gusto\" che tutti si trovano ad affrontare.<\/p>\n<h2 data-v-md-heading=\"reasons-why-you-will-like-it\" data-v-md-line=\"48\">Reasons why you will like it<\/h2>\n<p data-v-md-line=\"50\"><strong>Doppio sapore in uno:<\/strong>\u00a0Non c'\u00e8 bisogno di portare con s\u00e9 pi\u00f9 dispositivi, puoi cambiare gusto in qualsiasi momento<\/p>\n<p data-v-md-line=\"52\"><strong>Capacit\u00e0 totale di fumo di 35000 boccate:<\/strong>\u00a0Anche gli utenti pi\u00f9 assidui possono soddisfare la domanda di sigarette elettroniche di settimane<\/p>\n<p data-v-md-line=\"54\"><strong>Selezione della nicotina:<\/strong>\u00a0Sono disponibili quattro concentrazioni di nicotina, inclusa una versione senza nicotina<\/p>\n<p data-v-md-line=\"56\"><strong>Nucleo dell'atomizzatore a doppia maglia:<\/strong>\u00a0Ogni aroma \u00e8 dotato di un nucleo atomizzatore indipendente, che fornisce un gusto perfetto<\/p>\n<p data-v-md-line=\"58\"><strong>Batteria ricaricabile:<\/strong>\u00a0Sfrutta al massimo ogni goccia di e-liquid che spendi<\/p>\n<h2 data-v-md-heading=\"why-choose-agoravape\" data-v-md-line=\"60\">Perch\u00e9 scegliere AgoraVape?<\/h2>\n<p data-v-md-line=\"62\">Essendo uno dei distributori di sigarette elettroniche pi\u00f9 affidabili in Europa, vendiamo solo prodotti originali al 100%. Per i nostri clienti aziendali, questo significa che Bang King B35K Duo offre prezzi all'ingrosso scontati, supporto tecnico completo e spedizioni rapide e affidabili. Contattateci per ricevere questo prodotto che i vostri clienti apprezzeranno davvero: dopotutto, chi non vorrebbe spendere soldi per gustare due gusti diversi?<\/p>","protected":false},"excerpt":{"rendered":"<p>&nbsp;<\/p>\n<p><script src=\"chrome-extension:\/\/fpelahbljekknahkcaegamhcndkfpfnc\/iFrame.js\" type=\"text\/javascript\"><\/script><\/p>\n<p><script src=\"chrome-extension:\/\/fpelahbljekknahkcaegamhcndkfpfnc\/iFrame.js\" type=\"text\/javascript\"><\/script><\/p>\n<p><script src=\"chrome-extension:\/\/fpelahbljekknahkcaegamhcndkfpfnc\/iFrame.js\" type=\"text\/javascript\"><\/script><\/p>\n<p><script src=\"chrome-extension:\/\/fpelahbljekknahkcaegamhcndkfpfnc\/iFrame.js\" type=\"text\/javascript\"><\/script><\/p>\n<p><script src=\"chrome-extension:\/\/fpelahbljekknahkcaegamhcndkfpfnc\/iFrame.js\" type=\"text\/javascript\"><\/script><\/p>","protected":false},"featured_media":19829,"comment_status":"open","ping_status":"closed","template":"","meta":[],"product_brand":[197],"product_cat":[124,187,185,189,123,176,195,174,175,193,191,173,186,180,190],"product_tag":[],"class_list":{"0":"post-19805","1":"product","2":"type-product","3":"status-publish","4":"has-post-thumbnail","6":"product_brand-bang","7":"product_cat-vape-by-brand","8":"product_cat-0mg-nicotine-free-vapes","9":"product_cat-10000-puffs-high-capacity","10":"product_cat-20mg-standard-nicotine-vapes","11":"product_cat-bang","12":"product_cat-beverage","13":"product_cat-dual-flavor-switch","14":"product_cat-fruit-flavors","15":"product_cat-icy-mint","16":"product_cat-mesh-coil","17":"product_cat-rechargeable-disposables","18":"product_cat-vape-by-flavor-profile","19":"product_cat-vape-by-nicotine-strength","20":"product_cat-vape-by-puff-count","21":"product_cat-vape-by-feature-or-type","23":"first","24":"instock","25":"shipping-taxable","26":"purchasable","27":"product-type-variable","28":"has-default-attributes"},"tiered_pricing_type":"percentage","tiered_pricing_fixed_rules":[],"tiered_pricing_product_settings":{"layout":"default","base_unit_name":{"singular":null,"plural":null},"default_variation":null},"tiered_pricing_minimum_quantity":10,"tiered_pricing_roles_data":[],"tiered_pricing_percentage_rules":{"30":"29","50":"35","100":"40","200":"44","500":"47","1000":"49"},"tiered_pricing_maximum_quantity":null,"tiered_pricing_quantity_step":"10","_links":{"self":[{"href":"https:\/\/agoravape.com\/it\/wp-json\/wp\/v2\/product\/19805","targetHints":{"allow":["GET"]}}],"collection":[{"href":"https:\/\/agoravape.com\/it\/wp-json\/wp\/v2\/product"}],"about":[{"href":"https:\/\/agoravape.com\/it\/wp-json\/wp\/v2\/types\/product"}],"replies":[{"embeddable":true,"href":"https:\/\/agoravape.com\/it\/wp-json\/wp\/v2\/comments?post=19805"}],"version-history":[{"count":0,"href":"https:\/\/agoravape.com\/it\/wp-json\/wp\/v2\/product\/19805\/revisions"}],"wp:featuredmedia":[{"embeddable":true,"href":"https:\/\/agoravape.com\/it\/wp-json\/wp\/v2\/media\/19829"}],"wp:attachment":[{"href":"https:\/\/agoravape.com\/it\/wp-json\/wp\/v2\/media?parent=19805"}],"wp:term":[{"taxonomy":"product_brand","embeddable":true,"href":"https:\/\/agoravape.com\/it\/wp-json\/wp\/v2\/product_brand?post=19805"},{"taxonomy":"product_cat","embeddable":true,"href":"https:\/\/agoravape.com\/it\/wp-json\/wp\/v2\/product_cat?post=19805"},{"taxonomy":"product_tag","embeddable":true,"href":"https:\/\/agoravape.com\/it\/wp-json\/wp\/v2\/product_tag?post=19805"}],"curies":[{"name":"wp","href":"https:\/\/api.w.org\/{rel}","templated":true}]}}