{"id":19860,"date":"2025-10-30T17:10:02","date_gmt":"2025-10-30T09:10:02","guid":{"rendered":"https:\/\/agoravape.com\/?post_type=product&#038;p=19860"},"modified":"2026-01-19T21:59:07","modified_gmt":"2026-01-19T13:59:07","slug":"bang-king-bk45-45000-puff-triplo-serbatoio-vape","status":"publish","type":"product","link":"https:\/\/agoravape.com\/it\/product\/bang-king-bk45-45000-puffs-triple-tank-vape\/","title":{"rendered":"Bang King BK45 45000 tiri | Tre gusti, un dispositivo, soddisfazione infinita"},"content":{"rendered":"<h2 data-v-md-heading=\"what-is-special-about-bang-king-bk45-45000-three-pack-vape\" data-v-md-line=\"3\"><img loading=\"lazy\" decoding=\"async\" class=\"size-full wp-image-19874 alignright\" src=\"https:\/\/agoravape.com\/wp-content\/uploads\/2025\/10\/Bang-King-BK45-45000-Puffs-Three-Flavours-One-Device-Endless-Satisfaction_Agora_vape-1-scaled.webp\" alt=\"\" width=\"1080\" height=\"2560\" srcset=\"https:\/\/agoravape.com\/wp-content\/uploads\/2025\/10\/Bang-King-BK45-45000-Puffs-Three-Flavours-One-Device-Endless-Satisfaction_Agora_vape-1-scaled.webp 1080w, https:\/\/agoravape.com\/wp-content\/uploads\/2025\/10\/Bang-King-BK45-45000-Puffs-Three-Flavours-One-Device-Endless-Satisfaction_Agora_vape-1-127x300.webp 127w, https:\/\/agoravape.com\/wp-content\/uploads\/2025\/10\/Bang-King-BK45-45000-Puffs-Three-Flavours-One-Device-Endless-Satisfaction_Agora_vape-1-432x1024.webp 432w, https:\/\/agoravape.com\/wp-content\/uploads\/2025\/10\/Bang-King-BK45-45000-Puffs-Three-Flavours-One-Device-Endless-Satisfaction_Agora_vape-1-768x1821.webp 768w, https:\/\/agoravape.com\/wp-content\/uploads\/2025\/10\/Bang-King-BK45-45000-Puffs-Three-Flavours-One-Device-Endless-Satisfaction_Agora_vape-1-648x1536.webp 648w, https:\/\/agoravape.com\/wp-content\/uploads\/2025\/10\/Bang-King-BK45-45000-Puffs-Three-Flavours-One-Device-Endless-Satisfaction_Agora_vape-1-864x2048.webp 864w, https:\/\/agoravape.com\/wp-content\/uploads\/2025\/10\/Bang-King-BK45-45000-Puffs-Three-Flavours-One-Device-Endless-Satisfaction_Agora_vape-1-1200x2845.webp 1200w\" sizes=\"auto, (max-width: 1080px) 100vw, 1080px\" \/><\/h2>\n<h2 data-v-md-heading=\"what-is-special-about-bang-king-bk45-45000-three-pack-vape\" data-v-md-line=\"3\">Cosa ha di speciale il Bang King BK45 45000 in confezione da tre?<\/h2>\n<p data-v-md-line=\"5\">Questa sigaretta elettronica \u00e8 diversa: puoi cambiare liberamente tra tre gusti senza dover portare con te tre dispositivi. Il Bang King BK45 non \u00e8 solo una normale sigaretta elettronica usa e getta con un numero sorprendente di tiri. Adotta un ingegnoso design a tre scomparti, che pu\u00f2 contenere un totale di 45 millilitri di e-liquid (15 millilitri per scomparto), permettendoti di cambiare gusto in qualsiasi momento e ovunque. Basta ruotare delicatamente e cambiare per provare un aroma completamente nuovo.<\/p>\n<p data-v-md-line=\"7\">Se non riesci a mantenere lo stesso sapore per molto tempo, o se semplicemente ti piace avere pi\u00f9 scelta, allora questo vaporizzatore cambier\u00e0 completamente la tua esperienza di fumo. Di' addio alla seccatura di riempirti le tasche con vari dispositivi, di' addio alla stanchezza del gusto: con un solo dispositivo elegante, puoi goderti la freschezza per settimane intere.<\/p>\n<h2 data-v-md-heading=\"excellent-performance-easy-to-operate\" data-v-md-line=\"9\">Excellent performance, easy to operate<\/h2>\n<p data-v-md-line=\"11\">La tecnologia mesh coil garantisce che ogni boccone (45.000 bocconi) mantenga un gusto fresco e costante, indipendentemente dal fatto che si siano aspirati 100 o 40.000 bocconi. Una batteria ricaricabile da 650 mAh \u00e8 sufficiente per soddisfare la richiesta di un liquido di grande capacit\u00e0. Quando \u00e8 necessario ricaricare il liquido, \u00e8 sufficiente collegare un cavo dati Type-C standard, proprio come quello che si usa per caricare il telefono. Il vero punto di forza risiede nel design a tre scomparti. Si potrebbe pensare che passare da un scomparto all'altro sia complicato, ma in realt\u00e0 \u00e8 semplicissimo: basta una leggera rotazione per passare al gusto successivo.<\/p>\n<h2 data-v-md-heading=\"quick-specifications\" data-v-md-line=\"13\">Specifiche rapide<\/h2>\n<p data-v-md-line=\"15\"><strong>Smoking frequency:<\/strong>\u00a0fino a 45000 volte<\/p>\n<p data-v-md-line=\"17\"><strong>Concentrazione di nicotina:<\/strong>\u00a0Disponibile in quattro opzioni di concentrazione: 0%, 2%, 3% e 5%<\/p>\n<p data-v-md-line=\"19\"><strong>Usage:<\/strong>\u00a0Inhale to activate<\/p>\n<p data-v-md-line=\"21\"><strong>Charging method:<\/strong>\u00a0Standard Type-C USB interface<\/p>\n<p data-v-md-line=\"23\"><strong>e-liquid capacity:<\/strong>\u00a0Capacit\u00e0 totale 45 ml (15 ml x 3 scomparti per e-liquid)<\/p>\n<p data-v-md-line=\"25\"><strong>Battery:<\/strong>\u00a0Batteria ricaricabile da 650 mAh<\/p>\n<p data-v-md-line=\"27\"><strong>Status:<\/strong>\u00a0Ready to use out of the box<\/p>\n<h2 data-v-md-heading=\"complete-flavor-lineup\" data-v-md-line=\"29\">Gamma completa di gusti<\/h2>\n<p data-v-md-line=\"31\">Ogni dispositivo \u00e8 preinstallato con tre versioni complementari:<\/p>\n<ul data-v-md-line=\"33\">\n<li>Anguria\/Red Bull\/Fragola Kiwi<\/li>\n<li>Limone e lime\/fragola e anguria\/ghiaccio al mirtillo<\/li>\n<li>Fragola Banana\/Lampone Anguria\/Limone Lime<\/li>\n<li>Kiwi alla fragola\/Ananas al mango acido\/Red Bull<\/li>\n<li>Frutta tropicale\/fragole, angurie\/pesche al limone<\/li>\n<li>Ananas Cocco\/Fragola Banana\/Mirtillo Lampone<\/li>\n<li>Fragola Lampone\/Triplo Miele Melone\/Mango Aspro Ananas<\/li>\n<li>Anguria lampone\/pesca mango\/kiwi fragola<\/li>\n<li>Fragola Vaniglia Cola\/Mirtillo Lampone\/Limone Lime<\/li>\n<li>Gelato all'anguria\/fragola\/tripla anguria<\/li>\n<\/ul>\n<h2 data-v-md-heading=\"tailored-for-you-and-your-business\" data-v-md-line=\"44\">Su misura per te e la tua attivit\u00e0<\/h2>\n<p data-v-md-line=\"46\">Abbiamo lanciato Bang King BK45 45000, una confezione da tre cartucce per l'acquisto personale. Se sei un imprenditore e desideri offrire prodotti davvero unici, puoi anche effettuare ordini all'ingrosso. Il prodotto \u00e8 venduto in confezioni all'ingrosso da 10 unit\u00e0\/scatola, con una scatola esterna contenente 200 unit\u00e0. Offriamo servizi di spedizione DDP (Delivery Delivery Delivery) al netto delle imposte con partner affidabili come UPS, DPD e DHL, garantendo una consegna rapida del tuo ordine senza preoccuparti delle spese doganali. Questo prodotto far\u00e0 s\u00ec che i tuoi clienti tornino, non solo per rifornirsi di liquido, ma anche per provare diverse combinazioni di aromi.<\/p>\n<h2 data-v-md-heading=\"reasons-why-you-will-like-it\" data-v-md-line=\"48\">Reasons why you will like it<\/h2>\n<p data-v-md-line=\"50\"><strong>Tre gusti in uno:<\/strong>\u00a0Non c'\u00e8 bisogno di portare con s\u00e9 pi\u00f9 dispositivi, puoi passare da un gusto all'altro durante tutto il giorno<\/p>\n<p data-v-md-line=\"52\"><strong>Oltre 45000 boccate:<\/strong>\u00a0Un dispositivo pu\u00f2 soddisfare le tue esigenze di svapo per settimane<\/p>\n<p data-v-md-line=\"54\"><strong>Selezione della concentrazione di nicotina:<\/strong>\u00a0Concentrazione di nicotina dallo 0% al 5% per soddisfare le tue esigenze personalizzate<\/p>\n<p data-v-md-line=\"56\"><strong>Batteria ricaricabile:<\/strong>\u00a0Sfrutta al massimo ogni goccia di e-liquid da 45 ml che spendi<\/p>\n<p data-v-md-line=\"58\"><strong>Tecnologia a bobina a maglie:<\/strong>\u00a0Gusto ricco e costante dal primo all'ultimo morso<\/p>\n<p data-v-md-line=\"60\"><strong>Facile commutazione:<\/strong>\u00a0Basta ruotare per cambiare gusto: pulito ed efficiente, facile e comodo<\/p>\n<h2 data-v-md-heading=\"why-choose-to-collaborate-with-agoravape\" data-v-md-line=\"62\">Perch\u00e9 scegliere di collaborare con AgoraVape?<\/h2>\n<p data-v-md-line=\"64\">Essendo uno dei distributori di sigarette elettroniche pi\u00f9 affidabili in Europa, vendiamo solo prodotti originali al 100%. Per i nostri clienti aziendali, questo significa poter usufruire di ottimi prezzi all'ingrosso per Bang King BK45, un'assistenza post-vendita affidabile e servizi di consegna rapidi e affidabili in tutta Europa. Non si tratta solo di un normale prodotto per sigarette elettroniche, ma anche di un'opera innovativa che pu\u00f2 davvero entusiasmare i vostri clienti. Contattateci subito e diventate distributori di questo prodotto best-seller!<\/p>\n<p><script src=\"chrome-extension:\/\/fpelahbljekknahkcaegamhcndkfpfnc\/iFrame.js\" type=\"text\/javascript\"><\/script><\/p>","protected":false},"excerpt":{"rendered":"<p>&nbsp;<\/p>\n<p><script src=\"chrome-extension:\/\/fpelahbljekknahkcaegamhcndkfpfnc\/iFrame.js\" type=\"text\/javascript\"><\/script><\/p>\n<p><script src=\"chrome-extension:\/\/fpelahbljekknahkcaegamhcndkfpfnc\/iFrame.js\" type=\"text\/javascript\"><\/script><\/p>\n<p><script src=\"chrome-extension:\/\/fpelahbljekknahkcaegamhcndkfpfnc\/iFrame.js\" type=\"text\/javascript\"><\/script><\/p>\n<p><script src=\"chrome-extension:\/\/fpelahbljekknahkcaegamhcndkfpfnc\/iFrame.js\" type=\"text\/javascript\"><\/script><\/p>\n<p><script src=\"chrome-extension:\/\/fpelahbljekknahkcaegamhcndkfpfnc\/iFrame.js\" type=\"text\/javascript\"><\/script><\/p>\n<p><script src=\"chrome-extension:\/\/fpelahbljekknahkcaegamhcndkfpfnc\/iFrame.js\" type=\"text\/javascript\"><\/script><\/p>","protected":false},"featured_media":19880,"comment_status":"open","ping_status":"closed","template":"","meta":[],"product_brand":[197],"product_cat":[124,187,185,189,1640,123,176,195,174,175,191,173,186,180,190],"product_tag":[],"class_list":{"0":"post-19860","1":"product","2":"type-product","3":"status-publish","4":"has-post-thumbnail","6":"product_brand-bang","7":"product_cat-vape-by-brand","8":"product_cat-0mg-nicotine-free-vapes","9":"product_cat-10000-puffs-high-capacity","10":"product_cat-20mg-standard-nicotine-vapes","11":"product_cat-45000-puffs","12":"product_cat-bang","13":"product_cat-beverage","14":"product_cat-dual-flavor-switch","15":"product_cat-fruit-flavors","16":"product_cat-icy-mint","17":"product_cat-rechargeable-disposables","18":"product_cat-vape-by-flavor-profile","19":"product_cat-vape-by-nicotine-strength","20":"product_cat-vape-by-puff-count","21":"product_cat-vape-by-feature-or-type","23":"first","24":"onbackorder","25":"shipping-taxable","26":"purchasable","27":"product-type-variable","28":"has-default-attributes"},"tiered_pricing_type":"percentage","tiered_pricing_fixed_rules":[],"tiered_pricing_product_settings":{"layout":"default","base_unit_name":{"singular":null,"plural":null},"default_variation":null},"tiered_pricing_minimum_quantity":10,"tiered_pricing_roles_data":[],"tiered_pricing_percentage_rules":{"30":"29","50":"35","100":"40","200":"44","500":"47","1000":"49"},"tiered_pricing_maximum_quantity":null,"tiered_pricing_quantity_step":"10","_links":{"self":[{"href":"https:\/\/agoravape.com\/it\/wp-json\/wp\/v2\/product\/19860","targetHints":{"allow":["GET"]}}],"collection":[{"href":"https:\/\/agoravape.com\/it\/wp-json\/wp\/v2\/product"}],"about":[{"href":"https:\/\/agoravape.com\/it\/wp-json\/wp\/v2\/types\/product"}],"replies":[{"embeddable":true,"href":"https:\/\/agoravape.com\/it\/wp-json\/wp\/v2\/comments?post=19860"}],"version-history":[{"count":0,"href":"https:\/\/agoravape.com\/it\/wp-json\/wp\/v2\/product\/19860\/revisions"}],"wp:featuredmedia":[{"embeddable":true,"href":"https:\/\/agoravape.com\/it\/wp-json\/wp\/v2\/media\/19880"}],"wp:attachment":[{"href":"https:\/\/agoravape.com\/it\/wp-json\/wp\/v2\/media?parent=19860"}],"wp:term":[{"taxonomy":"product_brand","embeddable":true,"href":"https:\/\/agoravape.com\/it\/wp-json\/wp\/v2\/product_brand?post=19860"},{"taxonomy":"product_cat","embeddable":true,"href":"https:\/\/agoravape.com\/it\/wp-json\/wp\/v2\/product_cat?post=19860"},{"taxonomy":"product_tag","embeddable":true,"href":"https:\/\/agoravape.com\/it\/wp-json\/wp\/v2\/product_tag?post=19860"}],"curies":[{"name":"wp","href":"https:\/\/api.w.org\/{rel}","templated":true}]}}