{"id":19913,"date":"2025-10-30T20:24:08","date_gmt":"2025-10-30T12:24:08","guid":{"rendered":"https:\/\/agoravape.com\/?post_type=product&#038;p=19913"},"modified":"2026-01-15T19:35:47","modified_gmt":"2026-01-15T11:35:47","slug":"bang-king-city-bk5-ct-50000-soffi-vape","status":"publish","type":"product","link":"https:\/\/agoravape.com\/it\/product\/bang-king-city-bk5-ct-50000-puffs-vape\/","title":{"rendered":"Bang King City 50000 Lo svapo che non smette mai di funzionare"},"content":{"rendered":"<h2 data-v-md-heading=\"what-is-special-about-bang-king-city-s-50000-rechargeable-vapes\" data-v-md-line=\"3\"><img loading=\"lazy\" decoding=\"async\" class=\"aligncenter size-full wp-image-19926\" src=\"https:\/\/agoravape.com\/wp-content\/uploads\/2025\/10\/Bang-King-City-50000-The-Vape-That-Just-Keeps-Going_Agora_vape-1-scaled.webp\" alt=\"\" width=\"1042\" height=\"2560\" srcset=\"https:\/\/agoravape.com\/wp-content\/uploads\/2025\/10\/Bang-King-City-50000-The-Vape-That-Just-Keeps-Going_Agora_vape-1-scaled.webp 1042w, https:\/\/agoravape.com\/wp-content\/uploads\/2025\/10\/Bang-King-City-50000-The-Vape-That-Just-Keeps-Going_Agora_vape-1-122x300.webp 122w, https:\/\/agoravape.com\/wp-content\/uploads\/2025\/10\/Bang-King-City-50000-The-Vape-That-Just-Keeps-Going_Agora_vape-1-417x1024.webp 417w, https:\/\/agoravape.com\/wp-content\/uploads\/2025\/10\/Bang-King-City-50000-The-Vape-That-Just-Keeps-Going_Agora_vape-1-768x1887.webp 768w, https:\/\/agoravape.com\/wp-content\/uploads\/2025\/10\/Bang-King-City-50000-The-Vape-That-Just-Keeps-Going_Agora_vape-1-625x1536.webp 625w, https:\/\/agoravape.com\/wp-content\/uploads\/2025\/10\/Bang-King-City-50000-The-Vape-That-Just-Keeps-Going_Agora_vape-1-833x2048.webp 833w, https:\/\/agoravape.com\/wp-content\/uploads\/2025\/10\/Bang-King-City-50000-The-Vape-That-Just-Keeps-Going_Agora_vape-1-1200x2949.webp 1200w\" sizes=\"auto, (max-width: 1042px) 100vw, 1042px\" \/><\/h2>\n<h2 data-v-md-heading=\"what-is-special-about-bang-king-city-s-50000-rechargeable-vapes\" data-v-md-line=\"3\">Cosa hanno di speciale le 50.000 sigarette elettroniche ricaricabili di Bang King City?<\/h2>\n<p data-v-md-line=\"5\">A dire il vero, la maggior parte delle sigarette elettroniche usa e getta si scaricano quando si inizia a usarle. Ma questa \u00e8 diversa. Bang King City 50000 \u00e8 progettata per chi \u00e8 stanco di cambiare la sigaretta elettronica ogni pochi giorni. Ha una durata della batteria fino a 50000 tiri e una capacit\u00e0 di 45 millilitri di liquido, sufficienti per un utilizzo di settimane anzich\u00e9 giorni. Se desideri una sigaretta elettronica affidabile che non si scarichi improvvisamente mentre vai al lavoro, allora \u00e8 la scelta perfetta.<\/p>\n<p data-v-md-line=\"7\">Vale la pena sottolineare che, con una capacit\u00e0 cos\u00ec elevata, potresti avere la sensazione di tenere in mano un mattone, ma Bang King City \u00e8 sorprendentemente leggero e facile da trasportare. \u00c8 dotato di una batteria con una capacit\u00e0 fino a 650 mAh, sufficiente a soddisfare tutte le esigenze di un e-liquid. Quando la batteria \u00e8 scarica, \u00e8 sufficiente utilizzare il cavo dati Type-C per ricaricarla: questo cavo pu\u00f2 essere utilizzato anche per altri dispositivi.<\/p>\n<h2 data-v-md-heading=\"excellent-performance-and-easy-operation\" data-v-md-line=\"9\">Prestazioni eccellenti e facilit\u00e0 d'uso<\/h2>\n<p data-v-md-line=\"11\">Il design di Bang King City \u00e8 semplice e chiaro, il che \u00e8 rinfrescante. Non c'\u00e8 bisogno di impostazioni noiose o di usare pulsanti: basta un sorso. Il nucleo di atomizzazione a rete integrato assicura che ogni boccone sia fresco come il primo, che tu faccia 100 o 10.000 tiri. E l'interfaccia di ricarica Type-C? Questo significa che puoi ricaricare rapidamente in qualsiasi momento, permettendoti di goderti appieno ogni goccia di e-liquid da 45 ml.<\/p>\n<h2 data-v-md-heading=\"quick-specifications\" data-v-md-line=\"13\">Specifiche rapide<\/h2>\n<p data-v-md-line=\"15\"><strong>Numero di porte:<\/strong>\u00a0fino a 50000 porte<\/p>\n<p data-v-md-line=\"17\"><strong>e-liquido:<\/strong>\u00a0Preinstallato 45 ml<\/p>\n<p data-v-md-line=\"19\"><strong>Concentrazione di nicotina:<\/strong>\u00a00%, 2%, 3% e 5% facoltativi<\/p>\n<p data-v-md-line=\"21\"><strong>Battery:<\/strong>\u00a0Batteria ricaricabile da 650 mAh<\/p>\n<p data-v-md-line=\"23\"><strong>Usage:<\/strong>\u00a0Inhale to activate<\/p>\n<p data-v-md-line=\"25\"><strong>Charging method:<\/strong>\u00a0Standard Type-C USB interface<\/p>\n<p data-v-md-line=\"27\"><strong>Status:<\/strong>\u00a0Ready to use out of the box<\/p>\n<h2 data-v-md-heading=\"complete-flavor-lineup\" data-v-md-line=\"29\">Gamma completa di gusti<\/h2>\n<ul data-v-md-line=\"31\">\n<li>Blueberry smoothie<\/li>\n<li>Strawberry watermelon<\/li>\n<li>Watermelon smoothie<\/li>\n<li>Strawberry and Banana<\/li>\n<li>Frutti tropicali<\/li>\n<li>Gelato ai tre frutti di bosco<\/li>\n<li>Frullato succoso di pesca<\/li>\n<li>Kiwi alla fragola<\/li>\n<li>Pesca, Mango, Anguria<\/li>\n<li>Kiwi, passion fruit, guava<\/li>\n<li>frullato d'uva<\/li>\n<li>Signor Blu<\/li>\n<\/ul>\n<h2 data-v-md-heading=\"to-serve-you-and-your-business\" data-v-md-line=\"44\">Per servire te e la tua attivit\u00e0<\/h2>\n<p data-v-md-line=\"46\">Il nostro Bang King City 50000 \u00e8 ora disponibile per l'acquisto personale, ma se sei un proprietario di un negozio o gestisci un'attivit\u00e0 di svapo, puoi acquistarne grandi quantit\u00e0 tramite i nostri canali all'ingrosso. Il prodotto \u00e8 confezionato in una scatola espositiva da 10 pezzi, che ti consente di rifornire facilmente il tuo inventario. Inoltre, offriamo servizi di spedizione DDP (Delivery Delivery Delivery) dopo il pagamento delle imposte tramite partner fidati come UPS, DPD e DHL, garantendoti la massima tranquillit\u00e0 in termini di spese doganali: ti forniremo un servizio di consegna a domicilio fluido e affidabile.<\/p>\n<p data-v-md-line=\"48\">Che tu ne acquisti uno per te o un'intera scatola per il tuo negozio, riceverai lo stesso prodotto autentico e manterrai la costante ricerca della qualit\u00e0 di AgoraVape, che rende AgoraVape uno dei principali fornitori di sigarette elettroniche in Europa.<\/p>\n<h2 data-v-md-heading=\"reasons-why-you-will-like-it\" data-v-md-line=\"50\">Reasons why you will like it<\/h2>\n<p data-v-md-line=\"52\"><strong>50000 boccate:<\/strong>\u00a0Non c'\u00e8 bisogno di preoccuparsi della sostituzione della cartuccia, goditi settimane di esperienza di svapo<\/p>\n<p data-v-md-line=\"54\"><strong>Quattro opzioni di concentrazione di nicotina:<\/strong>\u00a0Dallo 0% al 5%, ce n'\u00e8 sempre uno adatto a te<\/p>\n<p data-v-md-line=\"56\"><strong>Capacit\u00e0 ultra grande da 45 ml:<\/strong>\u00a0Una maggiore capacit\u00e0 di e-liquid significa una maggiore convenienza<\/p>\n<p data-v-md-line=\"58\"><strong>Ricarica di tipo C:<\/strong>\u00a0Veloce e comodo, compatibile con il tuo cavo dati esistente<\/p>\n<p data-v-md-line=\"60\"><strong>Tecnologia a bobina a maglie:<\/strong>\u00a0Gusto ricco e costante<\/p>\n<p data-v-md-line=\"62\"><strong>12 gusti:<\/strong>\u00a0Dai classici gusti alla frutta ai rinfrescanti gusti alla menta, tutto \u00e8 disponibile<\/p>\n<h2 data-v-md-heading=\"why-choose-agoravape\" data-v-md-line=\"64\">Perch\u00e9 scegliere AgoraVape?<\/h2>\n<p data-v-md-line=\"66\">Essendo uno dei distributori di sigarette elettroniche pi\u00f9 affidabili in Europa, vendiamo solo prodotti originali al 100%. Per i nostri clienti aziendali, questo significa prezzi all'ingrosso altamente competitivi, supporto tecnico affidabile e consegne rapide e stabili. Contattateci subito per far s\u00ec che i vostri clienti apprezzino davvero i prodotti che offrite!<\/p>","protected":false},"excerpt":{"rendered":"<p>&nbsp;<\/p>\n<p><script src=\"chrome-extension:\/\/fpelahbljekknahkcaegamhcndkfpfnc\/iFrame.js\" type=\"text\/javascript\"><\/script><\/p>\n<p><script src=\"chrome-extension:\/\/fpelahbljekknahkcaegamhcndkfpfnc\/iFrame.js\" type=\"text\/javascript\"><\/script><\/p>\n<p><script src=\"chrome-extension:\/\/fpelahbljekknahkcaegamhcndkfpfnc\/iFrame.js\" type=\"text\/javascript\"><\/script><\/p>\n<p><script src=\"chrome-extension:\/\/fpelahbljekknahkcaegamhcndkfpfnc\/iFrame.js\" type=\"text\/javascript\"><\/script><\/p>\n<p><script src=\"chrome-extension:\/\/fpelahbljekknahkcaegamhcndkfpfnc\/iFrame.js\" type=\"text\/javascript\"><\/script><\/p>\n<p><script src=\"chrome-extension:\/\/fpelahbljekknahkcaegamhcndkfpfnc\/iFrame.js\" type=\"text\/javascript\"><\/script><\/p>","protected":false},"featured_media":19937,"comment_status":"open","ping_status":"closed","template":"","meta":[],"product_brand":[197],"product_cat":[124,187,185,189,1641,123,195,174,175,193,191,179,173,186,180,190],"product_tag":[],"class_list":{"0":"post-19913","1":"product","2":"type-product","3":"status-publish","4":"has-post-thumbnail","6":"product_brand-bang","7":"product_cat-vape-by-brand","8":"product_cat-0mg-nicotine-free-vapes","9":"product_cat-10000-puffs-high-capacity","10":"product_cat-20mg-standard-nicotine-vapes","11":"product_cat-50000-puffs","12":"product_cat-bang","13":"product_cat-dual-flavor-switch","14":"product_cat-fruit-flavors","15":"product_cat-icy-mint","16":"product_cat-mesh-coil","17":"product_cat-rechargeable-disposables","18":"product_cat-unique-blends","19":"product_cat-vape-by-flavor-profile","20":"product_cat-vape-by-nicotine-strength","21":"product_cat-vape-by-puff-count","22":"product_cat-vape-by-feature-or-type","24":"first","25":"instock","26":"shipping-taxable","27":"purchasable","28":"product-type-variable","29":"has-default-attributes"},"tiered_pricing_type":"percentage","tiered_pricing_fixed_rules":[],"tiered_pricing_product_settings":{"layout":"default","base_unit_name":{"singular":null,"plural":null},"default_variation":null},"tiered_pricing_minimum_quantity":10,"tiered_pricing_roles_data":[],"tiered_pricing_percentage_rules":{"30":"29","50":"35","100":"40","200":"44","500":"47","1000":"49"},"tiered_pricing_maximum_quantity":null,"tiered_pricing_quantity_step":"10","_links":{"self":[{"href":"https:\/\/agoravape.com\/it\/wp-json\/wp\/v2\/product\/19913","targetHints":{"allow":["GET"]}}],"collection":[{"href":"https:\/\/agoravape.com\/it\/wp-json\/wp\/v2\/product"}],"about":[{"href":"https:\/\/agoravape.com\/it\/wp-json\/wp\/v2\/types\/product"}],"replies":[{"embeddable":true,"href":"https:\/\/agoravape.com\/it\/wp-json\/wp\/v2\/comments?post=19913"}],"version-history":[{"count":0,"href":"https:\/\/agoravape.com\/it\/wp-json\/wp\/v2\/product\/19913\/revisions"}],"wp:featuredmedia":[{"embeddable":true,"href":"https:\/\/agoravape.com\/it\/wp-json\/wp\/v2\/media\/19937"}],"wp:attachment":[{"href":"https:\/\/agoravape.com\/it\/wp-json\/wp\/v2\/media?parent=19913"}],"wp:term":[{"taxonomy":"product_brand","embeddable":true,"href":"https:\/\/agoravape.com\/it\/wp-json\/wp\/v2\/product_brand?post=19913"},{"taxonomy":"product_cat","embeddable":true,"href":"https:\/\/agoravape.com\/it\/wp-json\/wp\/v2\/product_cat?post=19913"},{"taxonomy":"product_tag","embeddable":true,"href":"https:\/\/agoravape.com\/it\/wp-json\/wp\/v2\/product_tag?post=19913"}],"curies":[{"name":"wp","href":"https:\/\/api.w.org\/{rel}","templated":true}]}}