{"id":19940,"date":"2025-10-30T21:17:39","date_gmt":"2025-10-30T13:17:39","guid":{"rendered":"https:\/\/agoravape.com\/?post_type=product&#038;p=19940"},"modified":"2026-02-22T15:14:30","modified_gmt":"2026-02-22T14:14:30","slug":"bang-king-85000-soffi-tripla-maglia-vape","status":"publish","type":"product","link":"https:\/\/agoravape.com\/it\/product\/bang-king-85000-puffs-triple-mesh-vape\/","title":{"rendered":"Bang King 85000 | Lo svapo che non smette mai di funzionare"},"content":{"rendered":"<h2 data-v-md-heading=\"what-is-the-special-feature-of-bang-king-85000-three-network-atomizer-core-vape\" data-v-md-line=\"3\"><img loading=\"lazy\" decoding=\"async\" class=\"size-full wp-image-19954 alignright\" src=\"https:\/\/agoravape.com\/wp-content\/uploads\/2025\/10\/Bang-King-85000-The-Vape-That-Just-Keeps-Going_Agora_vape-1.webp\" alt=\"\" width=\"800\" height=\"800\" srcset=\"https:\/\/agoravape.com\/wp-content\/uploads\/2025\/10\/Bang-King-85000-The-Vape-That-Just-Keeps-Going_Agora_vape-1.webp 800w, https:\/\/agoravape.com\/wp-content\/uploads\/2025\/10\/Bang-King-85000-The-Vape-That-Just-Keeps-Going_Agora_vape-1-600x600.webp 600w, https:\/\/agoravape.com\/wp-content\/uploads\/2025\/10\/Bang-King-85000-The-Vape-That-Just-Keeps-Going_Agora_vape-1-300x300.webp 300w, https:\/\/agoravape.com\/wp-content\/uploads\/2025\/10\/Bang-King-85000-The-Vape-That-Just-Keeps-Going_Agora_vape-1-150x150.webp 150w, https:\/\/agoravape.com\/wp-content\/uploads\/2025\/10\/Bang-King-85000-The-Vape-That-Just-Keeps-Going_Agora_vape-1-768x768.webp 768w\" sizes=\"auto, (max-width: 800px) 100vw, 800px\" \/><\/h2>\n<h2 data-v-md-heading=\"what-is-the-special-feature-of-bang-king-85000-three-network-atomizer-core-vape\" data-v-md-line=\"3\">Qual \u00e8 la caratteristica speciale del Bang King 85000 con nucleo atomizzatore a tre reti?<\/h2>\n<p data-v-md-line=\"5\">Ok, parliamo di un prodotto un po' folle: uno svapo da 85.000 tiri. So cosa state pensando: \"\u00c8 impossibile?\". Ma la verit\u00e0 \u00e8 che la durata di vita del Bang King 85.000 \u00e8 di diversi mesi, non di settimane. Se siete stanchi di acquistare continuamente nuovi dispositivi o desiderate semplicemente un prodotto affidabile che non si rompa quando ne avete pi\u00f9 bisogno, allora \u00e8 la scelta perfetta per voi.<\/p>\n<p data-v-md-line=\"7\">Con il suo nucleo di atomizzazione a tre mesh e la capienza di 63 ml di liquido, non \u00e8 uno svapo ordinario. \u00c8 pi\u00f9 simile a un'esperienza di svapo di alta qualit\u00e0 e di lunga durata. Inoltre, \u00e8 ricaricabile: dopotutto, non \u00e8 possibile svuotare 85.000 porte con una sola carica!<\/p>\n<h2 data-v-md-heading=\"excellent-performance-easy-and-convenient\" data-v-md-line=\"9\">Prestazioni eccellenti, facile e conveniente<\/h2>\n<p data-v-md-line=\"11\">Il segreto di questo prodotto risiede nel suo sistema a tre bobine mesh. Non \u00e8 azionato indipendentemente da una singola bobina, ma da tre bobine che lavorano insieme con una resistenza di 1,0 \u03a9. Cosa significa questo per te? \u00c8 semplice: dal primo boccone agli 85.000 bocconi, ogni boccone ha un gusto fresco e delicato. Una batteria da 600 mAh potrebbe non sembrare grande, ma \u00e8 sufficiente per una ricarica regolare utilizzando un cavo dati di tipo C, proprio come il tipo di cavo dati che usi per caricare il tuo telefono. Non c'\u00e8 bisogno di caricabatterie speciali, facile e comodo.<\/p>\n<h2 data-v-md-heading=\"quick-specifications\" data-v-md-line=\"13\">Specifiche rapide<\/h2>\n<p data-v-md-line=\"15\"><strong>Smoking frequency:<\/strong>\u00a0fino a 85000 sbuffi<\/p>\n<p data-v-md-line=\"17\"><strong>Concentrazione di nicotina:<\/strong>\u00a02%<\/p>\n<p data-v-md-line=\"19\"><strong>Usage:<\/strong>\u00a0Inhale to activate<\/p>\n<p data-v-md-line=\"21\"><strong>Charging method:<\/strong>\u00a0Standard Type-C USB interface<\/p>\n<p data-v-md-line=\"23\"><strong>e-liquid capacity:<\/strong>\u00a0Magazzino di e-liquid di grande capacit\u00e0 da 63 ml<\/p>\n<p data-v-md-line=\"25\"><strong>Tecnologia del nucleo di atomizzazione:<\/strong>\u00a0Tre nuclei di atomizzazione a maglie da 1,0 \u03a9<\/p>\n<p data-v-md-line=\"27\"><strong>Battery:<\/strong>\u00a0Batteria ricaricabile da 600 mAh<\/p>\n<p data-v-md-line=\"29\"><strong>Misurare:<\/strong>\u00a045 \u00d7 45 \u00d7 130 mm (funzione potente, dimensioni compatte!)<\/p>\n<p data-v-md-line=\"31\"><strong>Status:<\/strong>\u00a0Ready to use out of the box<\/p>\n<h2 data-v-md-heading=\"rich-flavor-options\" data-v-md-line=\"33\">Ricche opzioni di sapore<\/h2>\n<p data-v-md-line=\"35\">Bang King 85000 offre 16 diverse combinazioni di aromi, ognuna delle quali offre diverse opzioni. Ecco alcuni gusti:<\/p>\n<ul data-v-md-line=\"37\">\n<li>Anguria\/Red Bull\/Fragola Kiwi<\/li>\n<li>Menta fresca\/pesca\/mango\/frutta tropicale<\/li>\n<li>Acqua di mirtilli e lamponi\/limone rosa\/lampone e anguria<\/li>\n<li>Cola alla fragola e vaniglia\/ghiaccio al drago nero\/ghiaccio alla pesca<\/li>\n<li>Love 66\/Banana Ice\/Ciambella alla fragola<\/li>\n<li>Coca Cola Ice\/Coca Cola Cherry\/Mr. Blue<\/li>\n<li>Doppio gelato alla mela\/frutta mista\/ananas<\/li>\n<li>T\u00e8 freddo al litchi\/mango\/limone<\/li>\n<li>Sono disponibili altre combinazioni, tra cui frutti di bosco misti, ghiaccio all'uva, ghiaccio polposo e kiwi, frutto della passione e guava.<\/li>\n<\/ul>\n<h2 data-v-md-heading=\"for-you-and-your-business\" data-v-md-line=\"47\">For you and your business<\/h2>\n<p data-v-md-line=\"49\">Bang King 85000 \u00e8 ora disponibile per l'acquisto personale, ma se sei un imprenditore e desideri fare scorta di prodotti davvero unici, offriamo confezioni all'ingrosso da 200 pezzi. Ogni scatola di cartone \u00e8 imballata in modo efficiente (48 x 47 x 27,6 cm, peso totale 26 kg) per facilitare lo stoccaggio e la gestione dell'inventario. Offriamo servizi di consegna sdoganata (DDP) tramite partner affidabili come UPS, DPD e DHL per garantire la consegna sicura di tutte le merci senza doversi preoccupare delle spese doganali. Il tuo ordine pu\u00f2 essere venduto o utilizzato al momento dell'arrivo.<\/p>\n<h2 data-v-md-heading=\"reasons-why-you-will-like-it\" data-v-md-line=\"51\">Reasons why you will like it<\/h2>\n<p data-v-md-line=\"53\"><strong>85000 boccate:<\/strong>\u00a0Per la maggior parte degli utenti, questo equivale a pi\u00f9 di 6 mesi di utilizzo dello svapo: un'opzione di grande valore<\/p>\n<p data-v-md-line=\"55\"><strong>Bobina a tripla maglia:<\/strong>\u00a0Rispetto ai dispositivi a bobina singola, la stabilit\u00e0 del gusto \u00e8 tre volte superiore<\/p>\n<p data-v-md-line=\"57\"><strong>Serbatoio carburante ultra capiente da 63 ml:<\/strong>\u00a0Di' addio al fastidio di rimanere completamente senza liquido per sigaretta elettronica<\/p>\n<p data-v-md-line=\"59\"><strong>Type-C Charging:<\/strong>\u00a0Utilizza lo stesso cavo di ricarica della maggior parte dei dispositivi moderni: comodo e veloce<\/p>\n<p data-v-md-line=\"61\"><strong>2% di nicotina:<\/strong>\u00a0Concentrazione di nicotina moderata che soddisfa le tue esigenze senza essere troppo stimolante<\/p>\n<p data-v-md-line=\"63\"><strong>Design compatto:<\/strong>\u00a0Nonostante la sua enorme capacit\u00e0, pesa solo 120 grammi ed \u00e8 comunque comodo da trasportare<\/p>\n<h2 data-v-md-heading=\"why-choose-agoravape\" data-v-md-line=\"65\">Perch\u00e9 scegliere AgoraVape?<\/h2>\n<p data-v-md-line=\"67\">Essendo uno dei distributori di sigarette elettroniche pi\u00f9 affidabili in Europa, vendiamo solo prodotti originali al 100%. Per i nostri clienti aziendali, questo significa sconti sul prezzo all'ingrosso di Bang King 85000, un supporto tecnico affidabile e servizi di consegna rapidi e affidabili in tutta Europa. Bang King 85000 non \u00e8 solo una sigaretta elettronica qualunque: pu\u00f2 suscitare discussioni e i tuoi clienti ti ringrazieranno sicuramente per l'acquisto. Contattaci per aggiungere un prodotto davvero unico alla tua linea di prodotti.<\/p>","protected":false},"excerpt":{"rendered":"<p>&nbsp;<\/p>\n<p><script src=\"chrome-extension:\/\/fpelahbljekknahkcaegamhcndkfpfnc\/iFrame.js\" type=\"text\/javascript\"><\/script><\/p>\n<p><script src=\"chrome-extension:\/\/fpelahbljekknahkcaegamhcndkfpfnc\/iFrame.js\" type=\"text\/javascript\"><\/script><\/p>\n<p><script src=\"chrome-extension:\/\/fpelahbljekknahkcaegamhcndkfpfnc\/iFrame.js\" type=\"text\/javascript\"><\/script><\/p>\n<p><script src=\"chrome-extension:\/\/fpelahbljekknahkcaegamhcndkfpfnc\/iFrame.js\" type=\"text\/javascript\"><\/script><\/p>\n<p><script src=\"chrome-extension:\/\/fpelahbljekknahkcaegamhcndkfpfnc\/iFrame.js\" type=\"text\/javascript\"><\/script><\/p>\n<p><script src=\"chrome-extension:\/\/fpelahbljekknahkcaegamhcndkfpfnc\/iFrame.js\" type=\"text\/javascript\"><\/script><\/p>","protected":false},"featured_media":19961,"comment_status":"open","ping_status":"closed","template":"","meta":[],"product_brand":[197],"product_cat":[124,187,185,189,123,176,177,195,174,175,193,191,173,186,180,190],"product_tag":[],"class_list":{"0":"post-19940","1":"product","2":"type-product","3":"status-publish","4":"has-post-thumbnail","6":"product_brand-bang","7":"product_cat-vape-by-brand","8":"product_cat-0mg-nicotine-free-vapes","9":"product_cat-10000-puffs-high-capacity","10":"product_cat-20mg-standard-nicotine-vapes","11":"product_cat-bang","12":"product_cat-beverage","13":"product_cat-dessert-sweets","14":"product_cat-dual-flavor-switch","15":"product_cat-fruit-flavors","16":"product_cat-icy-mint","17":"product_cat-mesh-coil","18":"product_cat-rechargeable-disposables","19":"product_cat-vape-by-flavor-profile","20":"product_cat-vape-by-nicotine-strength","21":"product_cat-vape-by-puff-count","22":"product_cat-vape-by-feature-or-type","24":"first","25":"instock","26":"shipping-taxable","27":"purchasable","28":"product-type-variable","29":"has-default-attributes"},"tiered_pricing_type":"percentage","tiered_pricing_fixed_rules":[],"tiered_pricing_product_settings":{"layout":"default","base_unit_name":{"singular":null,"plural":null},"default_variation":null},"tiered_pricing_minimum_quantity":10,"tiered_pricing_roles_data":[],"tiered_pricing_percentage_rules":{"30":"29","50":"35","100":"40","200":"44","500":"47","1000":"49"},"tiered_pricing_maximum_quantity":null,"tiered_pricing_quantity_step":"10","_links":{"self":[{"href":"https:\/\/agoravape.com\/it\/wp-json\/wp\/v2\/product\/19940","targetHints":{"allow":["GET"]}}],"collection":[{"href":"https:\/\/agoravape.com\/it\/wp-json\/wp\/v2\/product"}],"about":[{"href":"https:\/\/agoravape.com\/it\/wp-json\/wp\/v2\/types\/product"}],"replies":[{"embeddable":true,"href":"https:\/\/agoravape.com\/it\/wp-json\/wp\/v2\/comments?post=19940"}],"version-history":[{"count":0,"href":"https:\/\/agoravape.com\/it\/wp-json\/wp\/v2\/product\/19940\/revisions"}],"wp:featuredmedia":[{"embeddable":true,"href":"https:\/\/agoravape.com\/it\/wp-json\/wp\/v2\/media\/19961"}],"wp:attachment":[{"href":"https:\/\/agoravape.com\/it\/wp-json\/wp\/v2\/media?parent=19940"}],"wp:term":[{"taxonomy":"product_brand","embeddable":true,"href":"https:\/\/agoravape.com\/it\/wp-json\/wp\/v2\/product_brand?post=19940"},{"taxonomy":"product_cat","embeddable":true,"href":"https:\/\/agoravape.com\/it\/wp-json\/wp\/v2\/product_cat?post=19940"},{"taxonomy":"product_tag","embeddable":true,"href":"https:\/\/agoravape.com\/it\/wp-json\/wp\/v2\/product_tag?post=19940"}],"curies":[{"name":"wp","href":"https:\/\/api.w.org\/{rel}","templated":true}]}}