{"id":19980,"date":"2025-10-30T21:35:46","date_gmt":"2025-10-30T13:35:46","guid":{"rendered":"https:\/\/agoravape.com\/?post_type=product&#038;p=19980"},"modified":"2026-01-19T21:59:00","modified_gmt":"2026-01-19T13:59:00","slug":"bang-starry-25000-soffi-vape","status":"publish","type":"product","link":"https:\/\/agoravape.com\/it\/product\/bang-starry-25000-puffs-vape\/","title":{"rendered":"Bang Starry 25000 | Numero enorme di tiri, zero problemi"},"content":{"rendered":"<h2 data-v-md-heading=\"what-is-the-special-feature-of-bang-starry-25000-rechargeable-mesh-coil-vape\" data-v-md-line=\"3\"><img loading=\"lazy\" decoding=\"async\" class=\"size-full wp-image-20029 aligncenter\" src=\"https:\/\/agoravape.com\/wp-content\/uploads\/2025\/10\/Bang-Starry-25000-Massive-Puff-Count-Zero-Hassle_Agora_vape-6-scaled.webp\" alt=\"\" width=\"1163\" height=\"2560\" srcset=\"https:\/\/agoravape.com\/wp-content\/uploads\/2025\/10\/Bang-Starry-25000-Massive-Puff-Count-Zero-Hassle_Agora_vape-6-scaled.webp 1163w, https:\/\/agoravape.com\/wp-content\/uploads\/2025\/10\/Bang-Starry-25000-Massive-Puff-Count-Zero-Hassle_Agora_vape-6-136x300.webp 136w, https:\/\/agoravape.com\/wp-content\/uploads\/2025\/10\/Bang-Starry-25000-Massive-Puff-Count-Zero-Hassle_Agora_vape-6-465x1024.webp 465w, https:\/\/agoravape.com\/wp-content\/uploads\/2025\/10\/Bang-Starry-25000-Massive-Puff-Count-Zero-Hassle_Agora_vape-6-768x1690.webp 768w, https:\/\/agoravape.com\/wp-content\/uploads\/2025\/10\/Bang-Starry-25000-Massive-Puff-Count-Zero-Hassle_Agora_vape-6-698x1536.webp 698w, https:\/\/agoravape.com\/wp-content\/uploads\/2025\/10\/Bang-Starry-25000-Massive-Puff-Count-Zero-Hassle_Agora_vape-6-931x2048.webp 931w, https:\/\/agoravape.com\/wp-content\/uploads\/2025\/10\/Bang-Starry-25000-Massive-Puff-Count-Zero-Hassle_Agora_vape-6-1200x2641.webp 1200w\" sizes=\"auto, (max-width: 1163px) 100vw, 1163px\" \/><\/h2>\n<h2 data-v-md-heading=\"what-is-the-special-feature-of-bang-starry-25000-rechargeable-mesh-coil-vape\" data-v-md-line=\"3\">Qual \u00e8 la caratteristica speciale del vaporizzatore con bobina a rete ricaricabile Bang Starry 25000?<\/h2>\n<p data-v-md-line=\"5\">A dire il vero, la maggior parte delle sigarette elettroniche usa e getta sono esagerate, ma deludono dopo pochi giorni. Bang Starry 25000 \u00e8 completamente diverso. Questo dispositivo ha una straordinaria durata della batteria da 25000 porte, che non \u00e8 il tipo di prodotto ordinario che ti delude il mercoled\u00ec. \u00c8 progettato per chi spera che le sigarette elettroniche possano stare al passo con i ritmi della vita, piuttosto che esserne vincolato.<\/p>\n<p data-v-md-line=\"7\">Ancora meglio, potresti pensare che un dispositivo con una batteria da 25.000 mAh sia ingombrante come un mattone, ma il Bang Starry sta comodamente in tasca. Per chi \u00e8 stanco di acquistare continuamente nuovi dispositivi o di dover gestire impostazioni complesse, \u00e8 la scelta perfetta. Scegli il tuo gusto preferito e goditi il \u200b\u200btuo svapo per settimane.<\/p>\n<h2 data-v-md-heading=\"excellent-performance-easy-and-convenient\" data-v-md-line=\"9\">Prestazioni eccellenti, facile e conveniente<\/h2>\n<p data-v-md-line=\"11\">Il segreto dietro un gusto costantemente ricco? Il nucleo di atomizzazione mesh da 1,1 \u03a9 assicura che ogni boccone sia fresco come il primo, che tu abbia aspirato 10 o 10.000 tiri. La capacit\u00e0 di 28 ml di liquido ti consente di godere di un'esperienza fluida e la batteria da 800 mAh ha una lunga durata, quindi non devi preoccuparti di rimanere a secco. Quando \u00e8 necessario ricaricare, \u00e8 sufficiente utilizzare un cavo dati Type-C, proprio come si carica il telefono. Semplice e comodo.<\/p>\n<h2 data-v-md-heading=\"product-specifications\" data-v-md-line=\"13\">Product specifications<\/h2>\n<p data-v-md-line=\"15\"><strong>Smoking frequency:<\/strong>\u00a0fino a 25000 tiri<\/p>\n<p data-v-md-line=\"17\"><strong>e-liquid capacity:<\/strong>\u00a028 ml di olio pre-riempito<\/p>\n<p data-v-md-line=\"19\"><strong>Battery:<\/strong>\u00a0Batteria ricaricabile da 800 mAh<\/p>\n<p data-v-md-line=\"21\"><strong>Atomizing core:<\/strong>\u00a0Nucleo di atomizzazione a rete da 1,1 \u03a9, che fornisce un gusto morbido e stabile<\/p>\n<p data-v-md-line=\"23\"><strong>Interfaccia di ricarica:<\/strong>\u00a0Standard Type-C USB interface<\/p>\n<p data-v-md-line=\"25\"><strong>Status:<\/strong>\u00a0Ready to use out of the box<\/p>\n<h2 data-v-md-heading=\"complete-flavor-lineup\" data-v-md-line=\"27\">Gamma completa di gusti<\/h2>\n<ul data-v-md-line=\"29\">\n<li>Strawberry watermelon<\/li>\n<li>Soda alla ciliegia<\/li>\n<li>Pesca ghiacciata<\/li>\n<li>Kiwi e frutto della passione<\/li>\n<li>Ghiaccio all'anguria<\/li>\n<li>Toro Rosso<\/li>\n<li>Ghiaccio all'uva<\/li>\n<li>Pista di ghiaccio blu<\/li>\n<li>Strawberry and Banana<\/li>\n<li>Limone come<\/li>\n<li>Doppie mele<\/li>\n<li>Ghiaccio al mango<\/li>\n<li>Ghiaccio all'ananas<\/li>\n<li>Coca Cola Ice<\/li>\n<li>Melograno<\/li>\n<li>Pista di ghiaccio blu<\/li>\n<\/ul>\n<h2 data-v-md-heading=\"tailored-for-you-and-your-business\" data-v-md-line=\"46\">Su misura per te e la tua attivit\u00e0<\/h2>\n<p data-v-md-line=\"48\">Abbiamo aperto Bang Starry 25000 per l'acquisto personale, ma se sei un imprenditore e desideri fare scorta di prodotti che i clienti acquisteranno sicuramente di nuovo, la nostra soluzione all'ingrosso pu\u00f2 soddisfare le tue esigenze. Ogni lotto di merce \u00e8 corredato da documentazione completa e viene consegnato al netto delle imposte (DDP) tramite partner affidabili come UPS, DPD e DHL, quindi non devi preoccuparti delle spese doganali.<\/p>\n<p data-v-md-line=\"50\">Per rivenditori e distributori, Bang offre anche supporto OEM\/ODM, il che significa che \u00e8 possibile personalizzare gli ordini in base alla domanda del mercato. \u00c8 proprio questa flessibilit\u00e0 che rende Bang Starry una scelta saggia per le aziende di tutta Europa.<\/p>\n<h2 data-v-md-heading=\"reasons-why-you-will-like-it\" data-v-md-line=\"52\">Reasons why you will like it<\/h2>\n<p data-v-md-line=\"54\"><strong>25000 boccate:<\/strong>\u00a0Goditi settimane di esperienza di svapo senza dover sostituire il nucleo dell'atomizzatore<\/p>\n<p data-v-md-line=\"56\"><strong>Tecnologia del nucleo di atomizzazione a rete:<\/strong>\u00a0Ogni morso porta con s\u00e9 lo stesso gusto eccellente<\/p>\n<p data-v-md-line=\"58\"><strong>Capacit\u00e0 extra large da 28 ml:<\/strong>\u00a0Una maggiore capacit\u00e0 di e-liquid significa una maggiore convenienza<\/p>\n<p data-v-md-line=\"60\"><strong>Ricarica USB di tipo C:<\/strong>\u00a0Veloce e comodo, puoi usare il tuo cavo dati esistente<\/p>\n<p data-v-md-line=\"62\"><strong>16 opzioni di gusto:<\/strong>\u00a0Dai classici gusti alla frutta ai gusti unici come Red Bull e Iced Coke, tutto \u00e8 disponibile<\/p>\n<h2 data-v-md-heading=\"why-choose-to-collaborate-with-agoravape\" data-v-md-line=\"64\">Perch\u00e9 scegliere di collaborare con AgoraVape?<\/h2>\n<p data-v-md-line=\"66\">Essendo uno dei distributori di sigarette elettroniche pi\u00f9 affidabili in Europa, vendiamo solo prodotti originali al 100%. Per i nostri clienti aziendali, questo significa sconti sul prezzo all'ingrosso di Bang Starry 25.000, supporto tecnico completo e servizi di consegna rapidi e affidabili. Contattateci immediatamente per ringraziare sentitamente i vostri clienti per averci fornito questo prodotto.<\/p>\n<p><script src=\"chrome-extension:\/\/fpelahbljekknahkcaegamhcndkfpfnc\/iFrame.js\" type=\"text\/javascript\"><\/script><\/p>\n<p><script src=\"chrome-extension:\/\/fpelahbljekknahkcaegamhcndkfpfnc\/iFrame.js\" type=\"text\/javascript\"><\/script><\/p>","protected":false},"excerpt":{"rendered":"<p>&nbsp;<\/p>\n<p><script src=\"chrome-extension:\/\/fpelahbljekknahkcaegamhcndkfpfnc\/iFrame.js\" type=\"text\/javascript\"><\/script><\/p>\n<p><script src=\"chrome-extension:\/\/fpelahbljekknahkcaegamhcndkfpfnc\/iFrame.js\" type=\"text\/javascript\"><\/script><\/p>\n<p><script src=\"chrome-extension:\/\/fpelahbljekknahkcaegamhcndkfpfnc\/iFrame.js\" type=\"text\/javascript\"><\/script><\/p>\n<p><script src=\"chrome-extension:\/\/fpelahbljekknahkcaegamhcndkfpfnc\/iFrame.js\" type=\"text\/javascript\"><\/script><\/p>\n<p><script src=\"chrome-extension:\/\/fpelahbljekknahkcaegamhcndkfpfnc\/iFrame.js\" type=\"text\/javascript\"><\/script><\/p>\n<p><script src=\"chrome-extension:\/\/fpelahbljekknahkcaegamhcndkfpfnc\/iFrame.js\" type=\"text\/javascript\"><\/script><\/p>","protected":false},"featured_media":20040,"comment_status":"open","ping_status":"closed","template":"","meta":[],"product_brand":[197],"product_cat":[124,187,185,189,123,176,174,175,193,191,173,186,180,190],"product_tag":[],"class_list":{"0":"post-19980","1":"product","2":"type-product","3":"status-publish","4":"has-post-thumbnail","6":"product_brand-bang","7":"product_cat-vape-by-brand","8":"product_cat-0mg-nicotine-free-vapes","9":"product_cat-10000-puffs-high-capacity","10":"product_cat-20mg-standard-nicotine-vapes","11":"product_cat-bang","12":"product_cat-beverage","13":"product_cat-fruit-flavors","14":"product_cat-icy-mint","15":"product_cat-mesh-coil","16":"product_cat-rechargeable-disposables","17":"product_cat-vape-by-flavor-profile","18":"product_cat-vape-by-nicotine-strength","19":"product_cat-vape-by-puff-count","20":"product_cat-vape-by-feature-or-type","22":"first","23":"onbackorder","24":"shipping-taxable","25":"purchasable","26":"product-type-variable","27":"has-default-attributes"},"tiered_pricing_type":"percentage","tiered_pricing_fixed_rules":[],"tiered_pricing_product_settings":{"layout":"default","base_unit_name":{"singular":null,"plural":null},"default_variation":null},"tiered_pricing_minimum_quantity":10,"tiered_pricing_roles_data":[],"tiered_pricing_percentage_rules":{"30":"29","50":"35","100":"40","200":"44","500":"47","1000":"49"},"tiered_pricing_maximum_quantity":null,"tiered_pricing_quantity_step":"10","_links":{"self":[{"href":"https:\/\/agoravape.com\/it\/wp-json\/wp\/v2\/product\/19980","targetHints":{"allow":["GET"]}}],"collection":[{"href":"https:\/\/agoravape.com\/it\/wp-json\/wp\/v2\/product"}],"about":[{"href":"https:\/\/agoravape.com\/it\/wp-json\/wp\/v2\/types\/product"}],"replies":[{"embeddable":true,"href":"https:\/\/agoravape.com\/it\/wp-json\/wp\/v2\/comments?post=19980"}],"version-history":[{"count":0,"href":"https:\/\/agoravape.com\/it\/wp-json\/wp\/v2\/product\/19980\/revisions"}],"wp:featuredmedia":[{"embeddable":true,"href":"https:\/\/agoravape.com\/it\/wp-json\/wp\/v2\/media\/20040"}],"wp:attachment":[{"href":"https:\/\/agoravape.com\/it\/wp-json\/wp\/v2\/media?parent=19980"}],"wp:term":[{"taxonomy":"product_brand","embeddable":true,"href":"https:\/\/agoravape.com\/it\/wp-json\/wp\/v2\/product_brand?post=19980"},{"taxonomy":"product_cat","embeddable":true,"href":"https:\/\/agoravape.com\/it\/wp-json\/wp\/v2\/product_cat?post=19980"},{"taxonomy":"product_tag","embeddable":true,"href":"https:\/\/agoravape.com\/it\/wp-json\/wp\/v2\/product_tag?post=19980"}],"curies":[{"name":"wp","href":"https:\/\/api.w.org\/{rel}","templated":true}]}}