{"id":20080,"date":"2025-10-31T10:57:56","date_gmt":"2025-10-31T02:57:56","guid":{"rendered":"https:\/\/agoravape.com\/?post_type=product&#038;p=20080"},"modified":"2026-02-22T15:14:39","modified_gmt":"2026-02-22T14:14:39","slug":"scatola-fluum-12000-soffi-vape","status":"publish","type":"product","link":"https:\/\/agoravape.com\/it\/product\/fluum-box-12000-puffs-vape\/","title":{"rendered":"Fluum Box 12000 | Grandi boccate, zero problemi"},"content":{"rendered":"<h2 data-v-md-heading=\"what-is-special-about-fluum-box-12000\" data-v-md-line=\"3\"><img loading=\"lazy\" decoding=\"async\" class=\"wp-image-20100 size-full alignright\" src=\"https:\/\/agoravape.com\/wp-content\/uploads\/2025\/10\/Fluum-Box-12000-Massive-Puffs-Zero-Hassle_Agora_vape-7.webp\" alt=\"\" width=\"1080\" height=\"1678\" srcset=\"https:\/\/agoravape.com\/wp-content\/uploads\/2025\/10\/Fluum-Box-12000-Massive-Puffs-Zero-Hassle_Agora_vape-7.webp 1080w, https:\/\/agoravape.com\/wp-content\/uploads\/2025\/10\/Fluum-Box-12000-Massive-Puffs-Zero-Hassle_Agora_vape-7-193x300.webp 193w, https:\/\/agoravape.com\/wp-content\/uploads\/2025\/10\/Fluum-Box-12000-Massive-Puffs-Zero-Hassle_Agora_vape-7-659x1024.webp 659w, https:\/\/agoravape.com\/wp-content\/uploads\/2025\/10\/Fluum-Box-12000-Massive-Puffs-Zero-Hassle_Agora_vape-7-768x1193.webp 768w, https:\/\/agoravape.com\/wp-content\/uploads\/2025\/10\/Fluum-Box-12000-Massive-Puffs-Zero-Hassle_Agora_vape-7-989x1536.webp 989w\" sizes=\"auto, (max-width: 1080px) 100vw, 1080px\" \/><\/h2>\n<h2 data-v-md-heading=\"what-is-special-about-fluum-box-12000\" data-v-md-line=\"3\">Che cos'ha di speciale il Fluum Box 12000?<\/h2>\n<p data-v-md-line=\"5\">Se siete stanchi di vapers usa e getta che non durano a lungo, questo prodotto vi soddisfer\u00e0 sicuramente. La Fluum Box 12000 \u00e8 in grado di fornire fino a 12000 boccate di durata della batteria in una sola volta - abbastanza per godere di settimane di esperienza di svapo invece di pochi giorni. Per gli utenti che desiderano un'esperienza di svapo affidabile e ricca senza preoccuparsi di rimanere sempre senza e-liquid, \u00e8 la scelta perfetta.<\/p>\n<p data-v-md-line=\"7\">Abbiamo provato molti vaporizzatori ad alta capacit\u00e0 e, ad essere onesti, la maggior parte di essi \u00e8 ingombrante come un mattone. Ma la Fluum Box ci \u00e8 riuscita: ha una capacit\u00e0 cos\u00ec grande senza dare la sensazione di essere un power bank portatile. Adotta un comodo design quadrato con un'ottima presa e la superficie opaca garantisce che non scivoli dalla mano quando si esce.<\/p>\n<h2 data-v-md-heading=\"excellent-performance-easy-and-convenient\" data-v-md-line=\"9\">Prestazioni eccellenti, facile e conveniente<\/h2>\n<p data-v-md-line=\"11\">Il segreto del gusto costante di Fluum Box risiede nel suo nucleo atomizzatore con maglia da 1,1 \u03a9, in grado di riscaldare uniformemente l'e-liquid, assicurando che ogni boccone sia delizioso come il primo. Dite addio al sapore di bruciato, dite addio alla sensazione di debolezza improvvisa a met\u00e0 percorso. Godetevi un'esperienza di vapore liscia e soddisfacente dall'inizio alla fine. La batteria da 650 mAh ha una capacit\u00e0 molto ridotta e quando \u00e8 necessario ricaricarla (cosa non frequente), \u00e8 sufficiente collegarla a un qualsiasi cavo dati Type-C, probabilmente quello che si usa per caricare il telefono. Semplice e conveniente.<\/p>\n<h2 data-v-md-heading=\"quick-specifications\" data-v-md-line=\"13\">Specifiche rapide<\/h2>\n<p data-v-md-line=\"15\"><strong>Smoking frequency:<\/strong>\u00a0fino a 12000 tiri<\/p>\n<p data-v-md-line=\"17\"><strong>e-liquid capacity:<\/strong>\u00a020 ml di olio pre-riempito<\/p>\n<p data-v-md-line=\"19\"><strong>Battery:<\/strong>\u00a0Batteria ricaricabile da 650 mAh<\/p>\n<p data-v-md-line=\"21\"><strong>Atomizing core:<\/strong>\u00a0Nucleo di atomizzazione a 1,1 \u03a9 di maglia, per una delizia costante<\/p>\n<p data-v-md-line=\"23\"><strong>Usage:<\/strong>\u00a0Inhale to activate<\/p>\n<p data-v-md-line=\"25\"><strong>Charging method:<\/strong>\u00a0Standard Type-C USB interface<\/p>\n<p data-v-md-line=\"27\"><strong>Status:<\/strong>\u00a0Ready to use out of the box<\/p>\n<h2 data-v-md-heading=\"complete-flavor-lineup\" data-v-md-line=\"29\">Gamma completa di gusti<\/h2>\n<ul data-v-md-line=\"31\">\n<li>Strawberry watermelon<\/li>\n<li>Fragola Mango<\/li>\n<li>Triple Berry<\/li>\n<li>Ghiaccio all'anguria<\/li>\n<li>Mango Pesca<\/li>\n<li>Mirtilli e lamponi<\/li>\n<li>Pesca ghiacciata<\/li>\n<li>Pista di ghiaccio blu<\/li>\n<li>Mele acide<\/li>\n<li>Kiwi alla fragola<\/li>\n<li>Kiwi, passion fruit, guava<\/li>\n<li>Ghiaccio all'uva<\/li>\n<\/ul>\n<h2 data-v-md-heading=\"tailored-for-you-and-your-business\" data-v-md-line=\"44\">Su misura per te e la tua attivit\u00e0<\/h2>\n<p data-v-md-line=\"46\">Ora abbiamo lanciato Fluum Box 12000, che potete acquistare separatamente o scegliere la nostra soluzione all'ingrosso per acquisti all'ingrosso. Ogni dispositivo \u00e8 adeguatamente confezionato e pu\u00f2 essere venduto direttamente. Lavoriamo con partner di fiducia come UPS, DPD e DHL, utilizzando la spedizione DDP per coprire tutte le tariffe di importazione, in modo da non dovervi preoccupare delle spese doganali. Consegniamo facilmente a casa vostra o nel vostro negozio.<\/p>\n<p data-v-md-line=\"48\">Il numero di prodotto (FLUUM-Box-12000) rende il rifornimento semplice e veloce. Offriamo 12 opzioni di gusto per fornire ai vostri clienti una ricca scelta. Dalla rinfrescante anguria ghiacciata alla miscela tropicale di kiwi, frutto della passione e guava, ce n'\u00e8 sempre uno che si adatta alle vostre preferenze di gusto.<\/p>\n<h2 data-v-md-heading=\"reasons-why-you-will-like-it\" data-v-md-line=\"50\">Reasons why you will like it<\/h2>\n<p data-v-md-line=\"52\"><strong>12000 porte:<\/strong>\u00a0Durata della batteria per settimane, non per giorni: un'opzione di grande valore<\/p>\n<p data-v-md-line=\"54\"><strong>20 ml di e-liquid:<\/strong>\u00a0Maggiore capacit\u00e0, rapporto qualit\u00e0\/prezzo<\/p>\n<p data-v-md-line=\"56\"><strong>Batteria ricaricabile:<\/strong>\u00a0Sfruttare appieno ogni goccia di e-liquid e non sprecarla mai<\/p>\n<p data-v-md-line=\"58\"><strong>Tecnologia a bobina a maglie:<\/strong>\u00a0Gusto omogeneo e costante dal primo all'ultimo morso<\/p>\n<p data-v-md-line=\"60\"><strong>Type-C Charging:<\/strong>\u00a0Utilizza lo stesso cavo di ricarica della maggior parte dei dispositivi moderni<\/p>\n<p data-v-md-line=\"62\"><strong>12 opzioni di gusto:<\/strong>\u00a0Dal fruttato al rinfrescante, c'\u00e8 sempre quello che fa per voi.<\/p>\n<h2 data-v-md-heading=\"why-choose-to-collaborate-with-agoravape\" data-v-md-line=\"64\">Perch\u00e9 scegliere di collaborare con AgoraVape?<\/h2>\n<p data-v-md-line=\"66\">Come uno dei distributori di vape pi\u00f9 affidabili in Europa, vendiamo solo prodotti originali 100%. Per i nostri clienti aziendali, questo significa prezzi scontati all'ingrosso, assistenza tecnica completa e servizi di consegna rapidi e affidabili per Fluum Box 12000. Contattateci per ringraziare davvero i vostri clienti per avervi fornito questo prodotto.<\/p>\n<p><script src=\"chrome-extension:\/\/fpelahbljekknahkcaegamhcndkfpfnc\/iFrame.js\" type=\"text\/javascript\"><\/script><\/p>","protected":false},"excerpt":{"rendered":"<p>&nbsp;<\/p>\n<p><script src=\"chrome-extension:\/\/fpelahbljekknahkcaegamhcndkfpfnc\/iFrame.js\" type=\"text\/javascript\"><\/script><\/p>\n<p><script src=\"chrome-extension:\/\/fpelahbljekknahkcaegamhcndkfpfnc\/iFrame.js\" type=\"text\/javascript\"><\/script><\/p>\n<p><script src=\"chrome-extension:\/\/fpelahbljekknahkcaegamhcndkfpfnc\/iFrame.js\" type=\"text\/javascript\"><\/script><\/p>\n<p><script src=\"chrome-extension:\/\/fpelahbljekknahkcaegamhcndkfpfnc\/iFrame.js\" type=\"text\/javascript\"><\/script><\/p>\n<p><script src=\"chrome-extension:\/\/fpelahbljekknahkcaegamhcndkfpfnc\/iFrame.js\" type=\"text\/javascript\"><\/script><\/p>\n<p><script src=\"chrome-extension:\/\/fpelahbljekknahkcaegamhcndkfpfnc\/iFrame.js\" type=\"text\/javascript\"><\/script><\/p>\n<p><script src=\"chrome-extension:\/\/fpelahbljekknahkcaegamhcndkfpfnc\/iFrame.js\" type=\"text\/javascript\"><\/script><\/p>","protected":false},"featured_media":20106,"comment_status":"open","ping_status":"closed","template":"","meta":[],"product_brand":[197],"product_cat":[124,187,185,1634,189,123,174,175,193,191,179,173,186,180,190],"product_tag":[],"class_list":{"0":"post-20080","1":"product","2":"type-product","3":"status-publish","4":"has-post-thumbnail","6":"product_brand-bang","7":"product_cat-vape-by-brand","8":"product_cat-0mg-nicotine-free-vapes","9":"product_cat-10000-puffs-high-capacity","10":"product_cat-12000-puffs","11":"product_cat-20mg-standard-nicotine-vapes","12":"product_cat-bang","13":"product_cat-fruit-flavors","14":"product_cat-icy-mint","15":"product_cat-mesh-coil","16":"product_cat-rechargeable-disposables","17":"product_cat-unique-blends","18":"product_cat-vape-by-flavor-profile","19":"product_cat-vape-by-nicotine-strength","20":"product_cat-vape-by-puff-count","21":"product_cat-vape-by-feature-or-type","23":"first","24":"onbackorder","25":"shipping-taxable","26":"purchasable","27":"product-type-variable","28":"has-default-attributes"},"tiered_pricing_type":"percentage","tiered_pricing_fixed_rules":[],"tiered_pricing_product_settings":{"layout":"default","base_unit_name":{"singular":null,"plural":null},"default_variation":null},"tiered_pricing_minimum_quantity":10,"tiered_pricing_roles_data":[],"tiered_pricing_percentage_rules":{"30":"29","50":"35","100":"40","200":"44","500":"47","1000":"49"},"tiered_pricing_maximum_quantity":null,"tiered_pricing_quantity_step":"10","_links":{"self":[{"href":"https:\/\/agoravape.com\/it\/wp-json\/wp\/v2\/product\/20080","targetHints":{"allow":["GET"]}}],"collection":[{"href":"https:\/\/agoravape.com\/it\/wp-json\/wp\/v2\/product"}],"about":[{"href":"https:\/\/agoravape.com\/it\/wp-json\/wp\/v2\/types\/product"}],"replies":[{"embeddable":true,"href":"https:\/\/agoravape.com\/it\/wp-json\/wp\/v2\/comments?post=20080"}],"version-history":[{"count":0,"href":"https:\/\/agoravape.com\/it\/wp-json\/wp\/v2\/product\/20080\/revisions"}],"wp:featuredmedia":[{"embeddable":true,"href":"https:\/\/agoravape.com\/it\/wp-json\/wp\/v2\/media\/20106"}],"wp:attachment":[{"href":"https:\/\/agoravape.com\/it\/wp-json\/wp\/v2\/media?parent=20080"}],"wp:term":[{"taxonomy":"product_brand","embeddable":true,"href":"https:\/\/agoravape.com\/it\/wp-json\/wp\/v2\/product_brand?post=20080"},{"taxonomy":"product_cat","embeddable":true,"href":"https:\/\/agoravape.com\/it\/wp-json\/wp\/v2\/product_cat?post=20080"},{"taxonomy":"product_tag","embeddable":true,"href":"https:\/\/agoravape.com\/it\/wp-json\/wp\/v2\/product_tag?post=20080"}],"curies":[{"name":"wp","href":"https:\/\/api.w.org\/{rel}","templated":true}]}}