{"id":20109,"date":"2025-10-31T11:05:58","date_gmt":"2025-10-31T03:05:58","guid":{"rendered":"https:\/\/agoravape.com\/?post_type=product&#038;p=20109"},"modified":"2026-02-22T15:15:18","modified_gmt":"2026-02-22T14:15:18","slug":"scatola-fluum-15000-soffi-display-vape","status":"publish","type":"product","link":"https:\/\/agoravape.com\/it\/product\/fluum-box-15000-puffs-display-vape\/","title":{"rendered":"Fluum Box 15000 | La sigaretta elettronica intelligente che dura davvero"},"content":{"rendered":"<h2 data-v-md-heading=\"what-is-the-special-feature-of-fluum-box-15000-vape-with-display-screen\" data-v-md-line=\"3\"><img loading=\"lazy\" decoding=\"async\" class=\"aligncenter size-full wp-image-20123\" src=\"https:\/\/agoravape.com\/wp-content\/uploads\/2025\/10\/Fluum-Box-15000-The-Smart-Vape-That-Actually-Lasts_Agora_vape-1-scaled.webp\" alt=\"\" width=\"1091\" height=\"2560\" srcset=\"https:\/\/agoravape.com\/wp-content\/uploads\/2025\/10\/Fluum-Box-15000-The-Smart-Vape-That-Actually-Lasts_Agora_vape-1-scaled.webp 1091w, https:\/\/agoravape.com\/wp-content\/uploads\/2025\/10\/Fluum-Box-15000-The-Smart-Vape-That-Actually-Lasts_Agora_vape-1-128x300.webp 128w, https:\/\/agoravape.com\/wp-content\/uploads\/2025\/10\/Fluum-Box-15000-The-Smart-Vape-That-Actually-Lasts_Agora_vape-1-437x1024.webp 437w, https:\/\/agoravape.com\/wp-content\/uploads\/2025\/10\/Fluum-Box-15000-The-Smart-Vape-That-Actually-Lasts_Agora_vape-1-768x1802.webp 768w, https:\/\/agoravape.com\/wp-content\/uploads\/2025\/10\/Fluum-Box-15000-The-Smart-Vape-That-Actually-Lasts_Agora_vape-1-655x1536.webp 655w, https:\/\/agoravape.com\/wp-content\/uploads\/2025\/10\/Fluum-Box-15000-The-Smart-Vape-That-Actually-Lasts_Agora_vape-1-873x2048.webp 873w, https:\/\/agoravape.com\/wp-content\/uploads\/2025\/10\/Fluum-Box-15000-The-Smart-Vape-That-Actually-Lasts_Agora_vape-1-1200x2815.webp 1200w\" sizes=\"auto, (max-width: 1091px) 100vw, 1091px\" \/><\/h2>\n<h2 data-v-md-heading=\"what-is-the-special-feature-of-fluum-box-15000-vape-with-display-screen\" data-v-md-line=\"3\">Qual \u00e8 la particolarit\u00e0 di Fluum Box 15000 vape con schermo?<\/h2>\n<p data-v-md-line=\"5\">Questa svapata usa e getta vi stupir\u00e0 sicuramente, senza dover indovinare il livello della batteria o il livello di e-liquid rimanente. La Fluum Box 15000 non \u00e8 solo una svapata ad alta capacit\u00e0, ma ha anche uno schermo incorporato che pu\u00f2 mostrare chiaramente la durata residua della batteria e il livello di e-liquid. D'ora in poi potrete dire addio alla preoccupazione di esaurire la batteria dei vapes. Questo dispositivo ha una durata della batteria di 15.000 porte, consentendovi di godere di settimane di utilizzo affidabile senza la necessit\u00e0 di frequenti acquisti di sostituzione.<\/p>\n<p data-v-md-line=\"7\">Per coloro che sono stanchi di indovinare il livello della batteria e l'e-liquid rimanente dei vapes tradizionali, \u00e8 la scelta perfetta. Avete mai avuto il problema di un dispositivo che smette di funzionare all'improvviso e di non riuscire a capire se la batteria \u00e8 scarica o l'e-liquid \u00e8 esaurito? Con questo dispositivo, tutto sar\u00e0 facilmente risolto. Lo schermo mostra in tempo reale l'autonomia residua della batteria e la capacit\u00e0 di 25 ml di e-liquid \u00e8 sufficiente per sorprendervi con la sua durata.<\/p>\n<h2 data-v-md-heading=\"excellent-performance-and-easy-operation\" data-v-md-line=\"9\">Prestazioni eccellenti e facilit\u00e0 d'uso<\/h2>\n<p data-v-md-line=\"11\">Il nucleo dell'atomizzatore a rete incorporato (con una resistenza di 1,1 \u03a9, se siete curiosi) assicura un gusto fresco e pieno a ogni boccone, dicendo addio al comune sapore di bruciato dei dispositivi economici. La batteria da 650 mAh pu\u00f2 essere ricaricata tramite l'interfaccia Type-C. Quando il display mostra che la batteria \u00e8 scarica, \u00e8 sufficiente utilizzare lo stesso cavo dati con cui si carica il telefono. Lo schermo non \u00e8 solo un espediente, ma pu\u00f2 aiutare a pianificare in anticipo il tempo di ricarica.<\/p>\n<h2 data-v-md-heading=\"quick-specifications\" data-v-md-line=\"13\">Specifiche rapide<\/h2>\n<p data-v-md-line=\"15\"><strong>Smoking frequency:<\/strong>\u00a0up to 15000 puffs<\/p>\n<p data-v-md-line=\"17\"><strong>e-liquid capacity:<\/strong>\u00a025ml pre filled oil<\/p>\n<p data-v-md-line=\"19\"><strong>Schermo di visualizzazione:<\/strong>\u00a0Lo schermo LED mostra il livello della batteria e la quantit\u00e0 rimanente di liquido elettronico<\/p>\n<p data-v-md-line=\"21\"><strong>Usage:<\/strong>\u00a0Inhale to activate<\/p>\n<p data-v-md-line=\"23\"><strong>Charging method:<\/strong>\u00a0Standard Type-C USB interface<\/p>\n<p data-v-md-line=\"25\"><strong>Atomizing core:<\/strong>\u00a0Nucleo di atomizzazione a 1,1 \u03a9 di maglia, per una delizia costante<\/p>\n<p data-v-md-line=\"27\"><strong>Battery:<\/strong>\u00a0Batteria ricaricabile da 650 mAh<\/p>\n<p data-v-md-line=\"29\"><strong>Status:<\/strong>\u00a0Ready to use out of the box<\/p>\n<h2 data-v-md-heading=\"complete-flavor-lineup\" data-v-md-line=\"31\">Gamma completa di gusti<\/h2>\n<ul data-v-md-line=\"33\">\n<li>Strawberry watermelon<\/li>\n<li>Fragola Mango<\/li>\n<li>Triple Berry<\/li>\n<li>Ghiaccio all'anguria<\/li>\n<li>Mango Pesca<\/li>\n<li>Mirtilli e lamponi<\/li>\n<li>Pesca ghiacciata<\/li>\n<li>Pista di ghiaccio blu<\/li>\n<li>Mele acide<\/li>\n<li>Kiwi alla fragola<\/li>\n<li>Kiwi, passion fruit, guava<\/li>\n<li>Ghiaccio all'uva<\/li>\n<\/ul>\n<h2 data-v-md-heading=\"for-commercial-use-by-you-and-your-family-friends\" data-v-md-line=\"46\">Per uso commerciale da parte vostra e dei vostri familiari\/amici<\/h2>\n<p data-v-md-line=\"48\">Fluum Box 15000 \u00e8 ora disponibile per l'acquisto personale, ma se siete imprenditori e volete fare scorta di prodotti che i clienti torneranno ad acquistare, potete ordinare confezioni all'ingrosso per 200 unit\u00e0\/scatola. Ogni scatola di cartone misura 64 x 34,5 x 25 centimetri per una facile conservazione. Collaboriamo con partner di fiducia come UPS, DPD e DHL per gestire tutte le questioni di spedizione per voi - tutte le merci sono state tassate (DDP), quindi non dovete preoccuparvi di eventuali tasse doganali aggiuntive. Vi forniremo un servizio di consegna a domicilio affidabile e senza intoppi.<\/p>\n<p data-v-md-line=\"50\">Lo schermo pu\u00f2 sembrare insignificante, ma \u00e8 proprio esso che eleva questo prodotto da un normale prodotto da svapo a un prodotto che i clienti raccomanderebbero davvero ai loro amici. Risolve i problemi pratici che le persone incontrano quando usano i vapes, il che \u00e8 la chiave per fidelizzare gli utenti.<\/p>\n<h2 data-v-md-heading=\"reasons-why-you-will-like-it\" data-v-md-line=\"52\">Reasons why you will like it<\/h2>\n<p data-v-md-line=\"54\"><strong>Schermo di visualizzazione:<\/strong>\u00a0Non c'\u00e8 bisogno di tirare a indovinare: si pu\u00f2 sempre sapere chiaramente quando \u00e8 necessario ricaricare o quando sta per essere completamente carico<\/p>\n<p data-v-md-line=\"56\"><strong>15000 unit\u00e0:<\/strong>\u00a0Un solo dispositivo pu\u00f2 soddisfare le vostre esigenze di svapo per diverse settimane<\/p>\n<p data-v-md-line=\"58\"><strong>Grande capacit\u00e0 di stoccaggio dell'e-liquid da 25 ml:<\/strong>\u00a0La capacit\u00e0 adeguata dell'e-liquid garantisce una delizia costante dal primo all'ultimo sorso.<\/p>\n<p data-v-md-line=\"60\"><strong>Type-C Charging:<\/strong>\u00a0Utilizzare il cavo di ricarica esistente per la ricarica<\/p>\n<p data-v-md-line=\"62\"><strong>12 gusti:<\/strong>\u00a0Dai classici gusti alla frutta ai rinfrescanti gusti misti, ce n'\u00e8 sempre uno che fa per voi.<\/p>\n<p data-v-md-line=\"64\"><strong>Tecnologia a bobina a maglie:<\/strong>\u00a0apporta un gusto morbido e ricco, evitando irritazioni alla gola<\/p>\n<h2 data-v-md-heading=\"why-choose-to-collaborate-with-agoravape\" data-v-md-line=\"66\">Perch\u00e9 scegliere di collaborare con AgoraVape?<\/h2>\n<p data-v-md-line=\"68\">Come uno dei distributori di vape pi\u00f9 affidabili in Europa, vendiamo solo prodotti originali 100%. Per i nostri clienti aziendali, ci\u00f2 significa che Fluum Box 15000 offre prezzi all'ingrosso altamente competitivi, un supporto tecnico affidabile e servizi di consegna rapidi e stabili. La sua funzione di visualizzazione lo distingue dalla concorrenza: questa pratica innovazione far\u00e0 sicuramente la gioia dei vostri clienti. Contattateci immediatamente per introdurre questo prodotto che lascer\u00e0 i vostri clienti a bocca aperta.<\/p>\n<p><script src=\"chrome-extension:\/\/fpelahbljekknahkcaegamhcndkfpfnc\/iFrame.js\" type=\"text\/javascript\"><\/script><\/p>\n<p><script src=\"chrome-extension:\/\/fpelahbljekknahkcaegamhcndkfpfnc\/iFrame.js\" type=\"text\/javascript\"><\/script><\/p>","protected":false},"excerpt":{"rendered":"<p>&nbsp;<\/p>\n<p><script src=\"chrome-extension:\/\/fpelahbljekknahkcaegamhcndkfpfnc\/iFrame.js\" type=\"text\/javascript\"><\/script><\/p>\n<p><script src=\"chrome-extension:\/\/fpelahbljekknahkcaegamhcndkfpfnc\/iFrame.js\" type=\"text\/javascript\"><\/script><\/p>\n<p><script src=\"chrome-extension:\/\/fpelahbljekknahkcaegamhcndkfpfnc\/iFrame.js\" type=\"text\/javascript\"><\/script><\/p>\n<p><script src=\"chrome-extension:\/\/fpelahbljekknahkcaegamhcndkfpfnc\/iFrame.js\" type=\"text\/javascript\"><\/script><\/p>\n<p><script src=\"chrome-extension:\/\/fpelahbljekknahkcaegamhcndkfpfnc\/iFrame.js\" type=\"text\/javascript\"><\/script><\/p>\n<p><script src=\"chrome-extension:\/\/fpelahbljekknahkcaegamhcndkfpfnc\/iFrame.js\" type=\"text\/javascript\"><\/script><\/p>\n<p><script src=\"chrome-extension:\/\/fpelahbljekknahkcaegamhcndkfpfnc\/iFrame.js\" type=\"text\/javascript\"><\/script><\/p>","protected":false},"featured_media":20135,"comment_status":"open","ping_status":"closed","template":"","meta":[],"product_brand":[197],"product_cat":[124,187,185,189,123,174,175,193,191,173,186,180,190,192],"product_tag":[],"class_list":{"0":"post-20109","1":"product","2":"type-product","3":"status-publish","4":"has-post-thumbnail","6":"product_brand-bang","7":"product_cat-vape-by-brand","8":"product_cat-0mg-nicotine-free-vapes","9":"product_cat-10000-puffs-high-capacity","10":"product_cat-20mg-standard-nicotine-vapes","11":"product_cat-bang","12":"product_cat-fruit-flavors","13":"product_cat-icy-mint","14":"product_cat-mesh-coil","15":"product_cat-rechargeable-disposables","16":"product_cat-vape-by-flavor-profile","17":"product_cat-vape-by-nicotine-strength","18":"product_cat-vape-by-puff-count","19":"product_cat-vape-by-feature-or-type","20":"product_cat-vapes-with-screens","22":"first","23":"onbackorder","24":"shipping-taxable","25":"purchasable","26":"product-type-variable","27":"has-default-attributes"},"tiered_pricing_type":"percentage","tiered_pricing_fixed_rules":[],"tiered_pricing_product_settings":{"layout":"default","base_unit_name":{"singular":null,"plural":null},"default_variation":null},"tiered_pricing_minimum_quantity":10,"tiered_pricing_roles_data":[],"tiered_pricing_percentage_rules":{"30":"29","50":"35","100":"40","200":"44","500":"47","1000":"49"},"tiered_pricing_maximum_quantity":null,"tiered_pricing_quantity_step":"10","_links":{"self":[{"href":"https:\/\/agoravape.com\/it\/wp-json\/wp\/v2\/product\/20109","targetHints":{"allow":["GET"]}}],"collection":[{"href":"https:\/\/agoravape.com\/it\/wp-json\/wp\/v2\/product"}],"about":[{"href":"https:\/\/agoravape.com\/it\/wp-json\/wp\/v2\/types\/product"}],"replies":[{"embeddable":true,"href":"https:\/\/agoravape.com\/it\/wp-json\/wp\/v2\/comments?post=20109"}],"version-history":[{"count":0,"href":"https:\/\/agoravape.com\/it\/wp-json\/wp\/v2\/product\/20109\/revisions"}],"wp:featuredmedia":[{"embeddable":true,"href":"https:\/\/agoravape.com\/it\/wp-json\/wp\/v2\/media\/20135"}],"wp:attachment":[{"href":"https:\/\/agoravape.com\/it\/wp-json\/wp\/v2\/media?parent=20109"}],"wp:term":[{"taxonomy":"product_brand","embeddable":true,"href":"https:\/\/agoravape.com\/it\/wp-json\/wp\/v2\/product_brand?post=20109"},{"taxonomy":"product_cat","embeddable":true,"href":"https:\/\/agoravape.com\/it\/wp-json\/wp\/v2\/product_cat?post=20109"},{"taxonomy":"product_tag","embeddable":true,"href":"https:\/\/agoravape.com\/it\/wp-json\/wp\/v2\/product_tag?post=20109"}],"curies":[{"name":"wp","href":"https:\/\/api.w.org\/{rel}","templated":true}]}}