{"id":21146,"date":"2026-01-18T00:53:54","date_gmt":"2026-01-17T16:53:54","guid":{"rendered":"https:\/\/agoravape.com\/?post_type=product&#038;p=21146"},"modified":"2026-03-26T13:22:26","modified_gmt":"2026-03-26T12:22:26","slug":"myde-ak80000-80000-soffi-dtl-vape","status":"publish","type":"product","link":"https:\/\/agoravape.com\/it\/product\/myde-ak80000-80000-puffs-dtl-vape\/","title":{"rendered":"MYDE AK80000 80000 tiri DTL ad alta potenza | Grandi nuvole, meno problemi"},"content":{"rendered":"<h2 data-v-md-heading=\"what-is-myde-ak80000-80000-high-power-dtl-electronic-cigarette-like\" data-v-md-line=\"1\"><\/h2>\n<p><img loading=\"lazy\" decoding=\"async\" class=\"size-full wp-image-21205 alignright\" src=\"https:\/\/agoravape.com\/wp-content\/uploads\/2026\/01\/MYDE-AK80000-80000-Puffs-High-Power-DTL-Vape_Agora_vape-2.webp\" alt=\"\" width=\"1280\" height=\"1659\" srcset=\"https:\/\/agoravape.com\/wp-content\/uploads\/2026\/01\/MYDE-AK80000-80000-Puffs-High-Power-DTL-Vape_Agora_vape-2.webp 1280w, https:\/\/agoravape.com\/wp-content\/uploads\/2026\/01\/MYDE-AK80000-80000-Puffs-High-Power-DTL-Vape_Agora_vape-2-1200x1555.webp 1200w, https:\/\/agoravape.com\/wp-content\/uploads\/2026\/01\/MYDE-AK80000-80000-Puffs-High-Power-DTL-Vape_Agora_vape-2-231x300.webp 231w, https:\/\/agoravape.com\/wp-content\/uploads\/2026\/01\/MYDE-AK80000-80000-Puffs-High-Power-DTL-Vape_Agora_vape-2-790x1024.webp 790w, https:\/\/agoravape.com\/wp-content\/uploads\/2026\/01\/MYDE-AK80000-80000-Puffs-High-Power-DTL-Vape_Agora_vape-2-768x995.webp 768w, https:\/\/agoravape.com\/wp-content\/uploads\/2026\/01\/MYDE-AK80000-80000-Puffs-High-Power-DTL-Vape_Agora_vape-2-1185x1536.webp 1185w, https:\/\/agoravape.com\/wp-content\/uploads\/2026\/01\/MYDE-AK80000-80000-Puffs-High-Power-DTL-Vape_Agora_vape-2-9x12.webp 9w\" sizes=\"auto, (max-width: 1280px) 100vw, 1280px\" \/> <img loading=\"lazy\" decoding=\"async\" class=\"size-full wp-image-21206 alignright\" src=\"https:\/\/agoravape.com\/wp-content\/uploads\/2026\/01\/MYDE-AK80000-80000-Puffs-High-Power-DTL-Vape_Agora_vape-3-scaled.webp\" alt=\"\" width=\"765\" height=\"2560\" srcset=\"https:\/\/agoravape.com\/wp-content\/uploads\/2026\/01\/MYDE-AK80000-80000-Puffs-High-Power-DTL-Vape_Agora_vape-3-scaled.webp 765w, https:\/\/agoravape.com\/wp-content\/uploads\/2026\/01\/MYDE-AK80000-80000-Puffs-High-Power-DTL-Vape_Agora_vape-3-90x300.webp 90w, https:\/\/agoravape.com\/wp-content\/uploads\/2026\/01\/MYDE-AK80000-80000-Puffs-High-Power-DTL-Vape_Agora_vape-3-306x1024.webp 306w, https:\/\/agoravape.com\/wp-content\/uploads\/2026\/01\/MYDE-AK80000-80000-Puffs-High-Power-DTL-Vape_Agora_vape-3-768x2570.webp 768w, https:\/\/agoravape.com\/wp-content\/uploads\/2026\/01\/MYDE-AK80000-80000-Puffs-High-Power-DTL-Vape_Agora_vape-3-459x1536.webp 459w, https:\/\/agoravape.com\/wp-content\/uploads\/2026\/01\/MYDE-AK80000-80000-Puffs-High-Power-DTL-Vape_Agora_vape-3-612x2048.webp 612w, https:\/\/agoravape.com\/wp-content\/uploads\/2026\/01\/MYDE-AK80000-80000-Puffs-High-Power-DTL-Vape_Agora_vape-3-4x12.webp 4w, https:\/\/agoravape.com\/wp-content\/uploads\/2026\/01\/MYDE-AK80000-80000-Puffs-High-Power-DTL-Vape_Agora_vape-3-1200x4015.webp 1200w\" sizes=\"auto, (max-width: 765px) 100vw, 765px\" \/><\/p>\n<h2 data-v-md-heading=\"what-is-myde-ak80000-80000-high-power-dtl-electronic-cigarette-like\" data-v-md-line=\"1\">Com'\u00e8 la sigaretta elettronica DTL ad alta potenza MYDE AK80000 80000?<\/h2>\n<p data-v-md-line=\"3\">Se sei stanco delle sigarette elettroniche usa e getta che sembrano \"usate\" al primo utilizzo, MYDE AK80000 \u00e8 la scelta ideale. Si tratta di una sigaretta elettronica usa e getta DTL (aspirazione polmonare diretta) ad alta potenza, progettata per gli utenti che desiderano una resistenza pi\u00f9 fluida e un fumo pi\u00f9 ricco, anzich\u00e9 la resistenza rigida delle sigarette tradizionali.<\/p>\n<p data-v-md-line=\"5\">C'\u00e8 un'altra cosa inaspettata. Potresti pensare che tenere in mano un dispositivo con 80.000 porte sia pesante quanto un mattone, ma in realt\u00e0 \u00e8 molto comodo da tenere in mano. Se desideri un'emissione di fumo intensa, un gusto costante e tempi di sostituzione ridotti, questa sigaretta elettronica \u00e8 la scelta migliore.<\/p>\n<h2 data-v-md-heading=\"excellent-performance-simple-and-easy-to-use\" data-v-md-line=\"7\">Ottime prestazioni, semplice e facile da usare<\/h2>\n<p data-v-md-line=\"9\">MYDE punta sulla semplicit\u00e0 in aree chiave. La coil a mesh da 0,4 \u03a9 aiuta a mantenere un gusto stabile e produce un fumo pieno piuttosto che leggero. Ha anche una potenza di uscita di 30 W, che lo rende molto adatto alla modalit\u00e0 di aspirazione polmonare diretta (DTL).<\/p>\n<p data-v-md-line=\"11\">Quando la batteria \u00e8 scarica, non \u00e8 necessario utilizzare un caricabatterie dedicato. Basta collegarlo tramite l'interfaccia USB Type-C (potresti aver gi\u00e0 utilizzato lo stesso cavo USB per caricare il telefono in precedenza) e puoi continuare a utilizzarlo.<\/p>\n<h2 data-v-md-heading=\"quick-specifications\" data-v-md-line=\"13\">Specifiche rapide<\/h2>\n<ul data-v-md-line=\"14\">\n<li>Smoking frequency: up to 80000 puffs<\/li>\n<li>capacit\u00e0 e-liquid: 45 ml<\/li>\n<li>Contenuto di nicotina: 5 mg<\/li>\n<li>Potenza in uscita: 30W<\/li>\n<li>Nucleo di atomizzazione: nucleo di atomizzazione a maglie da 0,4 \u03a9<\/li>\n<li>Capacit\u00e0 della batteria: 1300 mAh (ricaricabile)<\/li>\n<li>Utilizzo: Inspirare per attivare<\/li>\n<li>Metodo di ricarica: interfaccia USB Type-C standard<\/li>\n<li>Materiale: lega + PCTG<\/li>\n<li>Dimensioni\/Peso: 157 \u00d7 36,3 \u00d7 36,3 mm, 135 g<\/li>\n<li>Stato: pronto all'uso appena estratto dalla confezione<\/li>\n<\/ul>\n<h2 data-v-md-heading=\"complete-flavor-lineup\" data-v-md-line=\"26\">Gamma completa di gusti<\/h2>\n<ul data-v-md-line=\"27\">\n<li>Lady Killer<\/li>\n<li>Ghiaccio all'uva<\/li>\n<li>Lancia di menta<\/li>\n<li>Lemon and lime<\/li>\n<li>Ghiaccio all'anguria<\/li>\n<li>Soda alla ciliegia e cola<\/li>\n<li>Kiwi alla fragola<\/li>\n<li>Pistola a melone<\/li>\n<li>Strawberry watermelon<\/li>\n<li>Pistola a bolle di anguria<\/li>\n<\/ul>\n<h2 data-v-md-heading=\"suitable-for-you-and-your-business\" data-v-md-line=\"38\">Adatto a te e alla tua attivit\u00e0<\/h2>\n<p data-v-md-line=\"40\">Puoi acquistare questi prodotti per uso personale, ma se sei un rivenditore al dettaglio, questo prodotto \u00e8 la scelta ideale come opzione \"aspirazione diretta ad alta potenza\" per la tua linea di prodotti. Ogni confezione contiene 100 pezzi, rendendo facile l'ordine e la quantit\u00e0 controllabile.<\/p>\n<p data-v-md-line=\"42\">In termini di logistica, comprendiamo le preoccupazioni degli acquirenti dell'UE: ritardi, procedure complesse e costi imprevisti. Pertanto, ci impegniamo a collaborare con corrieri affidabili, scegliendo rotte di trasporto affidabili, garantendo la consegna regolare delle vostre merci ed evitando problemi nelle procedure doganali.<\/p>\n<h2 data-v-md-heading=\"the-reason-why-you-will-like-it\" data-v-md-line=\"44\">Il motivo per cui ti piacer\u00e0<\/h2>\n<ul data-v-md-line=\"45\">\n<li>\n<p data-v-md-line=\"45\">Durevole e duraturo: grazie alla maggiore durata, non \u00e8 necessario sostituire frequentemente le apparecchiature.<\/p>\n<\/li>\n<li>\n<p data-v-md-line=\"47\">Esperienza di potenza elevata DTL: la potenza di uscita di 30 W garantisce un'esperienza di aspirazione pi\u00f9 soddisfacente e fluida.<\/p>\n<\/li>\n<li>\n<p data-v-md-line=\"48\">Batteria ricaricabile: \u00e8 possibile sfruttare appieno la capacit\u00e0 della batteria senza doverla smaltire in anticipo.<\/p>\n<\/li>\n<li>\n<p data-v-md-line=\"49\">Nucleo dell'atomizzatore a rete: garantisce un gusto costante e un'emissione di fumo stabile.<\/p>\n<\/li>\n<\/ul>\n<h2 data-v-md-heading=\"why-choose-to-collaborate-with-agoravape\" data-v-md-line=\"51\">Perch\u00e9 scegliere di collaborare con AgoraVape?<\/h2>\n<p data-v-md-line=\"53\">AgoraVape aderisce sempre a un principio: vendiamo solo prodotti originali. Per dispositivi ad alta capacit\u00e0 come questo, questo \u00e8 particolarmente importante, perch\u00e9 il mercato \u00e8 invaso da prodotti contraffatti. Se sei un acquirente aziendale, puoi anche usufruire di convenienti quantit\u00e0 all'ingrosso, assistenza affidabile e servizi di spedizione rapidi per le sigarette elettroniche DTL ad alta potenza MYDE AK80000 80000. Se desideri riservare un prodotto per i tuoi clienti DTL, che torneranno ad acquistare, contattaci.<\/p>","protected":false},"excerpt":{"rendered":"<p>Com'\u00e8 la sigaretta elettronica MYDE AK80000 80000 ad alta potenza DTL? Se siete stanchi delle sigarette elettroniche monouso che<\/p>","protected":false},"featured_media":21212,"comment_status":"open","ping_status":"closed","template":"","meta":[],"product_brand":[221],"product_cat":[124,185,194,176,177,174,175,148,191,173,186,180,190],"product_tag":[],"class_list":{"0":"post-21146","1":"product","2":"type-product","3":"status-publish","4":"has-post-thumbnail","6":"product_brand-myde","7":"product_cat-vape-by-brand","8":"product_cat-10000-puffs-high-capacity","9":"product_cat-adjustable-airflow","10":"product_cat-beverage","11":"product_cat-dessert-sweets","12":"product_cat-fruit-flavors","13":"product_cat-icy-mint","14":"product_cat-myde","15":"product_cat-rechargeable-disposables","16":"product_cat-vape-by-flavor-profile","17":"product_cat-vape-by-nicotine-strength","18":"product_cat-vape-by-puff-count","19":"product_cat-vape-by-feature-or-type","21":"first","22":"instock","23":"shipping-taxable","24":"purchasable","25":"product-type-variable","26":"has-default-attributes"},"tiered_pricing_type":"percentage","tiered_pricing_fixed_rules":[],"tiered_pricing_product_settings":{"layout":"default","base_unit_name":{"singular":null,"plural":null},"default_variation":null},"tiered_pricing_minimum_quantity":10,"tiered_pricing_roles_data":[],"tiered_pricing_percentage_rules":{"30":"29","50":"35","100":"40","200":"44","500":"47","1000":"49"},"tiered_pricing_maximum_quantity":null,"tiered_pricing_quantity_step":"10","_links":{"self":[{"href":"https:\/\/agoravape.com\/it\/wp-json\/wp\/v2\/product\/21146","targetHints":{"allow":["GET"]}}],"collection":[{"href":"https:\/\/agoravape.com\/it\/wp-json\/wp\/v2\/product"}],"about":[{"href":"https:\/\/agoravape.com\/it\/wp-json\/wp\/v2\/types\/product"}],"replies":[{"embeddable":true,"href":"https:\/\/agoravape.com\/it\/wp-json\/wp\/v2\/comments?post=21146"}],"version-history":[{"count":0,"href":"https:\/\/agoravape.com\/it\/wp-json\/wp\/v2\/product\/21146\/revisions"}],"wp:featuredmedia":[{"embeddable":true,"href":"https:\/\/agoravape.com\/it\/wp-json\/wp\/v2\/media\/21212"}],"wp:attachment":[{"href":"https:\/\/agoravape.com\/it\/wp-json\/wp\/v2\/media?parent=21146"}],"wp:term":[{"taxonomy":"product_brand","embeddable":true,"href":"https:\/\/agoravape.com\/it\/wp-json\/wp\/v2\/product_brand?post=21146"},{"taxonomy":"product_cat","embeddable":true,"href":"https:\/\/agoravape.com\/it\/wp-json\/wp\/v2\/product_cat?post=21146"},{"taxonomy":"product_tag","embeddable":true,"href":"https:\/\/agoravape.com\/it\/wp-json\/wp\/v2\/product_tag?post=21146"}],"curies":[{"name":"wp","href":"https:\/\/api.w.org\/{rel}","templated":true}]}}