{"id":21214,"date":"2026-01-18T01:26:07","date_gmt":"2026-01-17T17:26:07","guid":{"rendered":"https:\/\/agoravape.com\/?post_type=product&#038;p=21214"},"modified":"2026-03-31T04:20:23","modified_gmt":"2026-03-31T02:20:23","slug":"myde-miou-60k-60000-soffi-a-doppio-gusto","status":"publish","type":"product","link":"https:\/\/agoravape.com\/it\/product\/myde-miou-60k-60000-puffs-dual-flavor\/","title":{"rendered":"MYDE MIOU 60k 60000 tiri Doppio Aroma Vape | Due aromi, un semplice svapo quotidiano"},"content":{"rendered":"<h2 data-v-md-heading=\"what-are-the-special-features-of-myde-miou-60k-60000-dual-flavored-vapes\" data-v-md-line=\"3\"><img loading=\"lazy\" decoding=\"async\" class=\"size-full wp-image-21228 alignright\" src=\"https:\/\/agoravape.com\/wp-content\/uploads\/2026\/01\/MYDE-MIOU-60k-60000-Puffs-Dual-Flavor-Vape-Two-Flavours-One-Easy-Daily-Driver_Agora_vape-3.webp\" alt=\"\" width=\"800\" height=\"800\" srcset=\"https:\/\/agoravape.com\/wp-content\/uploads\/2026\/01\/MYDE-MIOU-60k-60000-Puffs-Dual-Flavor-Vape-Two-Flavours-One-Easy-Daily-Driver_Agora_vape-3.webp 800w, https:\/\/agoravape.com\/wp-content\/uploads\/2026\/01\/MYDE-MIOU-60k-60000-Puffs-Dual-Flavor-Vape-Two-Flavours-One-Easy-Daily-Driver_Agora_vape-3-600x600.webp 600w, https:\/\/agoravape.com\/wp-content\/uploads\/2026\/01\/MYDE-MIOU-60k-60000-Puffs-Dual-Flavor-Vape-Two-Flavours-One-Easy-Daily-Driver_Agora_vape-3-300x300.webp 300w, https:\/\/agoravape.com\/wp-content\/uploads\/2026\/01\/MYDE-MIOU-60k-60000-Puffs-Dual-Flavor-Vape-Two-Flavours-One-Easy-Daily-Driver_Agora_vape-3-150x150.webp 150w, https:\/\/agoravape.com\/wp-content\/uploads\/2026\/01\/MYDE-MIOU-60k-60000-Puffs-Dual-Flavor-Vape-Two-Flavours-One-Easy-Daily-Driver_Agora_vape-3-768x768.webp 768w, https:\/\/agoravape.com\/wp-content\/uploads\/2026\/01\/MYDE-MIOU-60k-60000-Puffs-Dual-Flavor-Vape-Two-Flavours-One-Easy-Daily-Driver_Agora_vape-3-12x12.webp 12w\" sizes=\"auto, (max-width: 800px) 100vw, 800px\" \/><\/h2>\n<h2 data-v-md-heading=\"what-are-the-special-features-of-myde-miou-60k-60000-dual-flavored-vapes\" data-v-md-line=\"3\">Quali sono le caratteristiche speciali delle sigarette elettroniche MYDE MIOU 60k 60000 a doppio aroma?<\/h2>\n<p data-v-md-line=\"5\">Se sei stanco di vaporizzatori che durano solo uno o due giorni e perdono rapidamente la loro freschezza, allora MYDE MIOU 60k sar\u00e0 la tua scelta ideale. \u00c8 progettato per un uso a lungo termine (fino a 60.000 tiri) e aderisce a un concetto semplice ma pratico: due aromi in uno, che ti permette di cambiare facilmente aroma senza dover portare con te un secondo vaporizzatore.<\/p>\n<p data-v-md-line=\"7\">Potresti pensare che una sigaretta elettronica con una capacit\u00e0 nominale di 60.000 tiri sia pesante come un mattone in tasca, ma in realt\u00e0, la sua esperienza d'uso \u00e8 pi\u00f9 leggera e portatile di quanto immagini. Si tratta di una sigaretta elettronica semplice e facile da usare, dotata di batterie ricaricabili, e-liquid preinstallato e diverse opzioni di aromi, che pu\u00f2 portare freschezza anche quando le tue papille gustative sono annoiate.<\/p>\n<h2 data-v-md-heading=\"excellent-performance-and-easy-operation\" data-v-md-line=\"9\">Prestazioni eccellenti e facilit\u00e0 d'uso<\/h2>\n<p data-v-md-line=\"11\">Dotato internamente di un nucleo di atomizzazione da 1,2 \u03a9 e di un vano per il liquido da 40 ml di grande capacit\u00e0, mantiene un sapore stabile senza deteriorarsi a met\u00e0 cottura. Inoltre, \u00e8 dotato di una batteria da 600 mAh, quindi non devi preoccuparti se la batteria si scarica prima che il liquido si esaurisca. Basta riempire il serbatoio con il liquido per continuare a usarlo.<\/p>\n<p data-v-md-line=\"13\">Non servono pulsanti o impostazioni. Basta sorseggiare e godersi l'esperienza definitiva.<\/p>\n<h2 data-v-md-heading=\"quick-specifications\" data-v-md-line=\"15\">Specifiche rapide<\/h2>\n<ul data-v-md-line=\"17\">\n<li>Numero di porte: fino a 60000 porte<\/li>\n<li>Capacit\u00e0 e-liquid: totale 40 millilitri (sistema a doppio aroma, circa 7 millilitri per scomparto)<\/li>\n<li>Batteria: 600 mAh (ricaricabile)<\/li>\n<li>Resistenza della bobina: 1,2 ohm<\/li>\n<li>Contenuto di nicotina: 2% o 5%<\/li>\n<li>Utilizzo: basta inalare per attivare<\/li>\n<li>Stato: pronto all'uso appena estratto dalla confezione<\/li>\n<\/ul>\n<h2 data-v-md-heading=\"complete-flavor-lineup\" data-v-md-line=\"24\">Gamma completa di gusti<\/h2>\n<ul data-v-md-line=\"25\">\n<li>Ghiaccio al limone, lime e anguria<\/li>\n<li>Uva ghiacciata e kiwi alla fragola<\/li>\n<li>Ananas, Cocco, Fragola e Banana<\/li>\n<li>Anguria Orange Mang e Red Bull<\/li>\n<li>Soda al mirtillo e ciliegia<\/li>\n<li>Ghiaccio all'anguria e frutti di bosco misti<\/li>\n<li>Fragola, banana e ciliegia frizzante<\/li>\n<li>Ghiaccio alla fragola, lampone, ciliegia e uva<\/li>\n<li>Acqua di limone e mirtilli e lime<\/li>\n<li>Anguria Ghiaccio e Fragola Mango<\/li>\n<\/ul>\n<h2 data-v-md-heading=\"suitable-for-personal-and-commercial-use\" data-v-md-line=\"36\">Adatto per uso personale e commerciale<\/h2>\n<p data-v-md-line=\"38\"><a class=\"wpil_keyword_link\" href=\"https:\/\/agoravape.com\/it\/svapare-per-marca\/mrvi\/\" target=\"_blank\" rel=\"noopener\" title=\"MINUSCOLO\" data-wpil-keyword-link=\"linked\" data-wpil-monitor-id=\"7189\">MYDE<\/a> MIOU 60k \u00e8 una svapata durevole che non vi lascer\u00e0 annoiati dopo pochi giorni, rendendola la scelta ideale per il vostro uso personale. Allo stesso tempo, \u00e8 adatto anche come prodotto per l'inventario al dettaglio, perch\u00e9 i consumatori preferiscono prodotti \u201cintegrati\u201d convenienti, soprattutto nella versione a doppio aroma.<\/p>\n<p data-v-md-line=\"40\">Se acquisti per rivenderlo, AgoraVape offre servizi di spedizione europei rapidi e affidabili. Collaboriamo con corrieri affidabili come DHL, DPD e UPS per garantire un trasporto agevole ed evitare imprevisti alla frontiera. Se hai bisogno della quantit\u00e0 esatta richiesta per la vendita all'ingrosso, contatta il nostro team e organizzeremo per te i dettagli di imballaggio aggiornati.<\/p>\n<h2 data-v-md-heading=\"reasons-why-you-will-like-it\" data-v-md-line=\"42\">Reasons why you will like it<\/h2>\n<ul data-v-md-line=\"44\">\n<li>Durata della batteria ultra lunga: maggiore durata, non \u00e8 necessario sostituire frequentemente i dispositivi.<\/li>\n<li>Impostazione doppio aroma: non \u00e8 necessario acquistare un secondo vaporizzatore per cambiare aroma.<\/li>\n<li>Selezione della concentrazione di nicotina: 2% per un gusto pi\u00f9 delicato, 5% per un'esperienza pi\u00f9 forte.<\/li>\n<li>Batteria ricaricabile: assicurati di aver effettivamente utilizzato l'e-liquid acquistato.<\/li>\n<li>Bobina da 1,2 \u03a9: mantiene una resistenza di aspirazione stabile per evitare che il gusto si deteriori troppo rapidamente.<\/li>\n<\/ul>\n<h2 data-v-md-heading=\"why-choose-agoravape\" data-v-md-line=\"50\">Perch\u00e9 scegliere AgoraVape?<\/h2>\n<p data-v-md-line=\"52\">Noi di AgoraVape ci concentriamo su ci\u00f2 che conta davvero: garanzia di prodotti autentici, logistica affidabile e risposte trasparenti. Se vendi MYDE MIOU 60k 60000 sigarette elettroniche a doppio aroma, ti aiuteremo ad aumentare le vendite con prezzi all'ingrosso altamente competitivi, un supporto tecnico reattivo e soluzioni di spedizione flessibili. Contattaci e ti forniremo una fornitura sufficiente per fidelizzare i tuoi clienti.<\/p>","protected":false},"excerpt":{"rendered":"<p>Quali sono le caratteristiche speciali di MYDE MIOU 60k 60000 dual flavored vapes? Se siete stanchi dei vapers che<\/p>","protected":false},"featured_media":21235,"comment_status":"open","ping_status":"closed","template":"","meta":[],"product_brand":[221],"product_cat":[124,185,1642,176,177,195,174,175,148,191,173,186,180,190],"product_tag":[],"class_list":{"0":"post-21214","1":"product","2":"type-product","3":"status-publish","4":"has-post-thumbnail","6":"product_brand-myde","7":"product_cat-vape-by-brand","8":"product_cat-10000-puffs-high-capacity","9":"product_cat-60000-puffs","10":"product_cat-beverage","11":"product_cat-dessert-sweets","12":"product_cat-dual-flavor-switch","13":"product_cat-fruit-flavors","14":"product_cat-icy-mint","15":"product_cat-myde","16":"product_cat-rechargeable-disposables","17":"product_cat-vape-by-flavor-profile","18":"product_cat-vape-by-nicotine-strength","19":"product_cat-vape-by-puff-count","20":"product_cat-vape-by-feature-or-type","22":"first","23":"onbackorder","24":"shipping-taxable","25":"purchasable","26":"product-type-variable","27":"has-default-attributes"},"tiered_pricing_type":"percentage","tiered_pricing_fixed_rules":[],"tiered_pricing_product_settings":{"layout":"default","base_unit_name":{"singular":null,"plural":null},"default_variation":null},"tiered_pricing_minimum_quantity":10,"tiered_pricing_roles_data":[],"tiered_pricing_percentage_rules":{"30":"29","50":"35","100":"40","200":"44","500":"47","1000":"49"},"tiered_pricing_maximum_quantity":null,"tiered_pricing_quantity_step":"10","_links":{"self":[{"href":"https:\/\/agoravape.com\/it\/wp-json\/wp\/v2\/product\/21214","targetHints":{"allow":["GET"]}}],"collection":[{"href":"https:\/\/agoravape.com\/it\/wp-json\/wp\/v2\/product"}],"about":[{"href":"https:\/\/agoravape.com\/it\/wp-json\/wp\/v2\/types\/product"}],"replies":[{"embeddable":true,"href":"https:\/\/agoravape.com\/it\/wp-json\/wp\/v2\/comments?post=21214"}],"version-history":[{"count":2,"href":"https:\/\/agoravape.com\/it\/wp-json\/wp\/v2\/product\/21214\/revisions"}],"predecessor-version":[{"id":29882,"href":"https:\/\/agoravape.com\/it\/wp-json\/wp\/v2\/product\/21214\/revisions\/29882"}],"wp:featuredmedia":[{"embeddable":true,"href":"https:\/\/agoravape.com\/it\/wp-json\/wp\/v2\/media\/21235"}],"wp:attachment":[{"href":"https:\/\/agoravape.com\/it\/wp-json\/wp\/v2\/media?parent=21214"}],"wp:term":[{"taxonomy":"product_brand","embeddable":true,"href":"https:\/\/agoravape.com\/it\/wp-json\/wp\/v2\/product_brand?post=21214"},{"taxonomy":"product_cat","embeddable":true,"href":"https:\/\/agoravape.com\/it\/wp-json\/wp\/v2\/product_cat?post=21214"},{"taxonomy":"product_tag","embeddable":true,"href":"https:\/\/agoravape.com\/it\/wp-json\/wp\/v2\/product_tag?post=21214"}],"curies":[{"name":"wp","href":"https:\/\/api.w.org\/{rel}","templated":true}]}}