{"id":21412,"date":"2026-01-18T16:11:02","date_gmt":"2026-01-18T08:11:02","guid":{"rendered":"https:\/\/agoravape.com\/?post_type=product&#038;p=21412"},"modified":"2026-03-19T11:37:04","modified_gmt":"2026-03-19T10:37:04","slug":"saimeo-tequila-30k-30000-soffi-vape","status":"publish","type":"product","link":"https:\/\/agoravape.com\/it\/product\/saimeo-tequila-30k-30000-puffs-vape\/","title":{"rendered":"Saimeo Tequila 30k 30000 tiri Bottiglia unica per svapo | Lunghe tirate, utilizzo semplice"},"content":{"rendered":"<h2 data-v-md-heading=\"what-s-special-about-saimeo-tequila-flavored-30k-30000-unique-bottled-vapes\" data-v-md-line=\"3\"><img loading=\"lazy\" decoding=\"async\" class=\"size-full wp-image-21435 alignright\" src=\"https:\/\/agoravape.com\/wp-content\/uploads\/2026\/01\/Saimeo-Tequila-30k-30000-Puffs-Unique-Bottle-Vape-Long-Runs-Simple-Use_Agora_vape-12-scaled.webp\" alt=\"\" width=\"795\" height=\"2560\" srcset=\"https:\/\/agoravape.com\/wp-content\/uploads\/2026\/01\/Saimeo-Tequila-30k-30000-Puffs-Unique-Bottle-Vape-Long-Runs-Simple-Use_Agora_vape-12-scaled.webp 795w, https:\/\/agoravape.com\/wp-content\/uploads\/2026\/01\/Saimeo-Tequila-30k-30000-Puffs-Unique-Bottle-Vape-Long-Runs-Simple-Use_Agora_vape-12-93x300.webp 93w, https:\/\/agoravape.com\/wp-content\/uploads\/2026\/01\/Saimeo-Tequila-30k-30000-Puffs-Unique-Bottle-Vape-Long-Runs-Simple-Use_Agora_vape-12-318x1024.webp 318w, https:\/\/agoravape.com\/wp-content\/uploads\/2026\/01\/Saimeo-Tequila-30k-30000-Puffs-Unique-Bottle-Vape-Long-Runs-Simple-Use_Agora_vape-12-768x2472.webp 768w, https:\/\/agoravape.com\/wp-content\/uploads\/2026\/01\/Saimeo-Tequila-30k-30000-Puffs-Unique-Bottle-Vape-Long-Runs-Simple-Use_Agora_vape-12-477x1536.webp 477w, https:\/\/agoravape.com\/wp-content\/uploads\/2026\/01\/Saimeo-Tequila-30k-30000-Puffs-Unique-Bottle-Vape-Long-Runs-Simple-Use_Agora_vape-12-636x2048.webp 636w, https:\/\/agoravape.com\/wp-content\/uploads\/2026\/01\/Saimeo-Tequila-30k-30000-Puffs-Unique-Bottle-Vape-Long-Runs-Simple-Use_Agora_vape-12-4x12.webp 4w, https:\/\/agoravape.com\/wp-content\/uploads\/2026\/01\/Saimeo-Tequila-30k-30000-Puffs-Unique-Bottle-Vape-Long-Runs-Simple-Use_Agora_vape-12-1200x3862.webp 1200w\" sizes=\"auto, (max-width: 795px) 100vw, 795px\" \/><\/h2>\n<h2 data-v-md-heading=\"what-s-special-about-saimeo-tequila-flavored-30k-30000-unique-bottled-vapes\" data-v-md-line=\"3\">Cosa hanno di speciale le 30.000 sigarette elettroniche uniche in bottiglia al gusto di Tequila di Saimeo?<\/h2>\n<p data-v-md-line=\"5\">Se sei stanco delle sigarette elettroniche usa e getta che si esauriscono in fretta, questo prodotto \u00e8 progettato per un uso prolungato. Saimeo Tequila Flavor Don Leon 1942 (\"Unique Bottle\") \u00e8 progettato per gli utenti che desiderano un numero elevato di boccate e svapare quotidianamente in modo semplice, e desiderano una sensazione di presa leggermente diversa.<\/p>\n<p data-v-md-line=\"7\">Potresti pensare che il dispositivo da 30000 sia pesante come un mattone in mano, ma il design a forma di flacone lo rende comodo da impugnare. \u00c8 uno svapo che puoi portare con te quando esci, perch\u00e9 sai che \u00e8 assolutamente affidabile e durevole.<\/p>\n<h2 data-v-md-heading=\"excellent-performance-and-easy-operation\" data-v-md-line=\"9\">Prestazioni eccellenti e facilit\u00e0 d'uso<\/h2>\n<p data-v-md-line=\"11\">Si tratta di una sigaretta elettronica usa e getta con attivazione tramite inalazione, che non richiede pulsanti o impostazioni. Basta inalare per iniziare. Se cerchi un prodotto semplice e facile da usare, questa \u00e8 sicuramente la scelta ideale.<\/p>\n<p data-v-md-line=\"13\">Per quanto riguarda la nicotina, contiene il 2% di sale di nicotina, che ha un gusto delicato e pu\u00f2 soddisfare le esigenze della maggior parte degli utilizzatori quotidiani.<\/p>\n<h2 data-v-md-heading=\"quick-specifications\" data-v-md-line=\"15\">Specifiche rapide<\/h2>\n<ul data-v-md-line=\"16\">\n<li>Frequenza di fumo: fino a 30000 tiri<\/li>\n<li>Contenuto di nicotina: 2% di sale di nicotina<\/li>\n<li>Utilizzo: basta inalare per attivare<\/li>\n<li>Stato: pronto all'uso appena estratto dalla confezione<\/li>\n<li>Dimensioni dell'attrezzatura: 37 * 40 * 160 millimetri<\/li>\n<li>Specifiche di imballaggio: 10 pezzi per confezione<\/li>\n<li>Specifiche di imballaggio: 200 pezzi per scatola<\/li>\n<li>Dimensioni della scatola esterna: 427 \u00d7 395 \u00d7 353 millimetri, Peso lordo: 21 chilogrammi<\/li>\n<\/ul>\n<h2 data-v-md-heading=\"complete-flavor-lineup\" data-v-md-line=\"25\">Gamma completa di gusti<\/h2>\n<ul data-v-md-line=\"26\">\n<li>Ghiaccio all'anguria<\/li>\n<li>Kiwi alla fragola<\/li>\n<li>Pesca succosa<\/li>\n<li>Strawberry watermelon<\/li>\n<li>Champagne alla pesca rossa<\/li>\n<li>Mirtilli e lamponi<\/li>\n<li>Pista di ghiaccio blu<\/li>\n<li>Frutti di bosco misti<\/li>\n<li>Mango al frutto della passione<\/li>\n<li>Frutto del drago di ciliegia<\/li>\n<\/ul>\n<h2 data-v-md-heading=\"suitable-for-you-and-your-business\" data-v-md-line=\"37\">Adatto a te e alla tua attivit\u00e0<\/h2>\n<p data-v-md-line=\"39\">Puoi acquistare questi prodotti per uso personale, ma se li acquisti per il tuo negozio o hai bisogno di rifornire regolarmente grandi quantit\u00e0, questa confezione \u00e8 comoda per la gestione dell'inventario. 10 pezzi per confezione, 200 pezzi per scatola, quindi non devi rifornirti frequentemente.<\/p>\n<p data-v-md-line=\"41\">AgoraVape si impegna a fornire servizi di spedizione affidabili nell'UE. Collaboriamo con corrieri affidabili come UPS, DPD e DHL e offriamo opzioni di consegna sdoganata (DDP) laddove le condizioni lo consentano. Ci\u00f2 si traduce in un processo di importazione pi\u00f9 fluido e in una minore ansia per lo stato del pacco.<\/p>\n<h2 data-v-md-heading=\"the-reason-why-you-will-like-it\" data-v-md-line=\"43\">Il motivo per cui ti piacer\u00e0<\/h2>\n<ul data-v-md-line=\"44\">\n<li>\n<p data-v-md-line=\"44\">Durevole e duraturo: durevole e duraturo, senza necessit\u00e0 di sostituzioni frequenti.<\/p>\n<\/li>\n<li>\n<p data-v-md-line=\"46\">Sale di nicotina al 2%: adatto alla concentrazione abituale della maggior parte degli utilizzatori giornalieri.<\/p>\n<\/li>\n<li>\n<p data-v-md-line=\"48\">Attivazione tramite inalazione: non servono pulsanti, non serve imparare a usarlo. Prendilo e usalo.<\/p>\n<\/li>\n<li>\n<p data-v-md-line=\"50\">Design del corpo della bottiglia: impugnatura comoda, sobrio ma discreto.<\/p>\n<\/li>\n<\/ul>\n<h2 data-v-md-heading=\"why-choose-to-collaborate-with-agoravape\" data-v-md-line=\"52\">Perch\u00e9 scegliere di collaborare con AgoraVape?<\/h2>\n<p data-v-md-line=\"54\">Vendiamo solo prodotti per lo svapo originali al 100% perch\u00e9 nessuno vuole avere a che fare con una qualit\u00e0 instabile. Se sei un acquirente aziendale, potrai usufruire di potenti opzioni all'ingrosso, un supporto tecnico conveniente e servizi di spedizione rapidi e affidabili. Desideri acquistare Saimeo Tequila 30k in flacone? Contattaci e ti aiuteremo a scegliere il gusto e la quantit\u00e0 pi\u00f9 adatti ai tuoi clienti.<\/p>","protected":false},"excerpt":{"rendered":"<p>Cosa c'\u00e8 di speciale nei vapes in bottiglia Saimeo al gusto Tequila 30k 30000 unici? Se siete stanchi dei vapes usa e getta che si esauriscono<\/p>","protected":false},"featured_media":21433,"comment_status":"open","ping_status":"closed","template":"","meta":[],"product_brand":[1663],"product_cat":[124,185,1637,177,1674,174,191,1666,179,173,186,180,190],"product_tag":[],"class_list":{"0":"post-21412","1":"product","2":"type-product","3":"status-publish","4":"has-post-thumbnail","6":"product_brand-saimeo","7":"product_cat-vape-by-brand","8":"product_cat-10000-puffs-high-capacity","9":"product_cat-30000-puffs","10":"product_cat-dessert-sweets","11":"product_cat-eu-warehouse","12":"product_cat-fruit-flavors","13":"product_cat-rechargeable-disposables","14":"product_cat-saimeo","15":"product_cat-unique-blends","16":"product_cat-vape-by-flavor-profile","17":"product_cat-vape-by-nicotine-strength","18":"product_cat-vape-by-puff-count","19":"product_cat-vape-by-feature-or-type","21":"first","22":"instock","23":"shipping-taxable","24":"purchasable","25":"product-type-variable","26":"has-default-attributes"},"tiered_pricing_type":"percentage","tiered_pricing_fixed_rules":[],"tiered_pricing_product_settings":{"layout":"default","base_unit_name":{"singular":null,"plural":null},"default_variation":null},"tiered_pricing_minimum_quantity":10,"tiered_pricing_roles_data":[],"tiered_pricing_percentage_rules":{"30":"12.41","50":"27","100":"33","200":"35","500":"39","1000":"42"},"tiered_pricing_maximum_quantity":null,"tiered_pricing_quantity_step":"10","_links":{"self":[{"href":"https:\/\/agoravape.com\/it\/wp-json\/wp\/v2\/product\/21412","targetHints":{"allow":["GET"]}}],"collection":[{"href":"https:\/\/agoravape.com\/it\/wp-json\/wp\/v2\/product"}],"about":[{"href":"https:\/\/agoravape.com\/it\/wp-json\/wp\/v2\/types\/product"}],"replies":[{"embeddable":true,"href":"https:\/\/agoravape.com\/it\/wp-json\/wp\/v2\/comments?post=21412"}],"version-history":[{"count":0,"href":"https:\/\/agoravape.com\/it\/wp-json\/wp\/v2\/product\/21412\/revisions"}],"wp:featuredmedia":[{"embeddable":true,"href":"https:\/\/agoravape.com\/it\/wp-json\/wp\/v2\/media\/21433"}],"wp:attachment":[{"href":"https:\/\/agoravape.com\/it\/wp-json\/wp\/v2\/media?parent=21412"}],"wp:term":[{"taxonomy":"product_brand","embeddable":true,"href":"https:\/\/agoravape.com\/it\/wp-json\/wp\/v2\/product_brand?post=21412"},{"taxonomy":"product_cat","embeddable":true,"href":"https:\/\/agoravape.com\/it\/wp-json\/wp\/v2\/product_cat?post=21412"},{"taxonomy":"product_tag","embeddable":true,"href":"https:\/\/agoravape.com\/it\/wp-json\/wp\/v2\/product_tag?post=21412"}],"curies":[{"name":"wp","href":"https:\/\/api.w.org\/{rel}","templated":true}]}}