{"id":21811,"date":"2026-01-18T21:41:30","date_gmt":"2026-01-18T13:41:30","guid":{"rendered":"https:\/\/agoravape.com\/?post_type=product&#038;p=21811"},"modified":"2026-04-13T18:03:17","modified_gmt":"2026-04-13T16:03:17","slug":"saimeo-champagne-30k-30000-soffi-vape","status":"publish","type":"product","link":"https:\/\/agoravape.com\/it\/product\/saimeo-champagne-30k-30000-puffs-vape\/","title":{"rendered":"Saimeo Champagne 30k 30000 tiri Party Vape | Numero elevato di tiri, facile da usare ogni giorno"},"content":{"rendered":"<div style=\"width: 720px;\" class=\"wp-video\"><video class=\"wp-video-shortcode\" id=\"video-21811-1\" width=\"720\" height=\"1280\" preload=\"metadata\" controls=\"controls\"><source type=\"video\/mp4\" src=\"https:\/\/agoravape.com\/wp-content\/uploads\/2026\/01\/champagne-30k.mp4?_=1\" \/><a href=\"https:\/\/agoravape.com\/wp-content\/uploads\/2026\/01\/champagne-30k.mp4\">https:\/\/agoravape.com\/wp-content\/uploads\/2026\/01\/champagne-30k.mp4<\/a><\/video><\/div>\n<h2 data-v-md-heading=\"what-is-special-about-saimeo-champagne-30k-30000-party-vapes\" data-v-md-line=\"3\"><img loading=\"lazy\" decoding=\"async\" class=\"aligncenter size-full wp-image-21829\" src=\"https:\/\/agoravape.com\/wp-content\/uploads\/2026\/01\/Saimeo-Champagne-30k-30000-Puffs-Party-Vape-Big-Puff-Count-Easy-Everyday-Use_Agora_vape-7-scaled.webp\" alt=\"\" width=\"2560\" height=\"1808\" srcset=\"https:\/\/agoravape.com\/wp-content\/uploads\/2026\/01\/Saimeo-Champagne-30k-30000-Puffs-Party-Vape-Big-Puff-Count-Easy-Everyday-Use_Agora_vape-7-scaled.webp 2560w, https:\/\/agoravape.com\/wp-content\/uploads\/2026\/01\/Saimeo-Champagne-30k-30000-Puffs-Party-Vape-Big-Puff-Count-Easy-Everyday-Use_Agora_vape-7-scaled-1200x848.webp 1200w, https:\/\/agoravape.com\/wp-content\/uploads\/2026\/01\/Saimeo-Champagne-30k-30000-Puffs-Party-Vape-Big-Puff-Count-Easy-Everyday-Use_Agora_vape-7-300x212.webp 300w, https:\/\/agoravape.com\/wp-content\/uploads\/2026\/01\/Saimeo-Champagne-30k-30000-Puffs-Party-Vape-Big-Puff-Count-Easy-Everyday-Use_Agora_vape-7-1024x723.webp 1024w, https:\/\/agoravape.com\/wp-content\/uploads\/2026\/01\/Saimeo-Champagne-30k-30000-Puffs-Party-Vape-Big-Puff-Count-Easy-Everyday-Use_Agora_vape-7-768x543.webp 768w, https:\/\/agoravape.com\/wp-content\/uploads\/2026\/01\/Saimeo-Champagne-30k-30000-Puffs-Party-Vape-Big-Puff-Count-Easy-Everyday-Use_Agora_vape-7-1536x1085.webp 1536w, https:\/\/agoravape.com\/wp-content\/uploads\/2026\/01\/Saimeo-Champagne-30k-30000-Puffs-Party-Vape-Big-Puff-Count-Easy-Everyday-Use_Agora_vape-7-2048x1447.webp 2048w, https:\/\/agoravape.com\/wp-content\/uploads\/2026\/01\/Saimeo-Champagne-30k-30000-Puffs-Party-Vape-Big-Puff-Count-Easy-Everyday-Use_Agora_vape-7-18x12.webp 18w\" sizes=\"auto, (max-width: 2560px) 100vw, 2560px\" \/><\/h2>\n<h2 data-v-md-heading=\"what-is-special-about-saimeo-champagne-30k-30000-party-vapes\" data-v-md-line=\"3\"><img loading=\"lazy\" decoding=\"async\" class=\"size-full wp-image-21823 alignright\" src=\"https:\/\/agoravape.com\/wp-content\/uploads\/2026\/01\/Saimeo-Champagne-30k-30000-Puffs-Party-Vape-Big-Puff-Count-Easy-Everyday-Use_Agora_vape-1-scaled.webp\" alt=\"\" width=\"604\" height=\"2560\" srcset=\"https:\/\/agoravape.com\/wp-content\/uploads\/2026\/01\/Saimeo-Champagne-30k-30000-Puffs-Party-Vape-Big-Puff-Count-Easy-Everyday-Use_Agora_vape-1-scaled.webp 604w, https:\/\/agoravape.com\/wp-content\/uploads\/2026\/01\/Saimeo-Champagne-30k-30000-Puffs-Party-Vape-Big-Puff-Count-Easy-Everyday-Use_Agora_vape-1-71x300.webp 71w, https:\/\/agoravape.com\/wp-content\/uploads\/2026\/01\/Saimeo-Champagne-30k-30000-Puffs-Party-Vape-Big-Puff-Count-Easy-Everyday-Use_Agora_vape-1-768x3257.webp 768w, https:\/\/agoravape.com\/wp-content\/uploads\/2026\/01\/Saimeo-Champagne-30k-30000-Puffs-Party-Vape-Big-Puff-Count-Easy-Everyday-Use_Agora_vape-1-483x2048.webp 483w, https:\/\/agoravape.com\/wp-content\/uploads\/2026\/01\/Saimeo-Champagne-30k-30000-Puffs-Party-Vape-Big-Puff-Count-Easy-Everyday-Use_Agora_vape-1-3x12.webp 3w\" sizes=\"auto, (max-width: 604px) 100vw, 604px\" \/><\/h2>\n<h2 data-v-md-heading=\"what-is-special-about-saimeo-champagne-30k-30000-party-vapes\" data-v-md-line=\"3\">Cosa hanno di speciale le sigarette elettroniche Saimeo Champagne 30k 30000 party vapes?<\/h2>\n<p data-v-md-line=\"5\">Se sei stanco delle sigarette elettroniche usa e getta che si esauriscono in pochi giorni, Saimeo Champagne 30k \u00e8 sicuramente la scelta ideale. \u00c8 progettato per un uso prolungato, con fino a 30.000 tiri con una singola carica, eliminando la necessit\u00e0 di sostituire frequentemente le cartucce.<\/p>\n<p data-v-md-line=\"7\">Potresti pensare che un dispositivo con una capacit\u00e0 di 30k sia scomodo da usare, come un \"mattone\". Ma questo vaporizzatore ha un'impugnatura comoda, non necessita di impostazioni e pu\u00f2 essere preso e utilizzato direttamente. Nessun pulsante, nessuna impostazione richiesta, basta inalare per godere.<\/p>\n<h2 data-v-md-heading=\"excellent-performance-and-easy-operation\" data-v-md-line=\"9\">Prestazioni eccellenti e facilit\u00e0 d'uso<\/h2>\n<p data-v-md-line=\"11\">Il concetto di design di Saimeo \u00e8 molto semplice: adotta l'attivazione tramite inalazione e il suo utilizzo \u00e8 simile a quello delle sigarette elettroniche usa e getta. Essendo ricaricabile, \u00e8 pi\u00f9 probabile che si consumi effettivamente il liquido al suo interno, invece di gettarlo via quando la batteria si scarica.<\/p>\n<h2 data-v-md-heading=\"quick-specifications\" data-v-md-line=\"13\">Specifiche rapide<\/h2>\n<ul data-v-md-line=\"14\">\n<li>Frequenza di fumo: fino a 30000 tiri<\/li>\n<li>Contenuto di nicotina: 2% di sale di nicotina<\/li>\n<li>Utilizzo: basta inalare per attivare<\/li>\n<li>Metodo di ricarica: ricaricabile (metodo di ricarica non specificato)<\/li>\n<li>Stato: pronto all'uso dopo l'unboxing<\/li>\n<\/ul>\n<h2 data-v-md-heading=\"complete-flavor-lineup\" data-v-md-line=\"20\">Gamma completa di gusti<\/h2>\n<ul data-v-md-line=\"21\">\n<li>Kiwi alla fragola<\/li>\n<li>Blueberries, raspberries, cherries<\/li>\n<li>Frutti di bosco misti<\/li>\n<li>Mirtilli e lamponi<\/li>\n<li>Champagne d'uva bianca<\/li>\n<li>Pesca succosa<\/li>\n<li>Strawberry watermelon<\/li>\n<li>anguria e uva<\/li>\n<li>Ghiaccio all'anguria<\/li>\n<li>Triplo Mango<\/li>\n<li>Mamba<\/li>\n<li>Mango al frutto della passione<\/li>\n<li>Frutti tropicali<\/li>\n<li>Gusto frutto del drago alla ciliegia<\/li>\n<li>Sapore di champagne alla pesca rossa<\/li>\n<\/ul>\n<h2 data-v-md-heading=\"suitable-for-you-and-your-business\" data-v-md-line=\"37\">Adatto a te e alla tua attivit\u00e0<\/h2>\n<p data-v-md-line=\"39\">Puoi acquistare facilmente le sigarette elettroniche Saimeo da 30k al gusto di champagne per uso personale. Se stai acquistando per un negozio o devi effettuare acquisti all'ingrosso, forniamo anche specifiche all'ingrosso adatte.<\/p>\n<p data-v-md-line=\"41\">Il packaging \u00e8 semplice e chiaro: 10 pezzi per confezione, 200 pezzi per scatola. In questo modo, puoi pianificare facilmente l'inventario e i prezzi senza dover tirare a indovinare.<\/p>\n<h2 data-v-md-heading=\"the-reason-why-you-will-like-it\" data-v-md-line=\"43\">Il motivo per cui ti piacer\u00e0<\/h2>\n<ul data-v-md-line=\"44\">\n<li>Durevole e duraturo: Durevole e duraturo, riduce la frequenza degli acquisti.<\/li>\n<li>Sale di nicotina al 2%: Gusto delicato, elevata familiarit\u00e0, particolarmente adatto ai fumatori.<\/li>\n<li>Ricaricabile: ti consente di sfruttare al meglio ogni cosa.<\/li>\n<li>Facile da usare: attivazione tramite inalazione, chiunque pu\u00f2 utilizzarlo immediatamente.<\/li>\n<\/ul>\n<h2 data-v-md-heading=\"why-choose-to-collaborate-with-agoravape\" data-v-md-line=\"49\">Perch\u00e9 scegliere di collaborare con AgoraVape?<\/h2>\n<p data-v-md-line=\"51\">Noi di AgoraVape ci concentriamo sugli aspetti veramente importanti del tuo consumo di denaro e argento: garanzia di prodotti autentici, fonti affidabili e logistica e distribuzione europee stabili. Se vendi Saimeo Champagne 30k in confezioni da 30.000 sigarette elettroniche per feste, ti forniremo specifiche pratiche per il confezionamento all'ingrosso, un supporto tecnico rapido e una catena di fornitura che pu\u00f2 davvero assisterti nella gestione della tua attivit\u00e0. Hai bisogno di prezzi all'ingrosso o di forniture all'ingrosso? Contattaci, saremo lieti di servirti.<\/p>\n<p><script src=\"chrome-extension:\/\/fpelahbljekknahkcaegamhcndkfpfnc\/iFrame.js\" type=\"text\/javascript\"><\/script><\/p>","protected":false},"excerpt":{"rendered":"<p>&nbsp;<\/p>\n<p><script src=\"chrome-extension:\/\/fpelahbljekknahkcaegamhcndkfpfnc\/iFrame.js\" type=\"text\/javascript\"><\/script><\/p>","protected":false},"featured_media":21832,"comment_status":"open","ping_status":"closed","template":"","meta":[],"product_brand":[1663],"product_cat":[124,185,189,1637,1674,174,191,1666,179,173,186,180,190],"product_tag":[],"class_list":{"0":"post-21811","1":"product","2":"type-product","3":"status-publish","4":"has-post-thumbnail","6":"product_brand-saimeo","7":"product_cat-vape-by-brand","8":"product_cat-10000-puffs-high-capacity","9":"product_cat-20mg-standard-nicotine-vapes","10":"product_cat-30000-puffs","11":"product_cat-eu-warehouse","12":"product_cat-fruit-flavors","13":"product_cat-rechargeable-disposables","14":"product_cat-saimeo","15":"product_cat-unique-blends","16":"product_cat-vape-by-flavor-profile","17":"product_cat-vape-by-nicotine-strength","18":"product_cat-vape-by-puff-count","19":"product_cat-vape-by-feature-or-type","21":"first","22":"instock","23":"shipping-taxable","24":"purchasable","25":"product-type-variable","26":"has-default-attributes"},"tiered_pricing_type":"percentage","tiered_pricing_fixed_rules":[],"tiered_pricing_product_settings":{"layout":"default","base_unit_name":{"singular":null,"plural":null},"default_variation":null},"tiered_pricing_minimum_quantity":10,"tiered_pricing_roles_data":[],"tiered_pricing_percentage_rules":{"30":"12.41","50":"35","100":"40","200":"44","500":"47","1000":"49"},"tiered_pricing_maximum_quantity":null,"tiered_pricing_quantity_step":"10","_links":{"self":[{"href":"https:\/\/agoravape.com\/it\/wp-json\/wp\/v2\/product\/21811","targetHints":{"allow":["GET"]}}],"collection":[{"href":"https:\/\/agoravape.com\/it\/wp-json\/wp\/v2\/product"}],"about":[{"href":"https:\/\/agoravape.com\/it\/wp-json\/wp\/v2\/types\/product"}],"replies":[{"embeddable":true,"href":"https:\/\/agoravape.com\/it\/wp-json\/wp\/v2\/comments?post=21811"}],"version-history":[{"count":1,"href":"https:\/\/agoravape.com\/it\/wp-json\/wp\/v2\/product\/21811\/revisions"}],"predecessor-version":[{"id":29873,"href":"https:\/\/agoravape.com\/it\/wp-json\/wp\/v2\/product\/21811\/revisions\/29873"}],"wp:featuredmedia":[{"embeddable":true,"href":"https:\/\/agoravape.com\/it\/wp-json\/wp\/v2\/media\/21832"}],"wp:attachment":[{"href":"https:\/\/agoravape.com\/it\/wp-json\/wp\/v2\/media?parent=21811"}],"wp:term":[{"taxonomy":"product_brand","embeddable":true,"href":"https:\/\/agoravape.com\/it\/wp-json\/wp\/v2\/product_brand?post=21811"},{"taxonomy":"product_cat","embeddable":true,"href":"https:\/\/agoravape.com\/it\/wp-json\/wp\/v2\/product_cat?post=21811"},{"taxonomy":"product_tag","embeddable":true,"href":"https:\/\/agoravape.com\/it\/wp-json\/wp\/v2\/product_tag?post=21811"}],"curies":[{"name":"wp","href":"https:\/\/api.w.org\/{rel}","templated":true}]}}