{"id":21870,"date":"2026-01-18T22:03:21","date_gmt":"2026-01-18T14:03:21","guid":{"rendered":"https:\/\/agoravape.com\/?post_type=product&#038;p=21870"},"modified":"2026-04-12T10:39:07","modified_gmt":"2026-04-12T08:39:07","slug":"saimeo-humo-azul-24k-24000-soffi","status":"publish","type":"product","link":"https:\/\/agoravape.com\/it\/product\/saimeo-humo-azul-24k-24000-puffs\/","title":{"rendered":"Saimeo Humo AZUL 24k 24000 tiri Mesh Coil Vape | Aroma a lunga durata, meno problemi"},"content":{"rendered":"<h2 data-v-md-heading=\"what-is-saimeo-humo-azul-24k-24000-mouth-mesh-atomizer-core-vape\" data-v-md-line=\"3\"><\/h2>\n<h2 data-v-md-heading=\"what-is-saimeo-humo-azul-24k-24000-mouth-mesh-atomizer-core-vape\" data-v-md-line=\"3\">Cos'\u00e8 il Saimeo Humo AZUL 24k 24000 con nucleo atomizzatore a rete?<\/h2>\n<p data-v-md-line=\"5\">Se sei stanco delle sigarette elettroniche usa e getta che \"non danno alcun beneficio\" dopo solo pochi giorni di utilizzo, allora questo prodotto \u00e8 pi\u00f9 adatto a te. Saimeo Humo AZUL 24k \u00e8 progettato per un uso prolungato, con una capacit\u00e0 di aspirazione fino a 24.000 porte e un design ricaricabile, cos\u00ec non dovrai buttarlo via solo perch\u00e9 la batteria si esaurisce.<\/p>\n<p data-v-md-line=\"7\">Potresti pensare che un dispositivo con capacit\u00e0 di 24k sia ingombrante come un mattone. Ma una volta tenuto in mano, il suo peso \u00e8 sorprendentemente leggero. Per chi desidera uno svapo quotidiano stabile e affidabile senza doversi preoccupare di sostituire la cartuccia, il nucleo dell'atomizzatore o il flacone di e-liquid, questo prodotto \u00e8 la scelta ideale.<\/p>\n<h2 data-v-md-heading=\"excellent-performance-and-easy-operation\" data-v-md-line=\"9\">Prestazioni eccellenti e facilit\u00e0 d'uso<\/h2>\n<p data-v-md-line=\"11\">Saimeo utilizza bobine a rete, il che significa che il gusto viene trasmesso in modo pi\u00f9 uniforme. Nell'esperienza pratica, questo si traduce in un gusto meno \"insipido\" e in un gusto costantemente morbido durante l'uso.<\/p>\n<p data-v-md-line=\"13\">Quando la batteria \u00e8 scarica, basta ricaricarla. Semplice e comodo. Le informazioni sul prodotto confermano che \u00e8 ricaricabile, ma non specificano il tipo di interfaccia specifico (come USB-C), quindi non posso indovinarlo. In breve, il punto \u00e8 che pu\u00f2 continuare a essere utilizzato dopo la ricarica.<\/p>\n<h2 data-v-md-heading=\"quick-specifications\" data-v-md-line=\"15\">Specifiche rapide<\/h2>\n<ul data-v-md-line=\"16\">\n<li>Frequenza di fumo: fino a 24000<\/li>\n<li>Contenuto di nicotina: 2% di sale di nicotina<\/li>\n<li>Utilizzo: attivazione per inalazione<\/li>\n<li>Metodo di ricarica: ricaricabile (tipo di interfaccia di ricarica non specificato)<\/li>\n<li>Stato: pronto all'uso appena estratto dalla confezione<\/li>\n<li>Dimensioni dell'attrezzatura: 135 41,5 41,5 millimetri<\/li>\n<li>Versione: Versione Standard e Versione Rosa<\/li>\n<\/ul>\n<h2 data-v-md-heading=\"complete-flavor-lineup\" data-v-md-line=\"24\">Gamma completa di gusti<\/h2>\n<ul data-v-md-line=\"25\">\n<li>Pesca ghiacciata<\/li>\n<li>Pista di ghiaccio blu<\/li>\n<li>Ghiaccio all'uva<\/li>\n<li>Ghiaccio di melata<\/li>\n<li>Fragola, anguria, uva<\/li>\n<li>Frutto del drago di mora<\/li>\n<li>Frutto del drago al mirtillo<\/li>\n<li>Ghiaccio al mirtillo e lampone<\/li>\n<li>Lemon and lime<\/li>\n<li>Ghiaccio all'anguria<\/li>\n<li>Gusto fragola, mirtillo rosso, ciliegia<\/li>\n<li>Sapore di bacca d'uva<\/li>\n<li>Gusto frutto della passione, kiwi e guava<\/li>\n<\/ul>\n<h2 data-v-md-heading=\"suitable-for-you-and-your-business\" data-v-md-line=\"39\">Adatto a te e alla tua attivit\u00e0<\/h2>\n<p data-v-md-line=\"41\">Saimeo Humo AZUL 24k pu\u00f2 essere acquistato direttamente come prodotto al dettaglio ed \u00e8 adatto anche ai negozi che desiderano offrire ai clienti prodotti con un alto tasso di reso.<\/p>\n<p data-v-md-line=\"43\">Per quanto riguarda la vendita all'ingrosso, il packaging \u00e8 semplice e pratico: 10 pezzi per confezione, 200 pezzi per scatola. Se si acquista per la rivendita, questa specifica di packaging \u00e8 comoda per la conservazione e facile da contare dentro e fuori.<\/p>\n<h2 data-v-md-heading=\"the-reason-why-you-will-like-it\" data-v-md-line=\"45\">Il motivo per cui ti piacer\u00e0<\/h2>\n<ul data-v-md-line=\"46\">\n<li>Batteria a lunga durata: durevole e durevole, non necessita di sostituzioni frequenti.<\/li>\n<li>Sale di nicotina al 2%: adatto alla concentrazione comunemente utilizzata dalla maggior parte degli utilizzatori quotidiani di sigarette elettroniche.<\/li>\n<li>Ricaricabile: consente di utilizzare davvero il dispositivo anzich\u00e9 gettarlo via troppo presto. Bobina a rete: garantisce un gusto costante dall'inizio alla fine.<\/li>\n<\/ul>\n<h2 data-v-md-heading=\"why-choose-to-collaborate-with-agoravape\" data-v-md-line=\"50\">Perch\u00e9 scegliere di collaborare con AgoraVape?<\/h2>\n<p data-v-md-line=\"52\">AgoraVape aderisce a un principio semplice: vendiamo solo prodotti originali. Questo \u00e8 particolarmente importante nel settore delle sigarette elettroniche a bocca larga, dove i prodotti contraffatti emergono costantemente. Se acquisti per conto di altri clienti, ci\u00f2 di cui hai bisogno sono prodotti affidabili.<\/p>\n<p data-v-md-line=\"54\">Per gli acquirenti aziendali, riceverete anche potenti opzioni all'ingrosso, un supporto tecnico reattivo e una logistica di consegna impeccabile che copre l'intera Europa. Desideri acquistare le resistenze a mesh Saimeo Humo AZUL 24k 24000? Contattaci e organizzeremo per te la quantit\u00e0 d'ordine e il piano di fornitura.<\/p>","protected":false},"excerpt":{"rendered":"<p>Che cos'\u00e8 Saimeo Humo AZUL 24k 24000 mouth mesh atomizer core vape? Se siete stanchi dei vapes usa e getta che<\/p>","protected":false},"featured_media":0,"comment_status":"open","ping_status":"closed","template":"","meta":[],"product_brand":[1663],"product_cat":[124,185,189,174,191,1666,179,173,186,180,190],"product_tag":[],"class_list":{"0":"post-21870","1":"product","2":"type-product","3":"status-publish","5":"product_brand-saimeo","6":"product_cat-vape-by-brand","7":"product_cat-10000-puffs-high-capacity","8":"product_cat-20mg-standard-nicotine-vapes","9":"product_cat-fruit-flavors","10":"product_cat-rechargeable-disposables","11":"product_cat-saimeo","12":"product_cat-unique-blends","13":"product_cat-vape-by-flavor-profile","14":"product_cat-vape-by-nicotine-strength","15":"product_cat-vape-by-puff-count","16":"product_cat-vape-by-feature-or-type","18":"first","19":"outofstock","20":"shipping-taxable","21":"purchasable","22":"product-type-variable","23":"has-default-attributes"},"tiered_pricing_type":"percentage","tiered_pricing_fixed_rules":[],"tiered_pricing_product_settings":{"layout":"default","base_unit_name":{"singular":null,"plural":null},"default_variation":null},"tiered_pricing_minimum_quantity":10,"tiered_pricing_roles_data":[],"tiered_pricing_percentage_rules":{"30":"29","50":"35","100":"40","200":"44","500":"47","1000":"49"},"tiered_pricing_maximum_quantity":null,"tiered_pricing_quantity_step":"10","_links":{"self":[{"href":"https:\/\/agoravape.com\/it\/wp-json\/wp\/v2\/product\/21870","targetHints":{"allow":["GET"]}}],"collection":[{"href":"https:\/\/agoravape.com\/it\/wp-json\/wp\/v2\/product"}],"about":[{"href":"https:\/\/agoravape.com\/it\/wp-json\/wp\/v2\/types\/product"}],"replies":[{"embeddable":true,"href":"https:\/\/agoravape.com\/it\/wp-json\/wp\/v2\/comments?post=21870"}],"version-history":[{"count":1,"href":"https:\/\/agoravape.com\/it\/wp-json\/wp\/v2\/product\/21870\/revisions"}],"predecessor-version":[{"id":29865,"href":"https:\/\/agoravape.com\/it\/wp-json\/wp\/v2\/product\/21870\/revisions\/29865"}],"wp:attachment":[{"href":"https:\/\/agoravape.com\/it\/wp-json\/wp\/v2\/media?parent=21870"}],"wp:term":[{"taxonomy":"product_brand","embeddable":true,"href":"https:\/\/agoravape.com\/it\/wp-json\/wp\/v2\/product_brand?post=21870"},{"taxonomy":"product_cat","embeddable":true,"href":"https:\/\/agoravape.com\/it\/wp-json\/wp\/v2\/product_cat?post=21870"},{"taxonomy":"product_tag","embeddable":true,"href":"https:\/\/agoravape.com\/it\/wp-json\/wp\/v2\/product_tag?post=21870"}],"curies":[{"name":"wp","href":"https:\/\/api.w.org\/{rel}","templated":true}]}}