{"id":21948,"date":"2026-01-18T22:32:15","date_gmt":"2026-01-18T14:32:15","guid":{"rendered":"https:\/\/agoravape.com\/?post_type=product&#038;p=21948"},"modified":"2026-03-10T07:11:12","modified_gmt":"2026-03-10T06:11:12","slug":"saimeo-humo-azul-limited-15k-15000-soffi","status":"publish","type":"product","link":"https:\/\/agoravape.com\/it\/product\/saimeo-humo-azul-limited-15k-15000-puffs\/","title":{"rendered":"Saimeo Humo AZUL Limited 15k 15000 Puffs Vape | Gusto duraturo, semplicit\u00e0"},"content":{"rendered":"<h2 data-v-md-heading=\"what-is-saimeo-humo-azul-limited-s-15k-15000-pack-vape\" data-v-md-line=\"3\"><\/h2>\n<h2 data-v-md-heading=\"what-is-saimeo-humo-azul-limited-s-15k-15000-pack-vape\" data-v-md-line=\"3\"><\/h2>\n<h2 data-v-md-heading=\"what-is-saimeo-humo-azul-limited-s-15k-15000-pack-vape\" data-v-md-line=\"3\"><\/h2>\n<h2 data-v-md-heading=\"what-is-saimeo-humo-azul-limited-s-15k-15000-pack-vape\" data-v-md-line=\"3\">Cos'\u00e8 il pacchetto di sigarette elettroniche da 15.000 grammi di Saimeo Humo AZUL Limited?<\/h2>\n<p data-v-md-line=\"5\">Se sei stanco delle sigarette elettroniche usa e getta che si scaricano subito, Saimeo Humo AZUL Limited 15k \u00e8 sicuramente la scelta ideale. Ha una durata della batteria fino a 15.000 unit\u00e0, evitando di dover cambiare spesso dispositivo o di dover correre ad acquistare nuove sigarette elettroniche durante la settimana.<\/p>\n<p data-v-md-line=\"7\">Questo \u00e8 uno svapo davvero \"pronto all'uso\". Nessun pulsante, nessuna impostazione, nessuna operazione noiosa richiesta. Basta inalare e godersi un'esperienza di inalazione stabile e familiare, perfetta per l'uso quotidiano.<\/p>\n<h2 data-v-md-heading=\"excellent-performance-and-easy-operation\" data-v-md-line=\"9\">Prestazioni eccellenti e facilit\u00e0 d'uso<\/h2>\n<p data-v-md-line=\"11\">La filosofia di design di Saimeo \u00e8 semplice e chiara: si tratta di una sigaretta elettronica usa e getta attivata tramite inalazione, progettata per mantenere prestazioni stabili, particolarmente adatta all'uso continuativo. Sebbene il dispositivo da 15.000 dollari possa sembrare pesante come un mattone in tasca, il design esterno di AZUL Limited lo rende comodo da impugnare e poco ingombrante.<\/p>\n<h2 data-v-md-heading=\"quick-specifications\" data-v-md-line=\"13\">Specifiche rapide<\/h2>\n<ul data-v-md-line=\"14\">\n<li>Frequenza di fumo: fino a 15000 tiri<\/li>\n<li>Contenuto di nicotina: 2% di sale di nicotina<\/li>\n<li>Utilizzo: basta inalare per attivare<\/li>\n<li>Metodo di ricarica: Non specificato (fare riferimento ai dettagli\/immagini del prodotto o consultare il nostro team per la conferma)<\/li>\n<li>Stato del prodotto: pronto all'uso dopo averlo disimballato<\/li>\n<li>Dimensioni dell'attrezzatura: 135 41,5 41,5 millimetri<\/li>\n<li>Specifiche di imballaggio: 10 pezzi per confezione<\/li>\n<li>Specifiche di imballaggio: 200 pezzi per scatola<\/li>\n<\/ul>\n<h2 data-v-md-heading=\"complete-flavor-lineup\" data-v-md-line=\"23\">Gamma completa di gusti<\/h2>\n<ul data-v-md-line=\"24\">\n<li>Mirtilli e limoni<\/li>\n<li>Ghiaccio all'uva<\/li>\n<li>Pesca al miele<\/li>\n<li>Assassina<\/li>\n<li>Amore - Miele e melone<\/li>\n<li>Frutti di bosco misti<\/li>\n<li>Frutto della passione e kiwi<\/li>\n<li>Caramelle arcobaleno<\/li>\n<li>Grado zero assoluto<\/li>\n<li>Hawaii<\/li>\n<li>Lemon and lime<\/li>\n<li>Peach berry<\/li>\n<li>Pesca bianca e lampone<\/li>\n<\/ul>\n<h2 data-v-md-heading=\"tailored-for-you-and-your-business\" data-v-md-line=\"38\">Su misura per te e la tua attivit\u00e0<\/h2>\n<p data-v-md-line=\"40\">Se desideri prodotti durevoli, questi prodotti sono adatti all'uso personale. Se acquisti per rivenderli, Saimeo semplifica la gestione dell'inventario: 10 unit\u00e0 per confezione, 200 unit\u00e0 per scatola. Questo tipo di imballaggio \u00e8 comodo per la pianificazione degli scaffali e consente anche di vendere rapidamente vari gusti.<\/p>\n<p data-v-md-line=\"42\">AgoraVape si concentra su una logistica di consegna fluida in Europa. Collaboriamo con partner logistici affidabili come UPS, DPD e DHL e forniamo un servizio clienti davvero efficace. Se hai bisogno di aiuto per abbinare il gusto alla domanda del mercato, saremo onesti con te.<\/p>\n<h2 data-v-md-heading=\"reasons-why-you-will-like-it\" data-v-md-line=\"44\">Reasons why you will like it<\/h2>\n<ul data-v-md-line=\"45\">\n<li>Porta di aspirazione extra lunga: consente di utilizzarlo ininterrottamente per un periodo di tempo pi\u00f9 lungo, riducendo la frequenza di sostituzione del dispositivo.<\/li>\n<li>Sale di nicotina al 2%: se preferisci una concentrazione di nicotina moderata, questa \u00e8 una scelta chiara e semplice.<\/li>\n<li>Attivazione tramite inalazione: non \u00e8 necessario alcun pulsante. Prendilo e aspira.<\/li>\n<li>Ampia scelta di gusti: trova facilmente diversi gusti popolari da ruotare o rivendere facilmente.<\/li>\n<\/ul>\n<h2 data-v-md-heading=\"why-choose-to-collaborate-with-agoravape\" data-v-md-line=\"50\">Perch\u00e9 scegliere di collaborare con AgoraVape?<\/h2>\n<p data-v-md-line=\"52\">Vendiamo solo prodotti autentici al 100%, senza falsificazioni. Se sei un acquirente aziendale, puoi anche usufruire di potenti opzioni all'ingrosso, supporto tecnico rapido e servizi di consegna rapidi e affidabili all'interno dell'UE per Saimeo Humo AZUL Limited 15k 15000 vaporizzatori. Vuoi acquistare con saggezza? Contattaci e ti aiuteremo a selezionare i gusti pi\u00f9 popolari.<\/p>","protected":false},"excerpt":{"rendered":"<p>Che cos'\u00e8 la confezione da 15k 15000 di Saimeo Humo AZUL Limited? Se siete stanchi dei vapes usa e getta che si esauriscono<\/p>","protected":false},"featured_media":0,"comment_status":"open","ping_status":"closed","template":"","meta":[],"product_brand":[1663],"product_cat":[124,185,1635,189,174,191,1666,179,173,186,180,190],"product_tag":[],"class_list":{"0":"post-21948","1":"product","2":"type-product","3":"status-publish","5":"product_brand-saimeo","6":"product_cat-vape-by-brand","7":"product_cat-10000-puffs-high-capacity","8":"product_cat-15000-puffs","9":"product_cat-20mg-standard-nicotine-vapes","10":"product_cat-fruit-flavors","11":"product_cat-rechargeable-disposables","12":"product_cat-saimeo","13":"product_cat-unique-blends","14":"product_cat-vape-by-flavor-profile","15":"product_cat-vape-by-nicotine-strength","16":"product_cat-vape-by-puff-count","17":"product_cat-vape-by-feature-or-type","19":"first","20":"outofstock","21":"shipping-taxable","22":"purchasable","23":"product-type-variable","24":"has-default-attributes"},"tiered_pricing_type":"percentage","tiered_pricing_fixed_rules":[],"tiered_pricing_product_settings":{"layout":"default","base_unit_name":{"singular":null,"plural":null},"default_variation":null},"tiered_pricing_minimum_quantity":10,"tiered_pricing_roles_data":[],"tiered_pricing_percentage_rules":{"30":"29","50":"35","100":"40","200":"44","500":"47","1000":"49"},"tiered_pricing_maximum_quantity":null,"tiered_pricing_quantity_step":"10","_links":{"self":[{"href":"https:\/\/agoravape.com\/it\/wp-json\/wp\/v2\/product\/21948","targetHints":{"allow":["GET"]}}],"collection":[{"href":"https:\/\/agoravape.com\/it\/wp-json\/wp\/v2\/product"}],"about":[{"href":"https:\/\/agoravape.com\/it\/wp-json\/wp\/v2\/types\/product"}],"replies":[{"embeddable":true,"href":"https:\/\/agoravape.com\/it\/wp-json\/wp\/v2\/comments?post=21948"}],"version-history":[{"count":0,"href":"https:\/\/agoravape.com\/it\/wp-json\/wp\/v2\/product\/21948\/revisions"}],"wp:attachment":[{"href":"https:\/\/agoravape.com\/it\/wp-json\/wp\/v2\/media?parent=21948"}],"wp:term":[{"taxonomy":"product_brand","embeddable":true,"href":"https:\/\/agoravape.com\/it\/wp-json\/wp\/v2\/product_brand?post=21948"},{"taxonomy":"product_cat","embeddable":true,"href":"https:\/\/agoravape.com\/it\/wp-json\/wp\/v2\/product_cat?post=21948"},{"taxonomy":"product_tag","embeddable":true,"href":"https:\/\/agoravape.com\/it\/wp-json\/wp\/v2\/product_tag?post=21948"}],"curies":[{"name":"wp","href":"https:\/\/api.w.org\/{rel}","templated":true}]}}