{"id":21993,"date":"2026-01-18T22:45:15","date_gmt":"2026-01-18T14:45:15","guid":{"rendered":"https:\/\/agoravape.com\/?post_type=product&#038;p=21993"},"modified":"2026-03-26T13:22:25","modified_gmt":"2026-03-26T12:22:25","slug":"saimeo-humo-custodia-iphone-16-pro-30000","status":"publish","type":"product","link":"https:\/\/agoravape.com\/it\/product\/saimeo-humo-case-iphone-16-pro-30000\/","title":{"rendered":"Custodia Saimeo Humo per iPhone 16 Pro 30k 30000 tiri | Grande numero di tiri, semplice utilizzo quotidiano"},"content":{"rendered":"<h2 data-v-md-heading=\"what-is-the-special-feature-of-saimeo-humo-case-iphone-16-pro-30k-30000-port\" data-v-md-line=\"3\"><img loading=\"lazy\" decoding=\"async\" class=\"size-full wp-image-22100 alignright\" src=\"https:\/\/agoravape.com\/wp-content\/uploads\/2026\/01\/Saimeo-Humo-Case-30k-30000-Puffs-iPhone-Series-Vape-Big-Puff-Convenience-in-a-Pocketable-Shape_Agora_vape-15.webp\" alt=\"\" width=\"446\" height=\"2048\" srcset=\"https:\/\/agoravape.com\/wp-content\/uploads\/2026\/01\/Saimeo-Humo-Case-30k-30000-Puffs-iPhone-Series-Vape-Big-Puff-Convenience-in-a-Pocketable-Shape_Agora_vape-15.webp 446w, https:\/\/agoravape.com\/wp-content\/uploads\/2026\/01\/Saimeo-Humo-Case-30k-30000-Puffs-iPhone-Series-Vape-Big-Puff-Convenience-in-a-Pocketable-Shape_Agora_vape-15-223x1024.webp 223w\" sizes=\"auto, (max-width: 446px) 100vw, 446px\" \/><\/h2>\n<h2 data-v-md-heading=\"what-is-the-special-feature-of-saimeo-humo-case-iphone-16-pro-30k-30000-port\" data-v-md-line=\"3\">Qual \u00e8 la caratteristica speciale della custodia Saimeo Humo Case per iPhone 16 Pro 30k 30000?<\/h2>\n<p data-v-md-line=\"5\">Se sei stanco delle sigarette elettroniche usa e getta che sembrano \"esaurite\" quando le usi per la prima volta, allora questa sigaretta elettronica progettata per un uso prolungato \u00e8 sicuramente da non perdere. La custodia Saimeo Humo Case per iPhone 16 Pro 30k offre una durata della batteria fino a 30.000 porte e il suo design ergonomico garantisce una presa comoda.<\/p>\n<p data-v-md-line=\"7\">Potresti pensare che le sigarette elettroniche ad alta resistenza siano come mattoni ingombranti. Ma questa sigaretta elettronica ha un design simile a quello di un telefono cellulare, con un'impugnatura naturale e un facile posizionamento in tasca o in borsa, senza alcun ingombro.<\/p>\n<h2 data-v-md-heading=\"excellent-performance-and-easy-operation\" data-v-md-line=\"9\">Prestazioni eccellenti e facilit\u00e0 d'uso<\/h2>\n<p data-v-md-line=\"11\">Saimeo aderisce al concetto di \"semplicit\u00e0 prima di tutto\": basta sorseggiare e gustare. \u00c8 dotato di una bobina a rete interna, che aiuta a mantenere stabile il gusto ed evita cali improvvisi di sapore dopo uno o due giorni. Quando la batteria \u00e8 scarica, \u00e8 possibile utilizzare l'interfaccia Type-C per la ricarica: questo tipo di cavo di ricarica \u00e8 comunemente presente nella maggior parte delle case.<\/p>\n<h2 data-v-md-heading=\"quick-specifications\" data-v-md-line=\"13\">Specifiche rapide<\/h2>\n<ul data-v-md-line=\"14\">\n<li>Numero di porte: fino a 30000 porte<\/li>\n<li>capacit\u00e0 e-liquid: 13 millilitri<\/li>\n<li>Batteria: 680 mAh (ricaricabile)<\/li>\n<li>Contenuto di nicotina: 5%<\/li>\n<li>Utilizzo: Inspirare per attivare<\/li>\n<li>Interfaccia di ricarica: interfaccia di tipo C<\/li>\n<li>Stato: pronto all'uso appena estratto dalla confezione<\/li>\n<li>Dimensioni dell'attrezzatura: 75,8 \u00d7 21,92 \u00d7 166,66 millimetri<\/li>\n<li>Prestazioni anticaduta: testate con un test di caduta da 10 piani<\/li>\n<\/ul>\n<h2 data-v-md-heading=\"complete-flavor-lineup\" data-v-md-line=\"24\">Gamma completa di gusti<\/h2>\n<ul data-v-md-line=\"25\">\n<li>Ghiaccio all'anguria<\/li>\n<li>Ghiaccio al mirtillo<\/li>\n<li>Zecca di Miami<\/li>\n<li>Sour apple ice<\/li>\n<li>Frutto a tre bacche<\/li>\n<\/ul>\n<h2 data-v-md-heading=\"tailored-for-you-and-your-business\" data-v-md-line=\"31\">Su misura per te e la tua attivit\u00e0<\/h2>\n<p data-v-md-line=\"33\">Se lo utilizzi per uso personale, puoi acquistare separatamente la custodia Saimeo Humo per iPhone 16 Pro 30k. Se sei un cliente all'ingrosso, offriamo anche un packaging all'ingrosso elegantemente confezionato: 5 pezzi per scatola, 100 pezzi per scatola.<\/p>\n<p data-v-md-line=\"35\">Per gli acquirenti europei, ci impegniamo a fornire servizi di consegna senza intoppi. Collaboriamo con partner affidabili come DHL, DPD e UPS per garantire che il tuo ordine venga consegnato in modo rapido e stabile, senza alcuna preoccupazione.<\/p>\n<h2 data-v-md-heading=\"reasons-why-you-will-like-it\" data-v-md-line=\"37\">Reasons why you will like it<\/h2>\n<ul data-v-md-line=\"38\">\n<li>Resistente e duratura: la batteria ha una durata maggiore e non richiede sostituzioni frequenti.<\/li>\n<li>Batteria ricaricabile: consente di utilizzare al massimo l'e-liquid acquistato ed evitare sprechi prematuri.<\/li>\n<li>Atomizzatore a rete: fin dal primo morso, mantiene sempre un gusto ricco e delicato.<\/li>\n<li>Attivazione tramite inalazione: non \u00e8 necessario alcun menu, n\u00e9 operazioni complicate: basta prenderlo e utilizzarlo.<\/li>\n<\/ul>\n<h2 data-v-md-heading=\"why-choose-to-collaborate-with-agoravape\" data-v-md-line=\"43\">Perch\u00e9 scegliere di collaborare con AgoraVape?<\/h2>\n<p data-v-md-line=\"45\">AgoraVape offre solo prodotti originali al 100%: niente scorte provenienti da fonti sconosciute e niente imitazioni di qualit\u00e0 inferiore. Se sei un rivenditore o un distributore, ti forniremo soluzioni all'ingrosso efficaci, un supporto tecnico rapido e una custodia protettiva Saimeo Humo per iPhone 16 Pro (capacit\u00e0 30k, 30000 porte) con servizi di consegna rapidi e affidabili in tutta Europa. Desideri acquistare prodotti? Contattaci e troveremo la soluzione di acquisto pi\u00f9 adatta alle tue esigenze.<\/p>","protected":false},"excerpt":{"rendered":"<p>Qual \u00e8 la particolarit\u00e0 di Saimeo Humo Case iPhone 16 Pro 30k 30000 port? Se siete stanchi di usare<\/p>","protected":false},"featured_media":22103,"comment_status":"open","ping_status":"closed","template":"","meta":[],"product_brand":[1663],"product_cat":[124,185,189,1637,174,191,1666,179,173,186,180,190],"product_tag":[],"class_list":{"0":"post-21993","1":"product","2":"type-product","3":"status-publish","4":"has-post-thumbnail","6":"product_brand-saimeo","7":"product_cat-vape-by-brand","8":"product_cat-10000-puffs-high-capacity","9":"product_cat-20mg-standard-nicotine-vapes","10":"product_cat-30000-puffs","11":"product_cat-fruit-flavors","12":"product_cat-rechargeable-disposables","13":"product_cat-saimeo","14":"product_cat-unique-blends","15":"product_cat-vape-by-flavor-profile","16":"product_cat-vape-by-nicotine-strength","17":"product_cat-vape-by-puff-count","18":"product_cat-vape-by-feature-or-type","20":"first","21":"instock","22":"shipping-taxable","23":"purchasable","24":"product-type-variable","25":"has-default-attributes"},"tiered_pricing_type":"percentage","tiered_pricing_fixed_rules":[],"tiered_pricing_product_settings":{"layout":"default","base_unit_name":{"singular":null,"plural":null},"default_variation":null},"tiered_pricing_minimum_quantity":10,"tiered_pricing_roles_data":[],"tiered_pricing_percentage_rules":{"30":"29","50":"35","100":"40","200":"44","500":"47","1000":"49"},"tiered_pricing_maximum_quantity":null,"tiered_pricing_quantity_step":"10","_links":{"self":[{"href":"https:\/\/agoravape.com\/it\/wp-json\/wp\/v2\/product\/21993","targetHints":{"allow":["GET"]}}],"collection":[{"href":"https:\/\/agoravape.com\/it\/wp-json\/wp\/v2\/product"}],"about":[{"href":"https:\/\/agoravape.com\/it\/wp-json\/wp\/v2\/types\/product"}],"replies":[{"embeddable":true,"href":"https:\/\/agoravape.com\/it\/wp-json\/wp\/v2\/comments?post=21993"}],"version-history":[{"count":0,"href":"https:\/\/agoravape.com\/it\/wp-json\/wp\/v2\/product\/21993\/revisions"}],"wp:featuredmedia":[{"embeddable":true,"href":"https:\/\/agoravape.com\/it\/wp-json\/wp\/v2\/media\/22103"}],"wp:attachment":[{"href":"https:\/\/agoravape.com\/it\/wp-json\/wp\/v2\/media?parent=21993"}],"wp:term":[{"taxonomy":"product_brand","embeddable":true,"href":"https:\/\/agoravape.com\/it\/wp-json\/wp\/v2\/product_brand?post=21993"},{"taxonomy":"product_cat","embeddable":true,"href":"https:\/\/agoravape.com\/it\/wp-json\/wp\/v2\/product_cat?post=21993"},{"taxonomy":"product_tag","embeddable":true,"href":"https:\/\/agoravape.com\/it\/wp-json\/wp\/v2\/product_tag?post=21993"}],"curies":[{"name":"wp","href":"https:\/\/api.w.org\/{rel}","templated":true}]}}