{"id":23780,"date":"2026-01-25T14:06:41","date_gmt":"2026-01-25T06:06:41","guid":{"rendered":"https:\/\/agoravape.com\/?post_type=product&#038;p=23780"},"modified":"2026-03-26T13:22:25","modified_gmt":"2026-03-26T12:22:25","slug":"saimeo-humo-custodia-iphone-16-30000-soffi","status":"publish","type":"product","link":"https:\/\/agoravape.com\/it\/product\/saimeo-humo-case-iphone-16-30000-puffs\/","title":{"rendered":"Custodia Saimeo Humo per iPhone 16 30k (30000 tiri) Vape | Numero elevato di tiri, forma tascabile"},"content":{"rendered":"<h2 data-v-md-heading=\"what-is-the-special-feature-of-saimeo-humo-case-iphone-16-30k-30000-pack-vape\" data-v-md-line=\"3\">Qual \u00e8 la caratteristica speciale della custodia Saimeo Humo Case per iPhone 16 30k 30000 pack vape?<\/h2>\n<p data-v-md-line=\"5\">Se sei stanco delle sigarette elettroniche usa e getta che non hanno una sigaretta quando inizi a usarle, allora questo prodotto \u00e8 sicuramente la scelta ideale. La custodia Saimeo Humo per iPhone 16 30k \u00e8 progettata per un uso prolungato, con una durata della batteria fino a 30.000 utilizzi e una batteria ricaricabile, che ti consente di sperimentare appieno la quantit\u00e0 di liquido rimanente.<\/p>\n<p data-v-md-line=\"7\">Si potrebbe pensare che una sigaretta elettronica con una batteria cos\u00ec duratura sia ingombrante come un mattone, ma il suo aspetto ricorda quello di una sottile \"custodia per telefono\". Per chiunque desideri una sigaretta elettronica affidabile, portatile e facile da usare, questa \u00e8 una scelta semplice e intuitiva.<\/p>\n<h2 data-v-md-heading=\"excellent-performance-and-easy-operation\" data-v-md-line=\"9\">Prestazioni eccellenti e facilit\u00e0 d'uso<\/h2>\n<p data-v-md-line=\"11\">La filosofia di design di Saimeo \u00e8 molto semplice: basta inspirare per attivarlo. Quando la batteria \u00e8 scarica, pu\u00f2 essere ricaricata tramite l'interfaccia Type-C, il che significa che \u00e8 possibile utilizzare lo stesso cavo di ricarica che si potrebbe gi\u00e0 avere a casa.<\/p>\n<p data-v-md-line=\"13\">Ha anche una funzione di protezione anticaduta (testato per resistere a cadute fino a 10 piani). La vita inevitabilmente ci porta a situazioni inaspettate, e questo prodotto \u00e8 chiaramente progettato tenendo conto di questo.<\/p>\n<h2 data-v-md-heading=\"quick-specifications\" data-v-md-line=\"15\">Specifiche rapide<\/h2>\n<ul data-v-md-line=\"16\">\n<li>Frequenza di fumo: fino a 30000 tiri<\/li>\n<li>capacit\u00e0 e-liquid: 13 millilitri<\/li>\n<li>Capacit\u00e0 della batteria: 680 mAh (ricaricabile)<\/li>\n<li>Contenuto di nicotina: 5%<\/li>\n<li>Utilizzo: Inspirare per attivare<\/li>\n<li>Interfaccia di ricarica: Tipo-C<\/li>\n<li>Dimensioni: 75,8 \u00d7 21,92 \u00d7 166,66 millimetri<\/li>\n<li>Stato: pronto all'uso appena estratto dalla confezione<\/li>\n<\/ul>\n<h2 data-v-md-heading=\"complete-flavor-lineup\" data-v-md-line=\"25\">Gamma completa di gusti<\/h2>\n<ul data-v-md-line=\"26\">\n<li>Ghiaccio all'anguria<\/li>\n<li>Ghiaccio al mirtillo<\/li>\n<li>Zecca di Miami<\/li>\n<li>Sour apple ice<\/li>\n<li>Triple Berry<\/li>\n<\/ul>\n<h2 data-v-md-heading=\"tailored-for-you-and-your-business\" data-v-md-line=\"32\">Su misura per te e la tua attivit\u00e0<\/h2>\n<p data-v-md-line=\"34\">Puoi acquistare la custodia Saimeo Humo per iPhone 16 a 30.000 yuan l'unit\u00e0, ma se sei un rivenditore al dettaglio, la confezione \u00e8 adatta anche per la vendita all'ingrosso. 5 pezzi per scatola, 100 pezzi per scatola.<\/p>\n<p data-v-md-line=\"36\">Collaboriamo a stretto contatto con partner logistici affidabili per offrire servizi di consegna fluidi ai clienti europei, liberandovi dalla preoccupazione di \"Dov'\u00e8 il mio pacco? Perch\u00e9 devo sdoganare?\". Se siete clienti aziendali, vi indicheremo la soluzione di trasporto pi\u00f9 adatta al vostro Paese\/regione al momento del pagamento o tramite il nostro team commerciale.<\/p>\n<h2 data-v-md-heading=\"reasons-why-you-will-like-it\" data-v-md-line=\"38\">Reasons why you will like it<\/h2>\n<ul data-v-md-line=\"39\">\n<li>Durevole e duraturo: riduce il numero di sostituzioni, minimizza i problemi e garantisce un'esperienza pi\u00f9 stabile ogni giorno.<\/li>\n<li>Batteria ricaricabile: ti aiuta a sfruttare al meglio l'e-liquid ed evitare lo smaltimento prematuro.<\/li>\n<li>Semplice resistenza all'aspirazione: non c'\u00e8 bisogno di pulsanti, non c'\u00e8 bisogno di imparare, \u00e8 facile da usare.<\/li>\n<li>Design anticaduta: \u00e8 pi\u00f9 adatto per essere riposto in tasche o borse, rendendolo comodo da usare sempre e ovunque.<\/li>\n<\/ul>\n<h2 data-v-md-heading=\"why-choose-to-collaborate-with-agoravape\" data-v-md-line=\"44\">Perch\u00e9 scegliere di collaborare con AgoraVape?<\/h2>\n<p data-v-md-line=\"46\">AgoraVape si impegna a fornire prodotti autentici al 100% e a garantire un processo di approvvigionamento chiaro e trasparente, con un supporto adeguato. Se sei un cliente aziendale, ti forniremo soluzioni all'ingrosso altamente competitive, canali di comunicazione affidabili e servizi logistici su misura per gli acquirenti europei che apprezzano velocit\u00e0 e prevedibilit\u00e0. Desideri acquistare la custodia Saimeo Humo per iPhone 16 (30k)? Contattaci e organizzeremo la quantit\u00e0 e il piano di consegna pi\u00f9 adatti alle tue esigenze.<\/p>","protected":false},"excerpt":{"rendered":"<p>Qual \u00e8 la particolarit\u00e0 di Saimeo Humo Case iPhone 16 30k 30000 pack vape? Se siete stanchi degli usa e getta<\/p>","protected":false},"featured_media":22104,"comment_status":"open","ping_status":"closed","template":"","meta":[],"product_brand":[1663],"product_cat":[124,185,189,1637,174,191,1666,179,173,186,180,190],"product_tag":[],"class_list":{"0":"post-23780","1":"product","2":"type-product","3":"status-publish","4":"has-post-thumbnail","6":"product_brand-saimeo","7":"product_cat-vape-by-brand","8":"product_cat-10000-puffs-high-capacity","9":"product_cat-20mg-standard-nicotine-vapes","10":"product_cat-30000-puffs","11":"product_cat-fruit-flavors","12":"product_cat-rechargeable-disposables","13":"product_cat-saimeo","14":"product_cat-unique-blends","15":"product_cat-vape-by-flavor-profile","16":"product_cat-vape-by-nicotine-strength","17":"product_cat-vape-by-puff-count","18":"product_cat-vape-by-feature-or-type","20":"first","21":"instock","22":"shipping-taxable","23":"purchasable","24":"product-type-variable","25":"has-default-attributes"},"tiered_pricing_type":"percentage","tiered_pricing_fixed_rules":[],"tiered_pricing_product_settings":{"layout":"default","base_unit_name":{"singular":null,"plural":null},"default_variation":null},"tiered_pricing_minimum_quantity":10,"tiered_pricing_roles_data":[],"tiered_pricing_percentage_rules":{"30":"29","50":"35","100":"40","200":"44","500":"47","1000":"49"},"tiered_pricing_maximum_quantity":null,"tiered_pricing_quantity_step":"10","_links":{"self":[{"href":"https:\/\/agoravape.com\/it\/wp-json\/wp\/v2\/product\/23780","targetHints":{"allow":["GET"]}}],"collection":[{"href":"https:\/\/agoravape.com\/it\/wp-json\/wp\/v2\/product"}],"about":[{"href":"https:\/\/agoravape.com\/it\/wp-json\/wp\/v2\/types\/product"}],"replies":[{"embeddable":true,"href":"https:\/\/agoravape.com\/it\/wp-json\/wp\/v2\/comments?post=23780"}],"version-history":[{"count":0,"href":"https:\/\/agoravape.com\/it\/wp-json\/wp\/v2\/product\/23780\/revisions"}],"wp:featuredmedia":[{"embeddable":true,"href":"https:\/\/agoravape.com\/it\/wp-json\/wp\/v2\/media\/22104"}],"wp:attachment":[{"href":"https:\/\/agoravape.com\/it\/wp-json\/wp\/v2\/media?parent=23780"}],"wp:term":[{"taxonomy":"product_brand","embeddable":true,"href":"https:\/\/agoravape.com\/it\/wp-json\/wp\/v2\/product_brand?post=23780"},{"taxonomy":"product_cat","embeddable":true,"href":"https:\/\/agoravape.com\/it\/wp-json\/wp\/v2\/product_cat?post=23780"},{"taxonomy":"product_tag","embeddable":true,"href":"https:\/\/agoravape.com\/it\/wp-json\/wp\/v2\/product_tag?post=23780"}],"curies":[{"name":"wp","href":"https:\/\/api.w.org\/{rel}","templated":true}]}}