{"id":23813,"date":"2026-01-25T14:23:09","date_gmt":"2026-01-25T06:23:09","guid":{"rendered":"https:\/\/agoravape.com\/?post_type=product&#038;p=23813"},"modified":"2026-03-21T12:43:57","modified_gmt":"2026-03-21T11:43:57","slug":"saimeo-humo-custodia-iphone-15-30000-soffi","status":"publish","type":"product","link":"https:\/\/agoravape.com\/it\/product\/saimeo-humo-case-iphone-15-30000-puffs\/","title":{"rendered":"Custodia Saimeo Humo per iPhone 15 30k 30000 tiri di svapo | Big Puff Life, impugnatura in stile telefono"},"content":{"rendered":"<h2 data-v-md-heading=\"what-is-the-special-feature-of-saimeo-humo-case-iphone-15-30k-30000-pack-vape\" data-v-md-line=\"3\">Qual \u00e8 la caratteristica speciale della custodia Saimeo Humo Case per iPhone 15 30k 30000 pack vape?<\/h2>\n<p data-v-md-line=\"5\">Se sei stanco delle sigarette elettroniche usa e getta che si scaricano subito, allora questo prodotto merita sicuramente di essere preso in considerazione. La custodia Saimeo Humo per iPhone 15 \u00e8 progettata per un uso prolungato (fino a 30.000 unit\u00e0), con un design che ricorda una custodia per telefono, offre una presa comoda e pu\u00f2 essere facilmente riposta in tasca o in borsa.<\/p>\n<p data-v-md-line=\"7\">Potresti pensare che un prodotto con la scritta \"30k\" sia pesante come un mattone in mano. Ma non \u00e8 cos\u00ec. \u00c8 sottile ed elegante, con un design che ricorda quello di una \"custodia per iPhone\" che ne rende l'uso quotidiano eccezionalmente semplice.<\/p>\n<h2 data-v-md-heading=\"excellent-performance-and-easy-operation\" data-v-md-line=\"9\">Prestazioni eccellenti e facilit\u00e0 d'uso<\/h2>\n<p data-v-md-line=\"11\">La filosofia di design di Saimeo \u00e8 molto concisa. Basta inalare per attivarlo, senza pulsanti o operazioni complicate. La batteria ricaricabile integrata da 680 mAh supporta la ricarica Type-C, quindi quando la batteria \u00e8 scarica, \u00e8 possibile utilizzare i cavi di ricarica pi\u00f9 comuni. Questa \u00e8 la differenza tra le sigarette elettroniche usa e getta e quelle completamente usate.<\/p>\n<h2 data-v-md-heading=\"quick-specifications\" data-v-md-line=\"13\">Specifiche rapide<\/h2>\n<ul data-v-md-line=\"14\">\n<li>Numero di porte: fino a 30000 porte<\/li>\n<li>capacit\u00e0 e-liquid: 13 millilitri<\/li>\n<li>Batteria: 680 mAh (ricaricabile)<\/li>\n<li>Contenuto di nicotina: 2% o 5% (a seconda del gusto)<\/li>\n<li>Utilizzo: attivazione per inalazione<\/li>\n<li>Interfaccia di ricarica: Tipo-C<\/li>\n<li>Prestazioni anticaduta: testato per resistere a una caduta da 10 piani<\/li>\n<li>Dimensioni: 75,8 \u00d7 21,92 \u00d7 166,66 millimetri<\/li>\n<li>Stato: pronto all'uso dopo l'unboxing<\/li>\n<li>Compatibile con iPhone 13; iPhone 12 e 12 Pro; iPhone 14;<\/li>\n<\/ul>\n<h2 data-v-md-heading=\"complete-flavor-lineup\" data-v-md-line=\"24\">Gamma completa di gusti<\/h2>\n<ul data-v-md-line=\"25\">\n<li>Lady Killer (2%)<\/li>\n<li>Hawaii (2%)<\/li>\n<li>Kiwi al frutto della passione (2%)<\/li>\n<li>Amore 66 (2%)<\/li>\n<li>Mirtilli e Limoni (2%)<\/li>\n<li>Ghiaccio all'anguria (5%)<\/li>\n<li>Ghiaccio al mirtillo (5%)<\/li>\n<li>Menta di Miami (5%)<\/li>\n<li>Ghiaccio di mela acida (5%)<\/li>\n<li>Tripla bacca (5%)<\/li>\n<\/ul>\n<h2 data-v-md-heading=\"tailored-for-you-and-your-business\" data-v-md-line=\"36\">Su misura per te e la tua attivit\u00e0<\/h2>\n<p data-v-md-line=\"38\">La custodia Saimeo Humo per iPhone 15 30k \u00e8 una sigaretta elettronica usa e getta semplice e facile da usare, adatta all'uso personale. Se si acquista in negozi fisici o online, \u00e8 conveniente anche acquistarla in grandi quantit\u00e0. Le specifiche di confezionamento sono 5 pezzi per scatola e 100 pezzi per scatola.<\/p>\n<p data-v-md-line=\"40\">Sappiamo anche che, oltre al gusto, altri aspetti sono altrettanto importanti. Per questo motivo, AgoraVape si impegna a fornire comodi servizi di consegna in Europa e a collaborare con corrieri affidabili come UPS, DPD e DHL per garantire che non abbiate problemi di sdoganamento e che possiate usufruire di servizi di consegna affidabili.<\/p>\n<h2 data-v-md-heading=\"reasons-why-you-will-like-it\" data-v-md-line=\"42\">Reasons why you will like it<\/h2>\n<ul data-v-md-line=\"43\">\n<li>Durata della batteria ultra lunga: maggiore durata, non \u00e8 necessario sostituire frequentemente i dispositivi.<\/li>\n<li>Due opzioni di concentrazione di nicotina: concentrazione di nicotina al 2%, adatta agli utenti che preferiscono un gusto leggero;<\/li>\n<li>Concentrazione di nicotina del 5%, adatta agli utenti che amano i sapori intensi (con un gusto migliore).<\/li>\n<li>Ricaricabile: assicurati di poter effettivamente utilizzare l'e-liquid acquistato.<\/li>\n<li>Design della custodia del telefono: presa comoda, non scivola facilmente.<\/li>\n<li>Test di caduta: pi\u00f9 resistente, anche se cade accidentalmente, non c'\u00e8 motivo di preoccuparsi.<\/li>\n<\/ul>\n<h2 data-v-md-heading=\"why-choose-agoravape\" data-v-md-line=\"50\">Perch\u00e9 scegliere AgoraVape?<\/h2>\n<p data-v-md-line=\"52\">AgoraVape aderisce a un principio: non utilizzare mai prodotti di qualit\u00e0 inferiore, non contrabbandare mai filiere sconosciute. Offriamo una garanzia di autenticit\u00e0 del prodotto al 100%, prezzi scontati e un supporto professionale, particolarmente adatto per gli acquisti aziendali. Se desideri acquistare Saimeo Humo Case per iPhone 15 30k 30000 Puffs Vape, contattaci e ti aiuteremo a scegliere la combinazione di aromi e concentrazione di nicotina pi\u00f9 adatta ai tuoi clienti.<\/p>","protected":false},"excerpt":{"rendered":"<p>Qual \u00e8 la particolarit\u00e0 di Saimeo Humo Case iPhone 15 30k 30000 pack vape? Se siete stanchi degli usa e getta<\/p>","protected":false},"featured_media":22096,"comment_status":"open","ping_status":"closed","template":"","meta":[],"product_brand":[1663],"product_cat":[124,185,189,1637,174,191,1666,179,173,186,180,190],"product_tag":[],"class_list":{"0":"post-23813","1":"product","2":"type-product","3":"status-publish","4":"has-post-thumbnail","6":"product_brand-saimeo","7":"product_cat-vape-by-brand","8":"product_cat-10000-puffs-high-capacity","9":"product_cat-20mg-standard-nicotine-vapes","10":"product_cat-30000-puffs","11":"product_cat-fruit-flavors","12":"product_cat-rechargeable-disposables","13":"product_cat-saimeo","14":"product_cat-unique-blends","15":"product_cat-vape-by-flavor-profile","16":"product_cat-vape-by-nicotine-strength","17":"product_cat-vape-by-puff-count","18":"product_cat-vape-by-feature-or-type","20":"first","21":"instock","22":"shipping-taxable","23":"purchasable","24":"product-type-variable","25":"has-default-attributes"},"tiered_pricing_type":"percentage","tiered_pricing_fixed_rules":[],"tiered_pricing_product_settings":{"layout":"default","base_unit_name":{"singular":null,"plural":null},"default_variation":null},"tiered_pricing_minimum_quantity":10,"tiered_pricing_roles_data":[],"tiered_pricing_percentage_rules":{"30":"29","50":"35","100":"40","200":"44","500":"47","1000":"49"},"tiered_pricing_maximum_quantity":null,"tiered_pricing_quantity_step":"10","_links":{"self":[{"href":"https:\/\/agoravape.com\/it\/wp-json\/wp\/v2\/product\/23813","targetHints":{"allow":["GET"]}}],"collection":[{"href":"https:\/\/agoravape.com\/it\/wp-json\/wp\/v2\/product"}],"about":[{"href":"https:\/\/agoravape.com\/it\/wp-json\/wp\/v2\/types\/product"}],"replies":[{"embeddable":true,"href":"https:\/\/agoravape.com\/it\/wp-json\/wp\/v2\/comments?post=23813"}],"version-history":[{"count":0,"href":"https:\/\/agoravape.com\/it\/wp-json\/wp\/v2\/product\/23813\/revisions"}],"wp:featuredmedia":[{"embeddable":true,"href":"https:\/\/agoravape.com\/it\/wp-json\/wp\/v2\/media\/22096"}],"wp:attachment":[{"href":"https:\/\/agoravape.com\/it\/wp-json\/wp\/v2\/media?parent=23813"}],"wp:term":[{"taxonomy":"product_brand","embeddable":true,"href":"https:\/\/agoravape.com\/it\/wp-json\/wp\/v2\/product_brand?post=23813"},{"taxonomy":"product_cat","embeddable":true,"href":"https:\/\/agoravape.com\/it\/wp-json\/wp\/v2\/product_cat?post=23813"},{"taxonomy":"product_tag","embeddable":true,"href":"https:\/\/agoravape.com\/it\/wp-json\/wp\/v2\/product_tag?post=23813"}],"curies":[{"name":"wp","href":"https:\/\/api.w.org\/{rel}","templated":true}]}}