{"id":23827,"date":"2026-01-25T14:39:14","date_gmt":"2026-01-25T06:39:14","guid":{"rendered":"https:\/\/agoravape.com\/?post_type=product&#038;p=23827"},"modified":"2026-03-26T13:22:25","modified_gmt":"2026-03-26T12:22:25","slug":"saimeo-humo-caso-iphone-15-pro-30000","status":"publish","type":"product","link":"https:\/\/agoravape.com\/it\/product\/saimeo-humo-case-iphone-15-pro-30000\/","title":{"rendered":"Custodia Saimeo Humo per iPhone 15 Pro 30k (30000 tiri) | La custodia per il tuo telefono, pi\u00f9 uno svapo senza problemi"},"content":{"rendered":"<h2 data-v-md-heading=\"what-s-special-about-the-saimeo-humo-iphone-15-pro-30k-30000-port-phone-case\" data-v-md-line=\"3\">Cosa ha di speciale la custodia per iPhone 15 Pro 30k 30000 porte Saimeo Humo?<\/h2>\n<p data-v-md-line=\"5\">Se sei stanco di tenere le sigarette elettroniche in una tasca e il telefono in un'altra, la custodia Saimeo Humo pu\u00f2 risolvere facilmente questo problema. \u00c8 una custodia professionale per iPhone con sigarette elettroniche integrate, che ti permette di usarla semplicemente estraendo il telefono.<\/p>\n<p data-v-md-line=\"7\">Potresti pensare che questo prodotto sia ingombrante o vistoso, ma la sua filosofia di design \u00e8 quella di essere pratico come gli oggetti di uso quotidiano. In altre parole, \u00e8 adatto a chi cerca praticit\u00e0, buon gusto e non vuole trasformare le tasche in cassetti pieni di cose varie.<\/p>\n<h2 data-v-md-heading=\"excellent-performance-and-easy-operation\" data-v-md-line=\"9\">Prestazioni eccellenti e facilit\u00e0 d'uso<\/h2>\n<p data-v-md-line=\"11\">Saimeo ha dotato questo vaporizzatore di una batteria ricaricabile da 680 mAh e di una porta di ricarica Type-C, cos\u00ec quando la batteria \u00e8 scarica, puoi utilizzare lo stesso cavo di ricarica della maggior parte dei dispositivi moderni per la ricarica. Semplice e pratico. Ha una capacit\u00e0 di 13 ml di liquido ed \u00e8 progettato con attivazione tramite aspirazione, senza bisogno di pulsanti o impostazioni. Prendilo e goditi il \u200b\u200bpiacere di fumare.<\/p>\n<h2 data-v-md-heading=\"quick-specifications\" data-v-md-line=\"13\">Specifiche rapide<\/h2>\n<ul data-v-md-line=\"14\">\n<li>Numero di porte: fino a 30000 porte<\/li>\n<li>capacit\u00e0 e-liquid: 13 millilitri<\/li>\n<li>Batteria: 680 mAh (ricaricabile)<\/li>\n<li>Contenuto di nicotina: 2% o 5% (a seconda del gusto)<\/li>\n<li>Utilizzo: Inspirare per attivare<\/li>\n<li>Interfaccia di ricarica: Tipo-C<\/li>\n<li>Protezione del telefono cellulare: ha superato un test di caduta da 10 piani<\/li>\n<li>Stato: pronto all'uso appena estratto dalla confezione<\/li>\n<li>Compatibile con le dimensioni di iPhone 12 e 12 Pro<\/li>\n<\/ul>\n<h2 data-v-md-heading=\"complete-flavor-lineup\" data-v-md-line=\"23\">Gamma completa di gusti<\/h2>\n<ul data-v-md-line=\"24\">\n<li>Ghiaccio all'anguria (5%)<\/li>\n<li>Ghiaccio al mirtillo (5%)<\/li>\n<li>Menta di Miami (5%)<\/li>\n<li>Ghiaccio di mela acida (5%)<\/li>\n<li>Tripla bacca (5%)<\/li>\n<li>Hawaii (2%)<\/li>\n<li>Frutto della passione e kiwi (2%)<\/li>\n<li>Miele e pesca (2%)<\/li>\n<\/ul>\n<h2 data-v-md-heading=\"suitable-for-you-and-your-business\" data-v-md-line=\"33\">Adatto a te e alla tua attivit\u00e0<\/h2>\n<p data-v-md-line=\"35\">Se desideri una custodia semplice, pratica e portatile, puoi ordinare la custodia Saimeo Humo per iPhone 15 Pro 30k per uso personale. Se stai acquistando per rivenderlo, questo prodotto \u00e8 perfetto anche per essere esposto sul bancone, perch\u00e9 il suo valore pu\u00f2 essere compreso a colpo d'occhio.<\/p>\n<p data-v-md-line=\"37\">Hai bisogno di aiuto per pianificare ordini all'ingrosso o per selezionare le combinazioni di aromi pi\u00f9 adatte? Contatta il team di AgoraVape: ti forniremo assistenza professionale e collaboreremo con aziende di logistica affidabili come UPS, DPD e DHL per garantire una consegna senza intoppi.<\/p>\n<h2 data-v-md-heading=\"the-reason-why-you-will-like-it\" data-v-md-line=\"39\">Il motivo per cui ti piacer\u00e0<\/h2>\n<ul data-v-md-line=\"40\">\n<li>Integrato e comodo: la tua sigaretta elettronica \u00e8 posizionata insieme al telefono, quindi difficilmente ti dimenticherai di portarla con te.<\/li>\n<li>Durevole e duraturo: durevole e duraturo, senza necessit\u00e0 di sostituzioni frequenti.<\/li>\n<li>Scelta della concentrazione di nicotina: a seconda delle tue preferenze di gusto, scegli una concentrazione di nicotina del 2% o del 5%.<\/li>\n<li>Batteria ricaricabile di tipo C: consente di utilizzare al massimo l'e-liquid acquistato ed evitare lo smaltimento prematuro.<\/li>\n<li>Protezione reale: il design del guscio protettivo sottoposto a test di caduta ti garantisce tranquillit\u00e0 nell'uso quotidiano.<\/li>\n<\/ul>\n<h2 data-v-md-heading=\"why-choose-agoravape\" data-v-md-line=\"46\">Perch\u00e9 scegliere AgoraVape?<\/h2>\n<p data-v-md-line=\"48\">Ci concentriamo sulla fornitura di soluzioni dirette ed efficaci e di un inventario autentico. Acquistando prodotti su AgoraVape, riceverai una garanzia di autenticit\u00e0 al 100%, un servizio clienti reattivo e una logistica di consegna affidabile. Se desideri vendere la custodia Saimeo Humo per iPhone 15 Pro (capacit\u00e0 30k, pu\u00f2 contenere 30000 tiri), contattaci e ti aiuteremo a creare un ordine che fidelizzer\u00e0 i clienti.<\/p>","protected":false},"excerpt":{"rendered":"<p>Cos'ha di speciale la custodia Saimeo Humo per iPhone 15 Pro 30k 30000 port? Se siete stanchi di mettere<\/p>","protected":false},"featured_media":22089,"comment_status":"open","ping_status":"closed","template":"","meta":[],"product_brand":[1663],"product_cat":[124,185,189,1637,174,191,1666,179,173,186,180,190],"product_tag":[],"class_list":{"0":"post-23827","1":"product","2":"type-product","3":"status-publish","4":"has-post-thumbnail","6":"product_brand-saimeo","7":"product_cat-vape-by-brand","8":"product_cat-10000-puffs-high-capacity","9":"product_cat-20mg-standard-nicotine-vapes","10":"product_cat-30000-puffs","11":"product_cat-fruit-flavors","12":"product_cat-rechargeable-disposables","13":"product_cat-saimeo","14":"product_cat-unique-blends","15":"product_cat-vape-by-flavor-profile","16":"product_cat-vape-by-nicotine-strength","17":"product_cat-vape-by-puff-count","18":"product_cat-vape-by-feature-or-type","20":"first","21":"instock","22":"shipping-taxable","23":"purchasable","24":"product-type-variable","25":"has-default-attributes"},"tiered_pricing_type":"percentage","tiered_pricing_fixed_rules":[],"tiered_pricing_product_settings":{"layout":"default","base_unit_name":{"singular":null,"plural":null},"default_variation":null},"tiered_pricing_minimum_quantity":10,"tiered_pricing_roles_data":[],"tiered_pricing_percentage_rules":{"30":"29","50":"35","100":"40","200":"44","500":"47","1000":"49"},"tiered_pricing_maximum_quantity":null,"tiered_pricing_quantity_step":"10","_links":{"self":[{"href":"https:\/\/agoravape.com\/it\/wp-json\/wp\/v2\/product\/23827","targetHints":{"allow":["GET"]}}],"collection":[{"href":"https:\/\/agoravape.com\/it\/wp-json\/wp\/v2\/product"}],"about":[{"href":"https:\/\/agoravape.com\/it\/wp-json\/wp\/v2\/types\/product"}],"replies":[{"embeddable":true,"href":"https:\/\/agoravape.com\/it\/wp-json\/wp\/v2\/comments?post=23827"}],"version-history":[{"count":0,"href":"https:\/\/agoravape.com\/it\/wp-json\/wp\/v2\/product\/23827\/revisions"}],"wp:featuredmedia":[{"embeddable":true,"href":"https:\/\/agoravape.com\/it\/wp-json\/wp\/v2\/media\/22089"}],"wp:attachment":[{"href":"https:\/\/agoravape.com\/it\/wp-json\/wp\/v2\/media?parent=23827"}],"wp:term":[{"taxonomy":"product_brand","embeddable":true,"href":"https:\/\/agoravape.com\/it\/wp-json\/wp\/v2\/product_brand?post=23827"},{"taxonomy":"product_cat","embeddable":true,"href":"https:\/\/agoravape.com\/it\/wp-json\/wp\/v2\/product_cat?post=23827"},{"taxonomy":"product_tag","embeddable":true,"href":"https:\/\/agoravape.com\/it\/wp-json\/wp\/v2\/product_tag?post=23827"}],"curies":[{"name":"wp","href":"https:\/\/api.w.org\/{rel}","templated":true}]}}