{"id":23840,"date":"2026-01-25T14:47:58","date_gmt":"2026-01-25T06:47:58","guid":{"rendered":"https:\/\/agoravape.com\/?post_type=product&#038;p=23840"},"modified":"2026-03-26T13:22:25","modified_gmt":"2026-03-26T12:22:25","slug":"saimeo-humo-custodia-iphone-14-30000-soffi","status":"publish","type":"product","link":"https:\/\/agoravape.com\/it\/product\/saimeo-humo-case-iphone-14-30000-puffs\/","title":{"rendered":"Custodia Saimeo Humo per iPhone 14 Pro 30k 30000 tiri | Protezione per telefono + svapo ricaricabile, semplicit\u00e0 garantita"},"content":{"rendered":"<h2 data-v-md-heading=\"what-s-special-about-the-saimeo-humo-iphone-14-pro-case-30k-30000-ports\" data-v-md-line=\"3\">Cosa ha di speciale la custodia Saimeo Humo per iPhone 14 Pro, 30k\/30000 porte?<\/h2>\n<p data-v-md-line=\"5\">Se sei stanco di tenere il telefono e la sigaretta elettronica in due tasche separate, la custodia Saimeo Humo \u00e8 fatta su misura per te. \u00c8 una custodia per iPhone 14 Pro con sigaretta elettronica usa e getta integrata. Il metodo di utilizzo \u00e8 lo stesso di una normale custodia: basta agganciarla al telefono e aspirarla direttamente quando vuoi. Non sono necessari pulsanti, n\u00e9 operazioni noiose.<\/p>\n<p data-v-md-line=\"7\">Si potrebbe pensare che, con una capacit\u00e0 fino a 30.000 porte, la custodia per telefono debba essere pesante, ma il concetto di design di questa custodia \u00e8 proprio la praticit\u00e0. \u00c8 progettata specificamente per gli utenti che desiderano semplicit\u00e0, facilit\u00e0 d'uso e non vogliono acquistare nuovi dispositivi ogni pochi giorni.<\/p>\n<h2 data-v-md-heading=\"excellent-performance-and-easy-operation\" data-v-md-line=\"9\">Prestazioni eccellenti e facilit\u00e0 d'uso<\/h2>\n<p data-v-md-line=\"11\">Il concept di design di Saimeo \u00e8 molto semplice: inalare per attivarlo, aprirlo immediatamente. Quando la batteria \u00e8 scarica, pu\u00f2 essere ricaricato tramite l'interfaccia Type-C, consentendo di continuare a utilizzare il liquido acquistato ed evitare sprechi prematuri. Inoltre, ha un design robusto paragonabile a quello delle custodie professionali per smartphone, ha superato un test di caduta da 10 piani e non \u00e8 solo un gadget da attaccare al retro di un iPhone.<\/p>\n<h2 data-v-md-heading=\"quick-specifications\" data-v-md-line=\"13\">Specifiche rapide<\/h2>\n<ul data-v-md-line=\"14\">\n<li>Numero di porte: fino a 30000 porte<\/li>\n<li>capacit\u00e0 e-liquid: 13 millilitri<\/li>\n<li>Capacit\u00e0 della batteria: 680 mAh<\/li>\n<li>Contenuto di nicotina: 5%<\/li>\n<li>Utilizzo: Inspirare per attivare<\/li>\n<li>Interfaccia di ricarica: interfaccia di tipo C<\/li>\n<li>Dimensioni dell'attrezzatura: 75,8 \u00d7 21,92 \u00d7 166,66 millimetri<\/li>\n<li>Prestazioni anticaduta: testato per resistere a una caduta da un'altezza di 10 piani<\/li>\n<li>Pronto all'uso appena tolto dalla scatola:<\/li>\n<\/ul>\n<h2 data-v-md-heading=\"complete-flavor-lineup\" data-v-md-line=\"24\">Gamma completa di gusti<\/h2>\n<ul data-v-md-line=\"25\">\n<li>Ghiaccio all'anguria<\/li>\n<li>Ghiaccio al mirtillo<\/li>\n<li>Zecca di Miami<\/li>\n<li>Sour apple ice<\/li>\n<li>Trio di bacche<\/li>\n<\/ul>\n<h2 data-v-md-heading=\"suitable-for-you-and-your-business\" data-v-md-line=\"31\">Adatto a te e alla tua attivit\u00e0<\/h2>\n<p data-v-md-line=\"33\">Se cerchi una custodia per telefono che sia allo stesso tempo pratica e divertente, Saimeo Humo per iPhone 14 Pro 30k \u00e8 la scelta ideale. Se sei un rivenditore, questa custodia \u00e8 anche facile da stoccare e trasportare: confezionata in una scatola da 5 pezzi, l'intera scatola pu\u00f2 contenerne 100 (dimensioni della scatola: 47,8 \u00d7 32,4 \u00d7 41,5 cm, peso della scatola: 15,59 kg).<\/p>\n<p data-v-md-line=\"35\">Se acquisti in Europa, l'affidabilit\u00e0 della consegna \u00e8 fondamentale. Per questo motivo, collaboriamo con corrieri fidati per offrirti opzioni di consegna chiare e garantire che tu non debba affrontare imprevisti.<\/p>\n<h2 data-v-md-heading=\"the-reason-why-you-will-like-it\" data-v-md-line=\"37\">Il motivo per cui ti piacer\u00e0<\/h2>\n<ul data-v-md-line=\"38\">\n<li>Durevole e duraturo: durevole e duraturo, senza necessit\u00e0 di sostituzioni frequenti.<\/li>\n<li>Ricaricabile: il design di ricarica di tipo C ti aiuta a consumare facilmente l'e-liquid.<\/li>\n<li>Attivazione tramite inalazione: nessun pulsante, nessuna necessit\u00e0 di apprendimento, facile e comodo.<\/li>\n<li>Custodia protettiva autentica: progettata appositamente per proteggere il telefono, non solo per contenere le sigarette elettroniche.<\/li>\n<li>Ampia scelta di gusti: una serie di gusti semplici e familiari, facili da vendere e acquistare.<\/li>\n<\/ul>\n<h2 data-v-md-heading=\"why-choose-to-collaborate-with-agoravape\" data-v-md-line=\"44\">Perch\u00e9 scegliere di collaborare con AgoraVape?<\/h2>\n<p data-v-md-line=\"46\">Noi di AgoraVape aderiamo sempre ai principi pi\u00f9 importanti: garanzia di prodotti originali al 100%, risposte sincere alle domande e fornitura affidabile di garanzie di fornitura per i clienti europei. Per gli acquirenti aziendali, questo significa soluzioni all'ingrosso altamente competitive, un servizio clienti reattivo e opzioni di spedizione flessibili, che semplificano l'organizzazione. Desideri acquistare le custodie Saimeo Humo per iPhone 14 Pro 30k 30000 porte? Contattaci e creeremo il piano di vendita pi\u00f9 adatto alle tue esigenze.<\/p>","protected":false},"excerpt":{"rendered":"<p>Cos'ha di speciale la custodia Saimeo Humo per iPhone 14 Pro, 30k\/30000 porte? Se siete stanchi di avere il vostro telefono e il vostro<\/p>","protected":false},"featured_media":22105,"comment_status":"open","ping_status":"closed","template":"","meta":[],"product_brand":[1663],"product_cat":[124,185,189,1637,174,191,1666,179,173,186,180,190],"product_tag":[],"class_list":{"0":"post-23840","1":"product","2":"type-product","3":"status-publish","4":"has-post-thumbnail","6":"product_brand-saimeo","7":"product_cat-vape-by-brand","8":"product_cat-10000-puffs-high-capacity","9":"product_cat-20mg-standard-nicotine-vapes","10":"product_cat-30000-puffs","11":"product_cat-fruit-flavors","12":"product_cat-rechargeable-disposables","13":"product_cat-saimeo","14":"product_cat-unique-blends","15":"product_cat-vape-by-flavor-profile","16":"product_cat-vape-by-nicotine-strength","17":"product_cat-vape-by-puff-count","18":"product_cat-vape-by-feature-or-type","20":"first","21":"instock","22":"shipping-taxable","23":"purchasable","24":"product-type-variable","25":"has-default-attributes"},"tiered_pricing_type":"percentage","tiered_pricing_fixed_rules":[],"tiered_pricing_product_settings":{"layout":"default","base_unit_name":{"singular":null,"plural":null},"default_variation":null},"tiered_pricing_minimum_quantity":10,"tiered_pricing_roles_data":[],"tiered_pricing_percentage_rules":{"30":"29","50":"35","100":"40","200":"44","500":"47","1000":"49"},"tiered_pricing_maximum_quantity":null,"tiered_pricing_quantity_step":"10","_links":{"self":[{"href":"https:\/\/agoravape.com\/it\/wp-json\/wp\/v2\/product\/23840","targetHints":{"allow":["GET"]}}],"collection":[{"href":"https:\/\/agoravape.com\/it\/wp-json\/wp\/v2\/product"}],"about":[{"href":"https:\/\/agoravape.com\/it\/wp-json\/wp\/v2\/types\/product"}],"replies":[{"embeddable":true,"href":"https:\/\/agoravape.com\/it\/wp-json\/wp\/v2\/comments?post=23840"}],"version-history":[{"count":0,"href":"https:\/\/agoravape.com\/it\/wp-json\/wp\/v2\/product\/23840\/revisions"}],"wp:featuredmedia":[{"embeddable":true,"href":"https:\/\/agoravape.com\/it\/wp-json\/wp\/v2\/media\/22105"}],"wp:attachment":[{"href":"https:\/\/agoravape.com\/it\/wp-json\/wp\/v2\/media?parent=23840"}],"wp:term":[{"taxonomy":"product_brand","embeddable":true,"href":"https:\/\/agoravape.com\/it\/wp-json\/wp\/v2\/product_brand?post=23840"},{"taxonomy":"product_cat","embeddable":true,"href":"https:\/\/agoravape.com\/it\/wp-json\/wp\/v2\/product_cat?post=23840"},{"taxonomy":"product_tag","embeddable":true,"href":"https:\/\/agoravape.com\/it\/wp-json\/wp\/v2\/product_tag?post=23840"}],"curies":[{"name":"wp","href":"https:\/\/api.w.org\/{rel}","templated":true}]}}