{"id":23919,"date":"2026-01-25T22:09:54","date_gmt":"2026-01-25T14:09:54","guid":{"rendered":"https:\/\/agoravape.com\/?post_type=product&#038;p=23919"},"modified":"2026-01-27T00:39:22","modified_gmt":"2026-01-26T16:39:22","slug":"bang-blaze-60k-dsk051-60000-soffi","status":"publish","type":"product","link":"https:\/\/agoravape.com\/it\/product\/bang-blaze-60k-dsk051-60000-puffs\/","title":{"rendered":"Bang Blaze 60k 60000 Puffs High Power Vape | Big Puff Count, Simple Daily Use"},"content":{"rendered":"<h2 data-v-md-heading=\"what-are-the-special-features-of-bang-blaze-60k-60000-mouth-dsk051-high-power-vape\" data-v-md-line=\"3\"><img loading=\"lazy\" decoding=\"async\" class=\"size-full wp-image-23943 alignright\" src=\"https:\/\/agoravape.com\/wp-content\/uploads\/2026\/01\/Bang-Blaze-60k-60000-Puffs-High-Power-Vape-Big-Puff-Count-Simple-Daily-Use_Agora_vape-11-scaled.webp\" alt=\"\" width=\"1280\" height=\"2560\" srcset=\"https:\/\/agoravape.com\/wp-content\/uploads\/2026\/01\/Bang-Blaze-60k-60000-Puffs-High-Power-Vape-Big-Puff-Count-Simple-Daily-Use_Agora_vape-11-scaled.webp 1280w, https:\/\/agoravape.com\/wp-content\/uploads\/2026\/01\/Bang-Blaze-60k-60000-Puffs-High-Power-Vape-Big-Puff-Count-Simple-Daily-Use_Agora_vape-11-scaled-1200x2400.webp 1200w, https:\/\/agoravape.com\/wp-content\/uploads\/2026\/01\/Bang-Blaze-60k-60000-Puffs-High-Power-Vape-Big-Puff-Count-Simple-Daily-Use_Agora_vape-11-150x300.webp 150w, https:\/\/agoravape.com\/wp-content\/uploads\/2026\/01\/Bang-Blaze-60k-60000-Puffs-High-Power-Vape-Big-Puff-Count-Simple-Daily-Use_Agora_vape-11-512x1024.webp 512w, https:\/\/agoravape.com\/wp-content\/uploads\/2026\/01\/Bang-Blaze-60k-60000-Puffs-High-Power-Vape-Big-Puff-Count-Simple-Daily-Use_Agora_vape-11-768x1536.webp 768w, https:\/\/agoravape.com\/wp-content\/uploads\/2026\/01\/Bang-Blaze-60k-60000-Puffs-High-Power-Vape-Big-Puff-Count-Simple-Daily-Use_Agora_vape-11-1024x2048.webp 1024w, https:\/\/agoravape.com\/wp-content\/uploads\/2026\/01\/Bang-Blaze-60k-60000-Puffs-High-Power-Vape-Big-Puff-Count-Simple-Daily-Use_Agora_vape-11-6x12.webp 6w\" sizes=\"auto, (max-width: 1280px) 100vw, 1280px\" \/><\/h2>\n<h2 data-v-md-heading=\"what-are-the-special-features-of-bang-blaze-60k-60000-mouth-dsk051-high-power-vape\" data-v-md-line=\"3\">Quali sono le caratteristiche speciali del Bang Blaze 60k 60000 mouth (DSK051) vaporizzatore ad alta potenza?<\/h2>\n<p data-v-md-line=\"5\">Se sei stanco delle sigarette elettroniche usa e getta che partono con molta energia ma perdono rapidamente slancio, allora Bang Blaze 60k ti offrir\u00e0 un'esperienza completamente diversa. Si tratta di una sigaretta elettronica usa e getta ricaricabile ad alta capacit\u00e0, progettata per gli utenti che desiderano un gusto stabile e duraturo senza trasformare lo svapo in un \"hobby\".<\/p>\n<p data-v-md-line=\"7\">Potresti pensare che una sigaretta elettronica con una capacit\u00e0 di 60.000 tiri sia pesante come un mattone in tasca. Tuttavia, tenendola in mano, il suo peso \u00e8 molto pi\u00f9 leggero di quanto immagini, e se non vuoi cambiare la cartuccia ogni pochi giorni, allora questa sigaretta elettronica \u00e8 sicuramente la scelta ideale.<\/p>\n<h2 data-v-md-heading=\"excellent-performance-and-easy-operation\" data-v-md-line=\"9\">Prestazioni eccellenti e facilit\u00e0 d'uso<\/h2>\n<p data-v-md-line=\"11\">Questo vaporizzatore \u00e8 dotato di una resistenza mesh da 0,6 \u03a9, che consente un riscaldamento uniforme. In pratica, questo significa che il gusto rimane costante dal primo assaggio a tutti i successivi, senza il sapore di bruciato o \"insipido\" tipico di alcuni vaporizzatori usa e getta di grandi dimensioni. Quando la batteria \u00e8 scarica, pu\u00f2 essere ricaricata tramite l'interfaccia Type-C, quindi \u00e8 possibile utilizzare il cavo dati esistente per caricare la maggior parte degli smartphone moderni.<\/p>\n<h2 data-v-md-heading=\"quick-specifications\" data-v-md-line=\"13\">Specifiche rapide<\/h2>\n<ul data-v-md-line=\"14\">\n<li>Frequenza di fumo: fino a 60000<\/li>\n<li>capacit\u00e0 e-liquid: 40 ml<\/li>\n<li>Batteria: 1000 mAh (ricaricabile)<\/li>\n<li>Nucleo di atomizzazione: nucleo di atomizzazione a maglie da 0,6 \u03a9<\/li>\n<li>Utilizzo: Inspirare per attivare<\/li>\n<li>Interfaccia di ricarica: interfaccia di tipo C<\/li>\n<li>Pronto all'uso appena tolto dalla scatola:<\/li>\n<li>OEM\/ODM: Supporto (applicabile agli ordini commerciali\/personalizzati)<\/li>\n<\/ul>\n<h2 data-v-md-heading=\"complete-flavor-lineup\" data-v-md-line=\"23\">Gamma completa di gusti<\/h2>\n<ul data-v-md-line=\"24\">\n<li>Menta fresca<\/li>\n<li>Birra scura<\/li>\n<li>Double Apple<\/li>\n<li>Menta ciliegia<\/li>\n<li>Kiwi alla fragola<\/li>\n<li>Uomo Anguria<\/li>\n<li>Anguria, Fragola, Melone<\/li>\n<li>Mirtilli e lamponi<\/li>\n<li>Frutti di bosco misti<\/li>\n<li>frutto della passione<\/li>\n<li>Red Bull britannico<\/li>\n<li>Maria la Sanguinaria<\/li>\n<li>Strawberry watermelon<\/li>\n<li>Anguria<\/li>\n<\/ul>\n<h2 data-v-md-heading=\"tailored-for-you-and-your-business\" data-v-md-line=\"39\">Su misura per te e la tua attivit\u00e0<\/h2>\n<p data-v-md-line=\"41\">Bang Blaze 60k \u00e8 un prodotto semplice e facile da usare, acquistabile e utilizzabile immediatamente. Se lo si acquista per un negozio o si vende spesso all'ingrosso, \u00e8 la scelta ideale anche per i clienti abituali, che ne percepiranno immediatamente il valore: \"potenza di aspirazione, ricaricabile\".<\/p>\n<p data-v-md-line=\"43\">Per gli ordini B2B, utilizziamo imballaggi da 100 unit\u00e0\/scatola (che si riferiscono al peso di 10 unit\u00e0) per facilitare la pianificazione dell'inventario. Collaboriamo con partner logistici affidabili come UPS, DPD e DHL e offriamo, per quanto possibile, comode opzioni di spedizione DDP (Delivery Delivery Delivery) al netto delle imposte, cos\u00ec non dovrete preoccuparvi di eventuali problemi doganali.<\/p>\n<h2 data-v-md-heading=\"the-reason-why-you-will-like-it\" data-v-md-line=\"45\">Il motivo per cui ti piacer\u00e0<\/h2>\n<ul data-v-md-line=\"46\">\n<li>Capacit\u00e0 di aspirazione ultra lunga: maggiore durata della batteria, nessuna necessit\u00e0 di sostituzioni frequenti.<\/li>\n<li>Batteria ricaricabile: consente di consumare l'e-liquid acquistato.<\/li>\n<li>Bobina a rete: mantiene stabile il gusto ed evita la sensazione di \"gusto diminuito\".<\/li>\n<li>Inalazione semplice: nessun pulsante, nessuna impostazione, goditi subito.<\/li>\n<\/ul>\n<h2 data-v-md-heading=\"why-choose-to-collaborate-with-agoravape\" data-v-md-line=\"51\">Perch\u00e9 scegliere di collaborare con AgoraVape?<\/h2>\n<p data-v-md-line=\"53\">AgoraVape si concentra sugli aspetti veramente importanti: garanzia di un prodotto autentico, specifiche chiare e servizi logistici affidabili in tutta Europa. Se sei un acquirente aziendale, ti forniremo soluzioni all'ingrosso affidabili, supporto tecnico reattivo e servizi di consegna rapidi per le sigarette elettroniche ad alta potenza Bang Blaze 60k 60000 (DSK051): questo prodotto \u00e8 facile da vendere perch\u00e9 risolve un semplice problema: la durata.<\/p>\n<p><script src=\"chrome-extension:\/\/fpelahbljekknahkcaegamhcndkfpfnc\/iFrame.js\" type=\"text\/javascript\"><\/script><\/p>\n<p><script src=\"chrome-extension:\/\/fpelahbljekknahkcaegamhcndkfpfnc\/iFrame.js\" type=\"text\/javascript\"><\/script><\/p>","protected":false},"excerpt":{"rendered":"<p>&nbsp;<\/p>\n<p><script src=\"chrome-extension:\/\/fpelahbljekknahkcaegamhcndkfpfnc\/iFrame.js\" type=\"text\/javascript\"><\/script><\/p>\n<p><script src=\"chrome-extension:\/\/fpelahbljekknahkcaegamhcndkfpfnc\/iFrame.js\" type=\"text\/javascript\"><\/script><\/p>","protected":false},"featured_media":23942,"comment_status":"open","ping_status":"closed","template":"","meta":[],"product_brand":[197],"product_cat":[124,187,188,189,1642,123,174,193,191,179,173,186,180,190,192],"product_tag":[],"class_list":{"0":"post-23919","1":"product","2":"type-product","3":"status-publish","4":"has-post-thumbnail","6":"product_brand-bang","7":"product_cat-vape-by-brand","8":"product_cat-0mg-nicotine-free-vapes","9":"product_cat-10mg-low-nicotine-vapes","10":"product_cat-20mg-standard-nicotine-vapes","11":"product_cat-60000-puffs","12":"product_cat-bang","13":"product_cat-fruit-flavors","14":"product_cat-mesh-coil","15":"product_cat-rechargeable-disposables","16":"product_cat-unique-blends","17":"product_cat-vape-by-flavor-profile","18":"product_cat-vape-by-nicotine-strength","19":"product_cat-vape-by-puff-count","20":"product_cat-vape-by-feature-or-type","21":"product_cat-vapes-with-screens","23":"first","24":"instock","25":"shipping-taxable","26":"purchasable","27":"product-type-variable","28":"has-default-attributes"},"tiered_pricing_type":"percentage","tiered_pricing_fixed_rules":[],"tiered_pricing_product_settings":{"layout":"default","base_unit_name":{"singular":null,"plural":null},"default_variation":null},"tiered_pricing_minimum_quantity":10,"tiered_pricing_roles_data":[],"tiered_pricing_percentage_rules":{"30":"11","50":"18","100":"25","200":"30","500":"34","1000":"44"},"tiered_pricing_maximum_quantity":null,"tiered_pricing_quantity_step":"10","_links":{"self":[{"href":"https:\/\/agoravape.com\/it\/wp-json\/wp\/v2\/product\/23919","targetHints":{"allow":["GET"]}}],"collection":[{"href":"https:\/\/agoravape.com\/it\/wp-json\/wp\/v2\/product"}],"about":[{"href":"https:\/\/agoravape.com\/it\/wp-json\/wp\/v2\/types\/product"}],"replies":[{"embeddable":true,"href":"https:\/\/agoravape.com\/it\/wp-json\/wp\/v2\/comments?post=23919"}],"version-history":[{"count":0,"href":"https:\/\/agoravape.com\/it\/wp-json\/wp\/v2\/product\/23919\/revisions"}],"wp:featuredmedia":[{"embeddable":true,"href":"https:\/\/agoravape.com\/it\/wp-json\/wp\/v2\/media\/23942"}],"wp:attachment":[{"href":"https:\/\/agoravape.com\/it\/wp-json\/wp\/v2\/media?parent=23919"}],"wp:term":[{"taxonomy":"product_brand","embeddable":true,"href":"https:\/\/agoravape.com\/it\/wp-json\/wp\/v2\/product_brand?post=23919"},{"taxonomy":"product_cat","embeddable":true,"href":"https:\/\/agoravape.com\/it\/wp-json\/wp\/v2\/product_cat?post=23919"},{"taxonomy":"product_tag","embeddable":true,"href":"https:\/\/agoravape.com\/it\/wp-json\/wp\/v2\/product_tag?post=23919"}],"curies":[{"name":"wp","href":"https:\/\/api.w.org\/{rel}","templated":true}]}}