{"id":24148,"date":"2026-01-26T16:15:32","date_gmt":"2026-01-26T08:15:32","guid":{"rendered":"https:\/\/agoravape.com\/?post_type=product&#038;p=24148"},"modified":"2026-03-31T04:20:21","modified_gmt":"2026-03-31T02:20:21","slug":"bang-leader-30k-2in1-30000-soffi","status":"publish","type":"product","link":"https:\/\/agoravape.com\/it\/product\/bang-leader-30k-2in1-30000-puffs\/","title":{"rendered":"Bang Leader 30k 30000 tiri Dual Flavor Vape | Due gusti, un dispositivo, meno problemi"},"content":{"rendered":"<h2 data-v-md-heading=\"what-s-special-about-bang-leader-30k-30000-dual-flavored-vapes\" data-v-md-line=\"3\"><img loading=\"lazy\" decoding=\"async\" class=\"aligncenter size-full wp-image-24170\" src=\"https:\/\/agoravape.com\/wp-content\/uploads\/2026\/01\/Bang-Leader-30k-30000-Puffs-Dual-Flavor-Vape-Two-Flavours-One-Device-Less-Hassle_Agora_vape-9-scaled.webp\" alt=\"\" width=\"2560\" height=\"1444\" srcset=\"https:\/\/agoravape.com\/wp-content\/uploads\/2026\/01\/Bang-Leader-30k-30000-Puffs-Dual-Flavor-Vape-Two-Flavours-One-Device-Less-Hassle_Agora_vape-9-scaled.webp 2560w, https:\/\/agoravape.com\/wp-content\/uploads\/2026\/01\/Bang-Leader-30k-30000-Puffs-Dual-Flavor-Vape-Two-Flavours-One-Device-Less-Hassle_Agora_vape-9-scaled-1200x677.webp 1200w, https:\/\/agoravape.com\/wp-content\/uploads\/2026\/01\/Bang-Leader-30k-30000-Puffs-Dual-Flavor-Vape-Two-Flavours-One-Device-Less-Hassle_Agora_vape-9-300x169.webp 300w, https:\/\/agoravape.com\/wp-content\/uploads\/2026\/01\/Bang-Leader-30k-30000-Puffs-Dual-Flavor-Vape-Two-Flavours-One-Device-Less-Hassle_Agora_vape-9-1024x577.webp 1024w, https:\/\/agoravape.com\/wp-content\/uploads\/2026\/01\/Bang-Leader-30k-30000-Puffs-Dual-Flavor-Vape-Two-Flavours-One-Device-Less-Hassle_Agora_vape-9-768x433.webp 768w, https:\/\/agoravape.com\/wp-content\/uploads\/2026\/01\/Bang-Leader-30k-30000-Puffs-Dual-Flavor-Vape-Two-Flavours-One-Device-Less-Hassle_Agora_vape-9-1536x866.webp 1536w, https:\/\/agoravape.com\/wp-content\/uploads\/2026\/01\/Bang-Leader-30k-30000-Puffs-Dual-Flavor-Vape-Two-Flavours-One-Device-Less-Hassle_Agora_vape-9-2048x1155.webp 2048w, https:\/\/agoravape.com\/wp-content\/uploads\/2026\/01\/Bang-Leader-30k-30000-Puffs-Dual-Flavor-Vape-Two-Flavours-One-Device-Less-Hassle_Agora_vape-9-18x10.webp 18w\" sizes=\"auto, (max-width: 2560px) 100vw, 2560px\" \/> <img loading=\"lazy\" decoding=\"async\" class=\"aligncenter size-full wp-image-24163\" src=\"https:\/\/agoravape.com\/wp-content\/uploads\/2026\/01\/Bang-Leader-30k-30000-Puffs-Dual-Flavor-Vape-Two-Flavours-One-Device-Less-Hassle_Agora_vape-2.webp\" alt=\"\" width=\"1920\" height=\"899\" srcset=\"https:\/\/agoravape.com\/wp-content\/uploads\/2026\/01\/Bang-Leader-30k-30000-Puffs-Dual-Flavor-Vape-Two-Flavours-One-Device-Less-Hassle_Agora_vape-2.webp 1920w, https:\/\/agoravape.com\/wp-content\/uploads\/2026\/01\/Bang-Leader-30k-30000-Puffs-Dual-Flavor-Vape-Two-Flavours-One-Device-Less-Hassle_Agora_vape-2-1200x562.webp 1200w, https:\/\/agoravape.com\/wp-content\/uploads\/2026\/01\/Bang-Leader-30k-30000-Puffs-Dual-Flavor-Vape-Two-Flavours-One-Device-Less-Hassle_Agora_vape-2-300x140.webp 300w, https:\/\/agoravape.com\/wp-content\/uploads\/2026\/01\/Bang-Leader-30k-30000-Puffs-Dual-Flavor-Vape-Two-Flavours-One-Device-Less-Hassle_Agora_vape-2-1024x479.webp 1024w, https:\/\/agoravape.com\/wp-content\/uploads\/2026\/01\/Bang-Leader-30k-30000-Puffs-Dual-Flavor-Vape-Two-Flavours-One-Device-Less-Hassle_Agora_vape-2-768x360.webp 768w, https:\/\/agoravape.com\/wp-content\/uploads\/2026\/01\/Bang-Leader-30k-30000-Puffs-Dual-Flavor-Vape-Two-Flavours-One-Device-Less-Hassle_Agora_vape-2-1536x719.webp 1536w, https:\/\/agoravape.com\/wp-content\/uploads\/2026\/01\/Bang-Leader-30k-30000-Puffs-Dual-Flavor-Vape-Two-Flavours-One-Device-Less-Hassle_Agora_vape-2-18x8.webp 18w\" sizes=\"auto, (max-width: 1920px) 100vw, 1920px\" \/><\/h2>\n<h2 data-v-md-heading=\"what-s-special-about-bang-leader-30k-30000-dual-flavored-vapes\" data-v-md-line=\"3\">Cosa hanno di speciale le sigarette elettroniche Bang Leader 30K 30000 a doppio aroma?<\/h2>\n<p data-v-md-line=\"5\">Se sei stanco delle sigarette elettroniche usa e getta che durano solo un giorno e poi perdono la loro freschezza (o semplicemente non durano), Bang Leader 30K \u00e8 la scelta ideale. Ha una batteria che dura fino a 30.000 ore e pu\u00f2 offrire due aromi con lo stesso dispositivo. Se ti piace cambiare aroma ma non vuoi portarti dietro un dispositivo di riserva, allora \u00e8 sicuramente la scelta giusta.<\/p>\n<p data-v-md-line=\"7\">Si potrebbe pensare che avere in tasca una svapata di cos\u00ec grande capacit\u00e0 sia pesante come un mattone. Ma per essere una svapata monouso di grande capacit\u00e0, il suo peso \u00e8 sorprendentemente leggero e il design a doppio aroma pu\u00f2 mantenere fresche le vostre papille gustative durante l'esperienza.<\/p>\n<h2 data-v-md-heading=\"excellent-performance-and-easy-operation\" data-v-md-line=\"9\">Prestazioni eccellenti e facilit\u00e0 d'uso<\/h2>\n<p data-v-md-line=\"11\">Il concetto di design di Bang \u00e8 semplice: la bobina a maglie da 1,0 \u03a9 aiuta a mantenere stabile il gusto ed evita il decadimento prematuro; quando la batteria \u00e8 scarica, pu\u00f2 essere ricaricata tramite l'interfaccia Type-C. \u00c8 il cavo che puoi usare ogni giorno. Tutto sotto controllo.<\/p>\n<h2 data-v-md-heading=\"quick-specifications\" data-v-md-line=\"13\">Specifiche rapide<\/h2>\n<ul data-v-md-line=\"14\">\n<li>Frequenza di fumo: fino a 30000 tiri<\/li>\n<li>Contenuto di nicotina: non chiaramente indicato nei dati del prodotto (consultarci per le opzioni attuali nell'UE)<\/li>\n<li>Utilizzo: basta inalare per attivare<\/li>\n<li>Charging method: Type-C USB interface<\/li>\n<li>Capacit\u00e0 della batteria: 650 mAh<\/li>\n<li>Nucleo di atomizzazione: nucleo di atomizzazione a maglie da 1,0 \u03a9<\/li>\n<li>Peso del prodotto: 118 grammi<\/li>\n<li>Stato del prodotto: pronto all'uso dopo averlo disimballato<\/li>\n<\/ul>\n<h2 data-v-md-heading=\"complete-flavor-lineup\" data-v-md-line=\"23\">Gamma completa di gusti<\/h2>\n<ul data-v-md-line=\"1\">\n<li>Ghiaccio all'anguria, mirtillo e menta<\/li>\n<li>Ghiaccio all'anguria, fragola e mango<\/li>\n<li>Fragola e anguria, kiwi, frutto della passione, guava<\/li>\n<li>Fragola e anguria, gelato all'uva<\/li>\n<li>Mirtillo, lampone, pesca, mango, anguria<\/li>\n<li>Mirtillo e lampone, frutta mista ammuffita<\/li>\n<li>Ghiaccio al mirtillo, ghiaccio al drago nero<\/li>\n<li>Ghiaccio al mirtillo, fragola e banana<\/li>\n<li>Red Bull, mirtillo e anguria<\/li>\n<li>Red Bull, caramelle all'anguria<\/li>\n<li>Fragola Kiwi, Pesca Ghiaccio<\/li>\n<li>Fragola Kiwi, Mela Acida Lampone<\/li>\n<\/ul>\n<h2 data-v-md-heading=\"tailored-for-you-and-your-business\" data-v-md-line=\"37\">Su misura per te e la tua attivit\u00e0<\/h2>\n<p data-v-md-line=\"39\">Puoi acquistare Bang Leader 30K per uso individuale. Se gestisci un negozio o acquisti per una squadra, offriamo anche confezioni all'ingrosso per 200 unit\u00e0\/scatola (dimensioni della confezione: 65 \u00d7 31 \u00d7 26 cm, circa 23 kg).<\/p>\n<p data-v-md-line=\"41\">Per quanto riguarda la logistica, ci concentriamo sulla consegna senza intoppi nell'UE e collaboriamo con partner logistici affidabili come UPS, DPD e DHL per garantire che non si verifichino imprevisti in dogana. Se necessitate di un metodo di trasporto con IVA\/DDP, contattateci e vi consiglieremo il percorso pi\u00f9 adatto al vostro Paese\/regione.<\/p>\n<h2 data-v-md-heading=\"the-reason-why-you-will-like-it\" data-v-md-line=\"43\">Il motivo per cui ti piacer\u00e0<\/h2>\n<ul data-v-md-line=\"44\">\n<li>Durevole e duraturo: grazie alla maggiore durata, non \u00e8 necessario sostituirlo frequentemente.<\/li>\n<li>Impostazione doppio aroma: puoi cambiare aroma senza dover aprire un nuovo dispositivo.<\/li>\n<li>Ricaricabile: ti aiuta a sfruttare appieno il dispositivo ed evitarne lo smaltimento prematuro.<\/li>\n<li>Bobina a rete: assicura un gusto costante dall'inizio alla fine.<\/li>\n<\/ul>\n<h2 data-v-md-heading=\"why-choose-agoravape\" data-v-md-line=\"49\">Perch\u00e9 scegliere AgoraVape?<\/h2>\n<p data-v-md-line=\"51\">Non venderemo mai prodotti di origine sconosciuta. AgoraVape offre prodotti autentici, un servizio affidabile, prezzi equi e una consegna rapida ed esclusiva nell'UE per consumatori ordinari e grandi grossisti. Desideri acquistare le sigarette elettroniche Bang Leader 30k 30000 a doppio aroma? Lasciaci un messaggio e ti individueremo la soluzione pi\u00f9 adatta al tuo mercato.<\/p>","protected":false},"excerpt":{"rendered":"<p>&nbsp;<\/p>","protected":false},"featured_media":24175,"comment_status":"open","ping_status":"closed","template":"","meta":[],"product_brand":[197],"product_cat":[124,187,188,189,1637,123,195,174,175,193,191,179,173,186,180,190,192],"product_tag":[],"class_list":{"0":"post-24148","1":"product","2":"type-product","3":"status-publish","4":"has-post-thumbnail","6":"product_brand-bang","7":"product_cat-vape-by-brand","8":"product_cat-0mg-nicotine-free-vapes","9":"product_cat-10mg-low-nicotine-vapes","10":"product_cat-20mg-standard-nicotine-vapes","11":"product_cat-30000-puffs","12":"product_cat-bang","13":"product_cat-dual-flavor-switch","14":"product_cat-fruit-flavors","15":"product_cat-icy-mint","16":"product_cat-mesh-coil","17":"product_cat-rechargeable-disposables","18":"product_cat-unique-blends","19":"product_cat-vape-by-flavor-profile","20":"product_cat-vape-by-nicotine-strength","21":"product_cat-vape-by-puff-count","22":"product_cat-vape-by-feature-or-type","23":"product_cat-vapes-with-screens","25":"first","26":"onbackorder","27":"shipping-taxable","28":"purchasable","29":"product-type-variable","30":"has-default-attributes"},"tiered_pricing_type":"percentage","tiered_pricing_fixed_rules":[],"tiered_pricing_product_settings":{"layout":"default","base_unit_name":{"singular":null,"plural":null},"default_variation":null},"tiered_pricing_minimum_quantity":10,"tiered_pricing_roles_data":[],"tiered_pricing_percentage_rules":{"30":"10","50":"15","100":"19","200":"26","500":"33","1000":"40"},"tiered_pricing_maximum_quantity":null,"tiered_pricing_quantity_step":"10","_links":{"self":[{"href":"https:\/\/agoravape.com\/it\/wp-json\/wp\/v2\/product\/24148","targetHints":{"allow":["GET"]}}],"collection":[{"href":"https:\/\/agoravape.com\/it\/wp-json\/wp\/v2\/product"}],"about":[{"href":"https:\/\/agoravape.com\/it\/wp-json\/wp\/v2\/types\/product"}],"replies":[{"embeddable":true,"href":"https:\/\/agoravape.com\/it\/wp-json\/wp\/v2\/comments?post=24148"}],"version-history":[{"count":1,"href":"https:\/\/agoravape.com\/it\/wp-json\/wp\/v2\/product\/24148\/revisions"}],"predecessor-version":[{"id":29803,"href":"https:\/\/agoravape.com\/it\/wp-json\/wp\/v2\/product\/24148\/revisions\/29803"}],"wp:featuredmedia":[{"embeddable":true,"href":"https:\/\/agoravape.com\/it\/wp-json\/wp\/v2\/media\/24175"}],"wp:attachment":[{"href":"https:\/\/agoravape.com\/it\/wp-json\/wp\/v2\/media?parent=24148"}],"wp:term":[{"taxonomy":"product_brand","embeddable":true,"href":"https:\/\/agoravape.com\/it\/wp-json\/wp\/v2\/product_brand?post=24148"},{"taxonomy":"product_cat","embeddable":true,"href":"https:\/\/agoravape.com\/it\/wp-json\/wp\/v2\/product_cat?post=24148"},{"taxonomy":"product_tag","embeddable":true,"href":"https:\/\/agoravape.com\/it\/wp-json\/wp\/v2\/product_tag?post=24148"}],"curies":[{"name":"wp","href":"https:\/\/api.w.org\/{rel}","templated":true}]}}