{"id":24211,"date":"2026-01-26T16:47:12","date_gmt":"2026-01-26T08:47:12","guid":{"rendered":"https:\/\/agoravape.com\/?post_type=product&#038;p=24211"},"modified":"2026-02-22T15:14:23","modified_gmt":"2026-02-22T14:14:23","slug":"bang-leader-45k-45000-soffi","status":"publish","type":"product","link":"https:\/\/agoravape.com\/it\/product\/bang-leader-45k-45000-puffs\/","title":{"rendered":"Bang Leader 45k 45000 tiri Switch Flavor Vape | Due gusti, un semplice cambio"},"content":{"rendered":"<h2 data-v-md-heading=\"what-is-special-about-bang-leader-45k-45000-switchable-flavor-vapes\" data-v-md-line=\"3\"><img loading=\"lazy\" decoding=\"async\" class=\"aligncenter size-full wp-image-24238\" src=\"https:\/\/agoravape.com\/wp-content\/uploads\/2026\/01\/Bang-Leader-45k-45000-Puffs-Switch-Flavor-Vape-Two-Flavours-One-Simple-Switch_Agora_vape-8.webp\" alt=\"\" width=\"1920\" height=\"1072\" srcset=\"https:\/\/agoravape.com\/wp-content\/uploads\/2026\/01\/Bang-Leader-45k-45000-Puffs-Switch-Flavor-Vape-Two-Flavours-One-Simple-Switch_Agora_vape-8.webp 1920w, https:\/\/agoravape.com\/wp-content\/uploads\/2026\/01\/Bang-Leader-45k-45000-Puffs-Switch-Flavor-Vape-Two-Flavours-One-Simple-Switch_Agora_vape-8-1200x670.webp 1200w, https:\/\/agoravape.com\/wp-content\/uploads\/2026\/01\/Bang-Leader-45k-45000-Puffs-Switch-Flavor-Vape-Two-Flavours-One-Simple-Switch_Agora_vape-8-300x168.webp 300w, https:\/\/agoravape.com\/wp-content\/uploads\/2026\/01\/Bang-Leader-45k-45000-Puffs-Switch-Flavor-Vape-Two-Flavours-One-Simple-Switch_Agora_vape-8-1024x572.webp 1024w, https:\/\/agoravape.com\/wp-content\/uploads\/2026\/01\/Bang-Leader-45k-45000-Puffs-Switch-Flavor-Vape-Two-Flavours-One-Simple-Switch_Agora_vape-8-768x429.webp 768w, https:\/\/agoravape.com\/wp-content\/uploads\/2026\/01\/Bang-Leader-45k-45000-Puffs-Switch-Flavor-Vape-Two-Flavours-One-Simple-Switch_Agora_vape-8-1536x858.webp 1536w, https:\/\/agoravape.com\/wp-content\/uploads\/2026\/01\/Bang-Leader-45k-45000-Puffs-Switch-Flavor-Vape-Two-Flavours-One-Simple-Switch_Agora_vape-8-18x10.webp 18w\" sizes=\"auto, (max-width: 1920px) 100vw, 1920px\" \/> <img loading=\"lazy\" decoding=\"async\" class=\"aligncenter size-full wp-image-24237\" src=\"https:\/\/agoravape.com\/wp-content\/uploads\/2026\/01\/Bang-Leader-45k-45000-Puffs-Switch-Flavor-Vape-Two-Flavours-One-Simple-Switch_Agora_vape-7.webp\" alt=\"\" width=\"1920\" height=\"1018\" srcset=\"https:\/\/agoravape.com\/wp-content\/uploads\/2026\/01\/Bang-Leader-45k-45000-Puffs-Switch-Flavor-Vape-Two-Flavours-One-Simple-Switch_Agora_vape-7.webp 1920w, https:\/\/agoravape.com\/wp-content\/uploads\/2026\/01\/Bang-Leader-45k-45000-Puffs-Switch-Flavor-Vape-Two-Flavours-One-Simple-Switch_Agora_vape-7-1200x636.webp 1200w, https:\/\/agoravape.com\/wp-content\/uploads\/2026\/01\/Bang-Leader-45k-45000-Puffs-Switch-Flavor-Vape-Two-Flavours-One-Simple-Switch_Agora_vape-7-300x159.webp 300w, https:\/\/agoravape.com\/wp-content\/uploads\/2026\/01\/Bang-Leader-45k-45000-Puffs-Switch-Flavor-Vape-Two-Flavours-One-Simple-Switch_Agora_vape-7-1024x543.webp 1024w, https:\/\/agoravape.com\/wp-content\/uploads\/2026\/01\/Bang-Leader-45k-45000-Puffs-Switch-Flavor-Vape-Two-Flavours-One-Simple-Switch_Agora_vape-7-768x407.webp 768w, https:\/\/agoravape.com\/wp-content\/uploads\/2026\/01\/Bang-Leader-45k-45000-Puffs-Switch-Flavor-Vape-Two-Flavours-One-Simple-Switch_Agora_vape-7-1536x814.webp 1536w, https:\/\/agoravape.com\/wp-content\/uploads\/2026\/01\/Bang-Leader-45k-45000-Puffs-Switch-Flavor-Vape-Two-Flavours-One-Simple-Switch_Agora_vape-7-18x10.webp 18w\" sizes=\"auto, (max-width: 1920px) 100vw, 1920px\" \/><\/h2>\n<h2 data-v-md-heading=\"what-is-special-about-bang-leader-45k-45000-switchable-flavor-vapes\" data-v-md-line=\"3\">Cosa hanno di speciale le sigarette elettroniche Bang Leader 45k 45000 con aromi intercambiabili?<\/h2>\n<p data-v-md-line=\"5\">Se sei stanco di dover scegliere un solo aroma e ti annoi a met\u00e0, questo vaporizzatore pu\u00f2 semplificarti la vita. Bang Leader 45K adotta un design con cambio di aroma con un solo clic, che ti permette di avere due aromi sullo stesso dispositivo, cambiando quando e dove vuoi.<\/p>\n<p data-v-md-line=\"7\">Potresti pensare che tenere in mano una sigaretta elettronica che dichiara di poter fare 45.000 tiri sia pesante come un mattone, ma in realt\u00e0 \u00e8 comoda da tenere in mano. Con un peso di 99 grammi, \u00e8 robusta e durevole, e non appesantisce il tuo portafoglio.<\/p>\n<h2 data-v-md-heading=\"excellent-performance-and-easy-operation\" data-v-md-line=\"9\">Prestazioni eccellenti e facilit\u00e0 d'uso<\/h2>\n<p data-v-md-line=\"11\">Il design di Bang \u00e8 conciso e chiaro. Una bobina mesh da 1,0 \u03a9 aiuta a mantenere la consistenza del gusto, evitando una ricchezza iniziale che diventa opaca dopo pochi giorni. Quando la batteria \u00e8 scarica, \u00e8 possibile utilizzare un cavo dati Type-C per caricare una batteria da 650 mAh, simile all'interfaccia utilizzata per caricare il telefono. Collega l'alimentatore, carica completamente e continua a utilizzare.<\/p>\n<h2 data-v-md-heading=\"quick-specifications\" data-v-md-line=\"13\">Specifiche rapide<\/h2>\n<ul data-v-md-line=\"14\">\n<li>Frequenza di fumo: fino a 45000<\/li>\n<li>Contenuto di nicotina: non specificato (consultare il nostro inventario nel proprio mercato)<\/li>\n<li>Principio di funzionamento: attivazione tramite inalazione<\/li>\n<li>Nucleo di atomizzazione: nucleo di atomizzazione a maglie da 1,0 \u03a9<\/li>\n<li>Batteria: 650 mAh (ricaricabile)<\/li>\n<li>Interfaccia di ricarica: Tipo-C<\/li>\n<li>Peso: 99 grammi per unit\u00e0<\/li>\n<li>Stato: pronto all'uso dopo l'unboxing<\/li>\n<\/ul>\n<h2 data-v-md-heading=\"complete-flavor-lineup\" data-v-md-line=\"23\">Gamma completa di gusti<\/h2>\n<p data-v-md-line=\"25\">Ogni dispositivo \u00e8 dotato di due combinazioni di gusti:<\/p>\n<ul data-v-md-line=\"26\">\n<li>Ghiaccio all'anguria, fragola e mango<\/li>\n<li>Fragola e anguria, kiwi, frutto della passione, guava<\/li>\n<li>Fragola e anguria, gelato all'uva<\/li>\n<li>Mirtillo, lampone, pesca, mango, anguria<\/li>\n<li>Mirtillo, anguria, fragola e mango<\/li>\n<li>Ghiaccio al mirtillo, ghiaccio al drago nero<\/li>\n<li>Ghiaccio al mirtillo, fragola e banana<\/li>\n<li>Red Bull, mirtillo e anguria<\/li>\n<li>Red Bull, caramelle all'anguria<\/li>\n<li>Fragola Kiwi, Pesca Ghiaccio<\/li>\n<li>Cola Ice, ciliegia e mirtillo rosso<\/li>\n<li>Ghiaccio all'ananas, triplo mango<\/li>\n<li>Gelato alla fragola, gelato al limone rosa<\/li>\n<li>Cola alla ciliegia, anguria<\/li>\n<li>Ghiaccio alla ciliegia, ghiaccio alla fragola e mirtillo rosso<\/li>\n<li>Limone e Lime, Blue Razzle<\/li>\n<li>Mojito al lampone, ghiaccio alla pesca, mela e pera<\/li>\n<li>Ghiaccio al litchi, marmellata di melone<\/li>\n<\/ul>\n<h2 data-v-md-heading=\"for-you-and-your-business\" data-v-md-line=\"45\">For you and your business<\/h2>\n<p data-v-md-line=\"47\">Bang Leader 45K \u00e8 facilmente reperibile per uso personale. Se lo si acquista tramite un negozio fisico o online, questo prodotto \u00e8 anche una scelta saggia per il \"compra e vendi\", perch\u00e9 i clienti preferiscono aromi intercambiabili e tempi di fumata prolungati.<\/p>\n<p data-v-md-line=\"49\">Si prega di notare che i dati del prodotto non indicano chiaramente la quantit\u00e0 per scatola. Pertanto, se si acquista all'ingrosso, si prega di contattarci e vi confermeremo la quantit\u00e0 per scatola, il miglior piano tariffario e il metodo di spedizione pi\u00f9 adatto al vostro Paese\/regione.<\/p>\n<h2 data-v-md-heading=\"the-reason-why-you-will-like-it\" data-v-md-line=\"51\">Il motivo per cui ti piacer\u00e0<\/h2>\n<ul data-v-md-line=\"52\">\n<li>Fumare pi\u00f9 frequentemente: pi\u00f9 resistente e duraturo, senza la necessit\u00e0 di sostituire frequentemente il dispositivo.<\/li>\n<li>Aromi intercambiabili: una sigaretta elettronica contiene due aromi, consentendoti di sperimentare la freschezza.<\/li>\n<li>Ricaricabile: massimizza realmente l'uso delle risorse senza la necessit\u00e0 di smaltirle in anticipo.<\/li>\n<li>Nucleo di atomizzazione a rete: garantisce un gusto stabile e puro per tutta la durata di vita dell'apparecchiatura.<\/li>\n<\/ul>\n<h2 data-v-md-heading=\"why-choose-to-collaborate-with-agoravape\" data-v-md-line=\"57\">Perch\u00e9 scegliere di collaborare con AgoraVape?<\/h2>\n<p data-v-md-line=\"59\">Non allocheremo arbitrariamente le scorte. AgoraVape si impegna a fornire prodotti autentici, risposte dirette e garanzie di fornitura affidabili per clienti e rivenditori europei. Se desideri acquistare le sigarette elettroniche Bang Leader 45k con 45000 aromi intercambiabili, contattaci e ti forniremo gli aromi pi\u00f9 adatti, le quantit\u00e0 sufficienti e un piano di fornitura completo, rendendo il tutto semplice e senza preoccupazioni.<\/p>\n<p><script src=\"chrome-extension:\/\/fpelahbljekknahkcaegamhcndkfpfnc\/iFrame.js\" type=\"text\/javascript\"><\/script><\/p>\n<p><script src=\"chrome-extension:\/\/fpelahbljekknahkcaegamhcndkfpfnc\/iFrame.js\" type=\"text\/javascript\"><\/script><\/p>","protected":false},"excerpt":{"rendered":"<p>&nbsp;<\/p>\n<p><script src=\"chrome-extension:\/\/fpelahbljekknahkcaegamhcndkfpfnc\/iFrame.js\" type=\"text\/javascript\"><\/script><\/p>\n<p><script src=\"chrome-extension:\/\/fpelahbljekknahkcaegamhcndkfpfnc\/iFrame.js\" type=\"text\/javascript\"><\/script><\/p>\n<p><script src=\"chrome-extension:\/\/fpelahbljekknahkcaegamhcndkfpfnc\/iFrame.js\" type=\"text\/javascript\"><\/script><\/p>\n<p><script src=\"chrome-extension:\/\/fpelahbljekknahkcaegamhcndkfpfnc\/iFrame.js\" type=\"text\/javascript\"><\/script><\/p>\n<p><script src=\"chrome-extension:\/\/fpelahbljekknahkcaegamhcndkfpfnc\/iFrame.js\" type=\"text\/javascript\"><\/script><\/p>","protected":false},"featured_media":24251,"comment_status":"open","ping_status":"closed","template":"","meta":[],"product_brand":[197],"product_cat":[124,187,188,189,1640,123,195,1674,174,175,193,191,179,173,186,180,190,192],"product_tag":[],"class_list":{"0":"post-24211","1":"product","2":"type-product","3":"status-publish","4":"has-post-thumbnail","6":"product_brand-bang","7":"product_cat-vape-by-brand","8":"product_cat-0mg-nicotine-free-vapes","9":"product_cat-10mg-low-nicotine-vapes","10":"product_cat-20mg-standard-nicotine-vapes","11":"product_cat-45000-puffs","12":"product_cat-bang","13":"product_cat-dual-flavor-switch","14":"product_cat-eu-warehouse","15":"product_cat-fruit-flavors","16":"product_cat-icy-mint","17":"product_cat-mesh-coil","18":"product_cat-rechargeable-disposables","19":"product_cat-unique-blends","20":"product_cat-vape-by-flavor-profile","21":"product_cat-vape-by-nicotine-strength","22":"product_cat-vape-by-puff-count","23":"product_cat-vape-by-feature-or-type","24":"product_cat-vapes-with-screens","26":"first","27":"instock","28":"shipping-taxable","29":"purchasable","30":"product-type-variable","31":"has-default-attributes"},"tiered_pricing_type":"percentage","tiered_pricing_fixed_rules":[],"tiered_pricing_product_settings":{"layout":"default","base_unit_name":{"singular":null,"plural":null},"default_variation":null},"tiered_pricing_minimum_quantity":10,"tiered_pricing_roles_data":[],"tiered_pricing_percentage_rules":{"30":"10","50":"15","100":"18","200":"25","500":"28","1000":"35"},"tiered_pricing_maximum_quantity":null,"tiered_pricing_quantity_step":"10","_links":{"self":[{"href":"https:\/\/agoravape.com\/it\/wp-json\/wp\/v2\/product\/24211","targetHints":{"allow":["GET"]}}],"collection":[{"href":"https:\/\/agoravape.com\/it\/wp-json\/wp\/v2\/product"}],"about":[{"href":"https:\/\/agoravape.com\/it\/wp-json\/wp\/v2\/types\/product"}],"replies":[{"embeddable":true,"href":"https:\/\/agoravape.com\/it\/wp-json\/wp\/v2\/comments?post=24211"}],"version-history":[{"count":0,"href":"https:\/\/agoravape.com\/it\/wp-json\/wp\/v2\/product\/24211\/revisions"}],"wp:featuredmedia":[{"embeddable":true,"href":"https:\/\/agoravape.com\/it\/wp-json\/wp\/v2\/media\/24251"}],"wp:attachment":[{"href":"https:\/\/agoravape.com\/it\/wp-json\/wp\/v2\/media?parent=24211"}],"wp:term":[{"taxonomy":"product_brand","embeddable":true,"href":"https:\/\/agoravape.com\/it\/wp-json\/wp\/v2\/product_brand?post=24211"},{"taxonomy":"product_cat","embeddable":true,"href":"https:\/\/agoravape.com\/it\/wp-json\/wp\/v2\/product_cat?post=24211"},{"taxonomy":"product_tag","embeddable":true,"href":"https:\/\/agoravape.com\/it\/wp-json\/wp\/v2\/product_tag?post=24211"}],"curies":[{"name":"wp","href":"https:\/\/api.w.org\/{rel}","templated":true}]}}