{"id":24338,"date":"2026-01-26T23:10:46","date_gmt":"2026-01-26T15:10:46","guid":{"rendered":"https:\/\/agoravape.com\/?post_type=product&#038;p=24338"},"modified":"2026-02-22T15:14:05","modified_gmt":"2026-02-22T14:14:05","slug":"bang-leader-85k-3in1-85000-soffi","status":"publish","type":"product","link":"https:\/\/agoravape.com\/it\/product\/bang-leader-85k-3in1-85000-puffs\/","title":{"rendered":"Bang Leader 85k 85000 tiri Triplo aroma Vape | Tre aromi, un dispositivo, meno problemi"},"content":{"rendered":"<h2 data-v-md-heading=\"what-is-the-special-feature-of-bang-leader-85k-85000-three-flavored-vapes\" data-v-md-line=\"3\"><img loading=\"lazy\" decoding=\"async\" class=\"aligncenter size-full wp-image-24356\" src=\"https:\/\/agoravape.com\/wp-content\/uploads\/2026\/01\/Bang-Leader-85k-85000-Puffs-Triple-Flavor-Vape-Three-Flavours-One-Device-Less-Hassle_Agora_vape-5.webp\" alt=\"\" width=\"2277\" height=\"1280\" srcset=\"https:\/\/agoravape.com\/wp-content\/uploads\/2026\/01\/Bang-Leader-85k-85000-Puffs-Triple-Flavor-Vape-Three-Flavours-One-Device-Less-Hassle_Agora_vape-5.webp 2277w, https:\/\/agoravape.com\/wp-content\/uploads\/2026\/01\/Bang-Leader-85k-85000-Puffs-Triple-Flavor-Vape-Three-Flavours-One-Device-Less-Hassle_Agora_vape-5-1200x675.webp 1200w, https:\/\/agoravape.com\/wp-content\/uploads\/2026\/01\/Bang-Leader-85k-85000-Puffs-Triple-Flavor-Vape-Three-Flavours-One-Device-Less-Hassle_Agora_vape-5-300x169.webp 300w, https:\/\/agoravape.com\/wp-content\/uploads\/2026\/01\/Bang-Leader-85k-85000-Puffs-Triple-Flavor-Vape-Three-Flavours-One-Device-Less-Hassle_Agora_vape-5-1024x576.webp 1024w, https:\/\/agoravape.com\/wp-content\/uploads\/2026\/01\/Bang-Leader-85k-85000-Puffs-Triple-Flavor-Vape-Three-Flavours-One-Device-Less-Hassle_Agora_vape-5-768x432.webp 768w, https:\/\/agoravape.com\/wp-content\/uploads\/2026\/01\/Bang-Leader-85k-85000-Puffs-Triple-Flavor-Vape-Three-Flavours-One-Device-Less-Hassle_Agora_vape-5-1536x863.webp 1536w, https:\/\/agoravape.com\/wp-content\/uploads\/2026\/01\/Bang-Leader-85k-85000-Puffs-Triple-Flavor-Vape-Three-Flavours-One-Device-Less-Hassle_Agora_vape-5-2048x1151.webp 2048w, https:\/\/agoravape.com\/wp-content\/uploads\/2026\/01\/Bang-Leader-85k-85000-Puffs-Triple-Flavor-Vape-Three-Flavours-One-Device-Less-Hassle_Agora_vape-5-18x10.webp 18w\" sizes=\"auto, (max-width: 2277px) 100vw, 2277px\" \/><\/h2>\n<h2 data-v-md-heading=\"what-is-the-special-feature-of-bang-leader-85k-85000-three-flavored-vapes\" data-v-md-line=\"3\"><img loading=\"lazy\" decoding=\"async\" class=\"size-full wp-image-24367 aligncenter\" src=\"https:\/\/agoravape.com\/wp-content\/uploads\/2026\/01\/Bang-Leader-85k-85000-Puffs-Triple-Flavor-Vape-Three-Flavours-One-Device-Less-Hassle_Agora_vape-16.webp\" alt=\"\" width=\"1280\" height=\"2491\" srcset=\"https:\/\/agoravape.com\/wp-content\/uploads\/2026\/01\/Bang-Leader-85k-85000-Puffs-Triple-Flavor-Vape-Three-Flavours-One-Device-Less-Hassle_Agora_vape-16.webp 1280w, https:\/\/agoravape.com\/wp-content\/uploads\/2026\/01\/Bang-Leader-85k-85000-Puffs-Triple-Flavor-Vape-Three-Flavours-One-Device-Less-Hassle_Agora_vape-16-1200x2335.webp 1200w, https:\/\/agoravape.com\/wp-content\/uploads\/2026\/01\/Bang-Leader-85k-85000-Puffs-Triple-Flavor-Vape-Three-Flavours-One-Device-Less-Hassle_Agora_vape-16-154x300.webp 154w, https:\/\/agoravape.com\/wp-content\/uploads\/2026\/01\/Bang-Leader-85k-85000-Puffs-Triple-Flavor-Vape-Three-Flavours-One-Device-Less-Hassle_Agora_vape-16-526x1024.webp 526w, https:\/\/agoravape.com\/wp-content\/uploads\/2026\/01\/Bang-Leader-85k-85000-Puffs-Triple-Flavor-Vape-Three-Flavours-One-Device-Less-Hassle_Agora_vape-16-768x1495.webp 768w, https:\/\/agoravape.com\/wp-content\/uploads\/2026\/01\/Bang-Leader-85k-85000-Puffs-Triple-Flavor-Vape-Three-Flavours-One-Device-Less-Hassle_Agora_vape-16-789x1536.webp 789w, https:\/\/agoravape.com\/wp-content\/uploads\/2026\/01\/Bang-Leader-85k-85000-Puffs-Triple-Flavor-Vape-Three-Flavours-One-Device-Less-Hassle_Agora_vape-16-1052x2048.webp 1052w, https:\/\/agoravape.com\/wp-content\/uploads\/2026\/01\/Bang-Leader-85k-85000-Puffs-Triple-Flavor-Vape-Three-Flavours-One-Device-Less-Hassle_Agora_vape-16-6x12.webp 6w\" sizes=\"auto, (max-width: 1280px) 100vw, 1280px\" \/><\/h2>\n<h2 data-v-md-heading=\"what-is-the-special-feature-of-bang-leader-85k-85000-three-flavored-vapes\" data-v-md-line=\"3\">Qual \u00e8 la caratteristica speciale delle sigarette elettroniche Bang Leader 85k 85000 con tre aromi?<\/h2>\n<p data-v-md-line=\"5\">Se sei stanco di acquistare una nuova sigaretta elettronica usa e getta ogni pochi giorni, Bang Leader 85k \u00e8 la risposta alla tua pazienza. Si tratta di una sigaretta elettronica usa e getta ad alto numero di boccate, progettata per essere resistente e duratura, e contiene tre aromi in un unico dispositivo, per un'esperienza di svapo ancora pi\u00f9 divertente.<\/p>\n<p data-v-md-line=\"7\">Questo \u00e8 ci\u00f2 che interessa davvero alla gente. Non devi limitarti a usare un solo aroma finch\u00e9 non hai finito. Vuoi un aroma alla frutta ora e un aroma alle bollicine pi\u00f9 tardi? Puoi cambiare in qualsiasi momento senza dover portare tre vaporizzatori. Potresti pensare che un dispositivo da 85k sia pesante come un mattone in tasca, ma considerando la sua capacit\u00e0, il suo controllo del peso \u00e8 abbastanza ragionevole.<\/p>\n<h2 data-v-md-heading=\"excellent-performance-and-easy-operation\" data-v-md-line=\"9\">Prestazioni eccellenti e facilit\u00e0 d'uso<\/h2>\n<p data-v-md-line=\"11\">La filosofia di design di Bang \u00e8 la semplicit\u00e0: pu\u00f2 essere attivato tramite inalazione, senza bisogno di pulsanti o complicate operazioni di menu. Il nucleo di atomizzazione mesh da 1,0 \u03a9 integrato garantisce una maggiore stabilit\u00e0 del gusto, che non subisce bruschi cali dopo uno o due giorni, come accade con altri prodotti.<\/p>\n<p data-v-md-line=\"13\">Considerando che i dispositivi di grandi dimensioni richiedono una ricarica, \u00e8 dotato di un'interfaccia di ricarica Type-C. Quando la batteria \u00e8 scarica, \u00e8 sufficiente utilizzare lo stesso cavo dati che si usa solitamente per caricare il telefono. Facile da maneggiare.<\/p>\n<h2 data-v-md-heading=\"quick-specifications\" data-v-md-line=\"15\">Specifiche rapide<\/h2>\n<ul data-v-md-line=\"16\">\n<li>Frequenza di fumo: fino a 85000 tiri<\/li>\n<li>Capacit\u00e0 della batteria: 850 mAh (batteria 17350)<\/li>\n<li>Nucleo di atomizzazione: nucleo di atomizzazione a maglie da 1,0 \u03a9<\/li>\n<li>Utilizzo: Inspirare per attivare<\/li>\n<li>Interfaccia di ricarica: Tipo-C<\/li>\n<li>Stato: pronto all'uso appena estratto dalla confezione<\/li>\n<li>Altro: supporta la personalizzazione OEM\/ODM (applicabile ai grandi grossisti)<\/li>\n<\/ul>\n<h2 data-v-md-heading=\"complete-flavor-lineup\" data-v-md-line=\"24\">Gamma completa di gusti<\/h2>\n<p data-v-md-line=\"26\">Ciascuno dei seguenti gusti \u00e8 una combinazione di tre gusti in uno (un dispositivo contiene tre gusti):<\/p>\n<ul data-v-md-line=\"27\">\n<li>Ghiaccio all'uva \/ Kiwi alla fragola \/ Guava al frutto della passione<\/li>\n<li>Ghiaccio alla fragola \/ Arancia al limone \/ Gomma da masticare all'anguria<\/li>\n<li>Ghiaccio all'anguria \/ Pesca al mango \/ Aranciata<\/li>\n<li>Ghiaccio all'ananas \/ Red Bull alla fragola \/ Frutti di bosco misti<\/li>\n<li>Red Bull \/ Gelato al mirtillo e anguria \/ Fragola<\/li>\n<li>Coca Cola Ice \/ Mela Pesca \/ Limonata Rosa<\/li>\n<li>Banana Ice \/ Fragola Anguria \/ Orsetto Gommoso<\/li>\n<li>Blueberry Ice \/ Blue Raz \/ Fragrant Pear<\/li>\n<li>Frutta mista \/ Mojito Pesca \/ Mirtillo Lampone<\/li>\n<li>Ghiaccio Drago Nero \/ Marshmallow \/ Sogno Estivo<\/li>\n<li>Fragola Lampone \/ Ribes Nero \/ Fragola Banana<\/li>\n<li>Anguria alla fragola \/ Coca-Cola alla ciliegia \/ Crema alla fragola<\/li>\n<li>Ghiaccio alla mela rossa \/ Anguria al lampone \/ Uva all'aloe<\/li>\n<li>Ciliegia Mirtillo Rosso \/ Pesca Mango \/ Ananas<\/li>\n<li>Love 666 \/ Mirtillo Lampone \/ Vimto<\/li>\n<\/ul>\n<h2 data-v-md-heading=\"for-you-and-your-business\" data-v-md-line=\"43\">For you and your business<\/h2>\n<p data-v-md-line=\"45\">Bang Leader 85k \u00e8 disponibile per uso personale, ma \u00e8 anche un prodotto molto pratico e ad alto turnover per i negozi. I clienti preferiscono una variet\u00e0 di scelta e il \"Triple Flavor\" \u00e8 molto popolare al banco perch\u00e9 risolve un problema pratico: \u00e8 facile annoiarsi durante l'uso.<\/p>\n<p data-v-md-line=\"47\">Per quanto riguarda la vendita all'ingrosso, questi prodotti sono confezionati in scatole da 200 unit\u00e0 (dimensioni della scatola: 51,5 * 51,5 * 30,5 cm, peso totale: 29 kg). Se dovete vendere all'ingrosso, queste informazioni sull'imballaggio possono aiutarvi a pianificare facilmente lo stoccaggio e il trasporto.<\/p>\n<h2 data-v-md-heading=\"the-reason-why-you-will-like-it\" data-v-md-line=\"49\">Il motivo per cui ti piacer\u00e0<\/h2>\n<ul data-v-md-line=\"50\">\n<li>Durata della batteria ultra lunga: maggiore durata, non \u00e8 necessario sostituirla frequentemente<\/li>\n<li>Tripla combinazione di sapori: non \u00e8 richiesto alcun acquisto aggiuntivo per mantenere la freschezza<\/li>\n<li>Ricaricabile (Tipo-C): sfrutta al massimo le tue risorse<\/li>\n<li>Nucleo dell'atomizzatore a rete: mantiene il gusto stabile e non si attenua facilmente<\/li>\n<\/ul>\n<h2 data-v-md-heading=\"why-choose-to-collaborate-with-agoravape\" data-v-md-line=\"55\">Perch\u00e9 scegliere di collaborare con AgoraVape?<\/h2>\n<p data-v-md-line=\"57\">Noi di AgoraVape aderiamo al principio di vendere solo prodotti autentici e di non ricorrere mai a frodi. Se acquisti per il tuo negozio, ti forniremo risposte dirette, prezzi all'ingrosso altamente competitivi e servizi di fornitura affidabili, inclusi i vaporizzatori Bang Leader 85k 85000 a triplo aroma.<\/p>\n<p><script src=\"chrome-extension:\/\/fpelahbljekknahkcaegamhcndkfpfnc\/iFrame.js\" type=\"text\/javascript\"><\/script><\/p>","protected":false},"excerpt":{"rendered":"<p>&nbsp;<\/p>\n<p><script src=\"chrome-extension:\/\/fpelahbljekknahkcaegamhcndkfpfnc\/iFrame.js\" type=\"text\/javascript\"><\/script><\/p>\n<p><script src=\"chrome-extension:\/\/fpelahbljekknahkcaegamhcndkfpfnc\/iFrame.js\" type=\"text\/javascript\"><\/script><\/p>\n<p><script src=\"chrome-extension:\/\/fpelahbljekknahkcaegamhcndkfpfnc\/iFrame.js\" type=\"text\/javascript\"><\/script><\/p>\n<p><script src=\"chrome-extension:\/\/fpelahbljekknahkcaegamhcndkfpfnc\/iFrame.js\" type=\"text\/javascript\"><\/script><\/p>","protected":false},"featured_media":24368,"comment_status":"open","ping_status":"closed","template":"","meta":[],"product_brand":[197],"product_cat":[124,187,185,188,189,123,174,175,193,191,179,173,186,180,190,192],"product_tag":[],"class_list":{"0":"post-24338","1":"product","2":"type-product","3":"status-publish","4":"has-post-thumbnail","6":"product_brand-bang","7":"product_cat-vape-by-brand","8":"product_cat-0mg-nicotine-free-vapes","9":"product_cat-10000-puffs-high-capacity","10":"product_cat-10mg-low-nicotine-vapes","11":"product_cat-20mg-standard-nicotine-vapes","12":"product_cat-bang","13":"product_cat-fruit-flavors","14":"product_cat-icy-mint","15":"product_cat-mesh-coil","16":"product_cat-rechargeable-disposables","17":"product_cat-unique-blends","18":"product_cat-vape-by-flavor-profile","19":"product_cat-vape-by-nicotine-strength","20":"product_cat-vape-by-puff-count","21":"product_cat-vape-by-feature-or-type","22":"product_cat-vapes-with-screens","24":"first","25":"instock","26":"shipping-taxable","27":"purchasable","28":"product-type-variable","29":"has-default-attributes"},"tiered_pricing_type":"percentage","tiered_pricing_fixed_rules":[],"tiered_pricing_product_settings":{"layout":"default","base_unit_name":{"singular":null,"plural":null},"default_variation":null},"tiered_pricing_minimum_quantity":10,"tiered_pricing_roles_data":[],"tiered_pricing_percentage_rules":{"30":"9","50":"17","100":"23","200":"26","500":"29","1000":"38"},"tiered_pricing_maximum_quantity":null,"tiered_pricing_quantity_step":"10","_links":{"self":[{"href":"https:\/\/agoravape.com\/it\/wp-json\/wp\/v2\/product\/24338","targetHints":{"allow":["GET"]}}],"collection":[{"href":"https:\/\/agoravape.com\/it\/wp-json\/wp\/v2\/product"}],"about":[{"href":"https:\/\/agoravape.com\/it\/wp-json\/wp\/v2\/types\/product"}],"replies":[{"embeddable":true,"href":"https:\/\/agoravape.com\/it\/wp-json\/wp\/v2\/comments?post=24338"}],"version-history":[{"count":0,"href":"https:\/\/agoravape.com\/it\/wp-json\/wp\/v2\/product\/24338\/revisions"}],"wp:featuredmedia":[{"embeddable":true,"href":"https:\/\/agoravape.com\/it\/wp-json\/wp\/v2\/media\/24368"}],"wp:attachment":[{"href":"https:\/\/agoravape.com\/it\/wp-json\/wp\/v2\/media?parent=24338"}],"wp:term":[{"taxonomy":"product_brand","embeddable":true,"href":"https:\/\/agoravape.com\/it\/wp-json\/wp\/v2\/product_brand?post=24338"},{"taxonomy":"product_cat","embeddable":true,"href":"https:\/\/agoravape.com\/it\/wp-json\/wp\/v2\/product_cat?post=24338"},{"taxonomy":"product_tag","embeddable":true,"href":"https:\/\/agoravape.com\/it\/wp-json\/wp\/v2\/product_tag?post=24338"}],"curies":[{"name":"wp","href":"https:\/\/api.w.org\/{rel}","templated":true}]}}